{"id":13,"date":"2016-09-02T15:31:49","date_gmt":"2016-09-02T15:31:49","guid":{"rendered":"http:\/\/eventos.coc.pt\/15moc\/?page_id=13"},"modified":"2016-11-22T13:51:44","modified_gmt":"2016-11-22T13:51:44","slug":"informacoes-tecnicas","status":"publish","type":"page","link":"http:\/\/eventos.coc.pt\/15moc\/informacoes-tecnicas\/","title":{"rendered":"Informa\u00e7\u00f5es T\u00e9cnicas"},"content":{"rendered":"<div id=\"comp-is6i97xa\" class=\"s11\" data-reactid=\".0.$SITE_ROOT.$desktop_siteRoot.$PAGES_CONTAINER.1.1.$SITE_PAGES.$lxlqy.1.$comp-is6i97xa\">\n<div id=\"comp-is6i97xainlineContent\" class=\"s11inlineContent\" data-reactid=\".0.$SITE_ROOT.$desktop_siteRoot.$PAGES_CONTAINER.1.1.$SITE_PAGES.$lxlqy.1.$comp-is6i97xa.0\">\n<div id=\"comp-is6i97yh\" class=\"s12\" data-reactid=\".0.$SITE_ROOT.$desktop_siteRoot.$PAGES_CONTAINER.1.1.$SITE_PAGES.$lxlqy.1.$comp-is6i97xa.0.$comp-is6i97yh\">\n<p class=\"font_2\"><strong>Mapas<\/strong><\/p>\n<\/div>\n<div id=\"comp-is6i97yk\" class=\"s12\" data-reactid=\".0.$SITE_ROOT.$desktop_siteRoot.$PAGES_CONTAINER.1.1.$SITE_PAGES.$lxlqy.1.$comp-is6i97xa.0.$comp-is6i97yk\">\n<p class=\"font_8\">Mapa da Lagoa da Ervedeira &#8211; Trabalho de campo e desenho OCAD de Maio de 2016 pelo cart\u00f3grafo Rui Antunes<\/p>\n<p class=\"font_8\">Terreno coberto de floresta de pinheiro, com pouca vegeta\u00e7\u00e3o rasteira, de f\u00e1cil corrida e boa visibilidade, aqui e ali quebrada por consider\u00e1vel densidade de Samoqueiros.<\/p>\n<p class=\"font_8\">Encontram-se zonas de relevo mais irregular e com maior riqueza t\u00e9cnica, intercaladas com \u00e1reas de relevo m\u00e9dio, menos detalhado e mais regular. A maioria dos caminhos e corta-fogos t\u00eam configura\u00e7\u00e3o sim\u00e9trica.<\/p>\n<p class=\"font_2\"><strong>Cart\u00f3grafo:<\/strong>\u00a0<span style=\"font-size: 12pt;\">Rui Antunes<\/span><\/p>\n<p><strong>Tra\u00e7adores de percursos: <\/strong>Rui Antunes<\/p>\n<p><strong>Escala do mapa:\u00a0<\/strong>1:10 000 &amp; 1:7 500<\/p>\n<p><strong>Equidist\u00e2ncia: <\/strong>2.5m<\/p>\n<p><strong>Supervisor:\u00a0<\/strong>Crispim J\u00fanior<\/p>\n<\/div>\n<\/div>\n<\/div>\n<div id=\"comp-is6icf1c\" class=\"s11\" data-reactid=\".0.$SITE_ROOT.$desktop_siteRoot.$PAGES_CONTAINER.1.1.$SITE_PAGES.$lxlqy.1.$comp-is6icf1c\">\n<div id=\"comp-is6icf1cinlineContent\" class=\"s11inlineContent\" data-reactid=\".0.$SITE_ROOT.$desktop_siteRoot.$PAGES_CONTAINER.1.1.$SITE_PAGES.$lxlqy.1.$comp-is6icf1c.0\">\n<div id=\"comp-is6icf28\" class=\"s12\" data-reactid=\".0.$SITE_ROOT.$desktop_siteRoot.$PAGES_CONTAINER.1.1.$SITE_PAGES.$lxlqy.1.$comp-is6icf1c.0.$comp-is6icf28\">\n<p class=\"font_2\"><strong>Percursos:<\/strong><\/p>\n<\/div>\n<div id=\"comp-is6icf29\" class=\"s12\" data-reactid=\".0.$SITE_ROOT.$desktop_siteRoot.$PAGES_CONTAINER.1.1.$SITE_PAGES.$lxlqy.1.$comp-is6icf1c.0.$comp-is6icf29\">\n<p class=\"font_8\"><a href=\"http:\/\/eventos.coc.pt\/15moc\/wp-content\/uploads\/sites\/2\/2016\/09\/Distancias-Dia-1.png\"><img loading=\"lazy\" decoding=\"async\" class=\"aligncenter wp-image-223 size-full\" src=\"http:\/\/eventos.coc.pt\/15moc\/wp-content\/uploads\/sites\/2\/2016\/09\/Distancias-Dia-1.png\" alt=\"distancias-dia-1\" width=\"486\" height=\"765\" srcset=\"http:\/\/eventos.coc.pt\/15moc\/wp-content\/uploads\/sites\/2\/2016\/09\/Distancias-Dia-1.png 486w, http:\/\/eventos.coc.pt\/15moc\/wp-content\/uploads\/sites\/2\/2016\/09\/Distancias-Dia-1-191x300.png 191w\" sizes=\"auto, (max-width: 486px) 100vw, 486px\" \/><\/a><\/p>\n<p class=\"font_8\"><a href=\"http:\/\/eventos.coc.pt\/15moc\/wp-content\/uploads\/sites\/2\/2016\/09\/Distancias-Dia-2.png\"><img loading=\"lazy\" decoding=\"async\" class=\"aligncenter wp-image-224 size-full\" src=\"http:\/\/eventos.coc.pt\/15moc\/wp-content\/uploads\/sites\/2\/2016\/09\/Distancias-Dia-2.png\" alt=\"distancias-dia-2\" width=\"384\" height=\"765\" srcset=\"http:\/\/eventos.coc.pt\/15moc\/wp-content\/uploads\/sites\/2\/2016\/09\/Distancias-Dia-2.png 384w, http:\/\/eventos.coc.pt\/15moc\/wp-content\/uploads\/sites\/2\/2016\/09\/Distancias-Dia-2-151x300.png 151w\" sizes=\"auto, (max-width: 384px) 100vw, 384px\" \/><\/a><\/p>\n<div id=\"comp-is6icf28\" class=\"s12\" data-reactid=\".0.$SITE_ROOT.$desktop_siteRoot.$PAGES_CONTAINER.1.1.$SITE_PAGES.$lxlqy.1.$comp-is6icf1c.0.$comp-is6icf28\">\n<p class=\"font_2\"><strong>Excertos do mapa:<\/strong><\/p>\n<div id=\"metaslider-id-175\" style=\"max-width: 400px; margin: 0 auto;\" class=\"ml-slider-3-103-0 metaslider metaslider-responsive metaslider-175 ml-slider ms-theme-default\" role=\"region\" aria-label=\"ExcertosMapa\" data-height=\"400\" data-width=\"400\">\n    <div id=\"metaslider_container_175\">\n        <ul id='metaslider_175' class='rslides'>\n            <li aria-roledescription='slide' aria-labelledby='slide-0'><img loading=\"lazy\" decoding=\"async\" width=\"400\" height=\"400\" src=\"http:\/\/eventos.coc.pt\/15moc\/wp-content\/uploads\/sites\/2\/2016\/09\/Mapa_II.jpg\" class=\"slider-175 slide-181 msDefaultImage\" alt=\"\" rel=\"\" title=\"\" srcset=\"http:\/\/eventos.coc.pt\/15moc\/wp-content\/uploads\/sites\/2\/2016\/09\/Mapa_II.jpg 400w, http:\/\/eventos.coc.pt\/15moc\/wp-content\/uploads\/sites\/2\/2016\/09\/Mapa_II-150x150.jpg 150w, http:\/\/eventos.coc.pt\/15moc\/wp-content\/uploads\/sites\/2\/2016\/09\/Mapa_II-300x300.jpg 300w\" sizes=\"auto, (max-width: 400px) 100vw, 400px\" \/><\/li>\n            <li style='display: none;' aria-roledescription='slide' aria-labelledby='slide-1'><img loading=\"lazy\" decoding=\"async\" width=\"400\" height=\"400\" src=\"http:\/\/eventos.coc.pt\/15moc\/wp-content\/uploads\/sites\/2\/2016\/09\/Mapa_III.png\" class=\"slider-175 slide-182 msDefaultImage\" alt=\"\" rel=\"\" title=\"\" srcset=\"http:\/\/eventos.coc.pt\/15moc\/wp-content\/uploads\/sites\/2\/2016\/09\/Mapa_III.png 400w, http:\/\/eventos.coc.pt\/15moc\/wp-content\/uploads\/sites\/2\/2016\/09\/Mapa_III-150x150.png 150w, http:\/\/eventos.coc.pt\/15moc\/wp-content\/uploads\/sites\/2\/2016\/09\/Mapa_III-300x300.png 300w\" sizes=\"auto, (max-width: 400px) 100vw, 400px\" \/><\/li>\n            <li style='display: none;' aria-roledescription='slide' aria-labelledby='slide-2'><img loading=\"lazy\" decoding=\"async\" width=\"400\" height=\"400\" src=\"http:\/\/eventos.coc.pt\/15moc\/wp-content\/uploads\/sites\/2\/2016\/09\/Mapa_I.jpg\" class=\"slider-175 slide-180 msDefaultImage\" alt=\"\" rel=\"\" title=\"\" srcset=\"http:\/\/eventos.coc.pt\/15moc\/wp-content\/uploads\/sites\/2\/2016\/09\/Mapa_I.jpg 400w, http:\/\/eventos.coc.pt\/15moc\/wp-content\/uploads\/sites\/2\/2016\/09\/Mapa_I-150x150.jpg 150w, http:\/\/eventos.coc.pt\/15moc\/wp-content\/uploads\/sites\/2\/2016\/09\/Mapa_I-300x300.jpg 300w\" sizes=\"auto, (max-width: 400px) 100vw, 400px\" \/><\/li>\n        <\/ul>\n        \n    <\/div>\n<\/div>\n<\/div>\n<div id=\"comp-is6icf29\" class=\"s12\" data-reactid=\".0.$SITE_ROOT.$desktop_siteRoot.$PAGES_CONTAINER.1.1.$SITE_PAGES.$lxlqy.1.$comp-is6icf1c.0.$comp-is6icf29\">\n<div id=\"comp-is6icf28\" class=\"s12\" data-reactid=\".0.$SITE_ROOT.$desktop_siteRoot.$PAGES_CONTAINER.1.1.$SITE_PAGES.$lxlqy.1.$comp-is6icf1c.0.$comp-is6icf28\">\n<p class=\"font_2\"><strong>Fotos:<\/strong><\/p>\n<div id=\"metaslider-id-176\" style=\"max-width: 600px; margin: 0 auto;\" class=\"ml-slider-3-103-0 metaslider metaslider-nivo metaslider-176 ml-slider ms-theme-default\" role=\"region\" aria-label=\"FotosMapa\" data-height=\"450\" data-width=\"600\">\n    <div id=\"metaslider_container_176\">\n        <div class='slider-wrapper theme-default'><div class='ribbon'><\/div><div id='metaslider_176' class='nivoSlider'><img loading=\"lazy\" decoding=\"async\" width=\"2272\" height=\"1704\" src=\"http:\/\/eventos.coc.pt\/15moc\/wp-content\/uploads\/sites\/2\/2016\/09\/PICT0246.jpg\" class=\"slider-176 slide-190 msDefaultImage\" alt=\"\" data-caption=\"\" data-thumb=\"\" title=\"\" rel=\"\" srcset=\"http:\/\/eventos.coc.pt\/15moc\/wp-content\/uploads\/sites\/2\/2016\/09\/PICT0246.jpg 2272w, http:\/\/eventos.coc.pt\/15moc\/wp-content\/uploads\/sites\/2\/2016\/09\/PICT0246-300x225.jpg 300w, http:\/\/eventos.coc.pt\/15moc\/wp-content\/uploads\/sites\/2\/2016\/09\/PICT0246-768x576.jpg 768w, http:\/\/eventos.coc.pt\/15moc\/wp-content\/uploads\/sites\/2\/2016\/09\/PICT0246-1024x768.jpg 1024w, http:\/\/eventos.coc.pt\/15moc\/wp-content\/uploads\/sites\/2\/2016\/09\/PICT0246-600x450.jpg 600w\" sizes=\"auto, (max-width: 2272px) 100vw, 2272px\" \/><img loading=\"lazy\" decoding=\"async\" width=\"3648\" height=\"2736\" src=\"http:\/\/eventos.coc.pt\/15moc\/wp-content\/uploads\/sites\/2\/2016\/09\/P1070255.jpg\" class=\"slider-176 slide-186 msDefaultImage\" alt=\"\" data-caption=\"\" data-thumb=\"\" title=\"\" rel=\"\" srcset=\"http:\/\/eventos.coc.pt\/15moc\/wp-content\/uploads\/sites\/2\/2016\/09\/P1070255.jpg 3648w, http:\/\/eventos.coc.pt\/15moc\/wp-content\/uploads\/sites\/2\/2016\/09\/P1070255-300x225.jpg 300w, http:\/\/eventos.coc.pt\/15moc\/wp-content\/uploads\/sites\/2\/2016\/09\/P1070255-768x576.jpg 768w, http:\/\/eventos.coc.pt\/15moc\/wp-content\/uploads\/sites\/2\/2016\/09\/P1070255-1024x768.jpg 1024w, http:\/\/eventos.coc.pt\/15moc\/wp-content\/uploads\/sites\/2\/2016\/09\/P1070255-600x450.jpg 600w\" sizes=\"auto, (max-width: 3648px) 100vw, 3648px\" \/><img loading=\"lazy\" decoding=\"async\" width=\"3648\" height=\"2736\" src=\"http:\/\/eventos.coc.pt\/15moc\/wp-content\/uploads\/sites\/2\/2016\/09\/P1070258.jpg\" class=\"slider-176 slide-187 msDefaultImage\" alt=\"\" data-caption=\"\" data-thumb=\"\" title=\"\" rel=\"\" srcset=\"http:\/\/eventos.coc.pt\/15moc\/wp-content\/uploads\/sites\/2\/2016\/09\/P1070258.jpg 3648w, http:\/\/eventos.coc.pt\/15moc\/wp-content\/uploads\/sites\/2\/2016\/09\/P1070258-300x225.jpg 300w, http:\/\/eventos.coc.pt\/15moc\/wp-content\/uploads\/sites\/2\/2016\/09\/P1070258-768x576.jpg 768w, http:\/\/eventos.coc.pt\/15moc\/wp-content\/uploads\/sites\/2\/2016\/09\/P1070258-1024x768.jpg 1024w, http:\/\/eventos.coc.pt\/15moc\/wp-content\/uploads\/sites\/2\/2016\/09\/P1070258-600x450.jpg 600w\" sizes=\"auto, (max-width: 3648px) 100vw, 3648px\" \/><img loading=\"lazy\" decoding=\"async\" width=\"3648\" height=\"2736\" src=\"http:\/\/eventos.coc.pt\/15moc\/wp-content\/uploads\/sites\/2\/2016\/09\/P1070253.jpg\" class=\"slider-176 slide-184 msDefaultImage\" alt=\"\" data-caption=\"\" data-thumb=\"\" title=\"\" rel=\"\" srcset=\"http:\/\/eventos.coc.pt\/15moc\/wp-content\/uploads\/sites\/2\/2016\/09\/P1070253.jpg 3648w, http:\/\/eventos.coc.pt\/15moc\/wp-content\/uploads\/sites\/2\/2016\/09\/P1070253-300x225.jpg 300w, http:\/\/eventos.coc.pt\/15moc\/wp-content\/uploads\/sites\/2\/2016\/09\/P1070253-768x576.jpg 768w, http:\/\/eventos.coc.pt\/15moc\/wp-content\/uploads\/sites\/2\/2016\/09\/P1070253-1024x768.jpg 1024w, http:\/\/eventos.coc.pt\/15moc\/wp-content\/uploads\/sites\/2\/2016\/09\/P1070253-600x450.jpg 600w\" sizes=\"auto, (max-width: 3648px) 100vw, 3648px\" \/><img loading=\"lazy\" decoding=\"async\" width=\"3648\" height=\"2736\" src=\"http:\/\/eventos.coc.pt\/15moc\/wp-content\/uploads\/sites\/2\/2016\/09\/P1070252.jpg\" class=\"slider-176 slide-183 msDefaultImage\" alt=\"\" data-caption=\"\" data-thumb=\"\" title=\"\" rel=\"\" srcset=\"http:\/\/eventos.coc.pt\/15moc\/wp-content\/uploads\/sites\/2\/2016\/09\/P1070252.jpg 3648w, http:\/\/eventos.coc.pt\/15moc\/wp-content\/uploads\/sites\/2\/2016\/09\/P1070252-300x225.jpg 300w, http:\/\/eventos.coc.pt\/15moc\/wp-content\/uploads\/sites\/2\/2016\/09\/P1070252-768x576.jpg 768w, http:\/\/eventos.coc.pt\/15moc\/wp-content\/uploads\/sites\/2\/2016\/09\/P1070252-1024x768.jpg 1024w, http:\/\/eventos.coc.pt\/15moc\/wp-content\/uploads\/sites\/2\/2016\/09\/P1070252-600x450.jpg 600w\" sizes=\"auto, (max-width: 3648px) 100vw, 3648px\" \/><img loading=\"lazy\" decoding=\"async\" width=\"3648\" height=\"2736\" src=\"http:\/\/eventos.coc.pt\/15moc\/wp-content\/uploads\/sites\/2\/2016\/09\/P1070254.jpg\" class=\"slider-176 slide-185 msDefaultImage\" alt=\"\" data-caption=\"\" data-thumb=\"\" title=\"\" rel=\"\" srcset=\"http:\/\/eventos.coc.pt\/15moc\/wp-content\/uploads\/sites\/2\/2016\/09\/P1070254.jpg 3648w, http:\/\/eventos.coc.pt\/15moc\/wp-content\/uploads\/sites\/2\/2016\/09\/P1070254-300x225.jpg 300w, http:\/\/eventos.coc.pt\/15moc\/wp-content\/uploads\/sites\/2\/2016\/09\/P1070254-768x576.jpg 768w, http:\/\/eventos.coc.pt\/15moc\/wp-content\/uploads\/sites\/2\/2016\/09\/P1070254-1024x768.jpg 1024w, http:\/\/eventos.coc.pt\/15moc\/wp-content\/uploads\/sites\/2\/2016\/09\/P1070254-600x450.jpg 600w\" sizes=\"auto, (max-width: 3648px) 100vw, 3648px\" \/><img loading=\"lazy\" decoding=\"async\" width=\"2272\" height=\"1704\" src=\"http:\/\/eventos.coc.pt\/15moc\/wp-content\/uploads\/sites\/2\/2016\/09\/PICT0242.jpg\" class=\"slider-176 slide-189 msDefaultImage\" alt=\"\" data-caption=\"\" data-thumb=\"\" title=\"\" rel=\"\" srcset=\"http:\/\/eventos.coc.pt\/15moc\/wp-content\/uploads\/sites\/2\/2016\/09\/PICT0242.jpg 2272w, http:\/\/eventos.coc.pt\/15moc\/wp-content\/uploads\/sites\/2\/2016\/09\/PICT0242-300x225.jpg 300w, http:\/\/eventos.coc.pt\/15moc\/wp-content\/uploads\/sites\/2\/2016\/09\/PICT0242-768x576.jpg 768w, http:\/\/eventos.coc.pt\/15moc\/wp-content\/uploads\/sites\/2\/2016\/09\/PICT0242-1024x768.jpg 1024w, http:\/\/eventos.coc.pt\/15moc\/wp-content\/uploads\/sites\/2\/2016\/09\/PICT0242-600x450.jpg 600w\" sizes=\"auto, (max-width: 2272px) 100vw, 2272px\" \/><img loading=\"lazy\" decoding=\"async\" width=\"2272\" height=\"1704\" src=\"http:\/\/eventos.coc.pt\/15moc\/wp-content\/uploads\/sites\/2\/2016\/09\/PICT0230.jpg\" class=\"slider-176 slide-188 msDefaultImage\" alt=\"\" data-caption=\"\" data-thumb=\"\" title=\"\" rel=\"\" srcset=\"http:\/\/eventos.coc.pt\/15moc\/wp-content\/uploads\/sites\/2\/2016\/09\/PICT0230.jpg 2272w, http:\/\/eventos.coc.pt\/15moc\/wp-content\/uploads\/sites\/2\/2016\/09\/PICT0230-300x225.jpg 300w, http:\/\/eventos.coc.pt\/15moc\/wp-content\/uploads\/sites\/2\/2016\/09\/PICT0230-768x576.jpg 768w, http:\/\/eventos.coc.pt\/15moc\/wp-content\/uploads\/sites\/2\/2016\/09\/PICT0230-1024x768.jpg 1024w, http:\/\/eventos.coc.pt\/15moc\/wp-content\/uploads\/sites\/2\/2016\/09\/PICT0230-600x450.jpg 600w\" sizes=\"auto, (max-width: 2272px) 100vw, 2272px\" \/><\/div><\/div>\n        \n    <\/div>\n<\/div>\n<\/div>\n<div id=\"comp-is6icf29\" class=\"s12\" data-reactid=\".0.$SITE_ROOT.$desktop_siteRoot.$PAGES_CONTAINER.1.1.$SITE_PAGES.$lxlqy.1.$comp-is6icf1c.0.$comp-is6icf29\"><\/div>\n<\/div>\n<\/div>\n<\/div>\n<\/div>\n","protected":false},"excerpt":{"rendered":"<p>Mapas Mapa da Lagoa da Ervedeira &#8211; Trabalho de campo e desenho OCAD de Maio de 2016 pelo cart\u00f3grafo Rui Antunes Terreno coberto de floresta de pinheiro, com pouca vegeta\u00e7\u00e3o rasteira, de f\u00e1cil corrida e boa visibilidade, aqui e ali quebrada por consider\u00e1vel densidade de Samoqueiros. Encontram-se zonas de relevo mais irregular e com maior &hellip; <a href=\"http:\/\/eventos.coc.pt\/15moc\/informacoes-tecnicas\/\" class=\"more-link\">Continuar a ler <span class=\"screen-reader-text\">Informa\u00e7\u00f5es T\u00e9cnicas<\/span><\/a><\/p>\n","protected":false},"author":1,"featured_media":0,"parent":0,"menu_order":12,"comment_status":"closed","ping_status":"closed","template":"","meta":{"footnotes":""},"class_list":["post-13","page","type-page","status-publish","hentry"],"_links":{"self":[{"href":"http:\/\/eventos.coc.pt\/15moc\/wp-json\/wp\/v2\/pages\/13","targetHints":{"allow":["GET"]}}],"collection":[{"href":"http:\/\/eventos.coc.pt\/15moc\/wp-json\/wp\/v2\/pages"}],"about":[{"href":"http:\/\/eventos.coc.pt\/15moc\/wp-json\/wp\/v2\/types\/page"}],"author":[{"embeddable":true,"href":"http:\/\/eventos.coc.pt\/15moc\/wp-json\/wp\/v2\/users\/1"}],"replies":[{"embeddable":true,"href":"http:\/\/eventos.coc.pt\/15moc\/wp-json\/wp\/v2\/comments?post=13"}],"version-history":[{"count":17,"href":"http:\/\/eventos.coc.pt\/15moc\/wp-json\/wp\/v2\/pages\/13\/revisions"}],"predecessor-version":[{"id":228,"href":"http:\/\/eventos.coc.pt\/15moc\/wp-json\/wp\/v2\/pages\/13\/revisions\/228"}],"wp:attachment":[{"href":"http:\/\/eventos.coc.pt\/15moc\/wp-json\/wp\/v2\/media?parent=13"}],"curies":[{"name":"wp","href":"https:\/\/api.w.org\/{rel}","templated":true}]}}