{"id":11,"date":"2016-09-02T15:31:27","date_gmt":"2016-09-02T15:31:27","guid":{"rendered":"http:\/\/eventos.coc.pt\/piom2018\/?page_id=11"},"modified":"2017-05-22T09:10:46","modified_gmt":"2017-05-22T09:10:46","slug":"informacoes-gerais","status":"publish","type":"page","link":"http:\/\/eventos.coc.pt\/19gpra4lcrpmcr\/informacoes-gerais\/","title":{"rendered":"Informa\u00e7\u00f5es Gerais"},"content":{"rendered":"<p><span style=\"font-size: 14pt; font-family: helvetica, arial, sans-serif;\"><strong>Actividades:<\/strong><\/span><\/p>\n<p><span style=\"font-family: helvetica, arial, sans-serif;\"><strong>Etapa 1<\/strong> &#8211; 19 \u00ba Grande Pr\u00e9mio de Orienta\u00e7\u00e3o do RA4 &#8211; Porto de M\u00f3s City Race<\/span><\/p>\n<p><span style=\"font-family: helvetica, arial, sans-serif;\">&#8211; Um Percurso Tur\u00edstico de Orienta\u00e7\u00e3o (sem classifica\u00e7\u00e3o);<\/span><\/p>\n<p><span style=\"font-family: helvetica, arial, sans-serif;\">&#8211; Atividade de Orienta\u00e7\u00e3o em Fam\u00edlia (sem classifica\u00e7\u00e3o);<\/span><\/p>\n<p><span style=\"font-family: helvetica, arial, sans-serif;\"><strong>Etapa 2<\/strong> &#8211; 19\u00ba Grande Pr\u00e9mio de Orienta\u00e7\u00e3o do RA4 \u2013 Leiria City Race &#8211; escal\u00f5es de competi\u00e7\u00e3o a contar para o circuito nacional City Race<\/span><\/p>\n<p><span style=\"font-family: helvetica, arial, sans-serif;\">&#8211; Um Percurso Tur\u00edstico de Orienta\u00e7\u00e3o (sem classifica\u00e7\u00e3o);<\/span><\/p>\n<p><span style=\"font-family: helvetica, arial, sans-serif;\">&#8211; Atividade de Orienta\u00e7\u00e3o em Fam\u00edlia (sem classifica\u00e7\u00e3o);<\/span><\/p>\n<p><span style=\"font-size: 14pt; font-family: helvetica, arial, sans-serif;\"><strong>Mapa:<\/strong><\/span><\/p>\n<p><span style=\"font-family: helvetica, arial, sans-serif;\"><strong>Etapa 1<\/strong>&#8211; Zona Urbana de Porto de M\u00f3s revisto e ampliado em Abril de 2017, Normas ISSOM. Mapa j\u00e1 utilizado.<\/span><\/p>\n<p><span style=\"font-family: helvetica, arial, sans-serif;\">Ser\u00e3o usadas as escalas 1:4000 (Escal\u00f5es de competi\u00e7\u00e3o, Abertos e Tur\u00edstico) e 1:2000 (Forma\u00e7\u00e3o e Ori-Fam\u00edlia);<\/span><\/p>\n<p><span style=\"font-family: helvetica, arial, sans-serif;\"><strong>Etapa 2<\/strong> -Zona urbana de Leiria revisto e ampliado em Abril de 2016. Normas ISSOM. Mapa j\u00e1 utilizado.<\/span><\/p>\n<p><span style=\"font-family: helvetica, arial, sans-serif;\">Ser\u00e3o usadas as escalas 1:5000 (Escal\u00f5es de competi\u00e7\u00e3o, Abertos e Tur\u00edstico) e 1:2000 (Forma\u00e7\u00e3o e Ori-Fam\u00edlia);<\/span><\/p>\n<p><span style=\"font-size: 14pt; font-family: helvetica, arial, sans-serif;\"><strong>Partidas:<\/strong><\/span><\/p>\n<p><span style=\"font-family: helvetica, arial, sans-serif;\"><strong>Etapa 1<\/strong> &#8211; Escal\u00f5es de competi\u00e7\u00e3o com partidas em linha com hor\u00e1rio pr\u00e9-definido.<\/span><\/p>\n<p><span style=\"font-family: helvetica, arial, sans-serif;\">Escal\u00f5es de forma\u00e7\u00e3o e abertos com partidas individualizadas com recurso \u00e0 esta\u00e7\u00e3o Start.<\/span><\/p>\n<p><span style=\"font-family: helvetica, arial, sans-serif;\">O percurso Tur\u00edstico e Ori-Fam\u00edlia com partida livre.<\/span><\/p>\n<p><span style=\"font-family: helvetica, arial, sans-serif;\"><strong>Etapa 2<\/strong> \u2013 Partida em Massa para os escal\u00f5es de competi\u00e7\u00e3o<\/span><\/p>\n<p><span style=\"font-family: helvetica, arial, sans-serif;\">Escal\u00f5es de forma\u00e7\u00e3o e abertos com partidas individualizadas com recurso \u00e0 esta\u00e7\u00e3o Start.<\/span><\/p>\n<p><span style=\"font-family: helvetica, arial, sans-serif;\">O percurso Tur\u00edstico e Ori-Fam\u00edlia com partida livre.<\/span><\/p>\n<p><span style=\"font-size: 14pt; font-family: helvetica, arial, sans-serif;\"><strong>Pr\u00e9mios:<\/strong><\/span><\/p>\n<p><span style=\"font-family: helvetica, arial, sans-serif;\">Ser\u00e3o atribu\u00eddos pr\u00e9mios:<\/span><\/p>\n<p><span style=\"font-family: helvetica, arial, sans-serif;\">\uf0b7\u00a0\u00a0\u00a0\u00a0\u00a0\u00a0\u00a0\u00a0Aos 3 primeiros de cada escal\u00e3o de competi\u00e7\u00e3o<\/span><\/p>\n<p><span style=\"font-family: helvetica, arial, sans-serif;\">\uf0b7\u00a0\u00a0\u00a0\u00a0\u00a0\u00a0\u00a0\u00a0Aos 3 primeiros Militares Masculino e Militares Feminino, que se inscrevam e participem no escal\u00e3o Seniores M\/F.<\/span><\/p>\n<p><span style=\"font-family: helvetica, arial, sans-serif;\">\uf0b7\u00a0\u00a0\u00a0\u00a0\u00a0\u00a0\u00a0\u00a0Aos primeiros dos escal\u00f5es Open Curto, Open M\u00e9dio e Open Longo<\/span><\/p>\n<p><span style=\"font-family: helvetica, arial, sans-serif;\">N\u00e3o ser\u00e3o atribu\u00eddos pr\u00e9mios de classifica\u00e7\u00e3o aos escal\u00f5es de forma\u00e7\u00e3o, sendo que todos os participantes neste escal\u00e3o ter\u00e3o direito a uma lembran\u00e7a.<\/span><\/p>\n<p><span style=\"font-family: helvetica, arial, sans-serif;\">N\u00e3o ser\u00e3o atribu\u00eddos pr\u00e9mios de classifica\u00e7\u00e3o aos escal\u00f5es Tur\u00edstico e Ori-Fam\u00edlia.<\/span><\/p>\n<p><span style=\"font-family: helvetica, arial, sans-serif;\">As \u00a0entregas\u00a0 de Pr\u00e9mios decorrer\u00e3o:<\/span><\/p>\n<p><span style=\"font-family: helvetica, arial, sans-serif;\"><strong>Etapa 1<\/strong>&#8211;\u00a0 Porto de M\u00f3s \u2013 Na arena<\/span><\/p>\n<p><span style=\"font-family: helvetica, arial, sans-serif;\"><strong>Etapa 2<\/strong> &#8211;\u00a0 Leiria &#8211; No RA4 ap\u00f3s o cocktail oferecido pelo RA4.<\/span><\/p>\n<p><span style=\"font-size: 14pt; font-family: helvetica, arial, sans-serif;\"><strong>Regulamento:<\/strong><\/span><\/p>\n<p><span style=\"font-family: helvetica, arial, sans-serif;\">O 19\u00ba Pr\u00e9mio do RA4 \u2013 Leiria City Race rege-se pelo Regulamento City Race Portugal.<\/span><\/p>\n<p><span style=\"font-size: 14pt; font-family: helvetica, arial, sans-serif;\"><strong>Sistema de Controlo:<\/strong><\/span><\/p>\n<p><span style=\"font-family: helvetica, arial, sans-serif;\">Escal\u00f5es de competi\u00e7\u00e3o e abertos \u2013 Sistema eletr\u00f3nico Sportident (a organiza\u00e7\u00e3o aluga a quem n\u00e3o possuir)<\/span><\/p>\n<p><span style=\"font-family: helvetica, arial, sans-serif;\">Ser\u00e1 atribu\u00eddo um SI card a cada atleta individual. Nos atletas que partem em grupo, ser\u00e1 atribu\u00eddo um SI card a cada grupo.<\/span><\/p>\n<p><span style=\"font-family: helvetica, arial, sans-serif;\">Os SI card alugados dever\u00e3o ser devolvidos no final da prova \u00e0 Organiza\u00e7\u00e3o.<\/span><\/p>\n<p><span style=\"font-family: helvetica, arial, sans-serif;\">Orienta\u00e7\u00e3o em Fam\u00edlia e percurso tur\u00edstico \u2013 Cart\u00e3o de controlo picotado<\/span><\/p>\n<p><span style=\"font-size: 14pt; font-family: helvetica, arial, sans-serif;\"><strong>Limite de Tempo:<\/strong><\/span><\/p>\n<p><span style=\"font-family: helvetica, arial, sans-serif;\">A prova ter\u00e1 um tempo m\u00e1ximo de duas horas para ser conclu\u00edda.<\/span><\/p>\n<p><span style=\"font-family: helvetica, arial, sans-serif;\">No caso de n\u00e3o terminar a sua prova, por favor informe a organiza\u00e7\u00e3o.<\/span><\/p>\n<p>&nbsp;<\/p>\n","protected":false},"excerpt":{"rendered":"<p>Actividades: Etapa 1 &#8211; 19 \u00ba Grande Pr\u00e9mio de Orienta\u00e7\u00e3o do RA4 &#8211; Porto de M\u00f3s City Race &#8211; Um Percurso Tur\u00edstico de Orienta\u00e7\u00e3o (sem classifica\u00e7\u00e3o); &#8211; Atividade de Orienta\u00e7\u00e3o em Fam\u00edlia (sem classifica\u00e7\u00e3o); Etapa 2 &#8211; 19\u00ba Grande Pr\u00e9mio de Orienta\u00e7\u00e3o do RA4 \u2013 Leiria City Race &#8211; escal\u00f5es de competi\u00e7\u00e3o a contar para &hellip; <a href=\"http:\/\/eventos.coc.pt\/19gpra4lcrpmcr\/informacoes-gerais\/\" class=\"more-link\">Continuar a ler <span class=\"screen-reader-text\">Informa\u00e7\u00f5es Gerais<\/span><\/a><\/p>\n","protected":false},"author":1,"featured_media":0,"parent":0,"menu_order":13,"comment_status":"closed","ping_status":"closed","template":"","meta":{"footnotes":""},"class_list":["post-11","page","type-page","status-publish","hentry"],"_links":{"self":[{"href":"http:\/\/eventos.coc.pt\/19gpra4lcrpmcr\/wp-json\/wp\/v2\/pages\/11","targetHints":{"allow":["GET"]}}],"collection":[{"href":"http:\/\/eventos.coc.pt\/19gpra4lcrpmcr\/wp-json\/wp\/v2\/pages"}],"about":[{"href":"http:\/\/eventos.coc.pt\/19gpra4lcrpmcr\/wp-json\/wp\/v2\/types\/page"}],"author":[{"embeddable":true,"href":"http:\/\/eventos.coc.pt\/19gpra4lcrpmcr\/wp-json\/wp\/v2\/users\/1"}],"replies":[{"embeddable":true,"href":"http:\/\/eventos.coc.pt\/19gpra4lcrpmcr\/wp-json\/wp\/v2\/comments?post=11"}],"version-history":[{"count":19,"href":"http:\/\/eventos.coc.pt\/19gpra4lcrpmcr\/wp-json\/wp\/v2\/pages\/11\/revisions"}],"predecessor-version":[{"id":459,"href":"http:\/\/eventos.coc.pt\/19gpra4lcrpmcr\/wp-json\/wp\/v2\/pages\/11\/revisions\/459"}],"wp:attachment":[{"href":"http:\/\/eventos.coc.pt\/19gpra4lcrpmcr\/wp-json\/wp\/v2\/media?parent=11"}],"curies":[{"name":"wp","href":"https:\/\/api.w.org\/{rel}","templated":true}]}}