{"id":121,"date":"2016-09-10T06:38:12","date_gmt":"2016-09-10T06:38:12","guid":{"rendered":"http:\/\/eventos.coc.pt\/piom2018\/?page_id=121"},"modified":"2017-06-26T12:55:28","modified_gmt":"2017-06-26T12:55:28","slug":"fotos","status":"publish","type":"page","link":"http:\/\/eventos.coc.pt\/19gpra4lcrpmcr\/fotos\/","title":{"rendered":"Fotos"},"content":{"rendered":"<p><a href=\"https:\/\/www.facebook.com\/helder.ferreira.528\/media_set?set=a.10155506000949571.1073741870.710439570&amp;type=3\"><span style=\"font-family: helvetica, arial, sans-serif;\">Fotos de Helder Ferreira\u00a0&#8211; Porto de M\u00f3s<\/span><\/a><\/p>\n<p><a href=\"https:\/\/www.facebook.com\/helder.ferreira.528\/media_set?set=a.10155508438839571.1073741872.710439570&amp;type=3\"><span style=\"font-family: helvetica, arial, sans-serif;\">Fotos de Helder Ferreira &#8211; Leiria<\/span><\/a><\/p>\n<p><a href=\"https:\/\/www.facebook.com\/manuel.domingues.1614\/media_set?set=a.1293966727387747.1073742124.100003232951862&amp;type=3\"><span style=\"font-family: helvetica, arial, sans-serif;\">Fotos de Manuel Domingues<\/span><\/a><\/p>\n<p><a href=\"https:\/\/www.facebook.com\/catia.marques.9085\/media_set?set=a.1517899254949189.1073741905.100001873866729&amp;type=3\"><span style=\"font-family: helvetica, arial, sans-serif;\">Fotos de C\u00e1tia Marques &#8211; Porto de M\u00f3s<\/span><\/a><\/p>\n<p><a href=\"https:\/\/www.facebook.com\/catia.marques.9085\/media_set?set=a.1518681791537602.1073741906.100001873866729&amp;type=3\"><span style=\"font-family: helvetica, arial, sans-serif;\">Fotos de C\u00e1tia Marques\u00a0&#8211; Leiria<\/span><\/a><\/p>\n<p><a href=\"https:\/\/photos.google.com\/share\/AF1QipP6I-r1ArPFXayDR_WE79C3Dli8dhC_IdgXUtTiA9SJ2JtplyvwpNA-tx_kfMJtuA?key=YkY5SHNjd0VULUVVVW9TYlZMMjFhbFNCNEdCNjh3\"><span style=\"font-family: helvetica, arial, sans-serif;\">Fotos do Regimento Artilharia N\u00ba 4<\/span><\/a><\/p>\n<p>&nbsp;<\/p>\n","protected":false},"excerpt":{"rendered":"<p>Fotos de Helder Ferreira\u00a0&#8211; Porto de M\u00f3s Fotos de Helder Ferreira &#8211; Leiria Fotos de Manuel Domingues Fotos de C\u00e1tia Marques &#8211; Porto de M\u00f3s Fotos de C\u00e1tia Marques\u00a0&#8211; Leiria Fotos do Regimento Artilharia N\u00ba 4 &nbsp;<\/p>\n","protected":false},"author":1,"featured_media":0,"parent":0,"menu_order":4,"comment_status":"closed","ping_status":"closed","template":"","meta":{"footnotes":""},"class_list":["post-121","page","type-page","status-publish","hentry"],"_links":{"self":[{"href":"http:\/\/eventos.coc.pt\/19gpra4lcrpmcr\/wp-json\/wp\/v2\/pages\/121","targetHints":{"allow":["GET"]}}],"collection":[{"href":"http:\/\/eventos.coc.pt\/19gpra4lcrpmcr\/wp-json\/wp\/v2\/pages"}],"about":[{"href":"http:\/\/eventos.coc.pt\/19gpra4lcrpmcr\/wp-json\/wp\/v2\/types\/page"}],"author":[{"embeddable":true,"href":"http:\/\/eventos.coc.pt\/19gpra4lcrpmcr\/wp-json\/wp\/v2\/users\/1"}],"replies":[{"embeddable":true,"href":"http:\/\/eventos.coc.pt\/19gpra4lcrpmcr\/wp-json\/wp\/v2\/comments?post=121"}],"version-history":[{"count":16,"href":"http:\/\/eventos.coc.pt\/19gpra4lcrpmcr\/wp-json\/wp\/v2\/pages\/121\/revisions"}],"predecessor-version":[{"id":578,"href":"http:\/\/eventos.coc.pt\/19gpra4lcrpmcr\/wp-json\/wp\/v2\/pages\/121\/revisions\/578"}],"wp:attachment":[{"href":"http:\/\/eventos.coc.pt\/19gpra4lcrpmcr\/wp-json\/wp\/v2\/media?parent=121"}],"curies":[{"name":"wp","href":"https:\/\/api.w.org\/{rel}","templated":true}]}}