{"id":15,"date":"2016-09-02T15:32:07","date_gmt":"2016-09-02T15:32:07","guid":{"rendered":"http:\/\/eventos.coc.pt\/piom2018\/?page_id=15"},"modified":"2017-04-07T22:47:16","modified_gmt":"2017-04-07T22:47:16","slug":"escaloes","status":"publish","type":"page","link":"http:\/\/eventos.coc.pt\/19gpra4lcrpmcr\/escaloes\/","title":{"rendered":"Escal\u00f5es"},"content":{"rendered":"<p><span style=\"font-family: helvetica, arial, sans-serif; font-size: 14pt;\"><strong>Escal\u00f5es de competi\u00e7\u00e3o:<\/strong><\/span><\/p>\n<table>\n<tbody>\n<tr>\n<td rowspan=\"3\"><span style=\"font-family: helvetica, arial, sans-serif;\"><strong>Idade a 31\/Dezembro\/2017<\/strong><\/span><\/td>\n<td rowspan=\"3\"><span style=\"font-family: helvetica, arial, sans-serif;\"><strong>Escal\u00e3o<\/strong><\/span><\/td>\n<td colspan=\"2\"><span style=\"font-family: helvetica, arial, sans-serif;\"><strong>Tempo estimado para o vencedor (min)<\/strong><\/span><\/td>\n<td colspan=\"2\"><span style=\"font-family: helvetica, arial, sans-serif;\"><strong>Tempo estimado para o vencedor (min)<\/strong><\/span><\/td>\n<\/tr>\n<tr>\n<td style=\"text-align: center;\" colspan=\"2\"><span style=\"font-family: helvetica, arial, sans-serif;\"><strong>Etapa 1 &#8211; Porto de M\u00f3s<\/strong><\/span><\/td>\n<td style=\"text-align: center;\" colspan=\"2\"><span style=\"font-family: helvetica, arial, sans-serif;\"><strong>Etapa 2 &#8211; Leiria<\/strong><\/span><\/td>\n<\/tr>\n<tr>\n<td style=\"text-align: center;\"><span style=\"font-family: helvetica, arial, sans-serif;\">Fem.<\/span><\/td>\n<td style=\"text-align: center;\"><span style=\"font-family: helvetica, arial, sans-serif;\">Masc.<\/span><\/td>\n<td style=\"text-align: center;\"><span style=\"font-family: helvetica, arial, sans-serif;\">Fem.<\/span><\/td>\n<td style=\"text-align: center;\"><span style=\"font-family: helvetica, arial, sans-serif;\">Masc.<\/span><\/td>\n<\/tr>\n<tr>\n<td><span style=\"font-family: helvetica, arial, sans-serif;\">Menor ou igual a 12<\/span><\/td>\n<td><span style=\"font-family: helvetica, arial, sans-serif;\">Forma\u00e7\u00e3o<\/span><\/td>\n<td style=\"text-align: center;\"><span style=\"font-family: helvetica, arial, sans-serif;\">15 &#8211; 20<\/span><\/td>\n<td style=\"text-align: center;\"><span style=\"font-family: helvetica, arial, sans-serif;\">15 &#8211; 20<\/span><\/td>\n<td style=\"text-align: center;\"><span style=\"font-family: helvetica, arial, sans-serif;\">15 &#8211; 20<\/span><\/td>\n<td style=\"text-align: center;\"><span style=\"font-family: helvetica, arial, sans-serif;\">15 &#8211; 20<\/span><\/td>\n<\/tr>\n<tr>\n<td><span style=\"font-family: helvetica, arial, sans-serif;\">Mais de 12 e menos ou igual a 16<\/span><\/td>\n<td><span style=\"font-family: helvetica, arial, sans-serif;\">Juvenis M\/F<\/span><\/td>\n<td style=\"text-align: center;\"><span style=\"font-family: helvetica, arial, sans-serif;\">20 &#8211; 25<\/span><\/td>\n<td style=\"text-align: center;\"><span style=\"font-family: helvetica, arial, sans-serif;\">25 &#8211; 30<\/span><\/td>\n<td style=\"text-align: center;\"><span style=\"font-family: helvetica, arial, sans-serif;\">40 &#8211; 45<\/span><\/td>\n<td style=\"text-align: center;\"><span style=\"font-family: helvetica, arial, sans-serif;\">45 &#8211; 50<\/span><\/td>\n<\/tr>\n<tr>\n<td><span style=\"font-family: helvetica, arial, sans-serif;\">Mais de 16 e menos ou igual a 20<\/span><\/td>\n<td><span style=\"font-family: helvetica, arial, sans-serif;\">Juniores M\/F<\/span><\/td>\n<td style=\"text-align: center;\"><span style=\"font-family: helvetica, arial, sans-serif;\">25\u00a0&#8211;\u00a030<\/span><\/td>\n<td style=\"text-align: center;\"><span style=\"font-family: helvetica, arial, sans-serif;\">30 &#8211; 35<\/span><\/td>\n<td style=\"text-align: center;\"><span style=\"font-family: helvetica, arial, sans-serif;\">50 &#8211; 55<\/span><\/td>\n<td style=\"text-align: center;\"><span style=\"font-family: helvetica, arial, sans-serif;\">55 &#8211; 60<\/span><\/td>\n<\/tr>\n<tr>\n<td><span style=\"font-family: helvetica, arial, sans-serif;\">Mais de 20<\/span><\/td>\n<td><span style=\"font-family: helvetica, arial, sans-serif;\">Seniores M\/F<\/span><\/td>\n<td style=\"text-align: center;\"><span style=\"font-family: helvetica, arial, sans-serif;\">30 &#8211; 35<\/span><\/td>\n<td style=\"text-align: center;\"><span style=\"font-family: helvetica, arial, sans-serif;\">35 &#8211; 40<\/span><\/td>\n<td style=\"text-align: center;\"><span style=\"font-family: helvetica, arial, sans-serif;\">60 &#8211; 65<\/span><\/td>\n<td style=\"text-align: center;\"><span style=\"font-family: helvetica, arial, sans-serif;\">70 &#8211; 75<\/span><\/td>\n<\/tr>\n<tr>\n<td><span style=\"font-family: helvetica, arial, sans-serif;\">Igual ou mais de 35 e menos de 50<\/span><\/td>\n<td><span style=\"font-family: helvetica, arial, sans-serif;\">Veteranos I M\/F<\/span><\/td>\n<td style=\"text-align: center;\"><span style=\"font-family: helvetica, arial, sans-serif;\">25\u00a0&#8211;\u00a030<\/span><\/td>\n<td style=\"text-align: center;\"><span style=\"font-family: helvetica, arial, sans-serif;\">30 &#8211; 35<\/span><\/td>\n<td style=\"text-align: center;\"><span style=\"font-family: helvetica, arial, sans-serif;\">55 &#8211; 60<\/span><\/td>\n<td style=\"text-align: center;\"><span style=\"font-family: helvetica, arial, sans-serif;\">60 &#8211; 65<\/span><\/td>\n<\/tr>\n<tr>\n<td><span style=\"font-family: helvetica, arial, sans-serif;\">Igual ou mais de 50 e menos de 65<\/span><\/td>\n<td><span style=\"font-family: helvetica, arial, sans-serif;\">Veteranos II M\/F<\/span><\/td>\n<td style=\"text-align: center;\"><span style=\"font-family: helvetica, arial, sans-serif;\">25\u00a0&#8211;\u00a030<\/span><\/td>\n<td style=\"text-align: center;\"><span style=\"font-family: helvetica, arial, sans-serif;\">30 &#8211; 35<\/span><\/td>\n<td style=\"text-align: center;\"><span style=\"font-family: helvetica, arial, sans-serif;\">45 &#8211; 50<\/span><\/td>\n<td style=\"text-align: center;\"><span style=\"font-family: helvetica, arial, sans-serif;\">55 &#8211; 60<\/span><\/td>\n<\/tr>\n<tr>\n<td><span style=\"font-family: helvetica, arial, sans-serif;\">Igual ou mais de 65<\/span><\/td>\n<td><span style=\"font-family: helvetica, arial, sans-serif;\">Veteranos III M\/F<\/span><\/td>\n<td style=\"text-align: center;\"><span style=\"font-family: helvetica, arial, sans-serif;\">20 &#8211; 25<\/span><\/td>\n<td style=\"text-align: center;\"><span style=\"font-family: helvetica, arial, sans-serif;\">25 &#8211; 30<\/span><\/td>\n<td style=\"text-align: center;\"><span style=\"font-family: helvetica, arial, sans-serif;\">40 &#8211; 45<\/span><\/td>\n<td style=\"text-align: center;\"><span style=\"font-family: helvetica, arial, sans-serif;\">50 &#8211; 55<\/span><\/td>\n<\/tr>\n<\/tbody>\n<\/table>\n<p><span style=\"font-family: helvetica, arial, sans-serif; font-size: 14pt;\"><strong>Escal\u00f5es Abertos:<\/strong><\/span><\/p>\n<table>\n<tbody>\n<tr>\n<td><span style=\"font-family: helvetica, arial, sans-serif;\"><strong>Escal\u00e3o\/Prova<\/strong><\/span><\/td>\n<td><span style=\"font-family: helvetica, arial, sans-serif;\"><strong>Idade a 31\/12\/2017<\/strong><\/span><\/td>\n<td><span style=\"font-family: helvetica, arial, sans-serif;\"><strong>Caracter\u00edsticas<\/strong><\/span><\/td>\n<\/tr>\n<tr>\n<td><span style=\"font-family: helvetica, arial, sans-serif;\">Open Curto<\/span><\/td>\n<td><span style=\"font-family: helvetica, arial, sans-serif;\">Sem restri\u00e7\u00e3o de idade<\/span><\/td>\n<td><span style=\"font-family: helvetica, arial, sans-serif;\">Percurso com baixo grau de dificuldade t\u00e9cnico e f\u00edsico<\/span><\/td>\n<\/tr>\n<tr>\n<td><span style=\"font-family: helvetica, arial, sans-serif;\">Open M\u00e9dio<\/span><\/td>\n<td><span style=\"font-family: helvetica, arial, sans-serif;\">Igual ou maior de 14<\/span><\/td>\n<td><span style=\"font-family: helvetica, arial, sans-serif;\">Percurso com baixo grau de dificuldade t\u00e9cnico, mas com maior dist\u00e2ncia<\/span><\/td>\n<\/tr>\n<tr>\n<td><span style=\"font-family: helvetica, arial, sans-serif;\">Open Longo<\/span><\/td>\n<td><span style=\"font-family: helvetica, arial, sans-serif;\">Igual ou maior de 16<\/span><\/td>\n<td><span style=\"font-family: helvetica, arial, sans-serif;\">Percurso com dist\u00e2ncia mais longa e m\u00e9dio grau de dificuldade t\u00e9cnico. Conv\u00e9m j\u00e1 ter feito alguma experi\u00eancia de Orienta\u00e7\u00e3o.<\/span><\/td>\n<\/tr>\n<tr>\n<td><span style=\"font-family: helvetica, arial, sans-serif;\">Tur\u00edstica<\/span><\/td>\n<td><span style=\"font-family: helvetica, arial, sans-serif;\">Sem restri\u00e7\u00e3o de idade<\/span><\/td>\n<td><span style=\"font-family: helvetica, arial, sans-serif;\">Percurso com pontos de controlo em locais com interesse tur\u00edstico.<\/span><\/td>\n<\/tr>\n<tr>\n<td><span style=\"font-family: helvetica, arial, sans-serif;\">Ori-Fam\u00edlia<\/span><\/td>\n<td><span style=\"font-family: helvetica, arial, sans-serif;\">Sem restri\u00e7\u00e3o de idade<\/span><\/td>\n<td><span style=\"font-family: helvetica, arial, sans-serif;\">Percurso a efetuar preferencialmente em grupos mistos de adultos e crian\u00e7as.<\/span><\/td>\n<\/tr>\n<\/tbody>\n<\/table>\n<p><span style=\"font-family: helvetica, arial, sans-serif;\">Nos escal\u00f5es abertos os participantes podem efetuar a prova a s\u00f3s ou em grupo. No entanto, mesmo quando a participar em grupo cada pessoa paga a sua inscri\u00e7\u00e3o, uma vez que tem direito ao seu mapa e \u00e0 sua classifica\u00e7\u00e3o.<\/span><\/p>\n","protected":false},"excerpt":{"rendered":"<p>Escal\u00f5es de competi\u00e7\u00e3o: Idade a 31\/Dezembro\/2017 Escal\u00e3o Tempo estimado para o vencedor (min) Tempo estimado para o vencedor (min) Etapa 1 &#8211; Porto de M\u00f3s Etapa 2 &#8211; Leiria Fem. Masc. Fem. Masc. Menor ou igual a 12 Forma\u00e7\u00e3o 15 &#8211; 20 15 &#8211; 20 15 &#8211; 20 15 &#8211; 20 Mais de 12 e &hellip; <a href=\"http:\/\/eventos.coc.pt\/19gpra4lcrpmcr\/escaloes\/\" class=\"more-link\">Continuar a ler <span class=\"screen-reader-text\">Escal\u00f5es<\/span><\/a><\/p>\n","protected":false},"author":1,"featured_media":0,"parent":0,"menu_order":11,"comment_status":"closed","ping_status":"closed","template":"","meta":{"footnotes":""},"class_list":["post-15","page","type-page","status-publish","hentry"],"_links":{"self":[{"href":"http:\/\/eventos.coc.pt\/19gpra4lcrpmcr\/wp-json\/wp\/v2\/pages\/15","targetHints":{"allow":["GET"]}}],"collection":[{"href":"http:\/\/eventos.coc.pt\/19gpra4lcrpmcr\/wp-json\/wp\/v2\/pages"}],"about":[{"href":"http:\/\/eventos.coc.pt\/19gpra4lcrpmcr\/wp-json\/wp\/v2\/types\/page"}],"author":[{"embeddable":true,"href":"http:\/\/eventos.coc.pt\/19gpra4lcrpmcr\/wp-json\/wp\/v2\/users\/1"}],"replies":[{"embeddable":true,"href":"http:\/\/eventos.coc.pt\/19gpra4lcrpmcr\/wp-json\/wp\/v2\/comments?post=15"}],"version-history":[{"count":17,"href":"http:\/\/eventos.coc.pt\/19gpra4lcrpmcr\/wp-json\/wp\/v2\/pages\/15\/revisions"}],"predecessor-version":[{"id":452,"href":"http:\/\/eventos.coc.pt\/19gpra4lcrpmcr\/wp-json\/wp\/v2\/pages\/15\/revisions\/452"}],"wp:attachment":[{"href":"http:\/\/eventos.coc.pt\/19gpra4lcrpmcr\/wp-json\/wp\/v2\/media?parent=15"}],"curies":[{"name":"wp","href":"https:\/\/api.w.org\/{rel}","templated":true}]}}