{"id":17,"date":"2016-09-02T15:32:21","date_gmt":"2016-09-02T15:32:21","guid":{"rendered":"http:\/\/eventos.coc.pt\/piom2018\/?page_id=17"},"modified":"2017-06-12T20:08:48","modified_gmt":"2017-06-12T20:08:48","slug":"inscricoes","status":"publish","type":"page","link":"http:\/\/eventos.coc.pt\/19gpra4lcrpmcr\/inscricoes\/","title":{"rendered":"Inscri\u00e7\u00f5es"},"content":{"rendered":"<div id=\"WRchTxt5\" class=\"s12\" data-reactid=\".0.$SITE_ROOT.$desktop_siteRoot.$PAGES_CONTAINER.1.1.$SITE_PAGES.$ck0q.1.$WRchTxt5\">\n<p class=\"font_2\"><span style=\"font-size: 14pt; font-family: helvetica, arial, sans-serif;\"><strong>Prazos:<\/strong><\/span><\/p>\n<p class=\"font_2\"><span style=\"font-family: helvetica, arial, sans-serif;\">14 Junho 2017<\/span><br \/>\n<span style=\"font-family: helvetica, arial, sans-serif;\"> Data limite para inscri\u00e7\u00f5es nos escal\u00f5es de competi\u00e7\u00e3o.<\/span><\/p>\n<p><span style=\"font-family: helvetica, arial, sans-serif;\">18 Junho 2017<\/span><br \/>\n<span style=\"font-family: helvetica, arial, sans-serif;\"> Data limite para inscri\u00e7\u00f5es nos escal\u00f5es abertos (condicionada a disponibilidade de mapas).<\/span><\/p>\n<p class=\"font_2\"><span style=\"font-size: 14pt; font-family: helvetica, arial, sans-serif;\"><strong>Dados necess\u00e1rios para a inscri\u00e7\u00e3o (individual ou clubes):<\/strong><\/span><\/p>\n<\/div>\n<div id=\"comp-is6exm2a1\" class=\"s12\" data-reactid=\".0.$SITE_ROOT.$desktop_siteRoot.$PAGES_CONTAINER.1.1.$SITE_PAGES.$ck0q.1.$comp-is6exm2a1\">\n<p class=\"font_8\"><span style=\"font-family: helvetica, arial, sans-serif;\">&#8211; Primeiro e \u00faltimo nome dos participantes;<\/span><\/p>\n<p class=\"font_8\"><span style=\"font-family: helvetica, arial, sans-serif;\">&#8211; Ano de nascimento;<\/span><\/p>\n<p class=\"font_8\"><span style=\"font-family: helvetica, arial, sans-serif;\">&#8211; Nome do clube;<\/span><\/p>\n<p class=\"font_8\"><span style=\"font-family: helvetica, arial, sans-serif;\">&#8211; N\u00ba\u00a0de filiado na FPO<\/span><\/p>\n<p class=\"font_8\"><span style=\"font-family: helvetica, arial, sans-serif;\">&#8211; N\u00e3o filiados na FPO obrigatoriamente n\u00ba\u00a0de BI ou n\u00ba\u00a0Passaporte;<\/span><\/p>\n<p class=\"font_8\"><span style=\"font-family: helvetica, arial, sans-serif;\">&#8211; N\u00ba\u00a0de SI Card (se o possuir, caso contr\u00e1rio ser\u00e1\u00a0alugado);<\/span><\/p>\n<p class=\"font_8\"><span style=\"font-family: helvetica, arial, sans-serif;\">&#8211; Classe ou percurso que pretende participar;<\/span><\/p>\n<p class=\"font_8\"><span style=\"font-family: helvetica, arial, sans-serif;\">&#8211; Indica\u00e7\u00e3o das etapas que pretende participar (caso n\u00e3o participe em todas),<\/span><\/p>\n<p class=\"font_8\"><span style=\"font-family: helvetica, arial, sans-serif;\">&#8211; As inscri\u00e7\u00f5es nos escal\u00f5es abertos podem ser efetuadas at\u00e9 ao dia do evento, ficando as mesmas condicionadas ao n\u00famero de mapas dispon\u00edveis..<\/span><\/p>\n<p class=\"font_8\"><span style=\"font-size: 14pt; font-family: helvetica, arial, sans-serif;\"><strong>Pre\u00e7os:\u00a0<\/strong><\/span><\/p>\n<\/div>\n<div id=\"comp-is6graok\" class=\"s11\" data-reactid=\".0.$SITE_ROOT.$desktop_siteRoot.$PAGES_CONTAINER.1.1.$SITE_PAGES.$ck0q.1.$comp-is6graok\">\n<div id=\"comp-is6graokinlineContent\" class=\"s11inlineContent\" data-reactid=\".0.$SITE_ROOT.$desktop_siteRoot.$PAGES_CONTAINER.1.1.$SITE_PAGES.$ck0q.1.$comp-is6graok.0\">\n<div id=\"comp-is6grapm\" class=\"s12\" data-reactid=\".0.$SITE_ROOT.$desktop_siteRoot.$PAGES_CONTAINER.1.1.$SITE_PAGES.$ck0q.1.$comp-is6graok.0.$comp-is6grapm\">\n<table>\n<tbody>\n<tr>\n<td><span style=\"font-family: helvetica, arial, sans-serif;\">At\u00e9 20 anos<\/span><\/td>\n<td style=\"text-align: center;\"><span style=\"font-family: helvetica, arial, sans-serif;\">3.00 \u20ac<\/span><\/td>\n<\/tr>\n<tr>\n<td><span style=\"font-family: helvetica, arial, sans-serif;\">Mais de 20 anos<\/span><\/td>\n<td style=\"text-align: center;\"><span style=\"font-family: helvetica, arial, sans-serif;\">5.00 \u20ac<\/span><\/td>\n<\/tr>\n<tr>\n<td><span style=\"font-family: helvetica, arial, sans-serif;\">Militares RA4<\/span><\/td>\n<td style=\"text-align: center;\"><span style=\"font-family: helvetica, arial, sans-serif;\">Gr\u00e1tis<\/span><\/td>\n<\/tr>\n<tr>\n<td><span style=\"font-family: helvetica, arial, sans-serif;\">Escolas*<\/span><\/td>\n<td style=\"text-align: center;\"><span style=\"font-family: helvetica, arial, sans-serif;\">1.50 \u20ac<\/span><\/td>\n<\/tr>\n<tr>\n<td><span style=\"font-family: helvetica, arial, sans-serif;\">Tur\u00edstico<\/span><\/td>\n<td style=\"text-align: center;\"><span style=\"font-family: helvetica, arial, sans-serif;\">2.50 \u20ac<\/span><\/td>\n<\/tr>\n<tr>\n<td><span style=\"font-family: helvetica, arial, sans-serif;\">Ori-Fam\u00edlia<\/span><\/td>\n<td style=\"text-align: center;\"><span style=\"font-family: helvetica, arial, sans-serif;\">1.50 \u20ac<\/span><\/td>\n<\/tr>\n<\/tbody>\n<\/table>\n<p class=\"font_2\"><span style=\"font-family: helvetica, arial, sans-serif;\">* Quando inscritos pelas escolas e cobertos pelo seguro escolar<\/span><\/p>\n<p class=\"font_2\"><span style=\"font-size: 18pt; font-family: helvetica, arial, sans-serif;\">\u00a0<span style=\"font-size: 14pt;\"><strong>Outros custos:<\/strong><\/span><\/span><\/p>\n<\/div>\n<\/div>\n<\/div>\n<div id=\"comp-is6gtryx\" class=\"s11\" data-reactid=\".0.$SITE_ROOT.$desktop_siteRoot.$PAGES_CONTAINER.1.1.$SITE_PAGES.$ck0q.1.$comp-is6gtryx\">\n<div id=\"comp-is6gtryxinlineContent\" class=\"s11inlineContent\" data-reactid=\".0.$SITE_ROOT.$desktop_siteRoot.$PAGES_CONTAINER.1.1.$SITE_PAGES.$ck0q.1.$comp-is6gtryx.0\">\n<div id=\"comp-is6gtrzh\" class=\"s12\" data-reactid=\".0.$SITE_ROOT.$desktop_siteRoot.$PAGES_CONTAINER.1.1.$SITE_PAGES.$ck0q.1.$comp-is6gtryx.0.$comp-is6gtrzh\">\n<p class=\"font_8\"><span style=\"font-family: helvetica, arial, sans-serif;\">Seguro Desportivo<\/span><\/p>\n<p class=\"font_8\"><span style=\"font-family: helvetica, arial, sans-serif;\">\u00a0 \u00a0 \u00a0Atletas federados est\u00e3o cobertos pelo seguro da FPO<\/span><\/p>\n<p class=\"font_8\"><span style=\"font-family: helvetica, arial, sans-serif;\">\u00a0 \u00a0 \u00a0Atletas n\u00e3o federados, nacionais e estrangeiros residentes em Portugal, est\u00e3o cobertos pelo seguro FPO<\/span><\/p>\n<p class=\"font_8\"><span style=\"font-family: helvetica, arial, sans-serif;\">\u00a0 \u00a0 \u00a0Atletas estrangeiros, n\u00e3o residentes em Portugal, n\u00e3o est\u00e3o cobertos por qualquer seguro, pelo que devem assumir totalmente a sua pr\u00f3pria seguran\u00e7a e riscos de acidentes inerentes.<\/span><\/p>\n<p class=\"font_8\"><span style=\"font-family: helvetica, arial, sans-serif;\">Aluguer de Sport Ident<\/span><\/p>\n<p class=\"font_8\"><span style=\"font-family: helvetica, arial, sans-serif;\">\u00a0 \u00a0 \u00a01,0 \u20ac\u00a0por dia de utiliza\u00e7\u00e3o, para os escal\u00f5es de competi\u00e7\u00e3o e forma\u00e7\u00e3o. Para os escal\u00f5es Abertos\/Promo\u00e7\u00e3o n\u00e3o ser\u00e1 cobrado qualquer valor de aluguer\/ced\u00eancia.<\/span><\/p>\n<p class=\"font_8\"><span style=\"font-family: helvetica, arial, sans-serif;\">\u00a0 \u00a0 \u00a0A organiza\u00e7\u00e3o reserva-se ao direito de cobrar, a titulo de cau\u00e7\u00e3o, o montante de 50 \u20ac por SI Card\u00a0alugado\/cedido.<\/span><\/p>\n<p class=\"font_8\"><span style=\"font-family: helvetica, arial, sans-serif;\">\u00a0 \u00a0 \u00a0No final da prova, os atletas devem dirigir-se ao Secretariado, onde contra a entrega do Sport Ident resgatar\u00e3o a cau\u00e7\u00e3o de 50 \u20ac<\/span><\/p>\n<p class=\"font_8\"><span style=\"font-size: 14pt; font-family: helvetica, arial, sans-serif;\"><strong>Como se inscrever:<\/strong><\/span><\/p>\n<p><span style=\"font-family: helvetica, arial, sans-serif;\">Os atletas devem efetuar as suas inscri\u00e7\u00f5es atrav\u00e9s da plataforma <a href=\"http:\/\/www.orioasis.pt\/oasis\/entries.php?action=club_class&amp;eventid=1778\" target=\"_blank\" rel=\"noopener noreferrer\">OriOasis<\/a> ou atrav\u00e9s de mail para <a href=\"mailto:info@coc.pt\">info@coc.pt<\/a> (atletas n\u00e3o federados na FPO)<\/span><\/p>\n<p><span style=\"font-family: helvetica, arial, sans-serif;\">Em caso de d\u00favidas ou problemas por favor contacte a organiza\u00e7\u00e3o atrav\u00e9s do seguinte e-mail: <a href=\"mailto:info@coc.pt\">info@coc.pt<\/a><\/span><\/p>\n<\/div>\n<\/div>\n<\/div>\n<div id=\"comp-is6gypew\" class=\"s11\" data-reactid=\".0.$SITE_ROOT.$desktop_siteRoot.$PAGES_CONTAINER.1.1.$SITE_PAGES.$ck0q.1.$comp-is6gypew\">\n<div id=\"comp-is6gypewinlineContent\" class=\"s11inlineContent\" data-reactid=\".0.$SITE_ROOT.$desktop_siteRoot.$PAGES_CONTAINER.1.1.$SITE_PAGES.$ck0q.1.$comp-is6gypew.0\">\n<div id=\"comp-is6gypg8\" class=\"s12\" data-reactid=\".0.$SITE_ROOT.$desktop_siteRoot.$PAGES_CONTAINER.1.1.$SITE_PAGES.$ck0q.1.$comp-is6gypew.0.$comp-is6gypg8\">\n<p class=\"font_2\"><span style=\"font-size: 14pt; font-family: helvetica, arial, sans-serif;\"><strong>Pagamento por MB:\u00a0<\/strong><\/span><\/p>\n<p class=\"font_2\">Atrav\u00e9s da inscri\u00e7\u00e3o no <a href=\"http:\/\/www.orioasis.pt\/oasis\/entries.php?action=club_class&amp;eventid=1778\" target=\"_blank\" rel=\"noopener noreferrer\">OriOasis<\/a>.<\/p>\n<p class=\"font_2\"><span style=\"font-size: 14pt; font-family: helvetica, arial, sans-serif;\"><strong>Pagamento por Transfer\u00eancia Banc\u00e1ria:\u00a0<\/strong><\/span><\/p>\n<\/div>\n<div id=\"comp-is6gypga\" class=\"s12\" data-reactid=\".0.$SITE_ROOT.$desktop_siteRoot.$PAGES_CONTAINER.1.1.$SITE_PAGES.$ck0q.1.$comp-is6gypew.0.$comp-is6gypga\">\n<p class=\"font_8\"><span style=\"font-family: helvetica, arial, sans-serif;\">Banco: Caixa Geral de Dep\u00f3sitos<\/span><\/p>\n<p class=\"font_8\"><span style=\"font-family: helvetica, arial, sans-serif;\">Ag\u00eancia: \u2013 Av. Marqu\u00eas de Pombal &#8211; Leiria<\/span><\/p>\n<p class=\"font_8\"><span style=\"font-family: helvetica, arial, sans-serif;\">N\u00famero de conta (NIB): 0035 0394 0000 4000030 10<\/span><\/p>\n<p class=\"font_8\"><span style=\"font-family: helvetica, arial, sans-serif;\">IBAN: PT50 0035 0394 0000 4000030 10<\/span><\/p>\n<p class=\"font_8\"><span style=\"font-family: helvetica, arial, sans-serif;\">SWIFT CODE BIC: CGDIPTPL<\/span><\/p>\n<p class=\"font_8\"><span style=\"font-family: helvetica, arial, sans-serif;\">A transfer\u00eancia deve ser efectuada at\u00e9\u00a010 dias ap\u00f3s a inscri\u00e7\u00e3o on-line. S\u00f3\u00a0 ap\u00f3s a recep\u00e7\u00e3o do pagamento, a organiza\u00e7\u00e3o enviar\u00e1\u00a0 mail a confirmar a inscri\u00e7\u00e3o ou a solicitar eventuais dados em falta<\/span><\/p>\n<p class=\"font_8\"><span style=\"font-family: helvetica, arial, sans-serif;\">Custos adicionais relacionados com as transfer\u00eancias ser\u00e3o imputados aos atletas.<\/span><\/p>\n<p class=\"font_8\"><span style=\"font-family: helvetica, arial, sans-serif;\">Eventuais acertos de valores inferiores a 20 \u20ac\u00a0 poder\u00e3o ser liquidados no Secretariado<\/span><\/p>\n<\/div>\n<\/div>\n<\/div>\n<div id=\"comp-is6h2e1y\" class=\"s12\" data-reactid=\".0.$SITE_ROOT.$desktop_siteRoot.$PAGES_CONTAINER.1.1.$SITE_PAGES.$ck0q.1.$comp-is6h2e1y\">\n<p class=\"font_8\"><span style=\"font-family: helvetica, arial, sans-serif;\">As inscri\u00e7\u00f5es ter\u00e3o que ser todas efectuadas no sistema on-line OASIS<\/span><\/p>\n<p class=\"font_8\"><span style=\"font-family: helvetica, arial, sans-serif;\">Esclarecimentos e outros pedidos devem ser enviados para: info@coc.pt<\/span><\/p>\n<p class=\"font_8\"><span style=\"font-size: 14pt; font-family: helvetica, arial, sans-serif;\"><strong>Processo de pagamento:<\/strong><\/span><\/p>\n<p class=\"font_8\"><span style=\"font-family: helvetica, arial, sans-serif;\">O pagamento das inscri\u00e7\u00f5es poder\u00e1 ser efetuado por MB (inscri\u00e7\u00e3o no OriOasis) transfer\u00eancia banc\u00e1ria ou diretamente no Secretariado em dinheiro.<\/span><br \/>\n<span style=\"font-family: helvetica, arial, sans-serif;\"> De forma a facilitar o processo de acredita\u00e7\u00e3o, a Organiza\u00e7\u00e3o tem prefer\u00eancia que os pagamentos sejam feitos por transfer\u00eancia banc\u00e1ria ou MB.<\/span><\/p>\n<p><span style=\"font-family: helvetica, arial, sans-serif;\"><strong>Para para pagamento por transfer\u00eancia banc\u00e1ria de Inscri\u00e7\u00f5es Express do <\/strong><a href=\"http:\/\/www.orioasis.pt\/oasis\/entries.php?action=club_class&amp;eventid=1395\"><strong>OriOasis<\/strong><\/a><strong>, por favor coloque o Express Code no descritivo da transfer\u00eancia.<br \/>\n<\/strong><\/span><\/p>\n<p><span style=\"font-family: helvetica, arial, sans-serif;\">Para<strong>\u00a0pagamentos totais de clubes<\/strong>, indique sempre o nome clube no descritivo.<\/span><br \/>\n<span style=\"font-family: helvetica, arial, sans-serif;\"> Para\u00a0<strong>pagamentos parciais de clubes<\/strong>, indique nos coment\u00e1rios o clube e a lista de atletas a que se refere o pagamento, ou envie um email (info@coc.pt)\u00a0\u00e0 organiza\u00e7\u00e3o com a lista de atletas e o comprovativo da transfer\u00eancia.<\/span><\/p>\n<p class=\"font_8\"><span style=\"font-family: helvetica, arial, sans-serif;\"><strong><br \/>\nNotas<\/strong>: Para todas as inscri\u00e7\u00f5es pagas por transfer\u00eancia banc\u00e1ria, \u00e9 necess\u00e1rio enviar comprovativo da opera\u00e7\u00e3o para o email:\u00a0info<a href=\"mailto:payment@pom.pt\">@coc.pt<\/a><\/span><\/p>\n<p><span style=\"font-family: helvetica, arial, sans-serif;\">Todas as despesas inerentes \u00e0s transfer\u00eancias banc\u00e1rias devem ser suportadas pelo ordenante.\u00a0Se alguma despesa\u00a0referente \u00e0s transfer\u00eancias banc\u00e1rias for indevidamente cobrada \u00e0 Organiza\u00e7\u00e3o, as mesmas ser\u00e3o pagas posteriormente pelos clubes ou atletas.<\/span><\/p>\n<\/div>\n","protected":false},"excerpt":{"rendered":"<p>Prazos: 14 Junho 2017 Data limite para inscri\u00e7\u00f5es nos escal\u00f5es de competi\u00e7\u00e3o. 18 Junho 2017 Data limite para inscri\u00e7\u00f5es nos escal\u00f5es abertos (condicionada a disponibilidade de mapas). Dados necess\u00e1rios para a inscri\u00e7\u00e3o (individual ou clubes): &#8211; Primeiro e \u00faltimo nome dos participantes; &#8211; Ano de nascimento; &#8211; Nome do clube; &#8211; N\u00ba\u00a0de filiado na FPO &hellip; <a href=\"http:\/\/eventos.coc.pt\/19gpra4lcrpmcr\/inscricoes\/\" class=\"more-link\">Continuar a ler <span class=\"screen-reader-text\">Inscri\u00e7\u00f5es<\/span><\/a><\/p>\n","protected":false},"author":1,"featured_media":0,"parent":0,"menu_order":10,"comment_status":"closed","ping_status":"closed","template":"","meta":{"footnotes":""},"class_list":["post-17","page","type-page","status-publish","hentry"],"_links":{"self":[{"href":"http:\/\/eventos.coc.pt\/19gpra4lcrpmcr\/wp-json\/wp\/v2\/pages\/17","targetHints":{"allow":["GET"]}}],"collection":[{"href":"http:\/\/eventos.coc.pt\/19gpra4lcrpmcr\/wp-json\/wp\/v2\/pages"}],"about":[{"href":"http:\/\/eventos.coc.pt\/19gpra4lcrpmcr\/wp-json\/wp\/v2\/types\/page"}],"author":[{"embeddable":true,"href":"http:\/\/eventos.coc.pt\/19gpra4lcrpmcr\/wp-json\/wp\/v2\/users\/1"}],"replies":[{"embeddable":true,"href":"http:\/\/eventos.coc.pt\/19gpra4lcrpmcr\/wp-json\/wp\/v2\/comments?post=17"}],"version-history":[{"count":27,"href":"http:\/\/eventos.coc.pt\/19gpra4lcrpmcr\/wp-json\/wp\/v2\/pages\/17\/revisions"}],"predecessor-version":[{"id":485,"href":"http:\/\/eventos.coc.pt\/19gpra4lcrpmcr\/wp-json\/wp\/v2\/pages\/17\/revisions\/485"}],"wp:attachment":[{"href":"http:\/\/eventos.coc.pt\/19gpra4lcrpmcr\/wp-json\/wp\/v2\/media?parent=17"}],"curies":[{"name":"wp","href":"https:\/\/api.w.org\/{rel}","templated":true}]}}