{"id":19,"date":"2016-09-02T15:32:36","date_gmt":"2016-09-02T15:32:36","guid":{"rendered":"http:\/\/eventos.coc.pt\/piom2018\/?page_id=19"},"modified":"2017-05-22T18:34:16","modified_gmt":"2017-05-22T18:34:16","slug":"localizacao","status":"publish","type":"page","link":"http:\/\/eventos.coc.pt\/19gpra4lcrpmcr\/localizacao\/","title":{"rendered":"Localiza\u00e7\u00e3o"},"content":{"rendered":"<p><span style=\"font-size: 14pt; font-family: helvetica, arial, sans-serif;\"><strong>Arenas:<\/strong><\/span><\/p>\n<p><span style=\"font-family: helvetica, arial, sans-serif;\"><strong>Etapa 1 <\/strong><strong>\u2013 <\/strong>Parque Verde de Porto de M\u00f3s<\/span><\/p>\n<p><iframe loading=\"lazy\" style=\"border: 0;\" src=\"https:\/\/www.google.com\/maps\/embed?pb=!1m18!1m12!1m3!1d3963.341961758482!2d-8.821863584628822!3d39.5982728794687!2m3!1f0!2f0!3f0!3m2!1i1024!2i768!4f13.1!3m3!1m2!1s0xd189f73d8bbe6ad%3A0x661587c587fc9fb7!2sParque+Verde+Porto+de+M%C3%B3s!5e1!3m2!1spt-PT!2spt!4v1491512476067\" width=\"600\" height=\"450\" frameborder=\"0\" allowfullscreen=\"allowfullscreen\"><\/iframe><\/p>\n<p><span style=\"font-family: helvetica, arial, sans-serif;\"><strong>Etapa 2<\/strong> &#8211; A arena da prova ser\u00e1 no jardim do Carpalho, no anfiteatro nas traseiras do Edif\u00edcio 2000 em Leiria, onde ter\u00e3o lugar as partidas e as chegadas das provas.<\/span><\/p>\n<p><iframe loading=\"lazy\" style=\"border: 0;\" src=\"https:\/\/www.google.com\/maps\/embed?pb=!1m18!1m12!1m3!1d988.5761698357396!2d-8.803876870738135!3d39.74904159871555!2m3!1f0!2f0!3f0!3m2!1i1024!2i768!4f13.1!3m3!1m2!1s0xd22736d57667155%3A0xaaa5958271fcc52f!2sR.+da+Europa%2C+Leiria!5e1!3m2!1spt-PT!2spt!4v1495477775007\" width=\"600\" height=\"450\" frameborder=\"0\" allowfullscreen=\"allowfullscreen\"><\/iframe><\/p>\n<p><span style=\"font-size: 14pt; font-family: helvetica, arial, sans-serif;\"><strong>Secretariado:<\/strong><\/span><\/p>\n<p><span style=\"font-family: helvetica, arial, sans-serif;\">O Secretariado das provas estar\u00e1 localizado nas Arenas.<\/span><\/p>\n<p><span style=\"font-size: 14pt; font-family: helvetica, arial, sans-serif;\"><strong>Estacionamentos:<\/strong><\/span><\/p>\n<p><span style=\"font-family: helvetica, arial, sans-serif;\"><strong>Etapa 1<\/strong> &#8211;\u00a0 Junto \u00e0s piscinas\u00a0 Municipais de Porto de M\u00f3s<\/span><\/p>\n<p><iframe loading=\"lazy\" style=\"border: 0;\" src=\"https:\/\/www.google.com\/maps\/embed?pb=!1m18!1m12!1m3!1d3974.962250715906!2d-8.827878732522064!3d39.59955049604223!2m3!1f0!2f0!3f0!3m2!1i1024!2i768!4f13.1!3m3!1m2!1s0xd189f79f415deff%3A0xb97782592593bc35!2sR.+da+Piscina+Mun.%2C+Porto+de+M%C3%B3s!5e1!3m2!1spt-PT!2spt!4v1491512798957\" width=\"600\" height=\"450\" frameborder=\"0\" allowfullscreen=\"allowfullscreen\"><\/iframe><\/p>\n<p><span style=\"font-family: helvetica, arial, sans-serif;\"><strong>Etapa 2<\/strong> &#8211; Poder\u00e3o ser utilizados os v\u00e1rios parques de estacionamento urbanos de Leiria.<\/span><\/p>\n<p><span style=\"font-size: 14pt; font-family: helvetica, arial, sans-serif;\"><strong>Alojamento:<\/strong><\/span><\/p>\n<p><span style=\"font-family: helvetica, arial, sans-serif;\">Existe a possibilidade de dormir no quartel RA4 em Leiria de s\u00e1bado para domingo sem custos ou no pavilh\u00e3o Desportivo de Porto de M\u00f3s. Para tal dever\u00e3o enviar um e-mail para info@coc.pt at\u00e9 \u00e0s 24H do dia 14 de Junho informando o nome do clube e n\u00famero de pessoas.<\/span><\/p>\n<p><iframe loading=\"lazy\" style=\"border: 0;\" src=\"https:\/\/www.google.com\/maps\/embed?pb=!1m18!1m12!1m3!1d3955.6134719520537!2d-8.808965048571208!3d39.72623397935061!2m3!1f0!2f0!3f0!3m2!1i1024!2i768!4f13.1!3m3!1m2!1s0xd22749c4d08c957%3A0x14f23fe088561d22!2sRegimento+de+Artilharia+n%C2%BA+4!5e1!3m2!1spt-PT!2spt!4v1491512876013\" width=\"600\" height=\"450\" frameborder=\"0\" allowfullscreen=\"allowfullscreen\"><\/iframe><\/p>\n","protected":false},"excerpt":{"rendered":"<p>Arenas: Etapa 1 \u2013 Parque Verde de Porto de M\u00f3s Etapa 2 &#8211; A arena da prova ser\u00e1 no jardim do Carpalho, no anfiteatro nas traseiras do Edif\u00edcio 2000 em Leiria, onde ter\u00e3o lugar as partidas e as chegadas das provas. Secretariado: O Secretariado das provas estar\u00e1 localizado nas Arenas. Estacionamentos: Etapa 1 &#8211;\u00a0 Junto &hellip; <a href=\"http:\/\/eventos.coc.pt\/19gpra4lcrpmcr\/localizacao\/\" class=\"more-link\">Continuar a ler <span class=\"screen-reader-text\">Localiza\u00e7\u00e3o<\/span><\/a><\/p>\n","protected":false},"author":1,"featured_media":0,"parent":0,"menu_order":9,"comment_status":"closed","ping_status":"closed","template":"","meta":{"footnotes":""},"class_list":["post-19","page","type-page","status-publish","hentry"],"_links":{"self":[{"href":"http:\/\/eventos.coc.pt\/19gpra4lcrpmcr\/wp-json\/wp\/v2\/pages\/19","targetHints":{"allow":["GET"]}}],"collection":[{"href":"http:\/\/eventos.coc.pt\/19gpra4lcrpmcr\/wp-json\/wp\/v2\/pages"}],"about":[{"href":"http:\/\/eventos.coc.pt\/19gpra4lcrpmcr\/wp-json\/wp\/v2\/types\/page"}],"author":[{"embeddable":true,"href":"http:\/\/eventos.coc.pt\/19gpra4lcrpmcr\/wp-json\/wp\/v2\/users\/1"}],"replies":[{"embeddable":true,"href":"http:\/\/eventos.coc.pt\/19gpra4lcrpmcr\/wp-json\/wp\/v2\/comments?post=19"}],"version-history":[{"count":33,"href":"http:\/\/eventos.coc.pt\/19gpra4lcrpmcr\/wp-json\/wp\/v2\/pages\/19\/revisions"}],"predecessor-version":[{"id":461,"href":"http:\/\/eventos.coc.pt\/19gpra4lcrpmcr\/wp-json\/wp\/v2\/pages\/19\/revisions\/461"}],"wp:attachment":[{"href":"http:\/\/eventos.coc.pt\/19gpra4lcrpmcr\/wp-json\/wp\/v2\/media?parent=19"}],"curies":[{"name":"wp","href":"https:\/\/api.w.org\/{rel}","templated":true}]}}