{"id":240,"date":"2017-01-10T11:34:55","date_gmt":"2017-01-10T11:34:55","guid":{"rendered":"http:\/\/eventos.coc.pt\/piom2018\/?page_id=240"},"modified":"2017-06-15T11:41:04","modified_gmt":"2017-06-15T11:41:04","slug":"partidas","status":"publish","type":"page","link":"http:\/\/eventos.coc.pt\/19gpra4lcrpmcr\/partidas\/","title":{"rendered":"Partidas"},"content":{"rendered":"<p><span style=\"font-family: helvetica, arial, sans-serif;\">Etapa &#8211; Porto de M\u00f3s:<\/span><\/p>\n<p><span style=\"font-family: helvetica, arial, sans-serif;\">\u00a0 \u00a0 \u00a0 \u00a0<a href=\"http:\/\/eventos.coc.pt\/archive\/19gpra4\/partidas\/20170615_114918_XIXGPRA4_PartidasSabadoPorClubes.html\">Partidas por Clubes<\/a><\/span><\/p>\n<p><span style=\"font-family: helvetica, arial, sans-serif;\">Etapa &#8211; Leiria<\/span><\/p>\n<p><span style=\"font-family: helvetica, arial, sans-serif;\">\u00a0 \u00a0 \u00a0 \u00a0<\/span><span style=\"font-family: helvetica, arial, sans-serif;\">Partidas em Massa &#8211; Confirme\u00a0<a href=\"http:\/\/eventos.coc.pt\/archive\/19gpra4\/partidas\/20170615_115021_XIXGPRA4_InscritosDomingoPorClubes.html\">aqui<\/a> a sua inscri\u00e7\u00e3o<\/span><\/p>\n<p><span style=\"font-family: helvetica, arial, sans-serif;\">\u00a0 \u00a0 \u00a0 \u00a010:00 &#8211; Partidas dos escal\u00f5es de competi\u00e7\u00e3o<\/span><\/p>\n<p><span style=\"font-family: helvetica, arial, sans-serif;\">\u00a0 \u00a0 \u00a0 \u00a010:05 &#8211; In\u00edcio das partidas dos escal\u00f5es abertos e forma\u00e7\u00e3o\u00a0<\/span><\/p>\n<p><span style=\"font-family: helvetica, arial, sans-serif;\">\u00a0 \u00a0 \u00a0 \u00a010:10 &#8211;\u00a0In\u00edcio das partidas da atividade Orienta\u00e7\u00e3o em Fam\u00edlia e do Percurso Tur\u00edstico.<\/span><\/p>\n","protected":false},"excerpt":{"rendered":"<p>Etapa &#8211; Porto de M\u00f3s: \u00a0 \u00a0 \u00a0 \u00a0Partidas por Clubes Etapa &#8211; Leiria \u00a0 \u00a0 \u00a0 \u00a0Partidas em Massa &#8211; Confirme\u00a0aqui a sua inscri\u00e7\u00e3o \u00a0 \u00a0 \u00a0 \u00a010:00 &#8211; Partidas dos escal\u00f5es de competi\u00e7\u00e3o \u00a0 \u00a0 \u00a0 \u00a010:05 &#8211; In\u00edcio das partidas dos escal\u00f5es abertos e forma\u00e7\u00e3o\u00a0 \u00a0 \u00a0 \u00a0 \u00a010:10 &#8211;\u00a0In\u00edcio das partidas &hellip; <a href=\"http:\/\/eventos.coc.pt\/19gpra4lcrpmcr\/partidas\/\" class=\"more-link\">Continuar a ler <span class=\"screen-reader-text\">Partidas<\/span><\/a><\/p>\n","protected":false},"author":1,"featured_media":0,"parent":0,"menu_order":0,"comment_status":"closed","ping_status":"closed","template":"","meta":{"footnotes":""},"class_list":["post-240","page","type-page","status-publish","hentry"],"_links":{"self":[{"href":"http:\/\/eventos.coc.pt\/19gpra4lcrpmcr\/wp-json\/wp\/v2\/pages\/240","targetHints":{"allow":["GET"]}}],"collection":[{"href":"http:\/\/eventos.coc.pt\/19gpra4lcrpmcr\/wp-json\/wp\/v2\/pages"}],"about":[{"href":"http:\/\/eventos.coc.pt\/19gpra4lcrpmcr\/wp-json\/wp\/v2\/types\/page"}],"author":[{"embeddable":true,"href":"http:\/\/eventos.coc.pt\/19gpra4lcrpmcr\/wp-json\/wp\/v2\/users\/1"}],"replies":[{"embeddable":true,"href":"http:\/\/eventos.coc.pt\/19gpra4lcrpmcr\/wp-json\/wp\/v2\/comments?post=240"}],"version-history":[{"count":12,"href":"http:\/\/eventos.coc.pt\/19gpra4lcrpmcr\/wp-json\/wp\/v2\/pages\/240\/revisions"}],"predecessor-version":[{"id":497,"href":"http:\/\/eventos.coc.pt\/19gpra4lcrpmcr\/wp-json\/wp\/v2\/pages\/240\/revisions\/497"}],"wp:attachment":[{"href":"http:\/\/eventos.coc.pt\/19gpra4lcrpmcr\/wp-json\/wp\/v2\/media?parent=240"}],"curies":[{"name":"wp","href":"https:\/\/api.w.org\/{rel}","templated":true}]}}