{"id":375,"date":"2017-03-19T15:03:13","date_gmt":"2017-03-19T15:03:13","guid":{"rendered":"http:\/\/eventos.coc.pt\/19gpra4lcr\/?page_id=375"},"modified":"2017-05-22T09:08:55","modified_gmt":"2017-05-22T09:08:55","slug":"apresentacao","status":"publish","type":"page","link":"http:\/\/eventos.coc.pt\/19gpra4lcrpmcr\/apresentacao\/","title":{"rendered":"Apresenta\u00e7\u00e3o"},"content":{"rendered":"<p>O 19\u00ba Grande Pr\u00e9mio de Orienta\u00e7\u00e3o do RA4, \u00e9 constitu\u00eddo\u00a0 por duas etapas distintas de Orienta\u00e7\u00e3o Pedestre, co- organizadas pelo COC- Clube de Orienta\u00e7\u00e3o do Centro, pelo Regimento de Artilharia nr. 4, FPO- Federa\u00e7\u00e3o Portuguesa de Orienta\u00e7\u00e3o e apoio dos Munic\u00edpios de Porto de M\u00f3s e Leiria, respetivamente.<\/p>\n<p><strong>Etapa 1<\/strong><strong>&#8211;<\/strong> Dia 17 de Junho, o 1\u00ba Porto de M\u00f3s City Race<\/p>\n<p><strong>Etapa 2<\/strong> &#8211; Dia 18 de Junho 2\u00ba Leiria City Race<\/p>\n<p>As provas \u00a0integram-se nas comemora\u00e7\u00f5es do Dia da Unidade do\u00a0<strong>RA 4 de Leiria<\/strong> e ser\u00e3o premiados os melhores militares que se inscrevam e participem no escal\u00e3o de Seniores M\/F.<\/p>\n<p>A\u00a0 2\u00aa etapa est\u00e1 integrada no Circuito Portugal City Race, assim como no programa Arena do Desporto, iniciativa da C\u00e2mara Municipal de Leiria, cujo calend\u00e1rio de atividades pode ser consultado no seguinte link:<\/p>\n<p><a href=\"http:\/\/www.cm-leiria.pt\">http:\/\/www.cm-leiria.pt<\/a><\/p>\n","protected":false},"excerpt":{"rendered":"<p>O 19\u00ba Grande Pr\u00e9mio de Orienta\u00e7\u00e3o do RA4, \u00e9 constitu\u00eddo\u00a0 por duas etapas distintas de Orienta\u00e7\u00e3o Pedestre, co- organizadas pelo COC- Clube de Orienta\u00e7\u00e3o do Centro, pelo Regimento de Artilharia nr. 4, FPO- Federa\u00e7\u00e3o Portuguesa de Orienta\u00e7\u00e3o e apoio dos Munic\u00edpios de Porto de M\u00f3s e Leiria, respetivamente. Etapa 1&#8211; Dia 17 de Junho, o &hellip; <a href=\"http:\/\/eventos.coc.pt\/19gpra4lcrpmcr\/apresentacao\/\" class=\"more-link\">Continuar a ler <span class=\"screen-reader-text\">Apresenta\u00e7\u00e3o<\/span><\/a><\/p>\n","protected":false},"author":1,"featured_media":0,"parent":0,"menu_order":0,"comment_status":"closed","ping_status":"closed","template":"","meta":{"footnotes":""},"class_list":["post-375","page","type-page","status-publish","hentry"],"_links":{"self":[{"href":"http:\/\/eventos.coc.pt\/19gpra4lcrpmcr\/wp-json\/wp\/v2\/pages\/375","targetHints":{"allow":["GET"]}}],"collection":[{"href":"http:\/\/eventos.coc.pt\/19gpra4lcrpmcr\/wp-json\/wp\/v2\/pages"}],"about":[{"href":"http:\/\/eventos.coc.pt\/19gpra4lcrpmcr\/wp-json\/wp\/v2\/types\/page"}],"author":[{"embeddable":true,"href":"http:\/\/eventos.coc.pt\/19gpra4lcrpmcr\/wp-json\/wp\/v2\/users\/1"}],"replies":[{"embeddable":true,"href":"http:\/\/eventos.coc.pt\/19gpra4lcrpmcr\/wp-json\/wp\/v2\/comments?post=375"}],"version-history":[{"count":5,"href":"http:\/\/eventos.coc.pt\/19gpra4lcrpmcr\/wp-json\/wp\/v2\/pages\/375\/revisions"}],"predecessor-version":[{"id":457,"href":"http:\/\/eventos.coc.pt\/19gpra4lcrpmcr\/wp-json\/wp\/v2\/pages\/375\/revisions\/457"}],"wp:attachment":[{"href":"http:\/\/eventos.coc.pt\/19gpra4lcrpmcr\/wp-json\/wp\/v2\/media?parent=375"}],"curies":[{"name":"wp","href":"https:\/\/api.w.org\/{rel}","templated":true}]}}