{"id":4,"date":"2016-08-29T23:31:01","date_gmt":"2016-08-29T23:31:01","guid":{"rendered":"http:\/\/eventos.coc.pt\/piom2018\/?page_id=4"},"modified":"2017-06-14T21:33:14","modified_gmt":"2017-06-14T21:33:14","slug":"programa","status":"publish","type":"page","link":"http:\/\/eventos.coc.pt\/19gpra4lcrpmcr\/programa\/","title":{"rendered":"Programa"},"content":{"rendered":"<p><strong>Etapa 1<\/strong><strong> \u2013 Porto de M\u00f3s<\/strong><\/p>\n<p>13:00 \u2013 Abertura do secretariado<\/p>\n<p>16:00 \u2013 In\u00edcio das partidas dos escal\u00f5es de competi\u00e7\u00e3o<\/p>\n<p>16:10 \u2013 In\u00edcio das partidas dos escal\u00f5es abertos e forma\u00e7\u00e3o com recurso \u00e0 esta\u00e7\u00e3o START<\/p>\n<p>16:15 \u2013 In\u00edcio das partidas da atividade Orienta\u00e7\u00e3o em Fam\u00edlia e do Percurso Tur\u00edstico.<\/p>\n<p>17:00 \u2013 Encerramento das partidas dos escal\u00f5es abertos, da atividade de Orienta\u00e7\u00e3o em fam\u00edlia e Percurso Tur\u00edstico<\/p>\n<p>19:00 \u2013 Entrega de pr\u00e9mios<\/p>\n<p><strong>Etapa 2<\/strong><strong> &#8211; Leiria<\/strong><\/p>\n<p>08:30 \u2013 Abertura do secretariado<\/p>\n<p>10:00 \u2013 Partida em massa dos escal\u00f5es de competi\u00e7\u00e3o<\/p>\n<p>10:05 \u2013 In\u00edcio das partidas dos escal\u00f5es abertos e forma\u00e7\u00e3o com recurso \u00e0 esta\u00e7\u00e3o START<\/p>\n<p>10:10 \u2013 In\u00edcio das partidas da atividade Orienta\u00e7\u00e3o em Fam\u00edlia e do Percurso Tur\u00edstico.<\/p>\n<p>11:00 \u2013 Encerramento das partidas dos escal\u00f5es abertos, da atividade Orienta\u00e7\u00e3o em Fam\u00edlia e Percurso Tur\u00edstico<\/p>\n<p>12:30 \u2013 Almo\u00e7o no RA4 (oferta do RA4).<\/p>\n<p>14:00 \u2013 Entrega de pr\u00e9mios no RA4<\/p>\n","protected":false},"excerpt":{"rendered":"<p>Etapa 1 \u2013 Porto de M\u00f3s 13:00 \u2013 Abertura do secretariado 16:00 \u2013 In\u00edcio das partidas dos escal\u00f5es de competi\u00e7\u00e3o 16:10 \u2013 In\u00edcio das partidas dos escal\u00f5es abertos e forma\u00e7\u00e3o com recurso \u00e0 esta\u00e7\u00e3o START 16:15 \u2013 In\u00edcio das partidas da atividade Orienta\u00e7\u00e3o em Fam\u00edlia e do Percurso Tur\u00edstico. 17:00 \u2013 Encerramento das partidas dos &hellip; <a href=\"http:\/\/eventos.coc.pt\/19gpra4lcrpmcr\/programa\/\" class=\"more-link\">Continuar a ler <span class=\"screen-reader-text\">Programa<\/span><\/a><\/p>\n","protected":false},"author":1,"featured_media":0,"parent":0,"menu_order":14,"comment_status":"closed","ping_status":"closed","template":"","meta":{"footnotes":""},"class_list":["post-4","page","type-page","status-publish","hentry"],"_links":{"self":[{"href":"http:\/\/eventos.coc.pt\/19gpra4lcrpmcr\/wp-json\/wp\/v2\/pages\/4","targetHints":{"allow":["GET"]}}],"collection":[{"href":"http:\/\/eventos.coc.pt\/19gpra4lcrpmcr\/wp-json\/wp\/v2\/pages"}],"about":[{"href":"http:\/\/eventos.coc.pt\/19gpra4lcrpmcr\/wp-json\/wp\/v2\/types\/page"}],"author":[{"embeddable":true,"href":"http:\/\/eventos.coc.pt\/19gpra4lcrpmcr\/wp-json\/wp\/v2\/users\/1"}],"replies":[{"embeddable":true,"href":"http:\/\/eventos.coc.pt\/19gpra4lcrpmcr\/wp-json\/wp\/v2\/comments?post=4"}],"version-history":[{"count":7,"href":"http:\/\/eventos.coc.pt\/19gpra4lcrpmcr\/wp-json\/wp\/v2\/pages\/4\/revisions"}],"predecessor-version":[{"id":490,"href":"http:\/\/eventos.coc.pt\/19gpra4lcrpmcr\/wp-json\/wp\/v2\/pages\/4\/revisions\/490"}],"wp:attachment":[{"href":"http:\/\/eventos.coc.pt\/19gpra4lcrpmcr\/wp-json\/wp\/v2\/media?parent=4"}],"curies":[{"name":"wp","href":"https:\/\/api.w.org\/{rel}","templated":true}]}}