{"id":11,"date":"2016-09-02T15:31:27","date_gmt":"2016-09-02T15:31:27","guid":{"rendered":"http:\/\/eventos.coc.pt\/piom2018\/?page_id=11"},"modified":"2018-04-30T20:59:11","modified_gmt":"2018-04-30T20:59:11","slug":"informacoes-gerais","status":"publish","type":"page","link":"http:\/\/eventos.coc.pt\/20gpra4\/informacoes-gerais\/","title":{"rendered":"Informa\u00e7\u00f5es Gerais"},"content":{"rendered":"<div id=\"comp-is6hyn4w\" class=\"s11\" data-reactid=\".0.$SITE_ROOT.$desktop_siteRoot.$PAGES_CONTAINER.1.1.$SITE_PAGES.$c1t44.1.$comp-is6hyn4w\">\n<div id=\"comp-is6hyn4winlineContent\" class=\"s11inlineContent\" data-reactid=\".0.$SITE_ROOT.$desktop_siteRoot.$PAGES_CONTAINER.1.1.$SITE_PAGES.$c1t44.1.$comp-is6hyn4w.0\">\n<div id=\"comp-is6hwl4d\" class=\"s12\" data-reactid=\".0.$SITE_ROOT.$desktop_siteRoot.$PAGES_CONTAINER.1.1.$SITE_PAGES.$c1t44.1.$comp-is6hyn4w.0.$comp-is6hwl4d\">\n<p><b>Informa\u00e7\u00f5es<\/b><\/p>\n<p>Partida em massa, com percursos tra\u00e7ados sob dist\u00e2ncia longa<strong> (n\u00e3o haver\u00e1 sinal\u00e9tica suplementar)<\/strong>.<\/p>\n<p>Os escal\u00f5es de forma\u00e7\u00e3o H\\D10 e H\\D12 e abertos (F\u00e1cil Longo, F\u00e1cil Curto, Dif\u00edcil Longo e Dif\u00edcil Curto) ter\u00e3o partidas individualizadas com recurso \u00e0 esta\u00e7\u00e3o Start.<\/p>\n<p>O 20\u00ba Pr\u00e9mio do RA4 rege-se pelo Regulamento de Competi\u00e7\u00e3o da FPO, sendo utilizado o sistema de controlo SportIdent.<\/p>\n<p class=\"font_2\"><strong>Pr\u00e9mios<\/strong><\/p>\n<\/div>\n<div id=\"comp-is6hy5yo\" class=\"s12\" data-reactid=\".0.$SITE_ROOT.$desktop_siteRoot.$PAGES_CONTAINER.1.1.$SITE_PAGES.$c1t44.1.$comp-is6hyn4w.0.$comp-is6hy5yo\">\n<p>Aos 3 primeiros de cada escal\u00e3o de competi\u00e7\u00e3o, excepto Elites em que ser\u00e3o premiados os primeiros 5.<\/p>\n<p>Aos 3 primeiros dos escal\u00f5es Militares Masculino e Militares Feminino que se inscrevam e participem no escal\u00e3o a eles destinado (H\/D21A).<\/p>\n<p>Ao primeiro classificado de cada um dos 4 Escal\u00f5es Abertos<\/p>\n<p>Aos escal\u00f5es de forma\u00e7\u00e3o H\/D 10-12 ser\u00e3o atribu\u00eddas lembran\u00e7as a todos os participantes, n\u00e3o havendo pr\u00e9mios de classifica\u00e7\u00e3o<\/p>\n<p>Pr\u00e9mios \u00e0s 3 primeiras equipas<\/p>\n<p>A entrega de Pr\u00e9mios decorrer\u00e1 no Parque de Merendas da Praia da Leirosa, local onde ser\u00e1 servido o almo\u00e7o volante\/cocktail oferta do RA4 Leiria<\/p>\n<\/div>\n<\/div>\n<\/div>\n<div id=\"comp-is6hyphq\" class=\"s11\" data-reactid=\".0.$SITE_ROOT.$desktop_siteRoot.$PAGES_CONTAINER.1.1.$SITE_PAGES.$c1t44.1.$comp-is6hyphq\">\n<div id=\"comp-is6hyphqinlineContent\" class=\"s11inlineContent\" data-reactid=\".0.$SITE_ROOT.$desktop_siteRoot.$PAGES_CONTAINER.1.1.$SITE_PAGES.$c1t44.1.$comp-is6hyphq.0\">\n<div id=\"comp-is6hypj5\" class=\"s12\" data-reactid=\".0.$SITE_ROOT.$desktop_siteRoot.$PAGES_CONTAINER.1.1.$SITE_PAGES.$c1t44.1.$comp-is6hyphq.0.$comp-is6hypj5\"><\/div>\n<div id=\"comp-is6hypj61\" class=\"s12\" data-reactid=\".0.$SITE_ROOT.$desktop_siteRoot.$PAGES_CONTAINER.1.1.$SITE_PAGES.$c1t44.1.$comp-is6hyphq.0.$comp-is6hypj61\">\n<p class=\"font_8\">\n<\/div>\n<\/div>\n<\/div>\n","protected":false},"excerpt":{"rendered":"<p>Informa\u00e7\u00f5es Partida em massa, com percursos tra\u00e7ados sob dist\u00e2ncia longa (n\u00e3o haver\u00e1 sinal\u00e9tica suplementar). Os escal\u00f5es de forma\u00e7\u00e3o H\\D10 e H\\D12 e abertos (F\u00e1cil Longo, F\u00e1cil Curto, Dif\u00edcil Longo e Dif\u00edcil Curto) ter\u00e3o partidas individualizadas com recurso \u00e0 esta\u00e7\u00e3o Start. O 20\u00ba Pr\u00e9mio do RA4 rege-se pelo Regulamento de Competi\u00e7\u00e3o da FPO, sendo utilizado o &hellip; <a href=\"http:\/\/eventos.coc.pt\/20gpra4\/informacoes-gerais\/\" class=\"more-link\">Continuar a ler <span class=\"screen-reader-text\">Informa\u00e7\u00f5es Gerais<\/span><\/a><\/p>\n","protected":false},"author":1,"featured_media":0,"parent":0,"menu_order":13,"comment_status":"closed","ping_status":"closed","template":"","meta":{"footnotes":""},"class_list":["post-11","page","type-page","status-publish","hentry"],"_links":{"self":[{"href":"http:\/\/eventos.coc.pt\/20gpra4\/wp-json\/wp\/v2\/pages\/11","targetHints":{"allow":["GET"]}}],"collection":[{"href":"http:\/\/eventos.coc.pt\/20gpra4\/wp-json\/wp\/v2\/pages"}],"about":[{"href":"http:\/\/eventos.coc.pt\/20gpra4\/wp-json\/wp\/v2\/types\/page"}],"author":[{"embeddable":true,"href":"http:\/\/eventos.coc.pt\/20gpra4\/wp-json\/wp\/v2\/users\/1"}],"replies":[{"embeddable":true,"href":"http:\/\/eventos.coc.pt\/20gpra4\/wp-json\/wp\/v2\/comments?post=11"}],"version-history":[{"count":11,"href":"http:\/\/eventos.coc.pt\/20gpra4\/wp-json\/wp\/v2\/pages\/11\/revisions"}],"predecessor-version":[{"id":461,"href":"http:\/\/eventos.coc.pt\/20gpra4\/wp-json\/wp\/v2\/pages\/11\/revisions\/461"}],"wp:attachment":[{"href":"http:\/\/eventos.coc.pt\/20gpra4\/wp-json\/wp\/v2\/media?parent=11"}],"curies":[{"name":"wp","href":"https:\/\/api.w.org\/{rel}","templated":true}]}}