{"id":13,"date":"2016-09-02T15:31:49","date_gmt":"2016-09-02T15:31:49","guid":{"rendered":"http:\/\/eventos.coc.pt\/piom2018\/?page_id=13"},"modified":"2018-05-02T23:25:04","modified_gmt":"2018-05-02T23:25:04","slug":"informacoes-tecnicas","status":"publish","type":"page","link":"http:\/\/eventos.coc.pt\/20gpra4\/informacoes-tecnicas\/","title":{"rendered":"Informa\u00e7\u00f5es T\u00e9cnicas"},"content":{"rendered":"<div id=\"comp-is6i97xa\" class=\"s11\" data-reactid=\".0.$SITE_ROOT.$desktop_siteRoot.$PAGES_CONTAINER.1.1.$SITE_PAGES.$lxlqy.1.$comp-is6i97xa\">\n<div id=\"comp-is6i97xainlineContent\" class=\"s11inlineContent\" data-reactid=\".0.$SITE_ROOT.$desktop_siteRoot.$PAGES_CONTAINER.1.1.$SITE_PAGES.$lxlqy.1.$comp-is6i97xa.0\">\n<div id=\"comp-is6i97yh\" class=\"s12\" data-reactid=\".0.$SITE_ROOT.$desktop_siteRoot.$PAGES_CONTAINER.1.1.$SITE_PAGES.$lxlqy.1.$comp-is6i97xa.0.$comp-is6i97yh\">\n<p class=\"font_2\"><span style=\"font-family: helvetica, arial, sans-serif;\"><strong>Mapas<\/strong><\/span><\/p>\n<\/div>\n<div id=\"comp-is6i97yk\" class=\"s12\" data-reactid=\".0.$SITE_ROOT.$desktop_siteRoot.$PAGES_CONTAINER.1.1.$SITE_PAGES.$lxlqy.1.$comp-is6i97xa.0.$comp-is6i97yk\">\n<p class=\"font_8\"><span style=\"font-family: helvetica, arial, sans-serif;\">Mapa com Escala 1:10.000 equidist\u00e2ncia de 2,5 mts actualizado em Abril e Maio de 2018 pelo cart\u00f3grafo Rui Antunes.<\/span><\/p>\n<p><img loading=\"lazy\" decoding=\"async\" class=\"alignnone size-full wp-image-468\" src=\"http:\/\/eventos.coc.pt\/20gpra4\/wp-content\/uploads\/sites\/11\/2018\/05\/Info.png\" alt=\"\" width=\"703\" height=\"960\" srcset=\"http:\/\/eventos.coc.pt\/20gpra4\/wp-content\/uploads\/sites\/11\/2018\/05\/Info.png 703w, http:\/\/eventos.coc.pt\/20gpra4\/wp-content\/uploads\/sites\/11\/2018\/05\/Info-220x300.png 220w\" sizes=\"auto, (max-width: 703px) 100vw, 703px\" \/><\/p>\n<\/div>\n<\/div>\n<\/div>\n<div id=\"comp-is6icf1c\" class=\"s11\" data-reactid=\".0.$SITE_ROOT.$desktop_siteRoot.$PAGES_CONTAINER.1.1.$SITE_PAGES.$lxlqy.1.$comp-is6icf1c\">\n<div id=\"comp-is6icf1cinlineContent\" class=\"s11inlineContent\" data-reactid=\".0.$SITE_ROOT.$desktop_siteRoot.$PAGES_CONTAINER.1.1.$SITE_PAGES.$lxlqy.1.$comp-is6icf1c.0\">\n<div id=\"comp-is6icf29\" class=\"s12\" data-reactid=\".0.$SITE_ROOT.$desktop_siteRoot.$PAGES_CONTAINER.1.1.$SITE_PAGES.$lxlqy.1.$comp-is6icf1c.0.$comp-is6icf29\">\n<div id=\"comp-is6icf28\" class=\"s12\" data-reactid=\".0.$SITE_ROOT.$desktop_siteRoot.$PAGES_CONTAINER.1.1.$SITE_PAGES.$lxlqy.1.$comp-is6icf1c.0.$comp-is6icf28\"><strong><span style=\"font-family: helvetica, arial, sans-serif;\">\u00a0Fotos:<\/span><\/strong><\/div>\n<\/div>\n<div data-reactid=\".0.$SITE_ROOT.$desktop_siteRoot.$PAGES_CONTAINER.1.1.$SITE_PAGES.$lxlqy.1.$comp-is6icf1c.0.$comp-is6icf28\">\n\t<ul id=\"slideshowgallery2564\" class=\"slideshowgallery2564\" style=\"display:none;\">\n\t\t\t\t\t<!-- From all slides or gallery slides -->\n\t\t\t\t\t\t\t\n\t\t\t\t<li>\n\t\t\t\t\t<h3 style=\"opacity:70;\">\u00c1rea Competi\u00e7\u00e3o<\/h3>\n\t\t\t\t\t\t\t\t\t\t\t<span data-alt=\"rea-competio\">http:\/\/eventos.coc.pt\/20gpra4\/wp-content\/uploads\/sites\/11\/bfi_thumb\/Terreno1-363sln4jxnogjvac3qhp8q.jpg<\/span>\n\t\t\t\t\t\t\t\t\t\t<p><\/p>\n\t\t\t\t\t\t\t\t\t\t\t\t\t\t\t\t\t\t<a><\/a>\n\t\t\t\t\t\t\t\t\t\t\t\t\t\t\t<\/li>\n\t\t\t\t\t\t\t\n\t\t\t\t<li>\n\t\t\t\t\t<h3 style=\"opacity:70;\">Arena<\/h3>\n\t\t\t\t\t\t\t\t\t\t\t<span data-alt=\"arena\">http:\/\/eventos.coc.pt\/20gpra4\/wp-content\/uploads\/sites\/11\/bfi_thumb\/Arena-363slndlm8qu3ys2vgv0ga.jpg<\/span>\n\t\t\t\t\t\t\t\t\t\t<p><\/p>\n\t\t\t\t\t\t\t\t\t\t\t\t\t\t\t\t\t\t<a><\/a>\n\t\t\t\t\t\t\t\t\t\t\t\t\t\t\t<\/li>\n\t\t\t\t\t\t\t\n\t\t\t\t<li>\n\t\t\t\t\t<h3 style=\"opacity:70;\">\u00c1rea Competi\u00e7\u00e3o<\/h3>\n\t\t\t\t\t\t\t\t\t\t\t<span data-alt=\"rea-competio\">http:\/\/eventos.coc.pt\/20gpra4\/wp-content\/uploads\/sites\/11\/bfi_thumb\/Terreno3-363sln013d59rtjgpvb1my.jpg<\/span>\n\t\t\t\t\t\t\t\t\t\t<p><\/p>\n\t\t\t\t\t\t\t\t\t\t\t\t\t\t\t\t\t\t<a><\/a>\n\t\t\t\t\t\t\t\t\t\t\t\t\t\t\t<\/li>\n\t\t\t\t\t\t\t\n\t\t\t\t<li>\n\t\t\t\t\t<h3 style=\"opacity:70;\">\u00c1rea Competi\u00e7\u00e3o<\/h3>\n\t\t\t\t\t\t\t\t\t\t\t<span data-alt=\"rea-competio\">http:\/\/eventos.coc.pt\/20gpra4\/wp-content\/uploads\/sites\/11\/bfi_thumb\/Terreno2-363slmqzes2w7q1py4xqfe.jpg<\/span>\n\t\t\t\t\t\t\t\t\t\t<p><\/p>\n\t\t\t\t\t\t\t\t\t\t\t\t\t\t\t\t\t\t<a><\/a>\n\t\t\t\t\t\t\t\t\t\t\t\t\t\t\t<\/li>\n\t\t\t\t\t\t<\/ul>\n\t\n\t<div id=\"slideshow-wrappergallery2564\" class=\"slideshow-wrapper\">\n\t\t\t\n\t\t<div class=\"slideshow-fullsize\" id=\"fullsizegallery2564\">\n\t\t\t\t\t\t\t\t\t\t\t\t\t\t<div id=\"imgprevgallery2564\" class=\"slideshow-imgprev imgnav\" title=\"Previous Image\">Previous Image<\/div>\n\t\t\t\t\t\t<a id=\"imglinkgallery2564\" class=\"slideshow-imglink imglink\"><!-- link --><\/a>\n\t\t\t\t\t\t\t\t\t\t\t<div id=\"imgnextgallery2564\" class=\"slideshow-imgnext imgnav\" title=\"Next Image\">Next Image<\/div>\n\t\t\t\t\t\t<div id=\"imagegallery2564\" class=\"slideshow-image\"><\/div>\n\t\t\t<div class=\"slideshow-information infobottom\" id=\"informationgallery2564\">\n\t\t\t\t<h3 class=\"slideshow-info-heading\">info heading<\/h3>\n\t\t\t\t<p class=\"slideshow-info-content\">info content<\/p>\n\t\t\t<\/div>\n\t\t<\/div>\n\t\t\n\t\t\t<\/div>\n\t\n\t\n\t<!-- Slideshow Gallery Javascript BEG -->\t\t<script type=\"text\/javascript\">\tjQuery.noConflict();\ttid('slideshowgallery2564').style.display = \"none\";\ttid('slideshow-wrappergallery2564').style.display = 'block';\ttid('slideshow-wrappergallery2564').style.visibility = 'hidden';\tvar spinnerDiv = document.createElement('div');\tspinnerDiv.setAttribute('id', 'spinnergallery2564');\tspinnerDiv.innerHTML = '<i class=\"fa fa-cog fa-spin\"><\/i>';\tjQuery(spinnerDiv).appendTo('#fullsizegallery2564');\ttid('spinnergallery2564').style.visibility = 'visible';\tvar slideshowgallery2564 = new TINY.slideshow(\"slideshowgallery2564\");\tjQuery(document).ready(function() {\t\tslideshowgallery2564.auto = true;\t\tslideshowgallery2564.speed = 10;\t\tslideshowgallery2564.effect = \"fade\";\t\tslideshowgallery2564.slide_direction = \"lr\";\t\tslideshowgallery2564.easing = \"swing\";\t\tslideshowgallery2564.alwaysauto = true;\t\tslideshowgallery2564.autoheight = false;\t\tslideshowgallery2564.autoheight_max = false;\t\tslideshowgallery2564.imgSpeed = 20;\t\tslideshowgallery2564.navOpacity = 25;\t\tslideshowgallery2564.navHover = 75;\t\tslideshowgallery2564.letterbox = \"#000000\";\t\tslideshowgallery2564.linkclass = \"linkhover\";\t\tslideshowgallery2564.imagesid = \"imagesgallery2564\";\t\tslideshowgallery2564.info = \"informationgallery2564\";\t\tslideshowgallery2564.infoonhover = 0;\t\tslideshowgallery2564.infoSpeed = 10;\t\tslideshowgallery2564.infodelay = 0;\t\tslideshowgallery2564.infofade = 0;\t\tslideshowgallery2564.infofadedelay = 0;\t\tslideshowgallery2564.thumbs = \"\";\t\tslideshowgallery2564.thumbOpacity = 70;\t\tslideshowgallery2564.left = \"slideleftgallery2564\";\t\tslideshowgallery2564.right = \"sliderightgallery2564\";\t\tslideshowgallery2564.scrollSpeed = 5;\t\tslideshowgallery2564.spacing = 5;\t\tslideshowgallery2564.active = \"#ffffff\";\t\tslideshowgallery2564.imagesthickbox = \"false\";\t\tjQuery(\"#spinnergallery2564\").remove();\t\tslideshowgallery2564.init(\"slideshowgallery2564\",\"imagegallery2564\",\"imgprevgallery2564\",\"imgnextgallery2564\",\"imglinkgallery2564\");\t\ttid('slideshow-wrappergallery2564').style.visibility = 'visible';\t\tjQuery(window).trigger('resize');\t\t\t\t\t});\t\t\tjQuery(window).resize(function() {\t\t\tvar width = jQuery('#slideshow-wrappergallery2564').width();\t\t\tvar resheight = 50;\t\t\tvar height = Math.round(((resheight \/ 100) * width));\t\t\tjQuery('#fullsizegallery2564').height(height);\t\t});\t\t<\/script>\t\t<!-- Slideshow Gallery Javascript END --><!-- Slideshow Gallery CSS BEG --><style id=\"style-gallery2564\">        ul.slideshowgallery2564 { list-style:none !important; color:#fff; }\n        ul.slideshowgallery2564 span { display:none; }\n        #slideshow-wrappergallery2564 { overflow: hidden; position:relative; width:100%; background:#000000; padding:0 0 0 0; border:1px solid #CCCCCC; margin:0; display:none; }\n        #slideshow-wrappergallery2564 * { margin:0; padding:0; }\n        #slideshow-wrappergallery2564 #fullsizegallery2564 { position:relative; z-index:1; overflow:hidden; width:100%; height:50%; clear:both; border: none; }\n        #slideshow-wrappergallery2564 #informationgallery2564 { text-align:left; font-family:Verdana, Arial, Helvetica, sans-serif !important; position:absolute; width:100%; height:0; background:#000000; color:#FFFFFF; overflow:hidden; z-index:300; opacity:.7; filter:alpha(opacity=70); }\n        #slideshow-wrappergallery2564 #informationgallery2564 h3 { color:#FFFFFF; padding:4px 8px 3px; margin:0 !important; font-size:16px; font-weight:bold; }\n        #slideshow-wrappergallery2564 #informationgallery2564 a { color:#FFFFFF; }\n        #slideshow-wrappergallery2564 #informationgallery2564 p { color:#FFFFFF; padding:0 8px 8px; margin:0 !important; font-size: 14px; font-weight:normal; }\n        #slideshow-wrappergallery2564 .infotop { margin-bottom:8px !important; top:0!important; }\n        #slideshow-wrappergallery2564 .infobottom { margin-top:8px !important; bottom:0!important; }\n                    #slideshow-wrappergallery2564 #imagegallery2564 { width:100%; }\n            #slideshow-wrappergallery2564 #imagegallery2564 img { border:none; border-radius:0; box-shadow:none; position:absolute; height:auto; width:100%; margin:0 auto; display:block; }\n                #slideshow-wrappergallery2564 .imgnav { position:absolute; width:25%; height:100%; cursor:pointer; z-index:250; }\n        #slideshow-wrappergallery2564 #imgprevgallery2564:before { font-family:FontAwesome; content:\"\\f053\"; font-size:30px; color:white; visibility:visible; left:0; text-align:left; width: auto; height:auto; line-height:160%; top:50%; margin:-30px 0 0 0; border-radius:0 10px 10px 0; background:black; padding:3px 10px 0 10px; position: absolute; display: inline-block; }\n        #slideshow-wrappergallery2564 #imgprevgallery2564 { display:none; -moz-user-select: none; -khtml-user-select: none; -webkit-user-select: none; -o-user-select: none; left:0; font-size:0px; }\n        #slideshow-wrappergallery2564 #imgnextgallery2564:before { font-family:FontAwesome; content:\"\\f054\"; font-size:30px; color:white; visibility:visible; right:0; text-align:right; width: auto; height:auto; line-height:160%; top:50%; margin:-30px 0 0 0; border-radius:10px 0 0 10px; background:black; padding:3px 10px 0 10px; position: absolute; display: inline-block; }\n        #slideshow-wrappergallery2564 #imgnextgallery2564 { display:none; -moz-user-select: none; -khtml-user-select: none; -webkit-user-select: none; -o-user-select: none; right:0; font-size:0px; }\n        #slideshow-wrappergallery2564 #imglinkgallery2564 { position:absolute; zoom:1; background-color:#ffffff; height:100%; width:100%; left:0; z-index:149; opacity:0; filter:alpha(opacity=0); }\n        #slideshow-wrappergallery2564 .linkhover:before { font-family:FontAwesome; content:\"\\f14c\"; font-size:30px; text-align:center; height:auto; line-height:160%; width:auto; top:50%; left:auto; right:auto; margin:-30px 0 0 0; padding:0px 12px; display: inline-block; position: relative; background:black; color:white; border-radius:10px; }\n        #slideshow-wrappergallery2564 .linkhover { background:transparent !important; opacity:.4 !important; filter:alpha(opacity=40) !important; text-align:center; font-size:0px; }\n        #slideshow-wrappergallery2564 #thumbnailsgallery2564 { background:#000000; height:89px; width:100%; position:relative; overflow:hidden; }\n        #slideshow-wrappergallery2564 .thumbstop { margin-bottom:8px !important; }\n        #slideshow-wrappergallery2564 .thumbsbot { margin-top:8px !important; }\n        #slideshow-wrappergallery2564 #slideleftgallery2564:before { font-family:FontAwesome; content: \"\\f104\"; color:#999; position: absolute; height: auto; line-height:160%; width: auto; display: inline-block; top: 50%; font-size: 30px; margin: -30px 0 0 0; padding: 0 5px; }\n        #slideshow-wrappergallery2564 #slideleftgallery2564 { text-align:left; float:left; position:absolute; left:0; z-index:150; width:20px; height:89px; background:#222; }\n        #slideshow-wrappergallery2564 #slideleftgallery2564:hover { background-color:#333; }\n        #slideshow-wrappergallery2564 #sliderightgallery2564:before { font-family:FontAwesome; content: \"\\f105\"; color:#999; position: absolute; height: auto; line-height:160%; width: auto; display: inline-block; top: 50%; font-size: 30px; margin: -30px 0 0 0; padding: 0 5px; }\n        #slideshow-wrappergallery2564 #sliderightgallery2564 { text-align:left; float:right; position:absolute; right:0; z-index:150; width:20px; height:89px; background:#222; }\n        #slideshow-wrappergallery2564 #sliderightgallery2564:hover { background-color:#333; }\n        #slideshow-wrappergallery2564 #slideareagallery2564 { float:left; position:absolute; z-index:149; background:#000000; width:100%; margin:0; height:89px; overflow:hidden; }\n        #slideshow-wrappergallery2564 #slidergallery2564 { position:absolute; width:504px !important; left:0; height:89px; padding:3px 20px 0 25px; }\n        #slideshow-wrappergallery2564 #slidergallery2564 img { width:100px; height:75px; cursor:pointer; border:1px solid #666; padding:2px; float:left !important; }\n        #slideshow-wrappergallery2564 #spinnergallery2564 { position:relative; top:50%; left:45%; text-align:left; font-size:30px; }\n        #slideshow-wrappergallery2564 #spinnergallery2564 img { border:none; }\n                @media (max-width:480px) { \t.slideshow-information { display: none !important; } }\n                        @media (max-width:480px) { \t.slideshow-thumbnails { display: none !important; } }\n            <\/style><!-- Slideshow Gallery CSS END --><\/div>\n<div id=\"comp-is6icf29\" class=\"s12\" data-reactid=\".0.$SITE_ROOT.$desktop_siteRoot.$PAGES_CONTAINER.1.1.$SITE_PAGES.$lxlqy.1.$comp-is6icf1c.0.$comp-is6icf29\">\n<div id=\"comp-is6icf29\" class=\"s12\" data-reactid=\".0.$SITE_ROOT.$desktop_siteRoot.$PAGES_CONTAINER.1.1.$SITE_PAGES.$lxlqy.1.$comp-is6icf1c.0.$comp-is6icf29\">\n<div id=\"comp-is6icf28\" class=\"s12\" data-reactid=\".0.$SITE_ROOT.$desktop_siteRoot.$PAGES_CONTAINER.1.1.$SITE_PAGES.$lxlqy.1.$comp-is6icf1c.0.$comp-is6icf28\">\n<p>&nbsp;<\/p>\n<\/div>\n<div id=\"comp-is6icf29\" class=\"s12\" data-reactid=\".0.$SITE_ROOT.$desktop_siteRoot.$PAGES_CONTAINER.1.1.$SITE_PAGES.$lxlqy.1.$comp-is6icf1c.0.$comp-is6icf29\"><\/div>\n<\/div>\n<\/div>\n<\/div>\n<\/div>\n","protected":false},"excerpt":{"rendered":"<p>Mapas Mapa com Escala 1:10.000 equidist\u00e2ncia de 2,5 mts actualizado em Abril e Maio de 2018 pelo cart\u00f3grafo Rui Antunes. \u00a0Fotos: &nbsp;<\/p>\n","protected":false},"author":1,"featured_media":0,"parent":0,"menu_order":12,"comment_status":"closed","ping_status":"closed","template":"","meta":{"footnotes":""},"class_list":["post-13","page","type-page","status-publish","hentry"],"_links":{"self":[{"href":"http:\/\/eventos.coc.pt\/20gpra4\/wp-json\/wp\/v2\/pages\/13","targetHints":{"allow":["GET"]}}],"collection":[{"href":"http:\/\/eventos.coc.pt\/20gpra4\/wp-json\/wp\/v2\/pages"}],"about":[{"href":"http:\/\/eventos.coc.pt\/20gpra4\/wp-json\/wp\/v2\/types\/page"}],"author":[{"embeddable":true,"href":"http:\/\/eventos.coc.pt\/20gpra4\/wp-json\/wp\/v2\/users\/1"}],"replies":[{"embeddable":true,"href":"http:\/\/eventos.coc.pt\/20gpra4\/wp-json\/wp\/v2\/comments?post=13"}],"version-history":[{"count":40,"href":"http:\/\/eventos.coc.pt\/20gpra4\/wp-json\/wp\/v2\/pages\/13\/revisions"}],"predecessor-version":[{"id":477,"href":"http:\/\/eventos.coc.pt\/20gpra4\/wp-json\/wp\/v2\/pages\/13\/revisions\/477"}],"wp:attachment":[{"href":"http:\/\/eventos.coc.pt\/20gpra4\/wp-json\/wp\/v2\/media?parent=13"}],"curies":[{"name":"wp","href":"https:\/\/api.w.org\/{rel}","templated":true}]}}