{"id":17,"date":"2016-09-02T15:32:21","date_gmt":"2016-09-02T15:32:21","guid":{"rendered":"http:\/\/eventos.coc.pt\/piom2018\/?page_id=17"},"modified":"2018-04-26T20:12:50","modified_gmt":"2018-04-26T20:12:50","slug":"inscricoes","status":"publish","type":"page","link":"http:\/\/eventos.coc.pt\/20gpra4\/inscricoes\/","title":{"rendered":"Inscri\u00e7\u00f5es"},"content":{"rendered":"<p>As inscri\u00e7\u00f5es devem ser efectuadas at\u00e9 ao dia 21 de Maio (inclusive) a pre\u00e7o normal, ou at\u00e9 27 de Maio (inclusive) com agravamento de pre\u00e7o.<\/p>\n<p>Ap\u00f3s 27 de Maio, apenas ser\u00e3o aceites inscri\u00e7\u00f5es para escal\u00f5es abertos, dependentes de disponibilidade de mapas.<\/p>\n<p>Ap\u00f3s 27 de Maio n\u00e3o ser\u00e3o aceites inscri\u00e7\u00f5es para os escal\u00f5es de competi\u00e7\u00e3o.<\/p>\n<p>&nbsp;<\/p>\n<table width=\"583\">\n<tbody>\n<tr>\n<td width=\"66\"><\/td>\n<td width=\"213\"><strong>Pre\u00e7os por Etapa<\/strong><\/td>\n<td width=\"136\">At\u00e9 21 Maio<\/td>\n<td width=\"168\">Entre 22 e 27 Maio<\/td>\n<\/tr>\n<tr>\n<td colspan=\"2\" width=\"279\"><strong>Filiados na FPO e FEDO<\/strong><\/td>\n<td width=\"136\"><\/td>\n<td width=\"168\"><\/td>\n<\/tr>\n<tr>\n<td colspan=\"2\" width=\"279\">&#8211; Jovens (Forma\u00e7\u00e3o H\/D 10 e 12)<\/td>\n<td width=\"136\">3,00 \u20ac<\/td>\n<td width=\"168\">3,00 \u20ac<\/td>\n<\/tr>\n<tr>\n<td colspan=\"2\" width=\"279\">\u00a0&#8211; Jovem (nascidos em 1998 e depois)<\/td>\n<td width=\"136\">3,00 \u20ac<\/td>\n<td width=\"168\">4,50 \u20ac<\/td>\n<\/tr>\n<tr>\n<td colspan=\"2\" width=\"279\">\u00a0&#8211; Adulto (excepto Elite)<\/td>\n<td width=\"136\">6,00 \u20ac<\/td>\n<td width=\"168\">9,00 \u20ac<\/td>\n<\/tr>\n<tr>\n<td colspan=\"2\" width=\"279\">\u00a0&#8211; Elite<\/td>\n<td width=\"136\">7,00 \u20ac<\/td>\n<td width=\"168\">10,00 \u20ac<\/td>\n<\/tr>\n<tr>\n<td colspan=\"3\" width=\"415\"><strong>N\u00e3o Filiados na FPO ou FEDO participantes em escal\u00f5es de Competi\u00e7\u00e3o*<\/strong><\/td>\n<td width=\"168\"><\/td>\n<\/tr>\n<tr>\n<td colspan=\"2\" width=\"279\">&#8211; Jovens (Forma\u00e7\u00e3o H\/D 10 e 12)<\/td>\n<td width=\"136\">5,00 \u20ac<\/td>\n<td width=\"168\">5,00 \u20ac<\/td>\n<\/tr>\n<tr>\n<td colspan=\"2\" width=\"279\">\u00a0&#8211; Jovem (nascidos em 1998 e depois)<\/td>\n<td width=\"136\">5,00 \u20ac<\/td>\n<td width=\"168\">7,50 \u20ac<\/td>\n<\/tr>\n<tr>\n<td colspan=\"2\" width=\"279\">\u00a0&#8211; Adulto (excepto Elite)<\/td>\n<td width=\"136\">10,00 \u20ac<\/td>\n<td width=\"168\">15,00 \u20ac<\/td>\n<\/tr>\n<tr>\n<td colspan=\"2\" width=\"279\">\u00a0&#8211; Elite<\/td>\n<td width=\"136\">11,00 \u20ac<\/td>\n<td width=\"168\">16,00 \u20ac<\/td>\n<\/tr>\n<tr>\n<td colspan=\"3\" width=\"415\"><strong>Participantes em escal\u00f5es Abertos**<\/strong><\/td>\n<td width=\"168\"><\/td>\n<\/tr>\n<tr>\n<td colspan=\"2\" width=\"279\">&#8211; Jovem Federado (nascidos em 1998 e depois)<\/td>\n<td width=\"136\">3,00 \u20ac<\/td>\n<td width=\"168\">3,00 \u20ac<\/td>\n<\/tr>\n<tr>\n<td colspan=\"2\" width=\"279\">\u00a0&#8211; Jovem (nascidos em 1998 e depois)<\/td>\n<td width=\"136\">4,00 \u20ac<\/td>\n<td width=\"168\">4,00 \u20ac<\/td>\n<\/tr>\n<tr>\n<td colspan=\"2\" width=\"279\">\u00a0&#8211; Adulto<\/td>\n<td width=\"136\">6,00 \u20ac<\/td>\n<td width=\"168\">6,00 \u20ac<\/td>\n<\/tr>\n<tr>\n<td colspan=\"3\" width=\"415\"><strong>S\u00f3cios do COC \/ Militares do RA4 e seus convidados<\/strong><\/td>\n<td width=\"168\"><\/td>\n<\/tr>\n<tr>\n<td colspan=\"2\" width=\"279\">\u00a0&#8211; Qualquer idade<\/td>\n<td width=\"136\">Gr\u00e1tis<\/td>\n<td width=\"168\">Gr\u00e1tis<\/td>\n<\/tr>\n<tr>\n<td colspan=\"2\" width=\"279\"><strong>Desporto Escolar ***<\/strong><\/td>\n<td width=\"136\">1,50 \u20ac<\/td>\n<td width=\"168\">2 \u20ac<\/td>\n<\/tr>\n<tr>\n<td colspan=\"2\" width=\"279\"><strong>Altera\u00e7\u00f5es ap\u00f3s 27 de Maio<\/strong><\/td>\n<td width=\"136\">2,00 \u20ac<\/td>\n<td width=\"168\"><\/td>\n<\/tr>\n<tr>\n<td colspan=\"2\" width=\"279\"><strong>Aluguer de Si Card (federados)<\/strong><\/td>\n<td width=\"136\">1,00\u20ac \/dia<\/td>\n<td width=\"168\"><\/td>\n<\/tr>\n<\/tbody>\n<\/table>\n<p>* Estas taxas j\u00e1 incluem o seguro desportivo, para residentes em Portugal.<\/p>\n<p>** Estas taxas j\u00e1 incluem o seguro desportivo, para residentes em Portugal, assim como o alugues do Sport Ident.<\/p>\n<p>*** Isen\u00e7\u00e3o de pagamento de Sport Ident e taxa de seguro, desde que enquadrados pelos docentes, sendo obrigat\u00f3ria a apresenta\u00e7\u00e3o do comprovativo do seguro escolar, passado pelo estabelecimento de ensino.<\/p>\n<p><strong>OUTRAS TAXAS:<\/strong><\/p>\n<p><strong><u>1) Aluguer de Sport Ident<\/u><\/strong><\/p>\n<ul>\n<li>Aos atletas participantes em escal\u00f5es de competi\u00e7\u00e3o e forma\u00e7\u00e3o ser\u00e1 cobrada uma taxa de 1 \u20ac caso necessitem de alugar SI Card.<\/li>\n<li>Nos escal\u00f5es abertos n\u00e3o ser\u00e1 cobrada qualquer taxa adicional de aluguer do SI Card, mas ter\u00e3o de deixar no Secretariado uma cau\u00e7\u00e3o de 30\u20ac. No final da prova, os atletas devem dirigir-se ao Secretariado, onde contra a entrega do Sport Ident resgatar\u00e3o a cau\u00e7\u00e3o.<\/li>\n<\/ul>\n<p><strong><u>2) Altera\u00e7\u00f5es de \u00faltima hora e anula\u00e7\u00e3o de inscri\u00e7\u00f5es:<\/u><\/strong><\/p>\n<ul>\n<li>\u00a0\u00a0\u00a0\u00a0\u00a0\u00a0\u00a0\u00a0\u00a0\u00a0\u00a0 As altera\u00e7\u00f5es efectuadas ap\u00f3s 27 de maio (mudan\u00e7as de escal\u00e3o, troca de SI Card, etc) est\u00e3o sujeitas ao pagamento de uma taxa adicional de 2,00\u20ac;<\/li>\n<\/ul>\n<p><strong><u>Seguro Desportivo<\/u><\/strong><\/p>\n<ul>\n<li>Atletas federados est\u00e3o cobertos pelo seguro da FPO;<\/li>\n<li>Atletas n\u00e3o federados, nacionais e residentes em Portugal, est\u00e3o cobertos pelo seguro FPO;<\/li>\n<li>Atletas estrangeiros, n\u00e3o residentes em Portugal, n\u00e3o est\u00e3o cobertos por qualquer seguro. Assim devem assumir totalmente a sua pr\u00f3pria seguran\u00e7a e riscos de acidentes inerentes.<\/li>\n<\/ul>\n<p><strong>PROCESSO DE INSCRI\u00c7\u00c3O<\/strong><\/p>\n<p><strong>Forma de Inscri\u00e7\u00e3o:<\/strong><\/p>\n<p>&#8211; As inscri\u00e7\u00f5es dos atletas federados ou pertencentes a clubes filiados na FPO devem ser efectuadas directamente pelo OriOASIS <u>(<a href=\"http:\/\/www.orioasis.pt\/\">www.orioasis.pt<\/a><\/u>).<\/p>\n<p>&#8211; As inscri\u00e7\u00f5es dos restantes atletas devem ser efectuadas por e-mail para <a href=\"mailto:info@coc.pt\">info@coc.pt<\/a><\/p>\n<p><strong>Dados obrigat\u00f3rios para a inscri\u00e7\u00e3o (individual ou em grupo): <\/strong><\/p>\n<p>&#8211; Nome(s) do(s) participante(s);<\/p>\n<p>&#8211; Data(s) de nascimento;<\/p>\n<p>&#8211; Nome do clube;<\/p>\n<p>&#8211; N\u00ba de filiado na FPO (caso n\u00e3o seja filiado na FPO deve indicar o n\u00ba cart\u00e3o de cidad\u00e3o ou BI);<br \/>\n&#8211; N\u00ba do SI card, caso tenha um. Caso n\u00e3o tenha, ser-lhe-\u00e1 alugado um (a perda ou n\u00e3o devolu\u00e7\u00e3o do SI Card alugado implica o pagamento de 30\u20ac);<\/p>\n<p>&#8211; N\u00ba de telem\u00f3vel ou e-mail;<\/p>\n<p>&#8211; Escal\u00e3o de participa\u00e7\u00e3o;<\/p>\n<p>&#8211; Os atletas que pretendam participar em grupo devem efectuar apenas uma \u00fanica inscri\u00e7\u00e3o, mencionando os dados obrigat\u00f3rios de todos os participantes que constituem o grupo.<\/p>\n<p><strong>Como pagar<\/strong><\/p>\n<p>O pagamento das inscri\u00e7\u00f5es poder\u00e1 ser efectuado por Cart\u00e3o de Cr\u00e9dito ou Paypal (Pagamento Online Seguro \u2013 POS, atrav\u00e9s do OriOasis), Multibanco (MB) ou transfer\u00eancia banc\u00e1ria. Os clubes\/atletas federados na FPO (e apenas estes) poder\u00e3o proceder ao pagamento das inscri\u00e7\u00f5es no Event Center em dinheiro. As inscri\u00e7\u00f5es de clubes\/atletas n\u00e3o federados na FPO apenas ser\u00e3o consideradas v\u00e1lidas ap\u00f3s pagamento.<br \/>\nDe forma a facilitar o processo de acredita\u00e7\u00e3o, a Organiza\u00e7\u00e3o tem prefer\u00eancia que os pagamentos sejam feitos por pagamento online seguro ou MB uma vez que o processamento do pagamento \u00e9 autom\u00e1tico.<\/p>\n<p><strong>Pagamento por Cart\u00e3o de Cr\u00e9dito ou Paypal \u2013 Pagamento Online Seguro\u00a0(POS)<\/strong><\/p>\n<p>Cart\u00e3o de cr\u00e9dito ou Paypal<\/p>\n<p><img loading=\"lazy\" decoding=\"async\" class=\"alignnone size-full wp-image-413\" src=\"http:\/\/eventos.coc.pt\/20gpra4\/wp-content\/uploads\/sites\/11\/2018\/03\/pagamentos.png\" alt=\"\" width=\"1363\" height=\"95\" srcset=\"http:\/\/eventos.coc.pt\/20gpra4\/wp-content\/uploads\/sites\/11\/2018\/03\/pagamentos.png 1363w, http:\/\/eventos.coc.pt\/20gpra4\/wp-content\/uploads\/sites\/11\/2018\/03\/pagamentos-300x21.png 300w, http:\/\/eventos.coc.pt\/20gpra4\/wp-content\/uploads\/sites\/11\/2018\/03\/pagamentos-768x54.png 768w, http:\/\/eventos.coc.pt\/20gpra4\/wp-content\/uploads\/sites\/11\/2018\/03\/pagamentos-1024x71.png 1024w\" sizes=\"auto, (max-width: 1363px) 100vw, 1363px\" \/><\/p>\n<p><strong>Pagamento por Multibanco (MB)<\/strong><\/p>\n<p>Ap\u00f3s registo da inscri\u00e7\u00e3o no OriOasis, dever\u00e1 selecionar MB como meio de pagamento e ser\u00e1 gerada a refer\u00eancia e entidade MB para proceder ao pagamento.<\/p>\n<p><strong>Pagamento por transfer\u00eancia banc\u00e1ria<\/strong><\/p>\n<p>Os pagamentos por transfer\u00eancia bancaria devem ser feitos para a seguinte conta banc\u00e1ria:<\/p>\n<p><strong>Nome do banco<\/strong>: Caixa Geral de Dep\u00f3sitos<br \/>\n<strong>Titular da conta:\u00a0<\/strong>COC \u2013\u00a0Clube Orienta\u00e7\u00e3o do Centro<br \/>\n<strong>Ag\u00eancia<\/strong>: Leiria \u2013 Marqu\u00eas de Pombal<br \/>\n<strong>Morada da Ag\u00eancia:\u00a0<\/strong>Avenida Marqu\u00eas de Pombal, 1, 2410 \u2013 152\u00a0Leiria<br \/>\n<strong>IBAN<\/strong>:\u00a0PT50 0035 0394 00004000030 10<br \/>\n<strong>SWIFT CODE BIC<\/strong>: CGDIPTPL<\/p>\n<p><strong>\u00a0<\/strong><strong>Processamento do pagamento<\/strong><\/p>\n<p><strong>Pagamento Online Seguro\u00a0(POS \u2013 Paypal ou cart\u00e3o cr\u00e9dito):<br \/>\n<\/strong>O processamento do pagamento \u00e9 autom\u00e1tico.<\/p>\n<p><strong>Pagamento com MB:<br \/>\n<\/strong>O processamento do pagamento \u00e9 autom\u00e1tico.<\/p>\n<p><strong>Pagamento por transfer\u00eancia banc\u00e1ria<\/strong><\/p>\n<p>Para\u00a0Inscri\u00e7\u00f5es Express do\u00a0<a href=\"http:\/\/www.orioasis.pt\/oasis\/entries.php?action=club_class&amp;eventid=1395\">OriOasis<\/a>, por favor coloque o Express Code no descritivo do pagamento<strong>.<br \/>\n<\/strong>Para<strong>\u00a0pagamentos totais de clubes<\/strong>, indique sempre o nome clube no descritivo.<\/p>\n<p>Para\u00a0<strong>pagamentos parciais de clubes<\/strong>, indique nos coment\u00e1rios o clube e a lista de atletas a que se refere o pagamento, ou envie um email (<a href=\"mailto:info@coc.pt\">info@coc.pt<\/a>) \u00a0\u00e0 organiza\u00e7\u00e3o com a lista de atletas e o comprovativo da transfer\u00eancia.<\/p>\n<p><strong>Notas<\/strong>: Para todas as inscri\u00e7\u00f5es pagas por transfer\u00eancia banc\u00e1ria, \u00e9 necess\u00e1rio enviar comprovativo da opera\u00e7\u00e3o para o email:\u00a0(<a href=\"mailto:info@coc.pt\">info@coc.pt<\/a>).<\/p>\n<p>Todas as despesas inerentes \u00e0s transfer\u00eancias banc\u00e1rias devem ser suportadas pelo ordenante.\u00a0Se alguma despesa\u00a0\u00a0referente \u00e0s transfer\u00eancias banc\u00e1rias for indevidamente cobrada \u00e0 Organiza\u00e7\u00e3o, as mesmas ser\u00e3o pagas posteriormente pelos clubes ou atletas.<\/p>\n","protected":false},"excerpt":{"rendered":"<p>As inscri\u00e7\u00f5es devem ser efectuadas at\u00e9 ao dia 21 de Maio (inclusive) a pre\u00e7o normal, ou at\u00e9 27 de Maio (inclusive) com agravamento de pre\u00e7o. Ap\u00f3s 27 de Maio, apenas ser\u00e3o aceites inscri\u00e7\u00f5es para escal\u00f5es abertos, dependentes de disponibilidade de mapas. Ap\u00f3s 27 de Maio n\u00e3o ser\u00e3o aceites inscri\u00e7\u00f5es para os escal\u00f5es de competi\u00e7\u00e3o. &nbsp; &hellip; <a href=\"http:\/\/eventos.coc.pt\/20gpra4\/inscricoes\/\" class=\"more-link\">Continuar a ler <span class=\"screen-reader-text\">Inscri\u00e7\u00f5es<\/span><\/a><\/p>\n","protected":false},"author":1,"featured_media":0,"parent":0,"menu_order":10,"comment_status":"closed","ping_status":"closed","template":"","meta":{"footnotes":""},"class_list":["post-17","page","type-page","status-publish","hentry"],"_links":{"self":[{"href":"http:\/\/eventos.coc.pt\/20gpra4\/wp-json\/wp\/v2\/pages\/17","targetHints":{"allow":["GET"]}}],"collection":[{"href":"http:\/\/eventos.coc.pt\/20gpra4\/wp-json\/wp\/v2\/pages"}],"about":[{"href":"http:\/\/eventos.coc.pt\/20gpra4\/wp-json\/wp\/v2\/types\/page"}],"author":[{"embeddable":true,"href":"http:\/\/eventos.coc.pt\/20gpra4\/wp-json\/wp\/v2\/users\/1"}],"replies":[{"embeddable":true,"href":"http:\/\/eventos.coc.pt\/20gpra4\/wp-json\/wp\/v2\/comments?post=17"}],"version-history":[{"count":16,"href":"http:\/\/eventos.coc.pt\/20gpra4\/wp-json\/wp\/v2\/pages\/17\/revisions"}],"predecessor-version":[{"id":458,"href":"http:\/\/eventos.coc.pt\/20gpra4\/wp-json\/wp\/v2\/pages\/17\/revisions\/458"}],"wp:attachment":[{"href":"http:\/\/eventos.coc.pt\/20gpra4\/wp-json\/wp\/v2\/media?parent=17"}],"curies":[{"name":"wp","href":"https:\/\/api.w.org\/{rel}","templated":true}]}}