{"id":240,"date":"2017-01-10T11:34:55","date_gmt":"2017-01-10T11:34:55","guid":{"rendered":"http:\/\/eventos.coc.pt\/piom2018\/?page_id=240"},"modified":"2018-03-15T22:03:43","modified_gmt":"2018-03-15T22:03:43","slug":"partidas","status":"publish","type":"page","link":"http:\/\/eventos.coc.pt\/20gpra4\/partidas\/","title":{"rendered":"Partidas"},"content":{"rendered":"<p><strong>Partida 1<\/strong><\/p>\n<p>Localizadas na Arena com especificidade pr\u00f3pria tendo em conta o facto de se tratar do sistema de partidas em massa.<\/p>\n<p>Desta Partida 1 sair\u00e3o todos os escal\u00f5es de H\/D 14 at\u00e9 ao H\/D65 e H 70, 75 e 80<\/p>\n<p><strong>Partida 2<\/strong><\/p>\n<p>A funcionar nas imedia\u00e7\u00f5es da Arena, funcionar\u00e3o com esta\u00e7\u00e3o <strong>Clear, Cheak e Start<\/strong> com inicio 10 minutos ap\u00f3s as partidas em massa, ou seja ap\u00f3s as 10h10 e at\u00e9 \u00e0s 10h45.<\/p>\n<p>Desta partida sair\u00e3o os <strong>escal\u00f5es abertos<\/strong>, nomeadamente F\u00e1cil Curto, F\u00e1cil Longo, Dif\u00edcil Curto e Dif\u00edcil Longo e os <strong>escal\u00f5es de Forma\u00e7\u00e3o <\/strong>(H\/D 10 e 12).<\/p>\n","protected":false},"excerpt":{"rendered":"<p>Partida 1 Localizadas na Arena com especificidade pr\u00f3pria tendo em conta o facto de se tratar do sistema de partidas em massa. Desta Partida 1 sair\u00e3o todos os escal\u00f5es de H\/D 14 at\u00e9 ao H\/D65 e H 70, 75 e 80 Partida 2 A funcionar nas imedia\u00e7\u00f5es da Arena, funcionar\u00e3o com esta\u00e7\u00e3o Clear, Cheak e &hellip; <a href=\"http:\/\/eventos.coc.pt\/20gpra4\/partidas\/\" class=\"more-link\">Continuar a ler <span class=\"screen-reader-text\">Partidas<\/span><\/a><\/p>\n","protected":false},"author":1,"featured_media":0,"parent":0,"menu_order":0,"comment_status":"closed","ping_status":"closed","template":"","meta":{"footnotes":""},"class_list":["post-240","page","type-page","status-publish","hentry"],"_links":{"self":[{"href":"http:\/\/eventos.coc.pt\/20gpra4\/wp-json\/wp\/v2\/pages\/240","targetHints":{"allow":["GET"]}}],"collection":[{"href":"http:\/\/eventos.coc.pt\/20gpra4\/wp-json\/wp\/v2\/pages"}],"about":[{"href":"http:\/\/eventos.coc.pt\/20gpra4\/wp-json\/wp\/v2\/types\/page"}],"author":[{"embeddable":true,"href":"http:\/\/eventos.coc.pt\/20gpra4\/wp-json\/wp\/v2\/users\/1"}],"replies":[{"embeddable":true,"href":"http:\/\/eventos.coc.pt\/20gpra4\/wp-json\/wp\/v2\/comments?post=240"}],"version-history":[{"count":8,"href":"http:\/\/eventos.coc.pt\/20gpra4\/wp-json\/wp\/v2\/pages\/240\/revisions"}],"predecessor-version":[{"id":415,"href":"http:\/\/eventos.coc.pt\/20gpra4\/wp-json\/wp\/v2\/pages\/240\/revisions\/415"}],"wp:attachment":[{"href":"http:\/\/eventos.coc.pt\/20gpra4\/wp-json\/wp\/v2\/media?parent=240"}],"curies":[{"name":"wp","href":"https:\/\/api.w.org\/{rel}","templated":true}]}}