{"id":384,"date":"2018-03-15T21:27:47","date_gmt":"2018-03-15T21:27:47","guid":{"rendered":"http:\/\/eventos.coc.pt\/20gpra4\/?page_id=384"},"modified":"2018-03-15T21:27:47","modified_gmt":"2018-03-15T21:27:47","slug":"apresentacao","status":"publish","type":"page","link":"http:\/\/eventos.coc.pt\/20gpra4\/apresentacao\/","title":{"rendered":"Apresenta\u00e7\u00e3o"},"content":{"rendered":"<p>O 20\u00ba Grande Pr\u00e9mio de Orienta\u00e7\u00e3o do RA4 \u00e9 uma prova de Orienta\u00e7\u00e3o Pedestre, co-organizada pelo Regimento de Artilharia N\u00ba 4, COC &#8211; Clube de Orienta\u00e7\u00e3o do Centro e FPO &#8211; Federa\u00e7\u00e3o Portuguesa de Orienta\u00e7\u00e3o, <strong>constitu\u00edda por uma \u00fanica etapa<\/strong> a contar para a <strong>Ta\u00e7a de Portugal Vitalis de Orienta\u00e7\u00e3o Pedestre 2018<\/strong>, da FPO.<\/p>\n<p>A prova realizar-se-\u00e1 no dia 02 de Junho 2018 e integra-se nas comemora\u00e7\u00f5es do Dia da Unidade do <strong>RA 4 de Leiria<\/strong>. Ser\u00e3o premiados os melhores militares que se inscrevam e participem no escal\u00e3o a eles destinado (H\/D21A).<\/p>\n<p>Esta prova ser\u00e1 disputada no mapa da Leirosa Figueira da Foz \u2013 Revisto pelo Cartografo Rui Antunes em Abril e Maio 2018.<\/p>\n","protected":false},"excerpt":{"rendered":"<p>O 20\u00ba Grande Pr\u00e9mio de Orienta\u00e7\u00e3o do RA4 \u00e9 uma prova de Orienta\u00e7\u00e3o Pedestre, co-organizada pelo Regimento de Artilharia N\u00ba 4, COC &#8211; Clube de Orienta\u00e7\u00e3o do Centro e FPO &#8211; Federa\u00e7\u00e3o Portuguesa de Orienta\u00e7\u00e3o, constitu\u00edda por uma \u00fanica etapa a contar para a Ta\u00e7a de Portugal Vitalis de Orienta\u00e7\u00e3o Pedestre 2018, da FPO. A &hellip; <a href=\"http:\/\/eventos.coc.pt\/20gpra4\/apresentacao\/\" class=\"more-link\">Continuar a ler <span class=\"screen-reader-text\">Apresenta\u00e7\u00e3o<\/span><\/a><\/p>\n","protected":false},"author":1,"featured_media":0,"parent":0,"menu_order":0,"comment_status":"closed","ping_status":"closed","template":"","meta":{"footnotes":""},"class_list":["post-384","page","type-page","status-publish","hentry"],"_links":{"self":[{"href":"http:\/\/eventos.coc.pt\/20gpra4\/wp-json\/wp\/v2\/pages\/384","targetHints":{"allow":["GET"]}}],"collection":[{"href":"http:\/\/eventos.coc.pt\/20gpra4\/wp-json\/wp\/v2\/pages"}],"about":[{"href":"http:\/\/eventos.coc.pt\/20gpra4\/wp-json\/wp\/v2\/types\/page"}],"author":[{"embeddable":true,"href":"http:\/\/eventos.coc.pt\/20gpra4\/wp-json\/wp\/v2\/users\/1"}],"replies":[{"embeddable":true,"href":"http:\/\/eventos.coc.pt\/20gpra4\/wp-json\/wp\/v2\/comments?post=384"}],"version-history":[{"count":1,"href":"http:\/\/eventos.coc.pt\/20gpra4\/wp-json\/wp\/v2\/pages\/384\/revisions"}],"predecessor-version":[{"id":385,"href":"http:\/\/eventos.coc.pt\/20gpra4\/wp-json\/wp\/v2\/pages\/384\/revisions\/385"}],"wp:attachment":[{"href":"http:\/\/eventos.coc.pt\/20gpra4\/wp-json\/wp\/v2\/media?parent=384"}],"curies":[{"name":"wp","href":"https:\/\/api.w.org\/{rel}","templated":true}]}}