{"id":4,"date":"2016-08-29T23:31:01","date_gmt":"2016-08-29T23:31:01","guid":{"rendered":"http:\/\/eventos.coc.pt\/piom2018\/?page_id=4"},"modified":"2018-03-15T21:29:34","modified_gmt":"2018-03-15T21:29:34","slug":"programa","status":"publish","type":"page","link":"http:\/\/eventos.coc.pt\/20gpra4\/programa\/","title":{"rendered":"Programa"},"content":{"rendered":"<p><strong>Segunda 21 de Maio 23h59<\/strong> &#8211; Data Limite para inscri\u00e7\u00e3o em escal\u00f5es de competi\u00e7\u00e3o sem agravamento de pre\u00e7o<\/p>\n<p><strong>Domingo 27 de Maio 23h59<\/strong> \u2013 Data limite para inscri\u00e7\u00e3o em escal\u00f5es de competi\u00e7\u00e3o com agravamento de pre\u00e7o<\/p>\n<p>Os escal\u00f5es abertos podem inscrever-se at\u00e9 ao dia do evento, sem altera\u00e7\u00f5es no pre\u00e7o de inscri\u00e7\u00e3o, ficando apenas sujeitos a disponibilidade de mapas, mas aconselha-se a que o fa\u00e7am previamente<\/p>\n<p><strong>S\u00e1bado 02 de Junho<\/strong><\/p>\n<p>08H00 \u2013 Abertura do Secretariado na Arena<\/p>\n<p>09h30 \u2013 Explica\u00e7\u00e3o geral da prova, partidas e troca de mapas<\/p>\n<p>09h45 \u2013 Entrada para a Box de Partidas (junto aos mapas)<\/p>\n<p>10H00 \u2013 Partida dos atletas dos escal\u00f5es de competi\u00e7\u00e3o \u2013 (<strong>Partida 1 \u2013 Partidas em Massa<\/strong> )<\/p>\n<p>10h10 \u2013 Partidas dos Escal\u00f5es Abertos e de Forma\u00e7\u00e3o &#8211; H\/D 10 e 12 <strong>(Partida 2 \u2013 Partidas em Linha<\/strong>)<\/p>\n<p>13h00 \u2013 Cocktail na floresta (oferta do RA4).<\/p>\n<p>14H00 \u2013 Entrega de Pr\u00e9mios do 20\u00ba Grande Pr\u00e9mio RA4.<\/p>\n","protected":false},"excerpt":{"rendered":"<p>Segunda 21 de Maio 23h59 &#8211; Data Limite para inscri\u00e7\u00e3o em escal\u00f5es de competi\u00e7\u00e3o sem agravamento de pre\u00e7o Domingo 27 de Maio 23h59 \u2013 Data limite para inscri\u00e7\u00e3o em escal\u00f5es de competi\u00e7\u00e3o com agravamento de pre\u00e7o Os escal\u00f5es abertos podem inscrever-se at\u00e9 ao dia do evento, sem altera\u00e7\u00f5es no pre\u00e7o de inscri\u00e7\u00e3o, ficando apenas sujeitos &hellip; <a href=\"http:\/\/eventos.coc.pt\/20gpra4\/programa\/\" class=\"more-link\">Continuar a ler <span class=\"screen-reader-text\">Programa<\/span><\/a><\/p>\n","protected":false},"author":1,"featured_media":0,"parent":0,"menu_order":14,"comment_status":"closed","ping_status":"closed","template":"","meta":{"footnotes":""},"class_list":["post-4","page","type-page","status-publish","hentry"],"_links":{"self":[{"href":"http:\/\/eventos.coc.pt\/20gpra4\/wp-json\/wp\/v2\/pages\/4","targetHints":{"allow":["GET"]}}],"collection":[{"href":"http:\/\/eventos.coc.pt\/20gpra4\/wp-json\/wp\/v2\/pages"}],"about":[{"href":"http:\/\/eventos.coc.pt\/20gpra4\/wp-json\/wp\/v2\/types\/page"}],"author":[{"embeddable":true,"href":"http:\/\/eventos.coc.pt\/20gpra4\/wp-json\/wp\/v2\/users\/1"}],"replies":[{"embeddable":true,"href":"http:\/\/eventos.coc.pt\/20gpra4\/wp-json\/wp\/v2\/comments?post=4"}],"version-history":[{"count":4,"href":"http:\/\/eventos.coc.pt\/20gpra4\/wp-json\/wp\/v2\/pages\/4\/revisions"}],"predecessor-version":[{"id":387,"href":"http:\/\/eventos.coc.pt\/20gpra4\/wp-json\/wp\/v2\/pages\/4\/revisions\/387"}],"wp:attachment":[{"href":"http:\/\/eventos.coc.pt\/20gpra4\/wp-json\/wp\/v2\/media?parent=4"}],"curies":[{"name":"wp","href":"https:\/\/api.w.org\/{rel}","templated":true}]}}