{"id":11,"date":"2016-09-02T15:31:27","date_gmt":"2016-09-02T15:31:27","guid":{"rendered":"http:\/\/eventos.coc.pt\/piom2018\/?page_id=11"},"modified":"2019-05-22T12:57:11","modified_gmt":"2019-05-22T12:57:11","slug":"informacoes-gerais","status":"publish","type":"page","link":"http:\/\/eventos.coc.pt\/21gpra4\/informacoes-gerais\/","title":{"rendered":"Informa\u00e7\u00f5es Gerais"},"content":{"rendered":"<p style=\"text-align: justify;\"><span style=\"text-decoration: underline; font-size: 18pt;\"><strong>Pr\u00e9mios<\/strong><\/span><\/p>\n<p style=\"text-align: justify;\">Ser\u00e3o atribu\u00eddos pr\u00e9mios:<\/p>\n<p style=\"text-align: justify;\"><strong>Etapa 1 e 2:<\/strong><\/p>\n<ul style=\"text-align: justify;\">\n<li>Aos 3 primeiros primeiros classificados de cada escal\u00e3o de competi\u00e7\u00e3o, de cada uma das etapas.<\/li>\n<li>Aos 3 primeiros classificados dos escal\u00f5es Open Curto, Open M\u00e9dio, Open Longo, Tur\u00edstica e Mobilidade Reduzida.<\/li>\n<\/ul>\n<p style=\"text-align: justify;\"><strong>21.\u00ba GPRA4:<\/strong><\/p>\n<ul style=\"text-align: justify;\">\n<li>Aos 3 primeiros classificados de cada escal\u00e3o de competi\u00e7\u00e3o.<\/li>\n<li>Aos primeiros classificados dos escal\u00f5es Open Curto, Open M\u00e9dio, Open Longo, Tur\u00edstica e Mobilidade Reduzida.<\/li>\n<li>Aos 3 primeiros classificados Militares Masculino e Militares Feminino, que se inscrevam em representa\u00e7\u00e3o das suas unidades militares e que participem nas duas etapas no escal\u00e3o Seniores M\/F;<\/li>\n<li>\u00c0s 3 primeiras equipas classificadas na atividade &#8220;Polit\u00e9cnico de Leiria Orienta&#8221;<\/li>\n<\/ul>\n<p style=\"text-align: justify;\">A classifica\u00e7\u00e3o do 21.\u00baGPRA4 \u00e9 obtida pelo somat\u00f3rio dos tempos das duas etapas.<\/p>\n<p style=\"text-align: justify;\">N\u00e3o ser\u00e3o atribu\u00eddos pr\u00e9mios de classifica\u00e7\u00e3o aos escal\u00f5es de forma\u00e7\u00e3o, sendo que todos os participantes neste escal\u00e3o ter\u00e3o direito a uma lembran\u00e7a.<\/p>\n<p style=\"text-align: justify;\">N\u00e3o ser\u00e3o atribu\u00eddos pr\u00e9mios de classifica\u00e7\u00e3o no Ori-Fam\u00edlia.<\/p>\n<p style=\"text-align: justify;\">As entregas de Pr\u00e9mios decorrer\u00e3o no Jardim de Santo Agostinho (Etapa 1 \u2013 Leiria) e na Pra\u00e7a 25 de Abril (Etapa 2 \u2013 Alcoba\u00e7a).<\/p>\n<p style=\"text-align: justify;\"><strong>Regulamento<\/strong><\/p>\n<p style=\"text-align: justify;\">O 21.\u00ba Grande Pr\u00e9mio de Orienta\u00e7\u00e3o do RA4 &#8211; Leiria City Race e Alcoba\u00e7a City Race rege-se pelo Regulamento City Race Portugal, que pode ser consultado neste endere\u00e7o:<span style=\"color: #0000ff;\"><strong> <a style=\"color: #0000ff;\" href=\"http:\/\/cityrace.pt\/index.php\/cityrace2019\/regulamento\" target=\"_blank\" rel=\"noopener\">http:\/\/cityrace.pt\/index.php\/cityrace2019\/regulamento<\/a><\/strong><\/span><\/p>\n<p style=\"text-align: justify;\">Em casos omissos ser\u00e1 aplicado o regulamento de competi\u00e7\u00f5es FPO.<\/p>\n<p style=\"text-align: justify;\"><strong>Sistema de controlo<\/strong><\/p>\n<p style=\"text-align: justify;\">Ser\u00e1 utilizado o\u00a0istema eletr\u00f3nico Sportident (a organiza\u00e7\u00e3o cede a quem n\u00e3o possuir).<\/p>\n<p style=\"text-align: justify;\">Ser\u00e1 atribu\u00eddo um SI card a cada atleta individual. Nos atletas que partem em grupo, ser\u00e1 atribu\u00eddo um SI card a cada grupo, \u00e0 excep\u00e7\u00e3o do participantes do &#8220;Polit\u00e9cnico de Leiria Orienta&#8221;, onde ser\u00e1 atribu\u00eddo um SI Card a cada um dos elementos da equipa..<\/p>\n<p style=\"text-align: justify;\"><strong>Limite de tempo<\/strong><\/p>\n<p style=\"text-align: justify;\">A prova ter\u00e1 um tempo m\u00e1ximo de duas horas para ser conclu\u00edda.<\/p>\n<p style=\"text-align: justify;\">No caso de desist\u00eancia, os atletas devem dirigir-se \u00e0 linha de chegada para devolver o seu SI Card. Tal procedimento visa evitar que a organiza\u00e7\u00e3o v\u00e1 para o terreno procurar o atleta que tenha desistido e j\u00e1 esteja na arena.<\/p>\n","protected":false},"excerpt":{"rendered":"<p>Pr\u00e9mios Ser\u00e3o atribu\u00eddos pr\u00e9mios: Etapa 1 e 2: Aos 3 primeiros primeiros classificados de cada escal\u00e3o de competi\u00e7\u00e3o, de cada uma das etapas. Aos 3 primeiros classificados dos escal\u00f5es Open Curto, Open M\u00e9dio, Open Longo, Tur\u00edstica e Mobilidade Reduzida. 21.\u00ba GPRA4: Aos 3 primeiros classificados de cada escal\u00e3o de competi\u00e7\u00e3o. Aos primeiros classificados dos escal\u00f5es &hellip; <a href=\"http:\/\/eventos.coc.pt\/21gpra4\/informacoes-gerais\/\" class=\"more-link\">Continuar a ler <span class=\"screen-reader-text\">Informa\u00e7\u00f5es Gerais<\/span><\/a><\/p>\n","protected":false},"author":1,"featured_media":0,"parent":0,"menu_order":13,"comment_status":"closed","ping_status":"closed","template":"","meta":{"footnotes":""},"class_list":["post-11","page","type-page","status-publish","hentry"],"_links":{"self":[{"href":"http:\/\/eventos.coc.pt\/21gpra4\/wp-json\/wp\/v2\/pages\/11","targetHints":{"allow":["GET"]}}],"collection":[{"href":"http:\/\/eventos.coc.pt\/21gpra4\/wp-json\/wp\/v2\/pages"}],"about":[{"href":"http:\/\/eventos.coc.pt\/21gpra4\/wp-json\/wp\/v2\/types\/page"}],"author":[{"embeddable":true,"href":"http:\/\/eventos.coc.pt\/21gpra4\/wp-json\/wp\/v2\/users\/1"}],"replies":[{"embeddable":true,"href":"http:\/\/eventos.coc.pt\/21gpra4\/wp-json\/wp\/v2\/comments?post=11"}],"version-history":[{"count":14,"href":"http:\/\/eventos.coc.pt\/21gpra4\/wp-json\/wp\/v2\/pages\/11\/revisions"}],"predecessor-version":[{"id":480,"href":"http:\/\/eventos.coc.pt\/21gpra4\/wp-json\/wp\/v2\/pages\/11\/revisions\/480"}],"wp:attachment":[{"href":"http:\/\/eventos.coc.pt\/21gpra4\/wp-json\/wp\/v2\/media?parent=11"}],"curies":[{"name":"wp","href":"https:\/\/api.w.org\/{rel}","templated":true}]}}