{"id":13,"date":"2016-09-02T15:31:49","date_gmt":"2016-09-02T15:31:49","guid":{"rendered":"http:\/\/eventos.coc.pt\/piom2018\/?page_id=13"},"modified":"2019-05-26T11:20:26","modified_gmt":"2019-05-26T11:20:26","slug":"informacoes-tecnicas","status":"publish","type":"page","link":"http:\/\/eventos.coc.pt\/21gpra4\/informacoes-tecnicas\/","title":{"rendered":"Informa\u00e7\u00f5es T\u00e9cnicas"},"content":{"rendered":"<div id=\"comp-is6i97xa\" class=\"s11\" data-reactid=\".0.$SITE_ROOT.$desktop_siteRoot.$PAGES_CONTAINER.1.1.$SITE_PAGES.$lxlqy.1.$comp-is6i97xa\">\n<div id=\"comp-is6i97xainlineContent\" class=\"s11inlineContent\" data-reactid=\".0.$SITE_ROOT.$desktop_siteRoot.$PAGES_CONTAINER.1.1.$SITE_PAGES.$lxlqy.1.$comp-is6i97xa.0\">\n<div id=\"comp-is6i97yh\" class=\"s12\" data-reactid=\".0.$SITE_ROOT.$desktop_siteRoot.$PAGES_CONTAINER.1.1.$SITE_PAGES.$lxlqy.1.$comp-is6i97xa.0.$comp-is6i97yh\">\n<p><strong>Diretora de Prova:<\/strong> Cristiana Maranh\u00e3o<\/p>\n<p><strong>Diretor Adjunto:<\/strong> Il\u00eddio Coelho<\/p>\n<p><strong>Tra\u00e7ador de Percursos:<\/strong><\/p>\n<p style=\"padding-left: 30px;\">Etapa 1: Carlos Monteiro<\/p>\n<p style=\"padding-left: 30px;\">Etapa 2: C\u00e9sar Concei\u00e7\u00e3o<\/p>\n<p><span style=\"font-size: 18pt;\">Leiria<\/span><\/p>\n<p><img loading=\"lazy\" decoding=\"async\" class=\"size-full wp-image-434 aligncenter\" src=\"http:\/\/eventos.coc.pt\/21gpra4\/wp-content\/uploads\/sites\/13\/2019\/05\/Inf.T\u00e9cnica-LeiriaCR2019.jpg\" alt=\"\" width=\"951\" height=\"679\" srcset=\"http:\/\/eventos.coc.pt\/21gpra4\/wp-content\/uploads\/sites\/13\/2019\/05\/Inf.T\u00e9cnica-LeiriaCR2019.jpg 951w, http:\/\/eventos.coc.pt\/21gpra4\/wp-content\/uploads\/sites\/13\/2019\/05\/Inf.T\u00e9cnica-LeiriaCR2019-300x214.jpg 300w, http:\/\/eventos.coc.pt\/21gpra4\/wp-content\/uploads\/sites\/13\/2019\/05\/Inf.T\u00e9cnica-LeiriaCR2019-768x548.jpg 768w\" sizes=\"auto, (max-width: 951px) 100vw, 951px\" \/><\/p>\n<p>Mapa ampliado e revisto em 2018, zona urbana da cidade, escala 1:5000, equidist\u00e2ncia 2,5m.<\/p>\n<p><strong><img loading=\"lazy\" decoding=\"async\" class=\"alignnone size-full wp-image-417\" src=\"http:\/\/eventos.coc.pt\/21gpra4\/wp-content\/uploads\/sites\/13\/2019\/02\/LeiriaMapa.jpg\" alt=\"\" width=\"3144\" height=\"3253\" \/><img loading=\"lazy\" decoding=\"async\" class=\"alignnone size-full wp-image-420\" src=\"http:\/\/eventos.coc.pt\/21gpra4\/wp-content\/uploads\/sites\/13\/2019\/02\/Blank-map.jpg\" alt=\"\" width=\"7002\" height=\"6466\" srcset=\"http:\/\/eventos.coc.pt\/21gpra4\/wp-content\/uploads\/sites\/13\/2019\/02\/Blank-map.jpg 7002w, http:\/\/eventos.coc.pt\/21gpra4\/wp-content\/uploads\/sites\/13\/2019\/02\/Blank-map-300x277.jpg 300w, http:\/\/eventos.coc.pt\/21gpra4\/wp-content\/uploads\/sites\/13\/2019\/02\/Blank-map-768x709.jpg 768w, http:\/\/eventos.coc.pt\/21gpra4\/wp-content\/uploads\/sites\/13\/2019\/02\/Blank-map-1024x946.jpg 1024w\" sizes=\"auto, (max-width: 7002px) 100vw, 7002px\" \/><\/strong><\/p>\n<p><span style=\"font-size: 18pt;\">Alcoba\u00e7a<\/span><\/p>\n<\/div>\n<p>&nbsp;<\/p>\n<div id=\"comp-is6i97yh\" class=\"s12\" data-reactid=\".0.$SITE_ROOT.$desktop_siteRoot.$PAGES_CONTAINER.1.1.$SITE_PAGES.$lxlqy.1.$comp-is6i97xa.0.$comp-is6i97yh\">\n<p><img loading=\"lazy\" decoding=\"async\" class=\"alignnone size-full wp-image-495\" src=\"http:\/\/eventos.coc.pt\/21gpra4\/wp-content\/uploads\/sites\/13\/2019\/05\/info-tecnica-1.jpg\" alt=\"\" width=\"1280\" height=\"720\" srcset=\"http:\/\/eventos.coc.pt\/21gpra4\/wp-content\/uploads\/sites\/13\/2019\/05\/info-tecnica-1.jpg 1280w, http:\/\/eventos.coc.pt\/21gpra4\/wp-content\/uploads\/sites\/13\/2019\/05\/info-tecnica-1-300x169.jpg 300w, http:\/\/eventos.coc.pt\/21gpra4\/wp-content\/uploads\/sites\/13\/2019\/05\/info-tecnica-1-768x432.jpg 768w, http:\/\/eventos.coc.pt\/21gpra4\/wp-content\/uploads\/sites\/13\/2019\/05\/info-tecnica-1-1024x576.jpg 1024w\" sizes=\"auto, (max-width: 1280px) 100vw, 1280px\" \/><\/p>\n<p>Mapa novo a elaborar em 2019, zona urbana da cidade, escala 1:4000, equidist\u00e2ncia 2,5m.<\/p>\n<\/div>\n<\/div>\n<\/div>\n<div id=\"comp-is6icf1c\" class=\"s11\" data-reactid=\".0.$SITE_ROOT.$desktop_siteRoot.$PAGES_CONTAINER.1.1.$SITE_PAGES.$lxlqy.1.$comp-is6icf1c\">\n<div id=\"comp-is6icf1cinlineContent\" class=\"s11inlineContent\" data-reactid=\".0.$SITE_ROOT.$desktop_siteRoot.$PAGES_CONTAINER.1.1.$SITE_PAGES.$lxlqy.1.$comp-is6icf1c.0\">\n<div id=\"comp-is6icf29\" class=\"s12\" data-reactid=\".0.$SITE_ROOT.$desktop_siteRoot.$PAGES_CONTAINER.1.1.$SITE_PAGES.$lxlqy.1.$comp-is6icf1c.0.$comp-is6icf29\">\n<div id=\"comp-is6icf29\" class=\"s12\" data-reactid=\".0.$SITE_ROOT.$desktop_siteRoot.$PAGES_CONTAINER.1.1.$SITE_PAGES.$lxlqy.1.$comp-is6icf1c.0.$comp-is6icf29\">\n<div id=\"comp-is6icf28\" class=\"s12\" data-reactid=\".0.$SITE_ROOT.$desktop_siteRoot.$PAGES_CONTAINER.1.1.$SITE_PAGES.$lxlqy.1.$comp-is6icf1c.0.$comp-is6icf28\">\n<p><img loading=\"lazy\" decoding=\"async\" class=\"alignnone size-full wp-image-413\" src=\"http:\/\/eventos.coc.pt\/21gpra4\/wp-content\/uploads\/sites\/13\/2019\/02\/AlcobacaArea.jpg\" alt=\"\" width=\"1331\" height=\"831\" srcset=\"http:\/\/eventos.coc.pt\/21gpra4\/wp-content\/uploads\/sites\/13\/2019\/02\/AlcobacaArea.jpg 1331w, http:\/\/eventos.coc.pt\/21gpra4\/wp-content\/uploads\/sites\/13\/2019\/02\/AlcobacaArea-300x187.jpg 300w, http:\/\/eventos.coc.pt\/21gpra4\/wp-content\/uploads\/sites\/13\/2019\/02\/AlcobacaArea-768x479.jpg 768w, http:\/\/eventos.coc.pt\/21gpra4\/wp-content\/uploads\/sites\/13\/2019\/02\/AlcobacaArea-1024x639.jpg 1024w\" sizes=\"auto, (max-width: 1331px) 100vw, 1331px\" \/><\/p>\n<\/div>\n<div id=\"comp-is6icf29\" class=\"s12\" data-reactid=\".0.$SITE_ROOT.$desktop_siteRoot.$PAGES_CONTAINER.1.1.$SITE_PAGES.$lxlqy.1.$comp-is6icf1c.0.$comp-is6icf29\"><img loading=\"lazy\" decoding=\"async\" class=\"alignnone size-full wp-image-415\" src=\"http:\/\/eventos.coc.pt\/21gpra4\/wp-content\/uploads\/sites\/13\/2019\/02\/AlcobacaMapa.jpg\" alt=\"\" width=\"1849\" height=\"2018\" srcset=\"http:\/\/eventos.coc.pt\/21gpra4\/wp-content\/uploads\/sites\/13\/2019\/02\/AlcobacaMapa.jpg 1849w, http:\/\/eventos.coc.pt\/21gpra4\/wp-content\/uploads\/sites\/13\/2019\/02\/AlcobacaMapa-275x300.jpg 275w, http:\/\/eventos.coc.pt\/21gpra4\/wp-content\/uploads\/sites\/13\/2019\/02\/AlcobacaMapa-768x838.jpg 768w, http:\/\/eventos.coc.pt\/21gpra4\/wp-content\/uploads\/sites\/13\/2019\/02\/AlcobacaMapa-938x1024.jpg 938w\" sizes=\"auto, (max-width: 1849px) 100vw, 1849px\" \/><\/div>\n<\/div>\n<\/div>\n<\/div>\n<\/div>\n","protected":false},"excerpt":{"rendered":"<p>Diretora de Prova: Cristiana Maranh\u00e3o Diretor Adjunto: Il\u00eddio Coelho Tra\u00e7ador de Percursos: Etapa 1: Carlos Monteiro Etapa 2: C\u00e9sar Concei\u00e7\u00e3o Leiria Mapa ampliado e revisto em 2018, zona urbana da cidade, escala 1:5000, equidist\u00e2ncia 2,5m. Alcoba\u00e7a &nbsp; Mapa novo a elaborar em 2019, zona urbana da cidade, escala 1:4000, equidist\u00e2ncia 2,5m.<\/p>\n","protected":false},"author":1,"featured_media":0,"parent":0,"menu_order":12,"comment_status":"closed","ping_status":"closed","template":"","meta":{"footnotes":""},"class_list":["post-13","page","type-page","status-publish","hentry"],"_links":{"self":[{"href":"http:\/\/eventos.coc.pt\/21gpra4\/wp-json\/wp\/v2\/pages\/13","targetHints":{"allow":["GET"]}}],"collection":[{"href":"http:\/\/eventos.coc.pt\/21gpra4\/wp-json\/wp\/v2\/pages"}],"about":[{"href":"http:\/\/eventos.coc.pt\/21gpra4\/wp-json\/wp\/v2\/types\/page"}],"author":[{"embeddable":true,"href":"http:\/\/eventos.coc.pt\/21gpra4\/wp-json\/wp\/v2\/users\/1"}],"replies":[{"embeddable":true,"href":"http:\/\/eventos.coc.pt\/21gpra4\/wp-json\/wp\/v2\/comments?post=13"}],"version-history":[{"count":25,"href":"http:\/\/eventos.coc.pt\/21gpra4\/wp-json\/wp\/v2\/pages\/13\/revisions"}],"predecessor-version":[{"id":496,"href":"http:\/\/eventos.coc.pt\/21gpra4\/wp-json\/wp\/v2\/pages\/13\/revisions\/496"}],"wp:attachment":[{"href":"http:\/\/eventos.coc.pt\/21gpra4\/wp-json\/wp\/v2\/media?parent=13"}],"curies":[{"name":"wp","href":"https:\/\/api.w.org\/{rel}","templated":true}]}}