{"id":15,"date":"2016-09-02T15:32:07","date_gmt":"2016-09-02T15:32:07","guid":{"rendered":"http:\/\/eventos.coc.pt\/piom2018\/?page_id=15"},"modified":"2019-05-22T12:39:58","modified_gmt":"2019-05-22T12:39:58","slug":"escaloes","status":"publish","type":"page","link":"http:\/\/eventos.coc.pt\/21gpra4\/escaloes\/","title":{"rendered":"Escal\u00f5es"},"content":{"rendered":"<p><strong>Escal\u00f5es de competi\u00e7\u00e3o<\/strong><\/p>\n<table width=\"0\">\n<tbody>\n<tr>\n<td width=\"251\"><strong>Idade a 31\/Dezembro\/2019<\/strong><\/td>\n<td width=\"124\"><strong>Escal\u00e3o<\/strong><\/td>\n<td width=\"118\"><strong>Tempo estimado para a vencedora escal\u00e3o feminino (minutos) *<\/strong><\/td>\n<td width=\"143\"><strong>Tempo estimado para o vencedor escal\u00e3o masculino (minutos) *<\/strong><\/td>\n<\/tr>\n<tr>\n<td width=\"251\">Menor ou igual a 12<\/td>\n<td width=\"124\">Forma\u00e7\u00e3o<\/td>\n<td width=\"118\">15 &#8211; 20<\/td>\n<td width=\"143\">15 &#8211; 20<\/td>\n<\/tr>\n<tr>\n<td width=\"251\">Mais de 12 e menos ou igual a 16<\/td>\n<td width=\"124\">Juvenis M\/F<\/td>\n<td width=\"118\">20 &#8211; 25<\/td>\n<td width=\"143\">20 &#8211; 25<\/td>\n<\/tr>\n<tr>\n<td width=\"251\">Mais de 16 e menos ou igual a 20<\/td>\n<td width=\"124\">Juniores M\/F<\/td>\n<td width=\"118\">30 &#8211; 35<\/td>\n<td width=\"143\">30 &#8211; 35<\/td>\n<\/tr>\n<tr>\n<td width=\"251\">Mais de 20<\/td>\n<td width=\"124\">Seniores M\/F<\/td>\n<td width=\"118\">50 &#8211; 55<\/td>\n<td width=\"143\">60 &#8211; 70<\/td>\n<\/tr>\n<tr>\n<td width=\"251\">Igual ou mais de 40<\/td>\n<td width=\"124\">Veteranos I M\/F<\/td>\n<td width=\"118\">40 &#8211; 45<\/td>\n<td width=\"143\">45 &#8211; 50<\/td>\n<\/tr>\n<tr>\n<td width=\"251\">Igual ou mais de 55<\/td>\n<td width=\"124\">Veteranos II M\/F<\/td>\n<td width=\"118\">40 &#8211; 45<\/td>\n<td width=\"143\">45 &#8211; 50<\/td>\n<\/tr>\n<tr>\n<td width=\"251\">Igual ou mais de 65<\/td>\n<td width=\"124\">Veteranos III M\/F<\/td>\n<td width=\"118\">30 &#8211; 35<\/td>\n<td width=\"143\">30 \u2013 35<\/td>\n<\/tr>\n<tr>\n<td width=\"251\">Igual ou mais de 75<\/td>\n<td width=\"124\">Veteranos IV M<\/td>\n<td width=\"118\">&#8211;<\/td>\n<td width=\"143\">30 \u2013 35<\/td>\n<\/tr>\n<\/tbody>\n<\/table>\n<p>*Para dist\u00e2ncia longa<\/p>\n<p><strong>Escal\u00f5es Abertos<\/strong><\/p>\n<table width=\"0\">\n<tbody>\n<tr>\n<td width=\"121\"><strong>Escal\u00e3o\/Prova<\/strong><\/td>\n<td width=\"189\"><strong>Idade a 31\/12\/2019<\/strong><\/td>\n<td width=\"328\"><strong>Caracter\u00edsticas<\/strong><\/td>\n<\/tr>\n<tr>\n<td width=\"121\">Open Curto<\/td>\n<td width=\"189\">Sem restri\u00e7\u00e3o de idade<\/td>\n<td width=\"328\">Percurso com baixo grau de dificuldade t\u00e9cnico e f\u00edsico<\/td>\n<\/tr>\n<tr>\n<td width=\"121\">Open M\u00e9dio<\/td>\n<td width=\"189\">Igual ou maior de 14<\/td>\n<td width=\"328\">Percurso com baixo grau de dificuldade t\u00e9cnico, mas com maior dist\u00e2ncia<\/td>\n<\/tr>\n<tr>\n<td width=\"121\">Open Longo<\/td>\n<td width=\"189\">Igual ou maior de 16<\/td>\n<td width=\"328\">Percurso com dist\u00e2ncia mais longa e m\u00e9dio grau de dificuldade t\u00e9cnico. Conv\u00e9m j\u00e1 ter feito alguma experi\u00eancia de Orienta\u00e7\u00e3o.<\/td>\n<\/tr>\n<tr>\n<td width=\"121\">Mobilidade reduzida<\/td>\n<td width=\"189\">Sem restri\u00e7\u00e3o de idade<\/td>\n<td width=\"328\">Percurso a efetuar individualmente, podendo levar acompanhante para aux\u00edlio na desloca\u00e7\u00e3o.<\/td>\n<\/tr>\n<tr>\n<td width=\"121\">Tur\u00edstica<\/td>\n<td width=\"189\">Sem restri\u00e7\u00e3o de idade<\/td>\n<td width=\"328\">Percurso com pontos de controlo em locais com interesse tur\u00edstico.<\/td>\n<\/tr>\n<tr>\n<td width=\"121\">Ori-Fam\u00edlia<\/td>\n<td width=\"189\">Sem restri\u00e7\u00e3o de idade<\/td>\n<td width=\"328\">Percurso a efetuar preferencialmente em grupos mistos de adultos e crian\u00e7as.<\/td>\n<\/tr>\n<tr>\n<td>Polit\u00e9cnico de Leiria Orienta<\/td>\n<td>Sem restri\u00e7\u00e3o de idade<\/td>\n<td>Percurso de pontua\u00e7\u00e3o (Score) para realizar em equipas de 2 a 3 elementos do IPLeiria.<\/td>\n<\/tr>\n<\/tbody>\n<\/table>\n","protected":false},"excerpt":{"rendered":"<p>Escal\u00f5es de competi\u00e7\u00e3o Idade a 31\/Dezembro\/2019 Escal\u00e3o Tempo estimado para a vencedora escal\u00e3o feminino (minutos) * Tempo estimado para o vencedor escal\u00e3o masculino (minutos) * Menor ou igual a 12 Forma\u00e7\u00e3o 15 &#8211; 20 15 &#8211; 20 Mais de 12 e menos ou igual a 16 Juvenis M\/F 20 &#8211; 25 20 &#8211; 25 Mais &hellip; <a href=\"http:\/\/eventos.coc.pt\/21gpra4\/escaloes\/\" class=\"more-link\">Continuar a ler <span class=\"screen-reader-text\">Escal\u00f5es<\/span><\/a><\/p>\n","protected":false},"author":1,"featured_media":0,"parent":0,"menu_order":11,"comment_status":"closed","ping_status":"closed","template":"","meta":{"footnotes":""},"class_list":["post-15","page","type-page","status-publish","hentry"],"_links":{"self":[{"href":"http:\/\/eventos.coc.pt\/21gpra4\/wp-json\/wp\/v2\/pages\/15","targetHints":{"allow":["GET"]}}],"collection":[{"href":"http:\/\/eventos.coc.pt\/21gpra4\/wp-json\/wp\/v2\/pages"}],"about":[{"href":"http:\/\/eventos.coc.pt\/21gpra4\/wp-json\/wp\/v2\/types\/page"}],"author":[{"embeddable":true,"href":"http:\/\/eventos.coc.pt\/21gpra4\/wp-json\/wp\/v2\/users\/1"}],"replies":[{"embeddable":true,"href":"http:\/\/eventos.coc.pt\/21gpra4\/wp-json\/wp\/v2\/comments?post=15"}],"version-history":[{"count":12,"href":"http:\/\/eventos.coc.pt\/21gpra4\/wp-json\/wp\/v2\/pages\/15\/revisions"}],"predecessor-version":[{"id":478,"href":"http:\/\/eventos.coc.pt\/21gpra4\/wp-json\/wp\/v2\/pages\/15\/revisions\/478"}],"wp:attachment":[{"href":"http:\/\/eventos.coc.pt\/21gpra4\/wp-json\/wp\/v2\/media?parent=15"}],"curies":[{"name":"wp","href":"https:\/\/api.w.org\/{rel}","templated":true}]}}