{"id":19,"date":"2016-09-02T15:32:36","date_gmt":"2016-09-02T15:32:36","guid":{"rendered":"http:\/\/eventos.coc.pt\/piom2018\/?page_id=19"},"modified":"2019-05-23T11:43:38","modified_gmt":"2019-05-23T11:43:38","slug":"localizacao","status":"publish","type":"page","link":"http:\/\/eventos.coc.pt\/21gpra4\/localizacao\/","title":{"rendered":"Localiza\u00e7\u00e3o"},"content":{"rendered":"<p><strong>Etapa 1 \u2013 Leiria<\/strong><\/p>\n<p><img loading=\"lazy\" decoding=\"async\" class=\"wp-image-431 size-full aligncenter\" src=\"http:\/\/eventos.coc.pt\/21gpra4\/wp-content\/uploads\/sites\/13\/2019\/03\/Arena-Leiria.jpg\" alt=\"\" width=\"1040\" height=\"716\" srcset=\"http:\/\/eventos.coc.pt\/21gpra4\/wp-content\/uploads\/sites\/13\/2019\/03\/Arena-Leiria.jpg 1040w, http:\/\/eventos.coc.pt\/21gpra4\/wp-content\/uploads\/sites\/13\/2019\/03\/Arena-Leiria-300x207.jpg 300w, http:\/\/eventos.coc.pt\/21gpra4\/wp-content\/uploads\/sites\/13\/2019\/03\/Arena-Leiria-768x529.jpg 768w, http:\/\/eventos.coc.pt\/21gpra4\/wp-content\/uploads\/sites\/13\/2019\/03\/Arena-Leiria-1024x705.jpg 1024w\" sizes=\"auto, (max-width: 1040px) 100vw, 1040px\" \/><\/p>\n<p><strong>Arena: <\/strong>Jardim de Santo Agostinho (Coordenadas: 39.741309, -8.801996)<\/p>\n<p><strong>Secretariado:<\/strong> O secretariado da prova vai estar a funcionar na arena.<\/p>\n<p><strong>Partidas: <\/strong>Junto \u00e0 arena, nas traseiras do Convento de Santo Agostinho<\/p>\n<p><strong>Baby Sitting:<\/strong>\u00a0vai estar a funcionar na arena.<\/p>\n<p><strong>Estacionamentos: <\/strong>Poder\u00e3o ser utilizados v\u00e1rios parques de estacionamento urbanos de Leiria, indicados abaixo.<\/p>\n<p><u>Gratuitos:<\/u><\/p>\n<ul>\n<li>Rua Ten. Valadim (Coordenadas: 39.741810,-8.803100)<\/li>\n<li>Avenida Marqu\u00eas de Pombal (Coordenadas: 39.740422,-8.803263)<\/li>\n<li>Avenida Nossa Senhora de F\u00e1tima (Coordenadas: 39.740281,-8.803160)<\/li>\n<li>Rua Nossa Senhora da Encarna\u00e7\u00e3o (Coordenadas: 39.740529,-8.802666)<\/li>\n<li>Parque Radical de Leiria (coordenadas: 39.734168,-8.797568)<\/li>\n<\/ul>\n<p><u>Pagos:<\/u><\/p>\n<ul>\n<li>Parque de Estacionamento Santo Agostinho (Coordenadas: 39.740661,-8.801621)<\/li>\n<li>Parque Saba Fonte Luminosa (Coordenadas: 39.743369,-8.806997)<\/li>\n<li>Parque da Fonte Quente (Coordenadas: 39.749034,-8.801547)<\/li>\n<\/ul>\n<p><strong>Banhos:<\/strong> Est\u00e1dio Dr. Magalh\u00e3es Pessoa \u2013 Porta 2 (das 18h15 \u00e0s 20h00)<\/p>\n<p><strong>Solo Duro:<\/strong> Pavilh\u00e3o Gimnodesportivo de Alcoba\u00e7a (39.554500 \u2013 8.975785). Abertura \u00e0s 21h de 8 de junho e fecho \u00e0s 11h a 9 de junho.<\/p>\n<p><strong>Etapa 2 \u2013 Alcoba\u00e7a<\/strong><\/p>\n<p>&nbsp;<\/p>\n<p><img loading=\"lazy\" decoding=\"async\" class=\"alignnone size-full wp-image-491\" src=\"http:\/\/eventos.coc.pt\/21gpra4\/wp-content\/uploads\/sites\/13\/2019\/05\/Arena.jpg\" alt=\"\" width=\"1280\" height=\"720\" srcset=\"http:\/\/eventos.coc.pt\/21gpra4\/wp-content\/uploads\/sites\/13\/2019\/05\/Arena.jpg 1280w, http:\/\/eventos.coc.pt\/21gpra4\/wp-content\/uploads\/sites\/13\/2019\/05\/Arena-300x169.jpg 300w, http:\/\/eventos.coc.pt\/21gpra4\/wp-content\/uploads\/sites\/13\/2019\/05\/Arena-768x432.jpg 768w, http:\/\/eventos.coc.pt\/21gpra4\/wp-content\/uploads\/sites\/13\/2019\/05\/Arena-1024x576.jpg 1024w\" sizes=\"auto, (max-width: 1280px) 100vw, 1280px\" \/><\/p>\n<p><strong>Arena: <\/strong>Mosteiro de Alcoba\u00e7a (Coordenadas: 39.547772,-8.980374)<\/p>\n<p><strong>Secretariado:<\/strong> O secretariado da prova ir\u00e1 funcionar na arena.<\/p>\n<p><strong>Partidas: <\/strong>Pra\u00e7a 25 de Abril, frente ao Mosteiro de Alcoba\u00e7a.<\/p>\n<p><strong>Baby Sitting:<\/strong>\u00a0vai estar a funcionar na arena.<\/p>\n<p><strong>Estacionamento: <\/strong>Poder\u00e3o ser utilizados v\u00e1rios parques de estacionamento urbanos, gratuitos da cidade de Alcoba\u00e7a, como o situado na Av. Dos Combatentes; 2460 Alcoba\u00e7a (Coordenadas 39.548973, -8.975851).<\/p>\n<p><strong>Banhos: <\/strong>Pavilh\u00e3o Gimnodesportivo de Alcoba\u00e7a (39.554500 \u2013 8.975785).<\/p>\n","protected":false},"excerpt":{"rendered":"<p>Etapa 1 \u2013 Leiria Arena: Jardim de Santo Agostinho (Coordenadas: 39.741309, -8.801996) Secretariado: O secretariado da prova vai estar a funcionar na arena. Partidas: Junto \u00e0 arena, nas traseiras do Convento de Santo Agostinho Baby Sitting:\u00a0vai estar a funcionar na arena. Estacionamentos: Poder\u00e3o ser utilizados v\u00e1rios parques de estacionamento urbanos de Leiria, indicados abaixo. Gratuitos: &hellip; <a href=\"http:\/\/eventos.coc.pt\/21gpra4\/localizacao\/\" class=\"more-link\">Continuar a ler <span class=\"screen-reader-text\">Localiza\u00e7\u00e3o<\/span><\/a><\/p>\n","protected":false},"author":1,"featured_media":0,"parent":0,"menu_order":9,"comment_status":"closed","ping_status":"closed","template":"","meta":{"footnotes":""},"class_list":["post-19","page","type-page","status-publish","hentry"],"_links":{"self":[{"href":"http:\/\/eventos.coc.pt\/21gpra4\/wp-json\/wp\/v2\/pages\/19","targetHints":{"allow":["GET"]}}],"collection":[{"href":"http:\/\/eventos.coc.pt\/21gpra4\/wp-json\/wp\/v2\/pages"}],"about":[{"href":"http:\/\/eventos.coc.pt\/21gpra4\/wp-json\/wp\/v2\/types\/page"}],"author":[{"embeddable":true,"href":"http:\/\/eventos.coc.pt\/21gpra4\/wp-json\/wp\/v2\/users\/1"}],"replies":[{"embeddable":true,"href":"http:\/\/eventos.coc.pt\/21gpra4\/wp-json\/wp\/v2\/comments?post=19"}],"version-history":[{"count":30,"href":"http:\/\/eventos.coc.pt\/21gpra4\/wp-json\/wp\/v2\/pages\/19\/revisions"}],"predecessor-version":[{"id":492,"href":"http:\/\/eventos.coc.pt\/21gpra4\/wp-json\/wp\/v2\/pages\/19\/revisions\/492"}],"wp:attachment":[{"href":"http:\/\/eventos.coc.pt\/21gpra4\/wp-json\/wp\/v2\/media?parent=19"}],"curies":[{"name":"wp","href":"https:\/\/api.w.org\/{rel}","templated":true}]}}