{"id":21,"date":"2016-09-02T15:32:45","date_gmt":"2016-09-02T15:32:45","guid":{"rendered":"http:\/\/eventos.coc.pt\/piom2018\/?page_id=21"},"modified":"2019-05-22T13:17:36","modified_gmt":"2019-05-22T13:17:36","slug":"organizacao","status":"publish","type":"page","link":"http:\/\/eventos.coc.pt\/21gpra4\/organizacao\/","title":{"rendered":"Organiza\u00e7\u00e3o"},"content":{"rendered":"<p><strong>Diretora de prova:<\/strong> Cristiana Maranh\u00e3o<\/p>\n<p><strong>Diretor Adjunto:<\/strong> Il\u00eddio Coelho<\/p>\n<p><strong>Tra\u00e7adores de Percursos:<\/strong><\/p>\n<p style=\"padding-left: 60px;\"><em>Etapa 1 &#8211; <\/em>Leiria: Carlos Monteiro<\/p>\n<p style=\"padding-left: 60px;\"><em>Etapa 2 &#8211; <\/em>Alcoba\u00e7a: C\u00e9sar Concei\u00e7\u00e3o<\/p>\n<p><strong>Secretariado:<\/strong> Isabel Monteiro<\/p>\n<p><strong>Coloca\u00e7\u00e3o de Pontos:<\/strong> C\u00e9sar Concei\u00e7\u00e3o<\/p>\n<p><strong>Arranjos gr\u00e1ficos e impress\u00e3o:<\/strong> Carlos Monteiro e Cristiana Maranh\u00e3o<\/p>\n<p><strong>Speaker:<\/strong> Carlos Monteiro<\/p>\n<p><strong>Inform\u00e1tica:<\/strong> Rui Bot\u00e3o<\/p>\n<p><strong>Log\u00edstica:<\/strong> Catarina Castel\u00e3o<\/p>\n<p><strong>Partidas:<\/strong> Il\u00eddio Coelho<\/p>\n<p><strong>Foto e V\u00eddeo:<\/strong> Leonel Vieito<\/p>\n<p><strong>Entrega de Pr\u00e9mios:<\/strong> Isabel Monteiro e C\u00e1tia Marques<\/p>\n<p><strong>Orifamilia<\/strong>: Ros\u00e1rio Barros<\/p>\n<p><strong>Polit\u00e9cnico de Leiria Orienta:<\/strong> Marisa Barroso e Cristiana Maranh\u00e3o<\/p>\n<p>Apoios: Instituto Polit\u00e9cnico de Leiria, Curso de Desporto e Bem-Estar,\u00a0seman\u00e1rio Regi\u00e3o de Leiria, Semin\u00e1rio Diocesano de Leiria, Museu do Vinho de Alcoba\u00e7a e Adega de Alcoba\u00e7a.<\/p>\n<p>&nbsp;<\/p>\n","protected":false},"excerpt":{"rendered":"<p>Diretora de prova: Cristiana Maranh\u00e3o Diretor Adjunto: Il\u00eddio Coelho Tra\u00e7adores de Percursos: Etapa 1 &#8211; Leiria: Carlos Monteiro Etapa 2 &#8211; Alcoba\u00e7a: C\u00e9sar Concei\u00e7\u00e3o Secretariado: Isabel Monteiro Coloca\u00e7\u00e3o de Pontos: C\u00e9sar Concei\u00e7\u00e3o Arranjos gr\u00e1ficos e impress\u00e3o: Carlos Monteiro e Cristiana Maranh\u00e3o Speaker: Carlos Monteiro Inform\u00e1tica: Rui Bot\u00e3o Log\u00edstica: Catarina Castel\u00e3o Partidas: Il\u00eddio Coelho Foto e &hellip; <a href=\"http:\/\/eventos.coc.pt\/21gpra4\/organizacao\/\" class=\"more-link\">Continuar a ler <span class=\"screen-reader-text\">Organiza\u00e7\u00e3o<\/span><\/a><\/p>\n","protected":false},"author":1,"featured_media":0,"parent":0,"menu_order":8,"comment_status":"closed","ping_status":"closed","template":"","meta":{"footnotes":""},"class_list":["post-21","page","type-page","status-publish","hentry"],"_links":{"self":[{"href":"http:\/\/eventos.coc.pt\/21gpra4\/wp-json\/wp\/v2\/pages\/21","targetHints":{"allow":["GET"]}}],"collection":[{"href":"http:\/\/eventos.coc.pt\/21gpra4\/wp-json\/wp\/v2\/pages"}],"about":[{"href":"http:\/\/eventos.coc.pt\/21gpra4\/wp-json\/wp\/v2\/types\/page"}],"author":[{"embeddable":true,"href":"http:\/\/eventos.coc.pt\/21gpra4\/wp-json\/wp\/v2\/users\/1"}],"replies":[{"embeddable":true,"href":"http:\/\/eventos.coc.pt\/21gpra4\/wp-json\/wp\/v2\/comments?post=21"}],"version-history":[{"count":16,"href":"http:\/\/eventos.coc.pt\/21gpra4\/wp-json\/wp\/v2\/pages\/21\/revisions"}],"predecessor-version":[{"id":487,"href":"http:\/\/eventos.coc.pt\/21gpra4\/wp-json\/wp\/v2\/pages\/21\/revisions\/487"}],"wp:attachment":[{"href":"http:\/\/eventos.coc.pt\/21gpra4\/wp-json\/wp\/v2\/media?parent=21"}],"curies":[{"name":"wp","href":"https:\/\/api.w.org\/{rel}","templated":true}]}}