{"id":240,"date":"2017-01-10T11:34:55","date_gmt":"2017-01-10T11:34:55","guid":{"rendered":"http:\/\/eventos.coc.pt\/piom2018\/?page_id=240"},"modified":"2019-06-06T22:36:01","modified_gmt":"2019-06-06T22:36:01","slug":"partidas","status":"publish","type":"page","link":"http:\/\/eventos.coc.pt\/21gpra4\/partidas\/","title":{"rendered":"Partidas"},"content":{"rendered":"<p style=\"text-align: justify; background: white; vertical-align: baseline; margin: 0cm 0cm 20.2pt 0cm;\"><span style=\"font-family: 'Arial',sans-serif;\">Escal\u00f5es de competi\u00e7\u00e3o com partidas convencionais (partidas em linha), com tempos de partida pr\u00e9 atribu\u00eddos.<\/span><\/p>\n<p style=\"text-align: justify; background: white; vertical-align: baseline; margin: 0cm 0cm 20.2pt 0cm;\"><span style=\"font-family: 'Arial',sans-serif;\">Escal\u00f5es de forma\u00e7\u00e3o, abertos, mobilidade reduzida e tur\u00edstica com tempos de partida pr\u00e9-atribu\u00eddos, com recurso \u00e0 esta\u00e7\u00e3o Start. Ori-Fam\u00edlia com partida livre, dentro da janela de tempo definida pela organiza\u00e7\u00e3o.<\/span><\/p>\n<p><a href=\"http:\/\/eventos.coc.pt\/21gpra4\/wp-content\/uploads\/sites\/13\/2019\/06\/PartidasLeiria.pdf\" target=\"_blank\" rel=\"noopener\">Partidas Leiria City Race<\/a><\/p>\n<p><a href=\"http:\/\/eventos.coc.pt\/21gpra4\/wp-content\/uploads\/sites\/13\/2019\/06\/PartidasAlcobaca.pdf\" target=\"_blank\" rel=\"noopener\">Partidas Alcoba\u00e7a City Race<\/a><\/p>\n<p><a href=\"http:\/\/eventos.coc.pt\/21gpra4\/wp-content\/uploads\/sites\/13\/2019\/06\/PartidasClubes.pdf\" target=\"_blank\" rel=\"noopener\">Partidas por Clubes<\/a><\/p>\n","protected":false},"excerpt":{"rendered":"<p>Escal\u00f5es de competi\u00e7\u00e3o com partidas convencionais (partidas em linha), com tempos de partida pr\u00e9 atribu\u00eddos. Escal\u00f5es de forma\u00e7\u00e3o, abertos, mobilidade reduzida e tur\u00edstica com tempos de partida pr\u00e9-atribu\u00eddos, com recurso \u00e0 esta\u00e7\u00e3o Start. Ori-Fam\u00edlia com partida livre, dentro da janela de tempo definida pela organiza\u00e7\u00e3o. Partidas Leiria City Race Partidas Alcoba\u00e7a City Race Partidas por &hellip; <a href=\"http:\/\/eventos.coc.pt\/21gpra4\/partidas\/\" class=\"more-link\">Continuar a ler <span class=\"screen-reader-text\">Partidas<\/span><\/a><\/p>\n","protected":false},"author":1,"featured_media":0,"parent":0,"menu_order":0,"comment_status":"closed","ping_status":"closed","template":"","meta":{"footnotes":""},"class_list":["post-240","page","type-page","status-publish","hentry"],"_links":{"self":[{"href":"http:\/\/eventos.coc.pt\/21gpra4\/wp-json\/wp\/v2\/pages\/240","targetHints":{"allow":["GET"]}}],"collection":[{"href":"http:\/\/eventos.coc.pt\/21gpra4\/wp-json\/wp\/v2\/pages"}],"about":[{"href":"http:\/\/eventos.coc.pt\/21gpra4\/wp-json\/wp\/v2\/types\/page"}],"author":[{"embeddable":true,"href":"http:\/\/eventos.coc.pt\/21gpra4\/wp-json\/wp\/v2\/users\/1"}],"replies":[{"embeddable":true,"href":"http:\/\/eventos.coc.pt\/21gpra4\/wp-json\/wp\/v2\/comments?post=240"}],"version-history":[{"count":13,"href":"http:\/\/eventos.coc.pt\/21gpra4\/wp-json\/wp\/v2\/pages\/240\/revisions"}],"predecessor-version":[{"id":515,"href":"http:\/\/eventos.coc.pt\/21gpra4\/wp-json\/wp\/v2\/pages\/240\/revisions\/515"}],"wp:attachment":[{"href":"http:\/\/eventos.coc.pt\/21gpra4\/wp-json\/wp\/v2\/media?parent=240"}],"curies":[{"name":"wp","href":"https:\/\/api.w.org\/{rel}","templated":true}]}}