{"id":395,"date":"2019-02-21T21:53:45","date_gmt":"2019-02-21T21:53:45","guid":{"rendered":"http:\/\/eventos.coc.pt\/21gpra4\/?page_id=395"},"modified":"2019-05-22T12:53:46","modified_gmt":"2019-05-22T12:53:46","slug":"apresentacao","status":"publish","type":"page","link":"http:\/\/eventos.coc.pt\/21gpra4\/","title":{"rendered":"Apresenta\u00e7\u00e3o"},"content":{"rendered":"<p>O 21.\u00ba Grande Pr\u00e9mio de Orienta\u00e7\u00e3o do Regimento de Artilharia n.\u00ba4 (RA4) integra-se nas comemora\u00e7\u00f5es do Dia da Unidade do\u00a0<strong>RA 4 de Leiria.<\/strong><\/p>\n<p>O Grande Pr\u00e9mio (GP) \u00e9 constitu\u00eddo por duas etapas distintas de Orienta\u00e7\u00e3o Pedestre, englobadas no circuito Nacional Portugal City Race, onde ser\u00e3o apurados os vencedores de cada uma das etapas e os vencedores do 21.\u00ba GPRA4, estes pelo somat\u00f3rio dos tempos de ambas as etapas.<\/p>\n<p><strong>Etapa 1<\/strong> &#8211; Dia 08 de Junho, o 4.\u00ba Leiria City Race<\/p>\n<p><strong>Etapa 2<\/strong> &#8211; Dia 09 de Junho 1.\u00ba Alcoba\u00e7a City Race<\/p>\n<p>A prova \u00e9 co-organizada pelo Clube de Orienta\u00e7\u00e3o do Centro (COC), pelo Regimento de Artilharia n.\u00ba 4, Federa\u00e7\u00e3o Portuguesa de Orienta\u00e7\u00e3o (FPO) e apoio dos Munic\u00edpios de Leiria, de Alcoba\u00e7a, Instituto Polit\u00e9cnico de Leiria, Curso de Desporto e Bem-Estar, do seman\u00e1rio Regi\u00e3o de Leiria, Semin\u00e1rio Diocesano de Leiria, Museu do Vinho de Alcoba\u00e7a e Adega de Alcoba\u00e7a.<\/p>\n<p><strong>As atividades dispon\u00edveis ser\u00e3o as seguintes:<\/strong><\/p>\n<p><strong>Etapa 1<\/strong><\/p>\n<ul>\n<li>21.\u00ba Grande Pr\u00e9mio de Orienta\u00e7\u00e3o do RA4 \u2013 Leiria City Race &#8211; escal\u00f5es de competi\u00e7\u00e3o, mobilidade reduzida e abertos;<\/li>\n<li>Um Percurso Tur\u00edstico de Orienta\u00e7\u00e3o (sem classifica\u00e7\u00e3o); e<\/li>\n<li>Atividade de Orienta\u00e7\u00e3o em Fam\u00edlia (sem classifica\u00e7\u00e3o).<\/li>\n<\/ul>\n<p>Mapa: Zona urbana de Leiria revisto e ampliado em Fevereiro de 2018, por Rui Antunes, Normas ISSOM. Mapa j\u00e1 utilizado em Outubro 2018.<\/p>\n<p>Ser\u00e3o usadas as escalas 1:5000 (Escal\u00f5es de competi\u00e7\u00e3o, Abertos, Tur\u00edstico e Ori-Fam\u00edlia &#8211; Desafio e Aventura) e 1:3000 (Forma\u00e7\u00e3o e Ori-Fam\u00edlia &#8211; AEIOU e ABC);<\/p>\n<p><strong>Etapa 2:<\/strong><\/p>\n<ul>\n<li>21\u00ba Grande Pr\u00e9mio de Orienta\u00e7\u00e3o do RA4 &#8211; Alcoba\u00e7a City Race &#8211; escal\u00f5es de competi\u00e7\u00e3o, mobilidade reduzida e abertos;<\/li>\n<li>Um Percurso Tur\u00edstico de Orienta\u00e7\u00e3o (sem classifica\u00e7\u00e3o); e<\/li>\n<li>Atividade de Orienta\u00e7\u00e3o em Fam\u00edlia (sem classifica\u00e7\u00e3o);<\/li>\n<li>Polit\u00e9cnico de Leiria Orienta.<\/li>\n<\/ul>\n<p>Mapa: Zona Urbana de Alcoba\u00e7a mapa redesenhado e ampliado em Maio de 2019, por Rui Antunes, Normas ISSOM.<\/p>\n<p>Ser\u00e3o usadas as escalas 1:4000 (Escal\u00f5es de competi\u00e7\u00e3o, Abertos, Tur\u00edstico e Ori-Fam\u00edlia &#8211; Desafio e Aventura) ) e 1:3000 (Forma\u00e7\u00e3o e Ori-Fam\u00edlia- AEIOU e ABC);<\/p>\n<p><strong>\u00a0<\/strong><strong>Partidas para ambas as etapas:<\/strong><\/p>\n<ul>\n<li>Escal\u00f5es de competi\u00e7\u00e3o com partidas em linha com hor\u00e1rio pr\u00e9-definido.<\/li>\n<li>Escal\u00f5es de forma\u00e7\u00e3o, abertos, mobilidade reduzida e percurso Tur\u00edstico com partidas individualizadas com recurso \u00e0 esta\u00e7\u00e3o Start.<\/li>\n<li>O Ori-Fam\u00edlia com partida livre, numa janela de tempo identificada no programa.<\/li>\n<li>Polit\u00e9cnico de Leiria Orienta, partida em massa (simult\u00e2neo) no hor\u00e1rio definido no programa.<\/li>\n<\/ul>\n","protected":false},"excerpt":{"rendered":"<p>O 21.\u00ba Grande Pr\u00e9mio de Orienta\u00e7\u00e3o do Regimento de Artilharia n.\u00ba4 (RA4) integra-se nas comemora\u00e7\u00f5es do Dia da Unidade do\u00a0RA 4 de Leiria. O Grande Pr\u00e9mio (GP) \u00e9 constitu\u00eddo por duas etapas distintas de Orienta\u00e7\u00e3o Pedestre, englobadas no circuito Nacional Portugal City Race, onde ser\u00e3o apurados os vencedores de cada uma das etapas e os &hellip; <a href=\"http:\/\/eventos.coc.pt\/21gpra4\/\" class=\"more-link\">Continuar a ler <span class=\"screen-reader-text\">Apresenta\u00e7\u00e3o<\/span><\/a><\/p>\n","protected":false},"author":1,"featured_media":0,"parent":0,"menu_order":0,"comment_status":"closed","ping_status":"closed","template":"","meta":{"footnotes":""},"class_list":["post-395","page","type-page","status-publish","hentry"],"_links":{"self":[{"href":"http:\/\/eventos.coc.pt\/21gpra4\/wp-json\/wp\/v2\/pages\/395","targetHints":{"allow":["GET"]}}],"collection":[{"href":"http:\/\/eventos.coc.pt\/21gpra4\/wp-json\/wp\/v2\/pages"}],"about":[{"href":"http:\/\/eventos.coc.pt\/21gpra4\/wp-json\/wp\/v2\/types\/page"}],"author":[{"embeddable":true,"href":"http:\/\/eventos.coc.pt\/21gpra4\/wp-json\/wp\/v2\/users\/1"}],"replies":[{"embeddable":true,"href":"http:\/\/eventos.coc.pt\/21gpra4\/wp-json\/wp\/v2\/comments?post=395"}],"version-history":[{"count":5,"href":"http:\/\/eventos.coc.pt\/21gpra4\/wp-json\/wp\/v2\/pages\/395\/revisions"}],"predecessor-version":[{"id":479,"href":"http:\/\/eventos.coc.pt\/21gpra4\/wp-json\/wp\/v2\/pages\/395\/revisions\/479"}],"wp:attachment":[{"href":"http:\/\/eventos.coc.pt\/21gpra4\/wp-json\/wp\/v2\/media?parent=395"}],"curies":[{"name":"wp","href":"https:\/\/api.w.org\/{rel}","templated":true}]}}