{"id":4,"date":"2016-08-29T23:31:01","date_gmt":"2016-08-29T23:31:01","guid":{"rendered":"http:\/\/eventos.coc.pt\/piom2018\/?page_id=4"},"modified":"2019-05-22T12:31:08","modified_gmt":"2019-05-22T12:31:08","slug":"programa","status":"publish","type":"page","link":"http:\/\/eventos.coc.pt\/21gpra4\/programa\/","title":{"rendered":"Programa"},"content":{"rendered":"<p><strong>\u00a0Etapa 1 &#8211; Leiria<\/strong><\/p>\n<p>15:00 \u2013 Abertura do secretariado<\/p>\n<p>17:00 \u2013 In\u00edcio das partidas dos escal\u00f5es de competi\u00e7\u00e3o<\/p>\n<p>17:05 &#8211; In\u00edcio\u00a0da atividade Polit\u00e9cnico Orienta<\/p>\n<p>17:10 \u2013 In\u00edcio das partidas dos escal\u00f5es abertos, forma\u00e7\u00e3o, Tur\u00edstica e Mobilidade Reduzida com recurso \u00e0 esta\u00e7\u00e3o START<\/p>\n<p>17:15 \u2013 In\u00edcio das partidas da atividade Orienta\u00e7\u00e3o em Fam\u00edlia.<\/p>\n<p>18:30 \u2013 Encerramento das partidas dos escal\u00f5es abertos, da atividade de Orienta\u00e7\u00e3o em fam\u00edlia, Mobilidade Reduzida e Percurso Tur\u00edstico.<\/p>\n<p>19:30 \u2013 Entrega de pr\u00e9mios<\/p>\n<p><strong>Etapa 2 &#8211; Alcoba\u00e7a<\/strong><\/p>\n<p>08:30 \u2013 Abertura do secretariado<\/p>\n<p>09:30 \u2013 In\u00edcio das partidas dos escal\u00f5es de competi\u00e7\u00e3o<\/p>\n<p>09:40 \u2013 In\u00edcio das partidas dos escal\u00f5es abertos, forma\u00e7\u00e3o, Tur\u00edstica e Mobilidade Reduzida com recurso \u00e0 esta\u00e7\u00e3o START<\/p>\n<p>09:45 \u2013 In\u00edcio das partidas da atividade Orienta\u00e7\u00e3o em Fam\u00edlia.<\/p>\n<p>11:00 \u2013 Encerramento das partidas dos escal\u00f5es abertos, da atividade de Orienta\u00e7\u00e3o em fam\u00edlia, Mobilidade Reduzida e Percurso Tur\u00edstico.<\/p>\n<p>12:30 \u2013 Almo\u00e7o (oferta do RA4).<\/p>\n<p>13:30 \u2013 Entrega de pr\u00e9mios<\/p>\n","protected":false},"excerpt":{"rendered":"<p>\u00a0Etapa 1 &#8211; Leiria 15:00 \u2013 Abertura do secretariado 17:00 \u2013 In\u00edcio das partidas dos escal\u00f5es de competi\u00e7\u00e3o 17:05 &#8211; In\u00edcio\u00a0da atividade Polit\u00e9cnico Orienta 17:10 \u2013 In\u00edcio das partidas dos escal\u00f5es abertos, forma\u00e7\u00e3o, Tur\u00edstica e Mobilidade Reduzida com recurso \u00e0 esta\u00e7\u00e3o START 17:15 \u2013 In\u00edcio das partidas da atividade Orienta\u00e7\u00e3o em Fam\u00edlia. 18:30 \u2013 Encerramento &hellip; <a href=\"http:\/\/eventos.coc.pt\/21gpra4\/programa\/\" class=\"more-link\">Continuar a ler <span class=\"screen-reader-text\">Programa<\/span><\/a><\/p>\n","protected":false},"author":1,"featured_media":0,"parent":0,"menu_order":14,"comment_status":"closed","ping_status":"closed","template":"","meta":{"footnotes":""},"class_list":["post-4","page","type-page","status-publish","hentry"],"_links":{"self":[{"href":"http:\/\/eventos.coc.pt\/21gpra4\/wp-json\/wp\/v2\/pages\/4","targetHints":{"allow":["GET"]}}],"collection":[{"href":"http:\/\/eventos.coc.pt\/21gpra4\/wp-json\/wp\/v2\/pages"}],"about":[{"href":"http:\/\/eventos.coc.pt\/21gpra4\/wp-json\/wp\/v2\/types\/page"}],"author":[{"embeddable":true,"href":"http:\/\/eventos.coc.pt\/21gpra4\/wp-json\/wp\/v2\/users\/1"}],"replies":[{"embeddable":true,"href":"http:\/\/eventos.coc.pt\/21gpra4\/wp-json\/wp\/v2\/comments?post=4"}],"version-history":[{"count":6,"href":"http:\/\/eventos.coc.pt\/21gpra4\/wp-json\/wp\/v2\/pages\/4\/revisions"}],"predecessor-version":[{"id":476,"href":"http:\/\/eventos.coc.pt\/21gpra4\/wp-json\/wp\/v2\/pages\/4\/revisions\/476"}],"wp:attachment":[{"href":"http:\/\/eventos.coc.pt\/21gpra4\/wp-json\/wp\/v2\/media?parent=4"}],"curies":[{"name":"wp","href":"https:\/\/api.w.org\/{rel}","templated":true}]}}