{"id":11,"date":"2016-09-02T15:31:27","date_gmt":"2016-09-02T15:31:27","guid":{"rendered":"http:\/\/eventos.coc.pt\/piom2018\/?page_id=11"},"modified":"2021-09-29T21:34:32","modified_gmt":"2021-09-29T21:34:32","slug":"informacoes-gerais","status":"publish","type":"page","link":"http:\/\/eventos.coc.pt\/22gpra4\/informacoes-gerais\/","title":{"rendered":"Informa\u00e7\u00f5es Gerais"},"content":{"rendered":"<p><strong>Boletim:<\/strong><\/p>\n<p>Podem descarregar o boletim final ao clicar na imagem:<\/p>\n<p><a href=\"http:\/\/eventos.coc.pt\/22gpra4\/wp-content\/uploads\/sites\/24\/2021\/09\/22_GPRA4_Boletim_Final_01.pdf\"><img loading=\"lazy\" decoding=\"async\" class=\"aligncenter wp-image-762 size-full\" src=\"http:\/\/eventos.coc.pt\/22gpra4\/wp-content\/uploads\/sites\/24\/2021\/09\/Boletim.png\" alt=\"\" width=\"490\" height=\"747\" srcset=\"http:\/\/eventos.coc.pt\/22gpra4\/wp-content\/uploads\/sites\/24\/2021\/09\/Boletim.png 490w, http:\/\/eventos.coc.pt\/22gpra4\/wp-content\/uploads\/sites\/24\/2021\/09\/Boletim-197x300.png 197w\" sizes=\"auto, (max-width: 490px) 100vw, 490px\" \/><\/a><\/p>\n<p>&nbsp;<\/p>\n<p><iframe loading=\"lazy\" src=\"https:\/\/www.google.com\/maps\/d\/embed?mid=1ajSNF29ngsFNzVJDsuav61ebIdlSZ1g2\" width=\"640\" height=\"480\"><\/iframe><\/p>\n<p><strong>Estacionamento <\/strong><\/p>\n<p>Poder\u00e3o ser utilizados os v\u00e1rios parques de estacionamento urbanos de Monte Real e Leiria.<\/p>\n<p>Contudo as indica\u00e7\u00f5es para as Partidas ser\u00e3o fornecidas apenas e s\u00f3 a partir dos estacionamentos recomendados em Monte Real e Leiria no separador Localiza\u00e7\u00f5es.<\/p>\n<p>\u00c1reas de Servi\u00e7o para Autocaravanas<\/p>\n<p>&#8211; Praia da Vieira<\/p>\n<p>&#8211; Batalha<\/p>\n<p>&#8211; Porto de M\u00f3s<\/p>\n<p>&#8211; Parque Campismo Praia do Pedrog\u00e3o e Praia da Vieira<\/p>\n<p><strong>Pr\u00e9mios de Classifica\u00e7\u00e3o<\/strong><\/p>\n<p><strong>22.\u00ba GPRA4:<\/strong><\/p>\n<p><strong>Aos 3 primeiros classificados de cada escal\u00e3o de competi\u00e7\u00e3o.<\/strong><\/p>\n<p><strong>Aos 3 primeiros dos escal\u00f5es Abertos.<\/strong><\/p>\n<p><strong>A classifica\u00e7\u00e3o do 22.\u00baGPRA4 \u00e9 obtida pelo somat\u00f3rio dos pontos obtidos nas duas etapas.<\/strong><\/p>\n<p><strong>\u00c0s 3 primeiras equipas. <\/strong><\/p>\n<p><strong>Regulamento<\/strong><\/p>\n<p>A competi\u00e7\u00e3o rege-se pelo Regulamento de Competi\u00e7\u00f5es da FPO para a \u00e9poca de 2021. Em casos omissos no Regulamento de Competi\u00e7\u00f5es da FPO ser\u00e1 aplicado o regulamento da IOF.<\/p>\n<p>O Regulamento de Competi\u00e7\u00f5es pode ser consultado <a href=\"https:\/\/www.fpo.pt\/ficheiros\/Regulamentos\/2021\/Regulamento%20Competicoes%20Pedestre%202021%20e%202022.pdf\" target=\"_blank\" rel=\"noopener noreferrer\"><strong><span style=\"color: #0000ff;\">AQUI<\/span><\/strong><\/a><\/p>\n<p><strong>Tempos de partida e tempo m\u00e1ximo de prova<\/strong><\/p>\n<p>N\u00e3o haver\u00e1 altera\u00e7\u00e3o das horas de partida no pr\u00f3prio dia nos escal\u00f5es de competi\u00e7\u00e3o.<\/p>\n<p>Caso tenha necessidades especificas de hora de partida, deve referir essa necessidade quando efectuar a sua inscri\u00e7\u00e3o no campo observa\u00e7\u00f5es no OriOasis ou por mail <a href=\"mailto:info@coc.pt\">info@coc.pt<\/a>.<\/p>\n<p>Os Escal\u00f5es de Forma\u00e7\u00e3o (D\/H10 e D\/H12) e os escal\u00f5es Abertos, ter\u00e3o uma hora de partida indicativa, para que se distribuam pela janela de tempos de partida. Contudo, caso se atrasem, n\u00e3o ter\u00e3o qualquer penaliza\u00e7\u00e3o, pois as partidas ser\u00e3o sempre com a utiliza\u00e7\u00e3o de uma esta\u00e7\u00e3o \u201cSTART\u201d.<\/p>\n<p>O tempo limite para cada percurso \u00e9 de 00h50 (cinquenta minutos) para dist\u00e2ncia de Sprint.<\/p>\n<p><strong>Seguro<\/strong><\/p>\n<p>Atletas federados na Federa\u00e7\u00e3o Portuguesa de Orienta\u00e7\u00e3o (FPO) est\u00e3o cobertos pelo seguro da FPO.<\/p>\n<p>Os restantes atletas federados nas restantes federa\u00e7\u00f5es (membros da IOF) est\u00e3o cobertos por o seguro das respectivas federa\u00e7\u00f5es (Ap\u00f3lices FPO n\u00e3o cobrem estrangeiros n\u00e3o residentes em Portugal).<\/p>\n<p>Participantes nacionais n\u00e3o federados, estar\u00e3o cobertos pelo seguro da FPO, ap\u00f3lice de n\u00e3o federados.<\/p>\n<p>Qualquer acidente ou ocorr\u00eancia que suceda durante a execu\u00e7\u00e3o dos percursos \u00e9 da responsabilidade dos praticantes, em tudo o que exceda os riscos e valores cobertos pelo Seguro Desportivo e Seguro de Responsabilidade Civil do evento, constantes das respectivas ap\u00f3lices, negociadas pela FPO para a \u00e9poca em curso e constantes no seu site.<\/p>\n<p><strong>Mapas<\/strong><\/p>\n<p>N\u00e3o haver\u00e1 recolha de mapas no final de cada etapa. Apela-se ao Fair-Play de todos os atletas presentes.<\/p>\n<p><strong>Sinal\u00e9tica Suplementar<\/strong><\/p>\n<p>N\u00e3o haver\u00e1 sinal\u00e9tica suplementar dispon\u00edvel nas Partidas.<\/p>\n<p>A sinal\u00e9tica suplementar estar\u00e1 dispon\u00edvel no site da prova, at\u00e9 48 horas antes da primeira etapa, para que os atletas a possam descarregar, imprimir e usar no seu percurso.<\/p>\n<p>Contudo no mapa estar\u00e1 impressa a sinal\u00e9tica.<\/p>\n<p><strong>Banhos<\/strong><\/p>\n<p>A disponibiliza\u00e7\u00e3o deste servi\u00e7o est\u00e1 dependente da situa\u00e7\u00e3o pand\u00e9mica que estiver em vigor quando da realiza\u00e7\u00e3o da prova<\/p>\n<p>Na semana anterior \u00e0 prova ser\u00e1 feita a divulga\u00e7\u00e3o da disponibilidade deste servi\u00e7o.<\/p>\n<p><strong>WC:<\/strong><\/p>\n<p>N\u00e3o haver\u00e1 wc port\u00e1veis na zona do Secretariado e Partida. Os participantes devem fazer uso dos wc p\u00fablicos existentes na zona.<\/p>\n<p><strong>Etapa &#8211; Leiria \u2013 Est\u00e1dio Municipal de Leiria \u2013 Porta 2 <\/strong><\/p>\n<p>Coordenadas:\u00a0 39\u00b0 45.015&#8217;N ||\u00a0\u00a0\u00a0 8\u00b0 48.652&#8217;W \/\/\/\/\/39.750226\u00b0|| -8.810868\u00b0<\/p>\n<p><strong>Etapa &#8211; Monte Real \u2013 Campo de Futebol de Monte Real<\/strong><\/p>\n<p>Coordenadas: 39\u00b0 51.306&#8217;N ||\u00a0\u00a0 8\u00b0 51.842&#8217;W \/\/\/\/\/ 39.855111\u00b0 || -8.864037\u00b0<\/p>\n<p><strong>Peitoral <\/strong><\/p>\n<p>\u00c9 obrigat\u00f3rio o uso do peitoral da FPO, para os atletas federados, conforme regulamento em vigor.<\/p>\n<p>Atletas de outras federa\u00e7\u00f5es ou participantes n\u00e3o federados, est\u00e3o dispensados da utiliza\u00e7\u00e3o de peitoral, sendo a sua identifica\u00e7\u00e3o efectuada pelo SI Card.<\/p>\n<p><strong>Sistema de Controlo Eletr\u00f3nico<\/strong><\/p>\n<p>SPORTident (SI Card) ser\u00e1 o sistema de controlo eletr\u00f3nico utilizado nesta prova, estando tamb\u00e9m activo o modo contactless (SI-ActiveCard \u2013 SIAC).<\/p>\n<p><img loading=\"lazy\" decoding=\"async\" class=\"size-thumbnail wp-image-639 aligncenter\" src=\"http:\/\/eventos.coc.pt\/gpra4teste\/wp-content\/uploads\/sites\/24\/2021\/05\/SIAC-AIR-150x150.png\" alt=\"\" width=\"150\" height=\"150\" \/><\/p>\n<p>Cada atleta leva, al\u00e9m do mapa, um SI Card de controlo electr\u00f3nico.<\/p>\n<p>Ser\u00e1 atribu\u00eddo um SI Card a cada atleta.<\/p>\n<p><img loading=\"lazy\" decoding=\"async\" class=\"alignnone size-full wp-image-472 alignleft\" src=\"http:\/\/eventos.coc.pt\/22gpra4rogaine\/wp-content\/uploads\/sites\/18\/2020\/01\/Imagem1.jpg\" alt=\"\" width=\"180\" height=\"154\" \/> O SI Card \u00e9 um pequeno dispositivo que regista os tempos de passagem nos postos de controlo. Quando inserido na box ir\u00e1 emitir um som, cada atleta dever\u00e1 esperar o tempo necess\u00e1rio para obter a confirma\u00e7\u00e3o (sinal sonoro e\/ou luminoso).<\/p>\n<p><img loading=\"lazy\" decoding=\"async\" class=\"alignnone size-full wp-image-473 alignright\" src=\"http:\/\/eventos.coc.pt\/22gpra4rogaine\/wp-content\/uploads\/sites\/18\/2020\/01\/Imagem2.jpg\" alt=\"\" width=\"184\" height=\"219\" \/><\/p>\n<p>&nbsp;<\/p>\n<p style=\"text-align: right;\">No caso de falha do sistema SPORTident o atleta deve utilizar o alicate presente no suporte da \u201cbaliza\u201d prism\u00e1tica de cor laranja e branca e picotar no mapa, nas zonas R1, R2 e R3, registando a passagem no ponto de controlo.<\/p>\n<p>Os atletas t\u00eam de partir com o chip indicado na lista de partidas.<\/p>\n<p><strong>Aluguer de SI Card<\/strong><\/p>\n<p>O aluguer de um SI Card normal custa 1,50 \u20ac por dia\/prova, nos escal\u00f5es de Competi\u00e7\u00e3o, Forma\u00e7\u00e3o e Abertos. \u00a0Este ser\u00e1 o SI Card atribu\u00eddo pela organiza\u00e7\u00e3o quando o participante solicita aluguer.<\/p>\n<p>O aluguer do SIAC Air (para utiliza\u00e7\u00e3o do modo contactless) custa 3,00\u20ac; Este tipo de SI Card apenas \u00e9 recomendado a quem est\u00e1 em competi\u00e7\u00e3o. A Organiza\u00e7\u00e3o s\u00f3 atribuir\u00e1 este tipo de SI Card, a quem especificamente o solicite (custo superior).<\/p>\n<p>Caso o atleta, por qualquer motivo, mude de SI Card, \u00e9 obrigat\u00f3rio validar essa altera\u00e7\u00e3o junto do Secretariado antes da sua partida. Se o n\u00e3o fizer poder\u00e1 n\u00e3o ser classificado.<\/p>\n<p><strong>Seguran\u00e7a<\/strong><\/p>\n<p>A quase totalidade da prova desenrola-se em \u00e1reas urbana e com exist\u00eancia de tr\u00e1fego autom\u00f3vel, pelo que se recomenda especial cuidado nos atravessamentos das vias p\u00fablicas.<\/p>\n<p>Em caso de acidente durante os percursos use o contacto de emerg\u00eancia do Coordenador de Seguran\u00e7a que est\u00e1 impresso no mapa<\/p>\n<p><strong>Plano sanit\u00e1rio<\/strong><\/p>\n<p>Podem descarregar o plano sanit\u00e1rio <span style=\"color: #0000ff;\"><a style=\"color: #0000ff;\" href=\"http:\/\/eventos.coc.pt\/22gpra4\/wp-content\/uploads\/sites\/24\/2021\/09\/Plano-Contingencia_2021_09_29.pdf\">AQUI.<\/a><\/span><\/p>\n","protected":false},"excerpt":{"rendered":"<p>Boletim: Podem descarregar o boletim final ao clicar na imagem: &nbsp; Estacionamento Poder\u00e3o ser utilizados os v\u00e1rios parques de estacionamento urbanos de Monte Real e Leiria. Contudo as indica\u00e7\u00f5es para as Partidas ser\u00e3o fornecidas apenas e s\u00f3 a partir dos estacionamentos recomendados em Monte Real e Leiria no separador Localiza\u00e7\u00f5es. \u00c1reas de Servi\u00e7o para Autocaravanas &hellip; <a href=\"http:\/\/eventos.coc.pt\/22gpra4\/informacoes-gerais\/\" class=\"more-link\">Continuar a ler <span class=\"screen-reader-text\">Informa\u00e7\u00f5es Gerais<\/span><\/a><\/p>\n","protected":false},"author":1,"featured_media":0,"parent":0,"menu_order":13,"comment_status":"closed","ping_status":"closed","template":"","meta":{"footnotes":""},"class_list":["post-11","page","type-page","status-publish","hentry"],"_links":{"self":[{"href":"http:\/\/eventos.coc.pt\/22gpra4\/wp-json\/wp\/v2\/pages\/11","targetHints":{"allow":["GET"]}}],"collection":[{"href":"http:\/\/eventos.coc.pt\/22gpra4\/wp-json\/wp\/v2\/pages"}],"about":[{"href":"http:\/\/eventos.coc.pt\/22gpra4\/wp-json\/wp\/v2\/types\/page"}],"author":[{"embeddable":true,"href":"http:\/\/eventos.coc.pt\/22gpra4\/wp-json\/wp\/v2\/users\/1"}],"replies":[{"embeddable":true,"href":"http:\/\/eventos.coc.pt\/22gpra4\/wp-json\/wp\/v2\/comments?post=11"}],"version-history":[{"count":47,"href":"http:\/\/eventos.coc.pt\/22gpra4\/wp-json\/wp\/v2\/pages\/11\/revisions"}],"predecessor-version":[{"id":771,"href":"http:\/\/eventos.coc.pt\/22gpra4\/wp-json\/wp\/v2\/pages\/11\/revisions\/771"}],"wp:attachment":[{"href":"http:\/\/eventos.coc.pt\/22gpra4\/wp-json\/wp\/v2\/media?parent=11"}],"curies":[{"name":"wp","href":"https:\/\/api.w.org\/{rel}","templated":true}]}}