{"id":13,"date":"2016-09-02T15:31:49","date_gmt":"2016-09-02T15:31:49","guid":{"rendered":"http:\/\/eventos.coc.pt\/piom2018\/?page_id=13"},"modified":"2021-09-27T21:08:56","modified_gmt":"2021-09-27T21:08:56","slug":"informacoes-tecnicas","status":"publish","type":"page","link":"http:\/\/eventos.coc.pt\/22gpra4\/informacoes-tecnicas\/","title":{"rendered":"Informa\u00e7\u00f5es T\u00e9cnicas"},"content":{"rendered":"<p><strong>Sinal\u00e9ticas:<\/strong><\/p>\n<p>Podem descarregar as sinal\u00e9ticas ao clicar na imagem:<\/p>\n<p><a href=\"http:\/\/eventos.coc.pt\/22gpra4\/wp-content\/uploads\/sites\/24\/2021\/09\/Sinaletica-RA4_2021.pdf\"><img loading=\"lazy\" decoding=\"async\" class=\"aligncenter wp-image-764 size-full\" src=\"http:\/\/eventos.coc.pt\/22gpra4\/wp-content\/uploads\/sites\/24\/2021\/09\/sinaletica.png\" alt=\"\" width=\"737\" height=\"811\" srcset=\"http:\/\/eventos.coc.pt\/22gpra4\/wp-content\/uploads\/sites\/24\/2021\/09\/sinaletica.png 737w, http:\/\/eventos.coc.pt\/22gpra4\/wp-content\/uploads\/sites\/24\/2021\/09\/sinaletica-273x300.png 273w\" sizes=\"auto, (max-width: 737px) 100vw, 737px\" \/><\/a><\/p>\n<p><strong>Etapa \u2013 Monte Real<\/strong><\/p>\n<p><strong>Cartografo: Rui Antunes<\/strong><\/p>\n<p><strong>Tra\u00e7ador de Percursos: Carlos Monteiro e Duarte Santo<\/strong><\/p>\n<p><strong><u>MAPAS \/ TERRENO<\/u><\/strong><\/p>\n<p>Mapa de Monte Real \u2013 Cartografado e desenhado para a disciplina Sprint segundo norma ISSprOM 2019<\/p>\n<p>Trabalho de campo e desenho OCAD de Abril\/Maio de 2021.<\/p>\n<p>Escala do mapa: 1:4.000 escal\u00f5es de competi\u00e7\u00e3o, forma\u00e7\u00e3o e abertos.<\/p>\n<p>Equidist\u00e2ncia: 2,5 mts<\/p>\n<p>Zona urbana com rendilhado habitacional, algumas zonas verdes e parques, com pouco declive.<\/p>\n<p style=\"text-align: left;\"><img loading=\"lazy\" decoding=\"async\" class=\"alignleft wp-image-709 size-medium\" src=\"http:\/\/eventos.coc.pt\/22gpra4\/wp-content\/uploads\/sites\/24\/2021\/06\/Monte-Real-1-300x217.jpg\" alt=\"\" width=\"300\" height=\"217\" srcset=\"http:\/\/eventos.coc.pt\/22gpra4\/wp-content\/uploads\/sites\/24\/2021\/06\/Monte-Real-1-300x217.jpg 300w, http:\/\/eventos.coc.pt\/22gpra4\/wp-content\/uploads\/sites\/24\/2021\/06\/Monte-Real-1-1024x740.jpg 1024w, http:\/\/eventos.coc.pt\/22gpra4\/wp-content\/uploads\/sites\/24\/2021\/06\/Monte-Real-1-768x555.jpg 768w, http:\/\/eventos.coc.pt\/22gpra4\/wp-content\/uploads\/sites\/24\/2021\/06\/Monte-Real-1-1536x1111.jpg 1536w, http:\/\/eventos.coc.pt\/22gpra4\/wp-content\/uploads\/sites\/24\/2021\/06\/Monte-Real-1.jpg 1690w\" sizes=\"auto, (max-width: 300px) 100vw, 300px\" \/><img loading=\"lazy\" decoding=\"async\" class=\"alignright wp-image-710 size-medium\" src=\"http:\/\/eventos.coc.pt\/22gpra4\/wp-content\/uploads\/sites\/24\/2021\/06\/Monte-Real-2-300x217.jpg\" alt=\"\" width=\"300\" height=\"217\" srcset=\"http:\/\/eventos.coc.pt\/22gpra4\/wp-content\/uploads\/sites\/24\/2021\/06\/Monte-Real-2-300x217.jpg 300w, http:\/\/eventos.coc.pt\/22gpra4\/wp-content\/uploads\/sites\/24\/2021\/06\/Monte-Real-2-768x555.jpg 768w, http:\/\/eventos.coc.pt\/22gpra4\/wp-content\/uploads\/sites\/24\/2021\/06\/Monte-Real-2.jpg 845w\" sizes=\"auto, (max-width: 300px) 100vw, 300px\" \/><\/p>\n<p>&nbsp;<\/p>\n<p>&nbsp;<\/p>\n<p>&nbsp;<\/p>\n<p>&nbsp;<\/p>\n<p>&nbsp;<\/p>\n<p><img loading=\"lazy\" decoding=\"async\" class=\"alignleft wp-image-747 size-full\" src=\"http:\/\/eventos.coc.pt\/22gpra4\/wp-content\/uploads\/sites\/24\/2021\/09\/InfTecMonteReal_02.png\" alt=\"\" width=\"715\" height=\"837\" srcset=\"http:\/\/eventos.coc.pt\/22gpra4\/wp-content\/uploads\/sites\/24\/2021\/09\/InfTecMonteReal_02.png 715w, http:\/\/eventos.coc.pt\/22gpra4\/wp-content\/uploads\/sites\/24\/2021\/09\/InfTecMonteReal_02-256x300.png 256w\" sizes=\"auto, (max-width: 715px) 100vw, 715px\" \/><\/p>\n<p><strong>Etapa \u2013 Leiria<\/strong><\/p>\n<p><strong>Cartografo: Rui Antunes<\/strong><\/p>\n<p><strong>Tra\u00e7ador de Percursos: Duarte Santo e Carlos Monteiro<\/strong><\/p>\n<p><strong><u>MAPAS \/ TERRENO<\/u><\/strong><\/p>\n<p>Mapa de Leiria \u2013 Cartografado e desenhado para a disciplina Sprint segundo norma ISSprOM 2019<\/p>\n<p>Trabalho de campo e desenho OCAD de Maio de 2021.<\/p>\n<p>Escala do mapa: 1:4.000 escal\u00f5es de competi\u00e7\u00e3o, forma\u00e7\u00e3o e abertos.<\/p>\n<p>Equidist\u00e2ncia: 2,5 mts<\/p>\n<p>Zona urbana com rendilhado habitacional, jardins e algum declive<\/p>\n<p><img loading=\"lazy\" decoding=\"async\" class=\"alignleft wp-image-712 size-medium\" src=\"http:\/\/eventos.coc.pt\/22gpra4\/wp-content\/uploads\/sites\/24\/2021\/06\/Leiria-1-300x210.jpg\" alt=\"\" width=\"300\" height=\"210\" srcset=\"http:\/\/eventos.coc.pt\/22gpra4\/wp-content\/uploads\/sites\/24\/2021\/06\/Leiria-1-300x210.jpg 300w, http:\/\/eventos.coc.pt\/22gpra4\/wp-content\/uploads\/sites\/24\/2021\/06\/Leiria-1-1024x717.jpg 1024w, http:\/\/eventos.coc.pt\/22gpra4\/wp-content\/uploads\/sites\/24\/2021\/06\/Leiria-1-768x537.jpg 768w, http:\/\/eventos.coc.pt\/22gpra4\/wp-content\/uploads\/sites\/24\/2021\/06\/Leiria-1-1536x1075.jpg 1536w, http:\/\/eventos.coc.pt\/22gpra4\/wp-content\/uploads\/sites\/24\/2021\/06\/Leiria-1.jpg 1755w\" sizes=\"auto, (max-width: 300px) 100vw, 300px\" \/><\/p>\n<p><img loading=\"lazy\" decoding=\"async\" class=\"alignright wp-image-711 size-medium\" src=\"http:\/\/eventos.coc.pt\/22gpra4\/wp-content\/uploads\/sites\/24\/2021\/06\/Leiria-300x210.jpg\" alt=\"\" width=\"300\" height=\"210\" srcset=\"http:\/\/eventos.coc.pt\/22gpra4\/wp-content\/uploads\/sites\/24\/2021\/06\/Leiria-300x210.jpg 300w, http:\/\/eventos.coc.pt\/22gpra4\/wp-content\/uploads\/sites\/24\/2021\/06\/Leiria-1024x717.jpg 1024w, http:\/\/eventos.coc.pt\/22gpra4\/wp-content\/uploads\/sites\/24\/2021\/06\/Leiria-768x537.jpg 768w, http:\/\/eventos.coc.pt\/22gpra4\/wp-content\/uploads\/sites\/24\/2021\/06\/Leiria-1536x1075.jpg 1536w, http:\/\/eventos.coc.pt\/22gpra4\/wp-content\/uploads\/sites\/24\/2021\/06\/Leiria.jpg 1755w\" sizes=\"auto, (max-width: 300px) 100vw, 300px\" \/><\/p>\n<p>&nbsp;<\/p>\n<p>&nbsp;<\/p>\n<p>&nbsp;<\/p>\n<p>&nbsp;<\/p>\n<p>&nbsp;<\/p>\n<p><img loading=\"lazy\" decoding=\"async\" class=\"alignleft wp-image-746 size-full\" src=\"http:\/\/eventos.coc.pt\/22gpra4\/wp-content\/uploads\/sites\/24\/2021\/09\/InfTecLeiria_02.png\" alt=\"\" width=\"713\" height=\"837\" srcset=\"http:\/\/eventos.coc.pt\/22gpra4\/wp-content\/uploads\/sites\/24\/2021\/09\/InfTecLeiria_02.png 713w, http:\/\/eventos.coc.pt\/22gpra4\/wp-content\/uploads\/sites\/24\/2021\/09\/InfTecLeiria_02-256x300.png 256w\" sizes=\"auto, (max-width: 713px) 100vw, 713px\" \/><\/p>\n<p>&nbsp;<\/p>\n<p><strong>Mapa antigo de Leiria &#8211; Vers\u00e3o utilizada no City Race de 2019<\/strong><\/p>\n<p><img loading=\"lazy\" decoding=\"async\" class=\"aligncenter wp-image-641 size-full\" src=\"http:\/\/eventos.coc.pt\/gpra4teste\/wp-content\/uploads\/sites\/24\/2021\/05\/OldMap.jpg\" alt=\"\" width=\"1124\" height=\"1262\" srcset=\"http:\/\/eventos.coc.pt\/22gpra4\/wp-content\/uploads\/sites\/24\/2021\/05\/OldMap.jpg 1124w, http:\/\/eventos.coc.pt\/22gpra4\/wp-content\/uploads\/sites\/24\/2021\/05\/OldMap-267x300.jpg 267w, http:\/\/eventos.coc.pt\/22gpra4\/wp-content\/uploads\/sites\/24\/2021\/05\/OldMap-912x1024.jpg 912w, http:\/\/eventos.coc.pt\/22gpra4\/wp-content\/uploads\/sites\/24\/2021\/05\/OldMap-768x862.jpg 768w\" sizes=\"auto, (max-width: 1124px) 100vw, 1124px\" \/><\/p>\n<p>&nbsp;<\/p>\n<p><strong>Sinal\u00e9tica Suplementar<\/strong><\/p>\n<p>N\u00e3o haver\u00e1 sinal\u00e9tica suplementar dispon\u00edvel nas Partidas.<\/p>\n<p>A sinal\u00e9tica suplementar estar\u00e1 dispon\u00edvel no site da prova, at\u00e9 48 horas antes da primeira etapa, para que os atletas a possam descarregar, imprimir e usar no seu percurso.<\/p>\n<p>Contudo no mapa estar\u00e1 impressa a sinal\u00e9tica.<\/p>\n","protected":false},"excerpt":{"rendered":"<p>Sinal\u00e9ticas: Podem descarregar as sinal\u00e9ticas ao clicar na imagem: Etapa \u2013 Monte Real Cartografo: Rui Antunes Tra\u00e7ador de Percursos: Carlos Monteiro e Duarte Santo MAPAS \/ TERRENO Mapa de Monte Real \u2013 Cartografado e desenhado para a disciplina Sprint segundo norma ISSprOM 2019 Trabalho de campo e desenho OCAD de Abril\/Maio de 2021. Escala do &hellip; <a href=\"http:\/\/eventos.coc.pt\/22gpra4\/informacoes-tecnicas\/\" class=\"more-link\">Continuar a ler <span class=\"screen-reader-text\">Informa\u00e7\u00f5es T\u00e9cnicas<\/span><\/a><\/p>\n","protected":false},"author":1,"featured_media":0,"parent":0,"menu_order":12,"comment_status":"closed","ping_status":"closed","template":"","meta":{"footnotes":""},"class_list":["post-13","page","type-page","status-publish","hentry"],"_links":{"self":[{"href":"http:\/\/eventos.coc.pt\/22gpra4\/wp-json\/wp\/v2\/pages\/13","targetHints":{"allow":["GET"]}}],"collection":[{"href":"http:\/\/eventos.coc.pt\/22gpra4\/wp-json\/wp\/v2\/pages"}],"about":[{"href":"http:\/\/eventos.coc.pt\/22gpra4\/wp-json\/wp\/v2\/types\/page"}],"author":[{"embeddable":true,"href":"http:\/\/eventos.coc.pt\/22gpra4\/wp-json\/wp\/v2\/users\/1"}],"replies":[{"embeddable":true,"href":"http:\/\/eventos.coc.pt\/22gpra4\/wp-json\/wp\/v2\/comments?post=13"}],"version-history":[{"count":40,"href":"http:\/\/eventos.coc.pt\/22gpra4\/wp-json\/wp\/v2\/pages\/13\/revisions"}],"predecessor-version":[{"id":765,"href":"http:\/\/eventos.coc.pt\/22gpra4\/wp-json\/wp\/v2\/pages\/13\/revisions\/765"}],"wp:attachment":[{"href":"http:\/\/eventos.coc.pt\/22gpra4\/wp-json\/wp\/v2\/media?parent=13"}],"curies":[{"name":"wp","href":"https:\/\/api.w.org\/{rel}","templated":true}]}}