{"id":15,"date":"2016-09-02T15:32:07","date_gmt":"2016-09-02T15:32:07","guid":{"rendered":"http:\/\/eventos.coc.pt\/piom2018\/?page_id=15"},"modified":"2021-07-21T20:10:04","modified_gmt":"2021-07-21T20:10:04","slug":"escaloes","status":"publish","type":"page","link":"http:\/\/eventos.coc.pt\/22gpra4\/escaloes\/","title":{"rendered":"Escal\u00f5es"},"content":{"rendered":"<p style=\"text-align: center;\"><img loading=\"lazy\" decoding=\"async\" class=\"aligncenter wp-image-735 size-full\" src=\"http:\/\/eventos.coc.pt\/22gpra4\/wp-content\/uploads\/sites\/24\/2021\/07\/EscaloesCompeticao_01.png\" alt=\"\" width=\"744\" height=\"786\" srcset=\"http:\/\/eventos.coc.pt\/22gpra4\/wp-content\/uploads\/sites\/24\/2021\/07\/EscaloesCompeticao_01.png 744w, http:\/\/eventos.coc.pt\/22gpra4\/wp-content\/uploads\/sites\/24\/2021\/07\/EscaloesCompeticao_01-284x300.png 284w\" sizes=\"auto, (max-width: 744px) 100vw, 744px\" \/><\/p>\n<p>Os escal\u00f5es abertos permitem a participa\u00e7\u00e3o individual a pares ou em grupos. A participa\u00e7\u00e3o em pares ou em grupos deve levar em conta as recomenda\u00e7\u00f5es da DGS em vigor a data face \u00e1 pandemia.<\/p>\n<p>Para tirar proveito da participa\u00e7\u00e3o em grupo, aconselhamos grupos de 2 a 3 elementos. Cada elemento do grupo leva um mapa, sendo atribu\u00eddo um SICard a cada grupo. (SICard \u00e9 um chip onde se regista a passagem pelos pontos de controlo).<\/p>\n","protected":false},"excerpt":{"rendered":"<p>Os escal\u00f5es abertos permitem a participa\u00e7\u00e3o individual a pares ou em grupos. A participa\u00e7\u00e3o em pares ou em grupos deve levar em conta as recomenda\u00e7\u00f5es da DGS em vigor a data face \u00e1 pandemia. Para tirar proveito da participa\u00e7\u00e3o em grupo, aconselhamos grupos de 2 a 3 elementos. Cada elemento do grupo leva um mapa, &hellip; <a href=\"http:\/\/eventos.coc.pt\/22gpra4\/escaloes\/\" class=\"more-link\">Continuar a ler <span class=\"screen-reader-text\">Escal\u00f5es<\/span><\/a><\/p>\n","protected":false},"author":1,"featured_media":0,"parent":0,"menu_order":11,"comment_status":"closed","ping_status":"closed","template":"","meta":{"footnotes":""},"class_list":["post-15","page","type-page","status-publish","hentry"],"_links":{"self":[{"href":"http:\/\/eventos.coc.pt\/22gpra4\/wp-json\/wp\/v2\/pages\/15","targetHints":{"allow":["GET"]}}],"collection":[{"href":"http:\/\/eventos.coc.pt\/22gpra4\/wp-json\/wp\/v2\/pages"}],"about":[{"href":"http:\/\/eventos.coc.pt\/22gpra4\/wp-json\/wp\/v2\/types\/page"}],"author":[{"embeddable":true,"href":"http:\/\/eventos.coc.pt\/22gpra4\/wp-json\/wp\/v2\/users\/1"}],"replies":[{"embeddable":true,"href":"http:\/\/eventos.coc.pt\/22gpra4\/wp-json\/wp\/v2\/comments?post=15"}],"version-history":[{"count":23,"href":"http:\/\/eventos.coc.pt\/22gpra4\/wp-json\/wp\/v2\/pages\/15\/revisions"}],"predecessor-version":[{"id":736,"href":"http:\/\/eventos.coc.pt\/22gpra4\/wp-json\/wp\/v2\/pages\/15\/revisions\/736"}],"wp:attachment":[{"href":"http:\/\/eventos.coc.pt\/22gpra4\/wp-json\/wp\/v2\/media?parent=15"}],"curies":[{"name":"wp","href":"https:\/\/api.w.org\/{rel}","templated":true}]}}