{"id":19,"date":"2016-09-02T15:32:36","date_gmt":"2016-09-02T15:32:36","guid":{"rendered":"http:\/\/eventos.coc.pt\/piom2018\/?page_id=19"},"modified":"2021-09-26T15:34:21","modified_gmt":"2021-09-26T15:34:21","slug":"localizacao","status":"publish","type":"page","link":"http:\/\/eventos.coc.pt\/22gpra4\/localizacao\/","title":{"rendered":"Localiza\u00e7\u00e3o"},"content":{"rendered":"<p><strong>Etapa &#8211; Leiria<\/strong><\/p>\n<p><strong>Estacionamento Recomendado<\/strong><\/p>\n<p><strong>Parque de Estacionamento na Rua Afonso Lopes Vieira (Nas imedia\u00e7\u00f5es do Liceu, IPL e EB 2,3 D. Dinis \u2013 Estrada Sul de Leiria a partir da A19 &#8211; IC1) <\/strong><\/p>\n<p>Coordenadas: 39.740169, -8.812581<\/p>\n<p>Apenas haver\u00e1 sinaliza\u00e7\u00e3o a partir deste estacionamento recomendado para as Partidas\/Secretariado.<\/p>\n<p>Decorrente da situa\u00e7\u00e3o pand\u00e9mica, recomenda-se que os participantes se desloquem das suas viaturas devidamente equipados e prontos para correr, para as Partidas, pr\u00f3ximo da sua hora de prova, lembrando que haver\u00e1 uma pr\u00e9 partida ao minuto -4<\/p>\n<p>O Secretariado e a Partida distam cerca de 300 a 400 mts dos estacionamentos recomendados (4 a 8 minutos a p\u00e9).<\/p>\n<p>A cerca de 200 mts da Partida no Centro Comercial Plaza estar\u00e3o dispon\u00edveis wc-sanit\u00e1rios, n\u00e3o havendo sanit\u00e1rios port\u00e1teis na zona da Partida.<\/p>\n<p><strong><u>Arena<\/u><\/strong><strong>: Pra\u00e7a Paulo VI &#8211; Leiria<\/strong><\/p>\n<p>Coordenadas:\u00a0 39.744976,\u00a0 -8.805942<\/p>\n<p>Servi\u00e7os a funcionar na Arena:<\/p>\n<ul>\n<li style=\"list-style-type: none;\">\n<ul>\n<li>WCs;<\/li>\n<li><em>Primeiros socorros<\/em>;<\/li>\n<li>Chegadas<\/li>\n<li>Entrega de pr\u00e9mios;<\/li>\n<\/ul>\n<\/li>\n<\/ul>\n<p><strong><u>Banhos<\/u><\/strong><strong>: <\/strong><\/p>\n<p>A disponibiliza\u00e7\u00e3o deste servi\u00e7o est\u00e1 dependente da situa\u00e7\u00e3o pand\u00e9mica que estiver em vigor quando da realiza\u00e7\u00e3o da prova<\/p>\n<p>Na semana anterior \u00e0 prova ser\u00e1 feita a divulga\u00e7\u00e3o da disponibilidade deste servi\u00e7o.<\/p>\n<p><strong>Etapa &#8211; Leiria \u2013 Est\u00e1dio Municipal de Leiria \u2013 Porta 2 <\/strong><\/p>\n<p>Coordenadas:\u00a0 39.750226\u00ba, -8.810868\u00b0<\/p>\n<p>&nbsp;<\/p>\n<p><strong>Etapa &#8211; Monte Real<\/strong><\/p>\n<p><strong>Estacionamento recomendado<\/strong><\/p>\n<p>Vindo da A17 ou EN 109 pela ER349, na rotunda de entrada em Monte Real junto bombas de combust\u00edvel da Galp<\/p>\n<p>Coordenadas: 39.852113\u00ba,\u00a0 -8.853651\u00ba<\/p>\n<p>O Secretariado e Partida (minuto -8) est\u00e3o localizados na zona do estacionamento recomendado junto ao posto de abastecimento da GALP.<\/p>\n<p>Decorrente da situa\u00e7\u00e3o pand\u00e9mica, recomenda-se que os participantes se desloquem das suas viaturas devidamente equipados e prontos para correr para as Partidas, pr\u00f3ximo da sua hora de prova, lembrando que haver\u00e1 uma pr\u00e9 partida ao minuto -8<\/p>\n<p><strong><u>Arena\/Chegadas<\/u><\/strong><strong>: <\/strong>Parque Ol\u00edmpio Duarte Alves.<\/p>\n<p>Coordenadas: 39.735423 -8.689151<\/p>\n<p>Servi\u00e7os a funcionar na Arena\/Chegadas:<\/p>\n<ul>\n<li style=\"list-style-type: none;\">\n<ul>\n<li>WCs;<\/li>\n<li><em>Primeiros socorros<\/em>;<\/li>\n<li>Chegadas<\/li>\n<\/ul>\n<\/li>\n<\/ul>\n<p><strong><u>Banhos<\/u><\/strong><strong>: <\/strong><\/p>\n<p>A disponibiliza\u00e7\u00e3o deste servi\u00e7o est\u00e1 dependente da situa\u00e7\u00e3o pand\u00e9mica que estiver em vigor quando da realiza\u00e7\u00e3o da prova<\/p>\n<p>Na semana anterior \u00e0 prova ser\u00e1 feita a divulga\u00e7\u00e3o da disponibilidade deste servi\u00e7o.<\/p>\n<p><strong>Etapa &#8211; Monte Real \u2013 Campo de Futebol de Monte Real<\/strong><\/p>\n<p>Coordenadas: 39.855111\u00b0, -8.864037\u00b0<\/p>\n<p><iframe loading=\"lazy\" src=\"https:\/\/www.google.com\/maps\/d\/embed?mid=1ajSNF29ngsFNzVJDsuav61ebIdlSZ1g2\" width=\"640\" height=\"480\"><\/iframe><\/p>\n","protected":false},"excerpt":{"rendered":"<p>Etapa &#8211; Leiria Estacionamento Recomendado Parque de Estacionamento na Rua Afonso Lopes Vieira (Nas imedia\u00e7\u00f5es do Liceu, IPL e EB 2,3 D. Dinis \u2013 Estrada Sul de Leiria a partir da A19 &#8211; IC1) Coordenadas: 39.740169, -8.812581 Apenas haver\u00e1 sinaliza\u00e7\u00e3o a partir deste estacionamento recomendado para as Partidas\/Secretariado. Decorrente da situa\u00e7\u00e3o pand\u00e9mica, recomenda-se que os &hellip; <a href=\"http:\/\/eventos.coc.pt\/22gpra4\/localizacao\/\" class=\"more-link\">Continuar a ler <span class=\"screen-reader-text\">Localiza\u00e7\u00e3o<\/span><\/a><\/p>\n","protected":false},"author":1,"featured_media":0,"parent":0,"menu_order":9,"comment_status":"closed","ping_status":"closed","template":"","meta":{"footnotes":""},"class_list":["post-19","page","type-page","status-publish","hentry"],"_links":{"self":[{"href":"http:\/\/eventos.coc.pt\/22gpra4\/wp-json\/wp\/v2\/pages\/19","targetHints":{"allow":["GET"]}}],"collection":[{"href":"http:\/\/eventos.coc.pt\/22gpra4\/wp-json\/wp\/v2\/pages"}],"about":[{"href":"http:\/\/eventos.coc.pt\/22gpra4\/wp-json\/wp\/v2\/types\/page"}],"author":[{"embeddable":true,"href":"http:\/\/eventos.coc.pt\/22gpra4\/wp-json\/wp\/v2\/users\/1"}],"replies":[{"embeddable":true,"href":"http:\/\/eventos.coc.pt\/22gpra4\/wp-json\/wp\/v2\/comments?post=19"}],"version-history":[{"count":38,"href":"http:\/\/eventos.coc.pt\/22gpra4\/wp-json\/wp\/v2\/pages\/19\/revisions"}],"predecessor-version":[{"id":758,"href":"http:\/\/eventos.coc.pt\/22gpra4\/wp-json\/wp\/v2\/pages\/19\/revisions\/758"}],"wp:attachment":[{"href":"http:\/\/eventos.coc.pt\/22gpra4\/wp-json\/wp\/v2\/media?parent=19"}],"curies":[{"name":"wp","href":"https:\/\/api.w.org\/{rel}","templated":true}]}}