{"id":21,"date":"2016-09-02T15:32:45","date_gmt":"2016-09-02T15:32:45","guid":{"rendered":"http:\/\/eventos.coc.pt\/piom2018\/?page_id=21"},"modified":"2021-07-21T20:34:39","modified_gmt":"2021-07-21T20:34:39","slug":"organizacao","status":"publish","type":"page","link":"http:\/\/eventos.coc.pt\/22gpra4\/organizacao\/","title":{"rendered":"Organiza\u00e7\u00e3o"},"content":{"rendered":"<p><strong>COC &#8211; Clube de Orienta\u00e7\u00e3o do Centro <\/strong><\/p>\n<p><strong>RA4 &#8211; Regimento de Artilharia N\u00ba 4 <\/strong><\/p>\n<p><strong>FPO &#8211; Federa\u00e7\u00e3o Portuguesa de Orienta\u00e7\u00e3o <\/strong><\/p>\n<p><strong>Director do Evento:<\/strong><\/p>\n<p>Jos\u00e9 Bolr\u00e3o FPO 4656<\/p>\n<p><strong>Director adjunto:<\/strong><\/p>\n<p>Duarte Santo FPO 2703<\/p>\n<p><strong>Supervisor FPO:<\/strong><\/p>\n<p>Jorge Elias FPO 1375<\/p>\n<p>&nbsp;<\/p>\n<p><strong>A<\/strong><strong>poios:<\/strong><\/p>\n<p>Camara Municipal de Leiria<\/p>\n<p>Associa\u00e7\u00e3o de Turismo de Monte Real<\/p>\n<p>Uni\u00e3o das Freguesias de Monte Real e Carvide<\/p>\n<p>&nbsp;<\/p>\n","protected":false},"excerpt":{"rendered":"<p>COC &#8211; Clube de Orienta\u00e7\u00e3o do Centro RA4 &#8211; Regimento de Artilharia N\u00ba 4 FPO &#8211; Federa\u00e7\u00e3o Portuguesa de Orienta\u00e7\u00e3o Director do Evento: Jos\u00e9 Bolr\u00e3o FPO 4656 Director adjunto: Duarte Santo FPO 2703 Supervisor FPO: Jorge Elias FPO 1375 &nbsp; Apoios: Camara Municipal de Leiria Associa\u00e7\u00e3o de Turismo de Monte Real Uni\u00e3o das Freguesias de &hellip; <a href=\"http:\/\/eventos.coc.pt\/22gpra4\/organizacao\/\" class=\"more-link\">Continuar a ler <span class=\"screen-reader-text\">Organiza\u00e7\u00e3o<\/span><\/a><\/p>\n","protected":false},"author":1,"featured_media":0,"parent":0,"menu_order":8,"comment_status":"closed","ping_status":"closed","template":"","meta":{"footnotes":""},"class_list":["post-21","page","type-page","status-publish","hentry"],"_links":{"self":[{"href":"http:\/\/eventos.coc.pt\/22gpra4\/wp-json\/wp\/v2\/pages\/21","targetHints":{"allow":["GET"]}}],"collection":[{"href":"http:\/\/eventos.coc.pt\/22gpra4\/wp-json\/wp\/v2\/pages"}],"about":[{"href":"http:\/\/eventos.coc.pt\/22gpra4\/wp-json\/wp\/v2\/types\/page"}],"author":[{"embeddable":true,"href":"http:\/\/eventos.coc.pt\/22gpra4\/wp-json\/wp\/v2\/users\/1"}],"replies":[{"embeddable":true,"href":"http:\/\/eventos.coc.pt\/22gpra4\/wp-json\/wp\/v2\/comments?post=21"}],"version-history":[{"count":16,"href":"http:\/\/eventos.coc.pt\/22gpra4\/wp-json\/wp\/v2\/pages\/21\/revisions"}],"predecessor-version":[{"id":740,"href":"http:\/\/eventos.coc.pt\/22gpra4\/wp-json\/wp\/v2\/pages\/21\/revisions\/740"}],"wp:attachment":[{"href":"http:\/\/eventos.coc.pt\/22gpra4\/wp-json\/wp\/v2\/media?parent=21"}],"curies":[{"name":"wp","href":"https:\/\/api.w.org\/{rel}","templated":true}]}}