{"id":379,"date":"2020-01-13T22:29:28","date_gmt":"2020-01-13T22:29:28","guid":{"rendered":"http:\/\/eventos.coc.pt\/gpra4testerogaine\/?page_id=379"},"modified":"2021-09-24T12:55:24","modified_gmt":"2021-09-24T12:55:24","slug":"apresentacao","status":"publish","type":"page","link":"http:\/\/eventos.coc.pt\/22gpra4\/apresentacao\/","title":{"rendered":"Apresenta\u00e7\u00e3o"},"content":{"rendered":"<p><strong>COVID 19<\/strong><\/p>\n<p>Em virtude da <strong>PANDEMIA COVID-19<\/strong> que assola o mundo inteiro e, por conseguinte, o nosso pa\u00eds e a nossa regi\u00e3o, torna-se necess\u00e1rio adaptar procedimentos relacionados com a organiza\u00e7\u00e3o da pr\u00f3pria prova, pelo que se recomenda a leitura cuidada das Informa\u00e7\u00f5es Gerais da prova e do documento <strong>\u201cGUIA DE BOAS NORMAS \u2013 PANDEMIA COVID 19\u201d <\/strong>dispon\u00edvel no link abaixo<\/p>\n<p><a href=\"https:\/\/fpo.pt\/ficheiros\/Manual%20Especifico%20de%20competio.pdf\"><strong>https:\/\/fpo.pt\/ficheiros\/Manual%20Especifico%20de%20competio.pdf<\/strong><\/a><\/p>\n<p>Na \u00faltima quarta-feira que antecede a prova (72 horas antes do evento) neste mesmo site ser\u00e1 divulgado o documento <strong>\u201cAVALIA\u00c7\u00c3O DE RISCO DA COMPETI\u00c7\u00c3O\u201d<\/strong> com base nas normas definidas pela DGS e em vigor na data da sua publica\u00e7\u00e3o, sendo um documento de leitura obrigat\u00f3ria por todos os participantes.<\/p>\n<p><strong>EVENTO<\/strong><\/p>\n<p>O 22.\u00ba Grande Pr\u00e9mio do Regimento de Artilharia N\u00ba4 (RA4) \u00e9 uma prova Orienta\u00e7\u00e3o Pedestre na vertente de sprint, <strong>constitu\u00edda por duas etapas<\/strong>\u00a0a pontuar para <strong>Ta\u00e7a de Portugal de Sprint 2021<\/strong>, que se disputar\u00e1 sob a responsabilidade da Federa\u00e7\u00e3o Portuguesa de Orienta\u00e7\u00e3o (FPO) e resulta de uma parceria organizativa entre o Regimento de Artilharia N\u00ba 4 (RA4) e o Clube de Orienta\u00e7\u00e3o do Centro (COC).<\/p>\n<p>O evento conta com o apoio da C\u00e2mara Municipal de Leiria e da Associa\u00e7\u00e3o de Turismo de Monte Real.<\/p>\n<p>A prova realizar-se-\u00e1 no dia 2 de Outubro 2021, da parte da manh\u00e3 em Leiria, em mapa novo que est\u00e1 a ser elaborado e que abrange \u00e1reas j\u00e1 anteriormente cartografadas e outras nunca cartografadas, e da parte da tarde em Monte Real, em mapa novo a ser elaborado.<\/p>\n<p>Nesta Disciplina da Orienta\u00e7\u00e3o o objectivo \u00e9 fazer o atleta percorrer um percurso no menor tempo poss\u00edvel, passando por v\u00e1rios pontos de controlo devidamente identificados, tendo a visita aos pontos de controlo que ser efectuadas conforme ordem indicada. Este percurso e os pontos de controlo est\u00e3o identificados num mapa que \u00e9 entregue a cada atleta na sua partida, mapa este que \u00e9 elaborado segundo simbologia pr\u00f3pria da modalidade.<\/p>\n<p>O desafio para cada atleta \u00e9 conciliar a velocidade de progress\u00e3o (corrida, trote ou caminhada) com a melhor e mais r\u00e1pida escolha de itiner\u00e1rio para alcan\u00e7ar o ponto seguinte, concluindo o seu percurso, com todos os pontos visitados na ordem correcta e no menor tempo poss\u00edvel.<\/p>\n<p>Sendo uma prova em ambiente urbano, pretende-se mostrar \u00e1 popula\u00e7\u00e3o o que \u00e9 a Orienta\u00e7\u00e3o bem como mostrar o quanto \u00e9 desafiante conciliar a concentra\u00e7\u00e3o na leitura do mapa, visualiza\u00e7\u00e3o do terreno e tomada de decis\u00f5es, com o cansa\u00e7o decorrente da corrida\/progress\u00e3o.<\/p>\n<p>O evento estar\u00e1 aberto a participantes N\u00e3o Federados a menos que existam orienta\u00e7\u00f5es em contr\u00e1rio por parte da DGS. Existir\u00e3o escal\u00f5es Abertos com percursos open curto (principiantes com poucos ou nenhum conhecimento de orienta\u00e7\u00e3o) e open longo (para quem pretende maior desafio ao n\u00edvel de decis\u00f5es).<\/p>\n<p><strong>O evento \u00e9 constitu\u00eddo pelas seguintes etapas:<\/strong><\/p>\n<ul>\n<li><strong>TP Sprint Leiria \u2013<\/strong> Etapa 1 &#8211; Decorrer no per\u00edodo da manh\u00e3;<\/li>\n<\/ul>\n<p>&nbsp;<\/p>\n<ul>\n<li><strong>TP Sprint Monte Real \u2013<\/strong> Etapa 2 &#8211; Decorrer no per\u00edodo da tarde;<\/li>\n<\/ul>\n<p><strong>\u00a0<\/strong><\/p>\n<p><strong>\u00a0Partidas para ambas as etapas:<\/strong><\/p>\n<ul>\n<li>Escal\u00f5es de competi\u00e7\u00e3o com partidas em linha com hor\u00e1rio pr\u00e9-definido.<\/li>\n<li>Escal\u00f5es de Forma\u00e7\u00e3o, com partidas individualizadas com recurso \u00e0 esta\u00e7\u00e3o Start.<\/li>\n<li>Escal\u00f5es Abertos, com partidas individualizadas com recurso \u00e0 esta\u00e7\u00e3o Start.<\/li>\n<\/ul>\n<p>A classifica\u00e7\u00e3o final do 22\u00ba GP RA4 ser\u00e1 obtida pelo somat\u00f3rio dos pontos obtidos nas etapas 1 e 2, etapas pontu\u00e1veis para o ranking da TP de Sprint 2021 da FPO.<\/p>\n","protected":false},"excerpt":{"rendered":"<p>COVID 19 Em virtude da PANDEMIA COVID-19 que assola o mundo inteiro e, por conseguinte, o nosso pa\u00eds e a nossa regi\u00e3o, torna-se necess\u00e1rio adaptar procedimentos relacionados com a organiza\u00e7\u00e3o da pr\u00f3pria prova, pelo que se recomenda a leitura cuidada das Informa\u00e7\u00f5es Gerais da prova e do documento \u201cGUIA DE BOAS NORMAS \u2013 PANDEMIA COVID &hellip; <a href=\"http:\/\/eventos.coc.pt\/22gpra4\/apresentacao\/\" class=\"more-link\">Continuar a ler <span class=\"screen-reader-text\">Apresenta\u00e7\u00e3o<\/span><\/a><\/p>\n","protected":false},"author":1,"featured_media":0,"parent":0,"menu_order":0,"comment_status":"closed","ping_status":"closed","template":"","meta":{"footnotes":""},"class_list":["post-379","page","type-page","status-publish","hentry"],"_links":{"self":[{"href":"http:\/\/eventos.coc.pt\/22gpra4\/wp-json\/wp\/v2\/pages\/379","targetHints":{"allow":["GET"]}}],"collection":[{"href":"http:\/\/eventos.coc.pt\/22gpra4\/wp-json\/wp\/v2\/pages"}],"about":[{"href":"http:\/\/eventos.coc.pt\/22gpra4\/wp-json\/wp\/v2\/types\/page"}],"author":[{"embeddable":true,"href":"http:\/\/eventos.coc.pt\/22gpra4\/wp-json\/wp\/v2\/users\/1"}],"replies":[{"embeddable":true,"href":"http:\/\/eventos.coc.pt\/22gpra4\/wp-json\/wp\/v2\/comments?post=379"}],"version-history":[{"count":30,"href":"http:\/\/eventos.coc.pt\/22gpra4\/wp-json\/wp\/v2\/pages\/379\/revisions"}],"predecessor-version":[{"id":757,"href":"http:\/\/eventos.coc.pt\/22gpra4\/wp-json\/wp\/v2\/pages\/379\/revisions\/757"}],"wp:attachment":[{"href":"http:\/\/eventos.coc.pt\/22gpra4\/wp-json\/wp\/v2\/media?parent=379"}],"curies":[{"name":"wp","href":"https:\/\/api.w.org\/{rel}","templated":true}]}}