{"id":4,"date":"2016-08-29T23:31:01","date_gmt":"2016-08-29T23:31:01","guid":{"rendered":"http:\/\/eventos.coc.pt\/piom2018\/?page_id=4"},"modified":"2021-09-23T21:22:05","modified_gmt":"2021-09-23T21:22:05","slug":"programa","status":"publish","type":"page","link":"http:\/\/eventos.coc.pt\/22gpra4\/programa\/","title":{"rendered":"Programa"},"content":{"rendered":"<p><strong>26 Setembro (Domingo at\u00e9 23h59) Data limite das inscri\u00e7\u00f5es dos escal\u00f5es de competi\u00e7\u00e3o <\/strong><\/p>\n<p><strong>28 Setembro 2021 (at\u00e9 23h59) &#8211; Data limite para inscri\u00e7\u00e3o dos percursos de forma\u00e7\u00e3o e escal\u00f5es abertos.<\/strong><\/p>\n<p><strong>02 Outubro 2021 <\/strong><\/p>\n<p><strong>ETAPA &#8211; Leiria<\/strong><\/p>\n<p>8h30 \u2013 Abertura do Secretariado nas Partidas (Bairro dos Capuchos \u2013 Rua Dr. Agostinho Tinoco)<\/p>\n<p>9h30 \u2013 Inicio das partidas<\/p>\n<p>9h35 \u2013 Partida dos escal\u00f5es de Forma\u00e7\u00e3o (H\/D 10 e H\/D 12)<\/p>\n<p>9h35 &#8211; Partida dos escal\u00f5es Abertos, Open curto e Open longo<\/p>\n<p><strong>ETAPA &#8211; Monte Real<\/strong><\/p>\n<p>15h00 \u2013 Abertura do Secretariado nas Partidas (Estacionamento recomendado junto \u00e0 Bomba da Galp)<\/p>\n<p>16h00 \u2013 Inicio das partidas<\/p>\n<p>16h05 \u2013 Partida dos escal\u00f5es de Forma\u00e7\u00e3o (H\/D 10 e H\/D 12)<\/p>\n<p>16h05 &#8211; Partida dos escal\u00f5es Abertos, Open curto e Open longo<\/p>\n<p>18h15 \u2013 Cerim\u00f3nia entrega pr\u00e9mios do 22\u00ba GP RA4 e Encerramento.<\/p>\n","protected":false},"excerpt":{"rendered":"<p>26 Setembro (Domingo at\u00e9 23h59) Data limite das inscri\u00e7\u00f5es dos escal\u00f5es de competi\u00e7\u00e3o 28 Setembro 2021 (at\u00e9 23h59) &#8211; Data limite para inscri\u00e7\u00e3o dos percursos de forma\u00e7\u00e3o e escal\u00f5es abertos. 02 Outubro 2021 ETAPA &#8211; Leiria 8h30 \u2013 Abertura do Secretariado nas Partidas (Bairro dos Capuchos \u2013 Rua Dr. Agostinho Tinoco) 9h30 \u2013 Inicio das &hellip; <a href=\"http:\/\/eventos.coc.pt\/22gpra4\/programa\/\" class=\"more-link\">Continuar a ler <span class=\"screen-reader-text\">Programa<\/span><\/a><\/p>\n","protected":false},"author":1,"featured_media":0,"parent":0,"menu_order":14,"comment_status":"closed","ping_status":"closed","template":"","meta":{"footnotes":""},"class_list":["post-4","page","type-page","status-publish","hentry"],"_links":{"self":[{"href":"http:\/\/eventos.coc.pt\/22gpra4\/wp-json\/wp\/v2\/pages\/4","targetHints":{"allow":["GET"]}}],"collection":[{"href":"http:\/\/eventos.coc.pt\/22gpra4\/wp-json\/wp\/v2\/pages"}],"about":[{"href":"http:\/\/eventos.coc.pt\/22gpra4\/wp-json\/wp\/v2\/types\/page"}],"author":[{"embeddable":true,"href":"http:\/\/eventos.coc.pt\/22gpra4\/wp-json\/wp\/v2\/users\/1"}],"replies":[{"embeddable":true,"href":"http:\/\/eventos.coc.pt\/22gpra4\/wp-json\/wp\/v2\/comments?post=4"}],"version-history":[{"count":59,"href":"http:\/\/eventos.coc.pt\/22gpra4\/wp-json\/wp\/v2\/pages\/4\/revisions"}],"predecessor-version":[{"id":749,"href":"http:\/\/eventos.coc.pt\/22gpra4\/wp-json\/wp\/v2\/pages\/4\/revisions\/749"}],"wp:attachment":[{"href":"http:\/\/eventos.coc.pt\/22gpra4\/wp-json\/wp\/v2\/media?parent=4"}],"curies":[{"name":"wp","href":"https:\/\/api.w.org\/{rel}","templated":true}]}}