{"id":17,"date":"2016-09-02T15:32:21","date_gmt":"2016-09-02T15:32:21","guid":{"rendered":"http:\/\/eventos.coc.pt\/piom2018\/?page_id=17"},"modified":"2022-05-14T10:44:22","modified_gmt":"2022-05-14T10:44:22","slug":"inscricoes","status":"publish","type":"page","link":"http:\/\/eventos.coc.pt\/23gpra4\/inscricoes\/","title":{"rendered":"Inscri\u00e7\u00f5es"},"content":{"rendered":"<p>Nenhum atleta poder\u00e1 participar nas provas sem o preenchimento e entrega do Termo de Responsabilidade.<\/p>\n<p>Atletas federados devem obter o documento e carreg\u00e1-lo no link:<\/p>\n<p><strong>https:\/\/www.fpo.pt\/index.php\/termo-responsabilidade<\/strong><\/p>\n<p>Os participantes n\u00e3o federados devem enviar o Termo de Responsabilidade devidamente preenchido e assinado para o e-mail <strong>info@coc.pt<\/strong> \u00e0 aten\u00e7\u00e3o do Secretariado da Prova de Orienta\u00e7\u00e3o 23\u00ba GP RA4.<\/p>\n<p>No corpo do e-mail a enviar para o COC dever\u00e1 escrever o descritivo:<\/p>\n<p><em>\u201cTendo em vista a participa\u00e7\u00e3o na prova de orienta\u00e7\u00e3o em assunto, envio, em anexo, termo de responsabilidade \u2013 Anexo 1, solicitado no \u00e2mbito das normas da DGS referentes \u00e0 COVID-19\u201d.<\/em><\/p>\n<p>Devem tra\u00e7ar os espa\u00e7os relativos a modalidade federada e clube.<\/p>\n<p>Podem fazer o download do documento aqui:<\/p>\n<p><strong>https:\/\/www.fpo.pt\/ficheiros\/outros\/Termo%20Responsabilidade%20DGS.pdf<\/strong><\/p>\n<p>Em caso de d\u00favidas ou problemas por favor contacte a organiza\u00e7\u00e3o atrav\u00e9s do seguinte e-mail: <a href=\"mailto:info@coc.pt\"><strong>info@coc.pt<\/strong><\/a><\/p>\n<p><strong>Sugest\u00e3o:\u00a0 saber se continua a ser necess\u00e1rio o termo de responsabilidade covid<\/strong><\/p>\n<p><strong>\u00a0<\/strong><\/p>\n<p><strong>Prazos de Inscri\u00e7\u00e3o<\/strong><\/p>\n<p>Escal\u00f5es de Competi\u00e7\u00e3o \u2013 At\u00e9 19 de Junho de 2022 \u00e0s 23h59 (Domingo)<\/p>\n<p>Escal\u00f5es Forma\u00e7\u00e3o (Escolas e Infantis), Abertos e Ori Fam\u00edlia \u2013 21 de Junho 2022 \u00e0s 23h59 (Ter\u00e7a feira)<\/p>\n<p>Ap\u00f3s esta data, as inscri\u00e7\u00f5es nos escal\u00f5es Forma\u00e7\u00e3o (Escolas e Infantis), Abertos e Ori-Fam\u00edlia, ficam sujeitas \u00e0 disponibilidade de mapas, pelo que se aconselha a que o fa\u00e7am preferencialmente at\u00e9 21 de Junho.<\/p>\n<p>Os participantes inscritos nos escal\u00f5es Forma\u00e7\u00e3o e Abertos ap\u00f3s o dia 22 e at\u00e9 ao dia 25 poder\u00e3o n\u00e3o constar na lista de Partidas que ser\u00e1 divulgada no site da prova ap\u00f3s o dia 22 (quarta-feira).<\/p>\n<p><strong>Como se inscrever<\/strong><\/p>\n<p>Os atletas devem efectuar as suas inscri\u00e7\u00f5es atrav\u00e9s da plataforma OriOasis ou atrav\u00e9s de mail para <strong>info@coc.pt<\/strong> (atletas n\u00e3o federados na FPO)<\/p>\n<p>Para a inscri\u00e7\u00e3o na <strong>Sprint Relay (Estafeta da Amizade), <\/strong>quando da inscri\u00e7\u00e3o dos 4 elementos da equipa, ter\u00e3o que indicar o nome da equipa, o escal\u00e3o e a ordem de execu\u00e7\u00e3o dos 4 segmentos da estafeta, respeitando sempre que o 1\u00ba e o 4\u00ba segmento ser\u00e3o executados por mulheres.<\/p>\n<p>Em caso de d\u00favidas ou problemas por favor contacte a organiza\u00e7\u00e3o atrav\u00e9s do seguinte e-mail: <strong>info@coc.pt<\/strong><\/p>\n<p>Dados obrigat\u00f3rios para inscri\u00e7\u00e3o (individual ou em grupo)<\/p>\n<p>\u2013 Nome dos participantes;<\/p>\n<p>&#8211; N\u00famero do Cart\u00e3o de Cidad\u00e3o ou Bilhete de Identidade<\/p>\n<p>&#8211; N\u00famero Fiscal de Contribuinte<\/p>\n<p>\u2013 Data de nascimento;<\/p>\n<p>\u2013 Nome do Clube ou Individual se n\u00e3o tiver clube;<\/p>\n<p>\u2013 Pa\u00eds;<\/p>\n<p>\u2013 Escal\u00e3o em que cada pessoa deseja participar;<\/p>\n<p>&#8211; Constitui\u00e7\u00e3o da equipa para a <strong>Sprint Relay (Estafeta da Amizade)<\/strong>, nome da equipa, ordem de execu\u00e7\u00e3o dos segmentos da estafeta e dados dos 4 elementos que comp\u00f5em a equipa.<\/p>\n<p>\u2013 N\u00ba de filiado na FPO (caso n\u00e3o seja filiado na FPO, o n\u00ba de Bilhete de Identidade ou de cart\u00e3o de cidad\u00e3o);<\/p>\n<p>\u2013 N\u00ba do SI Card. Na aus\u00eancia deste, ser-lhe-\u00e1 alugado um; A perda ou n\u00e3o devolu\u00e7\u00e3o do SI Card cedido ou alugado, implica o pagamento de 30\u20ac a 66,00\u20ac, dependente do modelo;<\/p>\n<p>-N\u00ba de telem\u00f3vel;<\/p>\n<p>Nota: Nos escal\u00f5es Abertos (Partidas em linha na Estafeta e Partidas individualizadas na Floresta) os participantes podem efectuar a prova a s\u00f3s ou em grupo. No entanto, mesmo quando a participar em grupo, cada pessoa paga a sua inscri\u00e7\u00e3o, uma vez que est\u00e1 coberto pela ap\u00f3lice de seguro de n\u00e3o federado, tem direito ao seu mapa e \u00e0 sua classifica\u00e7\u00e3o.<\/p>\n<p><strong>Taxas de Inscri\u00e7\u00e3o Sprint Relay (Estafeta da Amizade):<\/strong><\/p>\n<p>Todos os escal\u00f5es \u00e9 cobrado o valor simb\u00f3lico de 1,00\u20ac, n\u00e3o tendo qualquer outro encargo para a sua participa\u00e7\u00e3o nesta etapa<\/p>\n<p><strong>Taxas de Inscri\u00e7\u00e3o Etapa de Floresta:<\/strong><\/p>\n<p>Competi\u00e7\u00e3o | Abertos (&gt; 20 anos) \u2013 4,00\u20ac<\/p>\n<p>Competi\u00e7\u00e3o | Forma\u00e7\u00e3o | Abertos (&lt; = 20 anos) \u2013 2,50\u20ac<\/p>\n<p>Desporto Escolar \u2013 1,50\u20ac (desde que apresentem declara\u00e7\u00e3o de seguro escolar)<\/p>\n<p>Para os participantes n\u00e3o federados (incluem-se federados n\u00e3o renovados), ao pre\u00e7o das inscri\u00e7\u00f5es, acresce 1,50\u20ac para o seguro, que \u00e9 obrigat\u00f3rio para a participa\u00e7\u00e3o na prova.<\/p>\n<p><strong>Seguro<\/strong><\/p>\n<p>Nos participantes n\u00e3o federados, ao custo da inscri\u00e7\u00e3o acima referido, acresce 1,50\u20ac para a taxa de seguro nos escal\u00f5es de Forma\u00e7\u00e3o, Abertos e Competi\u00e7\u00e3o.<\/p>\n<p><strong>Aluguer de SI Card<\/strong><\/p>\n<p>SI Card normal \u2013 1,50\u20ac<\/p>\n<p>Caso pretenda utilizar um SIAC (sistema de marca\u00e7\u00e3o por proximidade), o aluguer ser\u00e1 de 3\u20ac.<\/p>\n<p><strong>Como pagar:<\/strong><\/p>\n<p>O pagamento das inscri\u00e7\u00f5es deve (tem) que ser efectuado at\u00e9 \u00e0s 14h59 do dia 23 de Junho quinta-feira, devendo os atletas enviar por mail (<strong>info@coc.pt<\/strong>) para a organiza\u00e7\u00e3o o respectivo comprovativo de pagamento.<\/p>\n<p>O pagamento das inscri\u00e7\u00f5es pode ser efectuado por transfer\u00eancia banc\u00e1ria, cart\u00e3o de cr\u00e9dito, refer\u00eancia MB, paypal ou MB WAY, selecionando uma destas op\u00e7\u00f5es quando da inscri\u00e7\u00e3o na plataforma das inscri\u00e7\u00f5es OriOasis.<\/p>\n<p>De todo deve evitar-se o pagamento no Secretariado no dia do evento.<\/p>\n<p>&nbsp;<\/p>\n<p>&nbsp;<\/p>\n<p><strong>Dados para pagamento:<\/strong><\/p>\n<p>Banco: Caixa Geral de Dep\u00f3sitos<\/p>\n<p>Ag\u00eancia: Leiria \u2013 Marqu\u00eas de Pombal<\/p>\n<p>IBAN: PT50 0035 0394 00004000030 10<\/p>\n<p>SWIFT CODE BIC: CGDIPTPL<\/p>\n<p>Nome do Destinat\u00e1rio:<\/p>\n<p>COC \u2013 Clube de Orienta\u00e7\u00e3o do Centro<\/p>\n<p>&nbsp;<\/p>\n<p><strong>Processo de pagamento:<\/strong><\/p>\n<p>Para Inscri\u00e7\u00f5es Express do OriOasis, por favor coloque o Express Code no descritivo do pagamento.<\/p>\n<p>Para pagamentos totais de clubes, indique sempre o nome clube no descritivo.<\/p>\n<p>Para pagamentos parciais de clubes, indique nos coment\u00e1rios o clube e a lista de atletas a que se refere o pagamento, ou envie um email (info@coc.pt) \u00e0 organiza\u00e7\u00e3o com a lista de atletas e o comprovativo da transfer\u00eancia.<\/p>\n<p>Notas: Para todas as inscri\u00e7\u00f5es pagas por transfer\u00eancia banc\u00e1ria, \u00e9 necess\u00e1rio enviar comprovativo da opera\u00e7\u00e3o para o email: <strong>info@coc.pt<\/strong><\/p>\n<p>Todas as despesas inerentes \u00e0s transfer\u00eancias banc\u00e1rias devem ser suportadas pelo ordenante. Se alguma despesa referente \u00e0s transfer\u00eancias banc\u00e1rias for indevidamente cobrada \u00e0 Organiza\u00e7\u00e3o, as mesmas ser\u00e3o pagas posteriormente pelos clubes ou atletas.<\/p>\n","protected":false},"excerpt":{"rendered":"<p>Nenhum atleta poder\u00e1 participar nas provas sem o preenchimento e entrega do Termo de Responsabilidade. Atletas federados devem obter o documento e carreg\u00e1-lo no link: https:\/\/www.fpo.pt\/index.php\/termo-responsabilidade Os participantes n\u00e3o federados devem enviar o Termo de Responsabilidade devidamente preenchido e assinado para o e-mail info@coc.pt \u00e0 aten\u00e7\u00e3o do Secretariado da Prova de Orienta\u00e7\u00e3o 23\u00ba GP RA4. &hellip; <a href=\"http:\/\/eventos.coc.pt\/23gpra4\/inscricoes\/\" class=\"more-link\">Continuar a ler <span class=\"screen-reader-text\">Inscri\u00e7\u00f5es<\/span><\/a><\/p>\n","protected":false},"author":1,"featured_media":0,"parent":0,"menu_order":10,"comment_status":"closed","ping_status":"closed","template":"","meta":{"footnotes":""},"class_list":["post-17","page","type-page","status-publish","hentry"],"_links":{"self":[{"href":"http:\/\/eventos.coc.pt\/23gpra4\/wp-json\/wp\/v2\/pages\/17","targetHints":{"allow":["GET"]}}],"collection":[{"href":"http:\/\/eventos.coc.pt\/23gpra4\/wp-json\/wp\/v2\/pages"}],"about":[{"href":"http:\/\/eventos.coc.pt\/23gpra4\/wp-json\/wp\/v2\/types\/page"}],"author":[{"embeddable":true,"href":"http:\/\/eventos.coc.pt\/23gpra4\/wp-json\/wp\/v2\/users\/1"}],"replies":[{"embeddable":true,"href":"http:\/\/eventos.coc.pt\/23gpra4\/wp-json\/wp\/v2\/comments?post=17"}],"version-history":[{"count":35,"href":"http:\/\/eventos.coc.pt\/23gpra4\/wp-json\/wp\/v2\/pages\/17\/revisions"}],"predecessor-version":[{"id":888,"href":"http:\/\/eventos.coc.pt\/23gpra4\/wp-json\/wp\/v2\/pages\/17\/revisions\/888"}],"wp:attachment":[{"href":"http:\/\/eventos.coc.pt\/23gpra4\/wp-json\/wp\/v2\/media?parent=17"}],"curies":[{"name":"wp","href":"https:\/\/api.w.org\/{rel}","templated":true}]}}