{"id":19,"date":"2016-09-02T15:32:36","date_gmt":"2016-09-02T15:32:36","guid":{"rendered":"http:\/\/eventos.coc.pt\/piom2018\/?page_id=19"},"modified":"2022-06-20T21:24:37","modified_gmt":"2022-06-20T21:24:37","slug":"localizacao","status":"publish","type":"page","link":"http:\/\/eventos.coc.pt\/23gpra4\/localizacao\/","title":{"rendered":"Localiza\u00e7\u00e3o"},"content":{"rendered":"<p><strong>Sprint Relay (Estafeta da Amizade) \u2013 Sismaria | Leiria<\/strong><\/p>\n<p><strong>Arena<\/strong><\/p>\n<p>A arena da prova ser\u00e1 nas instala\u00e7\u00f5es do Atl\u00e9tico Clube das Sismaria (ACS) em Leiria, Rua Jo\u00e3o Ramos, que se situa nas imedia\u00e7\u00f5es da esta\u00e7\u00e3o ferrovi\u00e1ria de Leiria.<\/p>\n<p>Todos os locais do evento, como <strong>secretariado, inform\u00e1tica, instala\u00e7\u00f5es sanit\u00e1rias, partidas, passagem de testemunho, chegadas e entrega de pr\u00e9mios<\/strong>, funcionar\u00e3o na Arena ou nas suas imedia\u00e7\u00f5es.<\/p>\n<p><img loading=\"lazy\" decoding=\"async\" class=\"aligncenter wp-image-907 size-full\" src=\"http:\/\/eventos.coc.pt\/23gpra4\/wp-content\/uploads\/sites\/26\/2022\/06\/Arena-Estafeta-da-Amizade.jpg\" alt=\"\" width=\"461\" height=\"861\" srcset=\"http:\/\/eventos.coc.pt\/23gpra4\/wp-content\/uploads\/sites\/26\/2022\/06\/Arena-Estafeta-da-Amizade.jpg 461w, http:\/\/eventos.coc.pt\/23gpra4\/wp-content\/uploads\/sites\/26\/2022\/06\/Arena-Estafeta-da-Amizade-161x300.jpg 161w\" sizes=\"auto, (max-width: 461px) 100vw, 461px\" \/><\/p>\n<p>Coordenadas GPS:\u00a0 39.756863, -8.825257<\/p>\n<p><strong>Estacionamento<\/strong><\/p>\n<p>Nas diversas ruas circundantes \u00e0 Arena.<\/p>\n<p><strong>Banhos<\/strong><\/p>\n<p>N\u00e3o ser\u00e3o disponibilizados banhos<\/p>\n<p>&nbsp;<\/p>\n<p>&nbsp;<\/p>\n<p><strong>Prova de Floresta \u2013 Burinhosa<\/strong><\/p>\n<p><strong>Arena<\/strong><\/p>\n<p>A arena da prova ser\u00e1 no campo de futebol Joaquim Sousa Vinagre, situado nas traseiras da Igreja na Burinhosa (Freguesia de Pataias)<\/p>\n<p>Todos os locais do evento, como<strong> secretariado, inform\u00e1tica, instala\u00e7\u00f5es sanit\u00e1rias, partidas, chegadas e entrega de pr\u00e9mios, <\/strong>funcionar\u00e3o na Arena ou nas suas imedia\u00e7\u00f5es.<\/p>\n<p><img loading=\"lazy\" decoding=\"async\" class=\"aligncenter wp-image-908 size-full\" src=\"http:\/\/eventos.coc.pt\/23gpra4\/wp-content\/uploads\/sites\/26\/2022\/06\/Arena-Longa-Burinhosa.jpg\" alt=\"\" width=\"867\" height=\"990\" srcset=\"http:\/\/eventos.coc.pt\/23gpra4\/wp-content\/uploads\/sites\/26\/2022\/06\/Arena-Longa-Burinhosa.jpg 867w, http:\/\/eventos.coc.pt\/23gpra4\/wp-content\/uploads\/sites\/26\/2022\/06\/Arena-Longa-Burinhosa-263x300.jpg 263w, http:\/\/eventos.coc.pt\/23gpra4\/wp-content\/uploads\/sites\/26\/2022\/06\/Arena-Longa-Burinhosa-768x877.jpg 768w\" sizes=\"auto, (max-width: 867px) 100vw, 867px\" \/><\/p>\n<p>Coordenadas GPS: 39.700138, -8.988127<\/p>\n<p><strong>Estacionamento<\/strong><\/p>\n<p>Nas diversas ruas circundantes ao campo de futebol &#8211; Arena.<\/p>\n<p><strong>Banhos<\/strong><\/p>\n<p>N\u00e3o ser\u00e3o disponibilizados banhos<\/p>\n","protected":false},"excerpt":{"rendered":"<p>Sprint Relay (Estafeta da Amizade) \u2013 Sismaria | Leiria Arena A arena da prova ser\u00e1 nas instala\u00e7\u00f5es do Atl\u00e9tico Clube das Sismaria (ACS) em Leiria, Rua Jo\u00e3o Ramos, que se situa nas imedia\u00e7\u00f5es da esta\u00e7\u00e3o ferrovi\u00e1ria de Leiria. Todos os locais do evento, como secretariado, inform\u00e1tica, instala\u00e7\u00f5es sanit\u00e1rias, partidas, passagem de testemunho, chegadas e entrega &hellip; <a href=\"http:\/\/eventos.coc.pt\/23gpra4\/localizacao\/\" class=\"more-link\">Continuar a ler <span class=\"screen-reader-text\">Localiza\u00e7\u00e3o<\/span><\/a><\/p>\n","protected":false},"author":1,"featured_media":0,"parent":0,"menu_order":9,"comment_status":"closed","ping_status":"closed","template":"","meta":{"footnotes":""},"class_list":["post-19","page","type-page","status-publish","hentry"],"_links":{"self":[{"href":"http:\/\/eventos.coc.pt\/23gpra4\/wp-json\/wp\/v2\/pages\/19","targetHints":{"allow":["GET"]}}],"collection":[{"href":"http:\/\/eventos.coc.pt\/23gpra4\/wp-json\/wp\/v2\/pages"}],"about":[{"href":"http:\/\/eventos.coc.pt\/23gpra4\/wp-json\/wp\/v2\/types\/page"}],"author":[{"embeddable":true,"href":"http:\/\/eventos.coc.pt\/23gpra4\/wp-json\/wp\/v2\/users\/1"}],"replies":[{"embeddable":true,"href":"http:\/\/eventos.coc.pt\/23gpra4\/wp-json\/wp\/v2\/comments?post=19"}],"version-history":[{"count":42,"href":"http:\/\/eventos.coc.pt\/23gpra4\/wp-json\/wp\/v2\/pages\/19\/revisions"}],"predecessor-version":[{"id":909,"href":"http:\/\/eventos.coc.pt\/23gpra4\/wp-json\/wp\/v2\/pages\/19\/revisions\/909"}],"wp:attachment":[{"href":"http:\/\/eventos.coc.pt\/23gpra4\/wp-json\/wp\/v2\/media?parent=19"}],"curies":[{"name":"wp","href":"https:\/\/api.w.org\/{rel}","templated":true}]}}