{"id":21,"date":"2016-09-02T15:32:45","date_gmt":"2016-09-02T15:32:45","guid":{"rendered":"http:\/\/eventos.coc.pt\/piom2018\/?page_id=21"},"modified":"2022-05-01T14:17:59","modified_gmt":"2022-05-01T14:17:59","slug":"organizacao","status":"publish","type":"page","link":"http:\/\/eventos.coc.pt\/23gpra4\/organizacao\/","title":{"rendered":"Organiza\u00e7\u00e3o"},"content":{"rendered":"<p><strong>COC \u2013 <\/strong>Clube de Orienta\u00e7\u00e3o do Centro<\/p>\n<p><strong>RA4 \u2013 <\/strong>Regimento de Artilharia N\u00ba 4<\/p>\n<p><strong>FPO \u2013 <\/strong>Federa\u00e7\u00e3o Portuguesa de Orienta\u00e7\u00e3o<\/p>\n<p><strong>\u00a0<\/strong><\/p>\n<p><strong>Director do Evento:<\/strong><\/p>\n<p>Jos\u00e9 Bolr\u00e3o FPO 4656<\/p>\n<p><strong>Director adjunto:<\/strong><\/p>\n<p>Duarte Santo FPO 2703<\/p>\n<p><strong>Supervisor<\/strong><\/p>\n<p>Andr\u00e9 Mora FPO 3426<\/p>\n<p><strong>Apoios:<\/strong><\/p>\n<p>Camara Municipal de Leiria<\/p>\n<p>Atl\u00e9tico Clube da Sismaria<\/p>\n<p>Centro de Cultura, Recreio e Desporto da Burinhosa<\/p>\n<p>Uni\u00e3o das Freguesias de Pataias e Martingan\u00e7a<\/p>\n<p>Fabrica da Igreja Paroquial da Burinhosa<\/p>\n","protected":false},"excerpt":{"rendered":"<p>COC \u2013 Clube de Orienta\u00e7\u00e3o do Centro RA4 \u2013 Regimento de Artilharia N\u00ba 4 FPO \u2013 Federa\u00e7\u00e3o Portuguesa de Orienta\u00e7\u00e3o \u00a0 Director do Evento: Jos\u00e9 Bolr\u00e3o FPO 4656 Director adjunto: Duarte Santo FPO 2703 Supervisor Andr\u00e9 Mora FPO 3426 Apoios: Camara Municipal de Leiria Atl\u00e9tico Clube da Sismaria Centro de Cultura, Recreio e Desporto da &hellip; <a href=\"http:\/\/eventos.coc.pt\/23gpra4\/organizacao\/\" class=\"more-link\">Continuar a ler <span class=\"screen-reader-text\">Organiza\u00e7\u00e3o<\/span><\/a><\/p>\n","protected":false},"author":1,"featured_media":0,"parent":0,"menu_order":8,"comment_status":"closed","ping_status":"closed","template":"","meta":{"footnotes":""},"class_list":["post-21","page","type-page","status-publish","hentry"],"_links":{"self":[{"href":"http:\/\/eventos.coc.pt\/23gpra4\/wp-json\/wp\/v2\/pages\/21","targetHints":{"allow":["GET"]}}],"collection":[{"href":"http:\/\/eventos.coc.pt\/23gpra4\/wp-json\/wp\/v2\/pages"}],"about":[{"href":"http:\/\/eventos.coc.pt\/23gpra4\/wp-json\/wp\/v2\/types\/page"}],"author":[{"embeddable":true,"href":"http:\/\/eventos.coc.pt\/23gpra4\/wp-json\/wp\/v2\/users\/1"}],"replies":[{"embeddable":true,"href":"http:\/\/eventos.coc.pt\/23gpra4\/wp-json\/wp\/v2\/comments?post=21"}],"version-history":[{"count":18,"href":"http:\/\/eventos.coc.pt\/23gpra4\/wp-json\/wp\/v2\/pages\/21\/revisions"}],"predecessor-version":[{"id":850,"href":"http:\/\/eventos.coc.pt\/23gpra4\/wp-json\/wp\/v2\/pages\/21\/revisions\/850"}],"wp:attachment":[{"href":"http:\/\/eventos.coc.pt\/23gpra4\/wp-json\/wp\/v2\/media?parent=21"}],"curies":[{"name":"wp","href":"https:\/\/api.w.org\/{rel}","templated":true}]}}