{"id":379,"date":"2020-01-13T22:29:28","date_gmt":"2020-01-13T22:29:28","guid":{"rendered":"http:\/\/eventos.coc.pt\/gpra4testerogaine\/?page_id=379"},"modified":"2022-05-01T14:14:56","modified_gmt":"2022-05-01T14:14:56","slug":"apresentacao","status":"publish","type":"page","link":"http:\/\/eventos.coc.pt\/23gpra4\/apresentacao\/","title":{"rendered":"Apresenta\u00e7\u00e3o"},"content":{"rendered":"<p>O 23.\u00ba Grande Pr\u00e9mio do Regimento de Artilharia N\u00ba4 (RA4) \u00e9 um evento de Orienta\u00e7\u00e3o Pedestre, organizado pelo COC- Clube de Orienta\u00e7\u00e3o em parceria com o Regimento de Artilharia N\u00ba 4 (RA4) e sob a tutela da FPO- Federa\u00e7\u00e3o Portuguesa de Orienta\u00e7\u00e3o. \u00c9 composto por duas provas.<\/p>\n<p>O evento conta com o apoio da C\u00e2mara Municipal de Leiria e Uni\u00e3o de Freguesias de Pataias e Martingan\u00e7a e disputar-se-\u00e1 no dia 25 de Junho de 2022.<\/p>\n<p>Constituem o 23\u00ba GPRA4 as seguintes provas:<\/p>\n<p><strong>Sprint Relay (Estafeta da Amizade)<\/strong>| Prova de estafetas de 4 elementos, 2 masculinos e 2 femininos, disputada na vertente de sprint, com constitui\u00e7\u00e3o das equipas livremente entre participantes do mesmo ou de diferentes clubes, participantes federados e\/ou n\u00e3o federados.<\/p>\n<p><strong>Prova de Dist\u00e2ncia Longa em Floresta<\/strong> | Partidas em Massa, percurso com sistema de dispers\u00e3o (loops) a disputar-se no mapa da Burinhosa, classificada como prova regional pela FPO.<\/p>\n<p>A participa\u00e7\u00e3o nas 2 provas \u00e9 aberta a todos os cidad\u00e3os, federados ou n\u00e3o federados na FPO, tendo, contudo, que participar no seu escal\u00e3o et\u00e1rio, podendo os veteranos descer at\u00e9 seniores. Para a etapa da tarde, disputada em mapa de floresta, devem ter em aten\u00e7\u00e3o o conhecimento t\u00e9cnico detido para que se enquadrarem no percurso com o grau de dificuldade mais adequado.<\/p>\n<p>Em ambas as prova os escal\u00f5es Escolas (jovens at\u00e9 10 anos) e Infantis (jovens at\u00e9 aos 12 anos), ter\u00e3o percursos em linha e com partidas individuais com recurso \u00e0 esta\u00e7\u00e3o Start.<\/p>\n<p>Escal\u00f5es Abertos 1, 2 e 3 Partidas individualizadas com recurso \u00e0 esta\u00e7\u00e3o Start.<\/p>\n","protected":false},"excerpt":{"rendered":"<p>O 23.\u00ba Grande Pr\u00e9mio do Regimento de Artilharia N\u00ba4 (RA4) \u00e9 um evento de Orienta\u00e7\u00e3o Pedestre, organizado pelo COC- Clube de Orienta\u00e7\u00e3o em parceria com o Regimento de Artilharia N\u00ba 4 (RA4) e sob a tutela da FPO- Federa\u00e7\u00e3o Portuguesa de Orienta\u00e7\u00e3o. \u00c9 composto por duas provas. O evento conta com o apoio da C\u00e2mara &hellip; <a href=\"http:\/\/eventos.coc.pt\/23gpra4\/apresentacao\/\" class=\"more-link\">Continuar a ler <span class=\"screen-reader-text\">Apresenta\u00e7\u00e3o<\/span><\/a><\/p>\n","protected":false},"author":1,"featured_media":0,"parent":0,"menu_order":0,"comment_status":"closed","ping_status":"closed","template":"","meta":{"footnotes":""},"class_list":["post-379","page","type-page","status-publish","hentry"],"_links":{"self":[{"href":"http:\/\/eventos.coc.pt\/23gpra4\/wp-json\/wp\/v2\/pages\/379","targetHints":{"allow":["GET"]}}],"collection":[{"href":"http:\/\/eventos.coc.pt\/23gpra4\/wp-json\/wp\/v2\/pages"}],"about":[{"href":"http:\/\/eventos.coc.pt\/23gpra4\/wp-json\/wp\/v2\/types\/page"}],"author":[{"embeddable":true,"href":"http:\/\/eventos.coc.pt\/23gpra4\/wp-json\/wp\/v2\/users\/1"}],"replies":[{"embeddable":true,"href":"http:\/\/eventos.coc.pt\/23gpra4\/wp-json\/wp\/v2\/comments?post=379"}],"version-history":[{"count":33,"href":"http:\/\/eventos.coc.pt\/23gpra4\/wp-json\/wp\/v2\/pages\/379\/revisions"}],"predecessor-version":[{"id":868,"href":"http:\/\/eventos.coc.pt\/23gpra4\/wp-json\/wp\/v2\/pages\/379\/revisions\/868"}],"wp:attachment":[{"href":"http:\/\/eventos.coc.pt\/23gpra4\/wp-json\/wp\/v2\/media?parent=379"}],"curies":[{"name":"wp","href":"https:\/\/api.w.org\/{rel}","templated":true}]}}