{"id":11,"date":"2016-09-02T15:31:27","date_gmt":"2016-09-02T15:31:27","guid":{"rendered":"http:\/\/eventos.coc.pt\/piom2018\/?page_id=11"},"modified":"2023-03-01T18:50:21","modified_gmt":"2023-03-01T18:50:21","slug":"informacoes-gerais","status":"publish","type":"page","link":"http:\/\/eventos.coc.pt\/24gpra4\/informacoes-gerais\/","title":{"rendered":"Informa\u00e7\u00f5es Gerais"},"content":{"rendered":"<p><strong>Estafeta da Amizade\u00a0 <\/strong><\/p>\n<p>Cada equipa ser\u00e1 constitu\u00edda por 3 elementos. As equipas poder\u00e3o ser mistas ou do mesmo g\u00e9nero. A constitui\u00e7\u00e3o das equipas \u00e9 livre entre participantes de diferentes clubes, participantes federados e\/ou n\u00e3o federados.<\/p>\n<p>Existir\u00e3o escal\u00f5es de Jovens, Seniores e Veteranos.<\/p>\n<p>Os jovens podem subir 1 escal\u00e3o at\u00e9 aos seniores, enquanto os veteranos podem descer 1 escal\u00e3o at\u00e9 aos seniores.<\/p>\n<p>Estar\u00e3o dispon\u00edveis percursos em linha para a classe de Forma\u00e7\u00e3o que engloba Escolas (percurso Branco) participantes at\u00e9 10 anos e Infantis (percurso Amarelo) participantes entre os 10 e os 12 anos. Estes percursos ter\u00e3o janela de tempos de partida, com recurso \u00e0 esta\u00e7\u00e3o Start.<\/p>\n<p>Estar\u00e3o tamb\u00e9m dispon\u00edveis 2 percursos em linha, denominados Amarelo e Laranja, para os participantes que n\u00e3o integrem qualquer equipa de estafeta. O Amarelo ser\u00e1 um percurso mais simples, assente maioritariamente em referencias lineares e pontos maioritariamente at\u00e9 30 mts dessas refer\u00eancias lineares, enquanto o Laranja ser\u00e1 um percurso com mais desafio, menos assente em referencias lineares onde j\u00e1 \u00e9 necess\u00e1rio\u00a0 algum conhecimento da leitura de mapa e t\u00e9cnicas de navega\u00e7\u00e3o, ainda que b\u00e1sicas.<\/p>\n<p><strong>\u00a0<\/strong><strong>Prova de Floresta<\/strong><\/p>\n<p>Partida em massa, com percursos tra\u00e7ados sob dist\u00e2ncia longa, com tempos de vencedor a n\u00e3o excederem os 70 a 75 minutos nos seniores (<strong>n\u00e3o haver\u00e1 sinal\u00e9tica suplementar<\/strong>).<\/p>\n<p>Os escal\u00f5es Escolas &#8211; Branco (at\u00e9 10 anos), Infantis &#8211; Amarelo (de 10 at\u00e9 aos 12 anos) e Abertos (Branco, Amarelo e Laranja) ter\u00e3o partidas individualizadas com recurso \u00e0 esta\u00e7\u00e3o Start.<\/p>\n<p>As provas que constituem o 24\u00ba Pr\u00e9mio do RA4 regem-se pelo Regulamento de Competi\u00e7\u00e3o da FPO (regulamento regional), sendo utilizado o sistema de controlo SportIdent.<\/p>\n<p><strong>Pr\u00e9mios<\/strong><\/p>\n<p><strong>Estafeta da Amizade<\/strong><\/p>\n<p>Haver\u00e1 Classifica\u00e7\u00e3o, mas n\u00e3o ser\u00e3o atribu\u00eddos pr\u00e9mios, ser\u00e1 entregue uma lembran\u00e7a a todos os atletas alusivo \u00e0 estafeta da amizade.<\/p>\n<p><strong>Prova de Floresta<\/strong><\/p>\n<p>Aos 3 primeiros classificados de cada escal\u00e3o de competi\u00e7\u00e3o.<\/p>\n<p>Aos 3 primeiros dos escal\u00f5es Militares Masculino e Militares Feminino que se inscrevam e participem no escal\u00e3o de seniores.<\/p>\n<p>Ao primeiro classificado de cada um dos Escal\u00f5es Abertos<\/p>\n<p>Aos escal\u00f5es Escolas (at\u00e9 10 anos) e Infantis (de 10 at\u00e9 12 anos) ser\u00e3o atribu\u00eddas lembran\u00e7as de participa\u00e7\u00e3o, n\u00e3o havendo pr\u00e9mios de classifica\u00e7\u00e3o<\/p>\n<p><strong>Peitorais<\/strong><\/p>\n<p><strong>Relay de Floresta (Estafeta da Amizade)<\/strong><\/p>\n<p>Os atletas que correm as estafetas ter\u00e3o que utilizar os dorsais fornecidos pela organiza\u00e7\u00e3o, que ser\u00e3o levantados no secretariado<strong>.<\/strong><\/p>\n<p><strong>Prova de Floresta <\/strong><\/p>\n<p>Todos os participantes dos escal\u00f5es de competi\u00e7\u00e3o (partidas em massa), ter\u00e3o que utilizar o peitoral no caso dos federados o seu peitoral FPO, no caso dos n\u00e3o federados o peitoral fornecido pela organiza\u00e7\u00e3o. Ser\u00e1 pelo n\u00famero de peitoral que o mapa de cada atleta estar\u00e1 identificado (partidas em massa).<\/p>\n<p>Os participantes dos escal\u00f5es Escolas (jovens at\u00e9 10 anos), Infantis (jovens at\u00e9 12) e Abertos, que ter\u00e3o partidas em linha com esta\u00e7\u00e3o Start, n\u00e3o ter\u00e3o que utilizar peitoral.<\/p>\n<p><strong>Seguros<\/strong><\/p>\n<p>Os participantes estar\u00e3o cobertos pelo seguro contratado pela FPO nas ap\u00f3lices para atletas federados e n\u00e3o federados.<\/p>\n<p>O pre\u00e7o das inscri\u00e7\u00f5es <strong><u>n\u00e3o<\/u><\/strong> inclui o valor do seguro nos atletas n\u00e3o federados, pelo que acresce 1,50\u20ac.<\/p>\n<p><img loading=\"lazy\" decoding=\"async\" class=\"alignleft size-thumbnail wp-image-1058\" src=\"http:\/\/eventos.coc.pt\/24gpra4\/wp-content\/uploads\/sites\/28\/2023\/03\/transferir-2-150x150.jpg\" alt=\"\" width=\"150\" height=\"150\" \/> <img loading=\"lazy\" decoding=\"async\" class=\"alignleft size-thumbnail wp-image-1059\" src=\"http:\/\/eventos.coc.pt\/24gpra4\/wp-content\/uploads\/sites\/28\/2023\/03\/transferir-3-150x150.jpg\" alt=\"\" width=\"150\" height=\"150\" \/> <img loading=\"lazy\" decoding=\"async\" class=\"alignleft size-thumbnail wp-image-1060\" src=\"http:\/\/eventos.coc.pt\/24gpra4\/wp-content\/uploads\/sites\/28\/2023\/03\/transferir-1-150x136.jpg\" alt=\"\" width=\"150\" height=\"136\" \/><\/p>\n","protected":false},"excerpt":{"rendered":"<p>Estafeta da Amizade\u00a0 Cada equipa ser\u00e1 constitu\u00edda por 3 elementos. As equipas poder\u00e3o ser mistas ou do mesmo g\u00e9nero. A constitui\u00e7\u00e3o das equipas \u00e9 livre entre participantes de diferentes clubes, participantes federados e\/ou n\u00e3o federados. Existir\u00e3o escal\u00f5es de Jovens, Seniores e Veteranos. Os jovens podem subir 1 escal\u00e3o at\u00e9 aos seniores, enquanto os veteranos podem &hellip; <a href=\"http:\/\/eventos.coc.pt\/24gpra4\/informacoes-gerais\/\" class=\"more-link\">Continuar a ler <span class=\"screen-reader-text\">Informa\u00e7\u00f5es Gerais<\/span><\/a><\/p>\n","protected":false},"author":1,"featured_media":0,"parent":0,"menu_order":13,"comment_status":"closed","ping_status":"closed","template":"","meta":{"footnotes":""},"class_list":["post-11","page","type-page","status-publish","hentry"],"_links":{"self":[{"href":"http:\/\/eventos.coc.pt\/24gpra4\/wp-json\/wp\/v2\/pages\/11","targetHints":{"allow":["GET"]}}],"collection":[{"href":"http:\/\/eventos.coc.pt\/24gpra4\/wp-json\/wp\/v2\/pages"}],"about":[{"href":"http:\/\/eventos.coc.pt\/24gpra4\/wp-json\/wp\/v2\/types\/page"}],"author":[{"embeddable":true,"href":"http:\/\/eventos.coc.pt\/24gpra4\/wp-json\/wp\/v2\/users\/1"}],"replies":[{"embeddable":true,"href":"http:\/\/eventos.coc.pt\/24gpra4\/wp-json\/wp\/v2\/comments?post=11"}],"version-history":[{"count":59,"href":"http:\/\/eventos.coc.pt\/24gpra4\/wp-json\/wp\/v2\/pages\/11\/revisions"}],"predecessor-version":[{"id":1061,"href":"http:\/\/eventos.coc.pt\/24gpra4\/wp-json\/wp\/v2\/pages\/11\/revisions\/1061"}],"wp:attachment":[{"href":"http:\/\/eventos.coc.pt\/24gpra4\/wp-json\/wp\/v2\/media?parent=11"}],"curies":[{"name":"wp","href":"https:\/\/api.w.org\/{rel}","templated":true}]}}