{"id":13,"date":"2016-09-02T15:31:49","date_gmt":"2016-09-02T15:31:49","guid":{"rendered":"http:\/\/eventos.coc.pt\/piom2018\/?page_id=13"},"modified":"2023-04-10T20:23:06","modified_gmt":"2023-04-10T20:23:06","slug":"informacoes-tecnicas","status":"publish","type":"page","link":"http:\/\/eventos.coc.pt\/24gpra4\/informacoes-tecnicas\/","title":{"rendered":"Informa\u00e7\u00f5es T\u00e9cnicas"},"content":{"rendered":"<p>&nbsp;<\/p>\n<p><img loading=\"lazy\" decoding=\"async\" class=\"aligncenter wp-image-1036 size-full\" src=\"http:\/\/eventos.coc.pt\/24gpra4\/wp-content\/uploads\/sites\/28\/2023\/03\/Inf-Tecnica-Estafeta.jpg\" alt=\"\" width=\"656\" height=\"283\" srcset=\"http:\/\/eventos.coc.pt\/24gpra4\/wp-content\/uploads\/sites\/28\/2023\/03\/Inf-Tecnica-Estafeta.jpg 656w, http:\/\/eventos.coc.pt\/24gpra4\/wp-content\/uploads\/sites\/28\/2023\/03\/Inf-Tecnica-Estafeta-300x129.jpg 300w\" sizes=\"auto, (max-width: 656px) 100vw, 656px\" \/><\/p>\n<p><img loading=\"lazy\" decoding=\"async\" class=\"aligncenter wp-image-1037 size-full\" src=\"http:\/\/eventos.coc.pt\/24gpra4\/wp-content\/uploads\/sites\/28\/2023\/03\/Inf-Tecnica-Longa.jpg\" alt=\"\" width=\"710\" height=\"331\" srcset=\"http:\/\/eventos.coc.pt\/24gpra4\/wp-content\/uploads\/sites\/28\/2023\/03\/Inf-Tecnica-Longa.jpg 710w, http:\/\/eventos.coc.pt\/24gpra4\/wp-content\/uploads\/sites\/28\/2023\/03\/Inf-Tecnica-Longa-300x140.jpg 300w\" sizes=\"auto, (max-width: 710px) 100vw, 710px\" \/><\/p>\n<p><img loading=\"lazy\" decoding=\"async\" class=\"alignleft size-thumbnail wp-image-1053\" src=\"http:\/\/eventos.coc.pt\/24gpra4\/wp-content\/uploads\/sites\/28\/2023\/03\/Excerto-Mapa-1-150x150.jpg\" alt=\"\" width=\"150\" height=\"150\" \/> <img loading=\"lazy\" decoding=\"async\" class=\"alignleft size-thumbnail wp-image-1054\" src=\"http:\/\/eventos.coc.pt\/24gpra4\/wp-content\/uploads\/sites\/28\/2023\/03\/Excerto-Mapa-2-150x150.jpg\" alt=\"\" width=\"150\" height=\"150\" \/> <img loading=\"lazy\" decoding=\"async\" class=\"alignleft size-thumbnail wp-image-1055\" src=\"http:\/\/eventos.coc.pt\/24gpra4\/wp-content\/uploads\/sites\/28\/2023\/03\/Excerto-Mapa-3-150x150.jpg\" alt=\"\" width=\"150\" height=\"150\" \/><\/p>\n<p>&nbsp;<\/p>\n<p>&nbsp;<\/p>\n<p>&nbsp;<\/p>\n<p>&nbsp;<\/p>\n<p><strong>Estafeta da Amizade e Prova em Linha (Partidas em Massa em Dist\u00e2ncia Longa)<\/strong><\/p>\n<p>Em ambas as provas (manh\u00e3 Estafeta e tarde Partidas em Massa) ser\u00e1 utilizado o mesmo mapa com uma \u00fanica arena na Lagoa de Pataias.<\/p>\n<p>Mapa de Pataias\/Burinhosa \u2013 Mapa revisto em 2022 pelo cart\u00f3grafo Rui Antunes, que abrange a\u00a0 zona da Lagoa de Pataias ligando ao mapa da Burinhosa e \u00e1rea a sul da carreira de tiro (partidas WMOC 2008 e WRE 2009).<\/p>\n<p>Equidist\u00e2ncia \u2013 2,5 m,<\/p>\n<p>Escal\u00f5es de competi\u00e7\u00e3o &#8211; Estafeta e Longa 1:10.000<\/p>\n<p>Escal\u00f5es Abertos e Forma\u00e7\u00e3o 1:7.500 (Percurso BRANCO \u00bb Aberto 1 e Escolas || Percurso AMARELO \u00bb Aberto 2 e Infantis || Percurso LARANJA \u00bb Aberto 3)<\/p>\n","protected":false},"excerpt":{"rendered":"<p>&nbsp; &nbsp; &nbsp; &nbsp; &nbsp; Estafeta da Amizade e Prova em Linha (Partidas em Massa em Dist\u00e2ncia Longa) Em ambas as provas (manh\u00e3 Estafeta e tarde Partidas em Massa) ser\u00e1 utilizado o mesmo mapa com uma \u00fanica arena na Lagoa de Pataias. Mapa de Pataias\/Burinhosa \u2013 Mapa revisto em 2022 pelo cart\u00f3grafo Rui Antunes, que &hellip; <a href=\"http:\/\/eventos.coc.pt\/24gpra4\/informacoes-tecnicas\/\" class=\"more-link\">Continuar a ler <span class=\"screen-reader-text\">Informa\u00e7\u00f5es T\u00e9cnicas<\/span><\/a><\/p>\n","protected":false},"author":1,"featured_media":0,"parent":0,"menu_order":12,"comment_status":"closed","ping_status":"closed","template":"","meta":{"footnotes":""},"class_list":["post-13","page","type-page","status-publish","hentry"],"_links":{"self":[{"href":"http:\/\/eventos.coc.pt\/24gpra4\/wp-json\/wp\/v2\/pages\/13","targetHints":{"allow":["GET"]}}],"collection":[{"href":"http:\/\/eventos.coc.pt\/24gpra4\/wp-json\/wp\/v2\/pages"}],"about":[{"href":"http:\/\/eventos.coc.pt\/24gpra4\/wp-json\/wp\/v2\/types\/page"}],"author":[{"embeddable":true,"href":"http:\/\/eventos.coc.pt\/24gpra4\/wp-json\/wp\/v2\/users\/1"}],"replies":[{"embeddable":true,"href":"http:\/\/eventos.coc.pt\/24gpra4\/wp-json\/wp\/v2\/comments?post=13"}],"version-history":[{"count":54,"href":"http:\/\/eventos.coc.pt\/24gpra4\/wp-json\/wp\/v2\/pages\/13\/revisions"}],"predecessor-version":[{"id":1072,"href":"http:\/\/eventos.coc.pt\/24gpra4\/wp-json\/wp\/v2\/pages\/13\/revisions\/1072"}],"wp:attachment":[{"href":"http:\/\/eventos.coc.pt\/24gpra4\/wp-json\/wp\/v2\/media?parent=13"}],"curies":[{"name":"wp","href":"https:\/\/api.w.org\/{rel}","templated":true}]}}