{"id":141,"date":"2016-09-16T12:54:39","date_gmt":"2016-09-16T12:54:39","guid":{"rendered":"http:\/\/eventos.coc.pt\/piom2018\/?page_id=141"},"modified":"2023-06-03T18:30:21","modified_gmt":"2023-06-03T18:30:21","slug":"resultados","status":"publish","type":"page","link":"http:\/\/eventos.coc.pt\/24gpra4\/resultados\/","title":{"rendered":"Resultados"},"content":{"rendered":"<p><strong>Estafeta da Amizade (manh\u00e3)<\/strong><\/p>\n<p><a href=\"https:\/\/eventos.coc.pt\/archive\/24gpra4\/results\/estafetas_amizade.html\" target=\"_blank\" rel=\"noopener\">Escal\u00f5es Estafetas<\/a><\/p>\n<p><a href=\"https:\/\/eventos.coc.pt\/archive\/24gpra4\/results\/estafetas_amizade_splits.html\" target=\"_blank\" rel=\"noopener\">Escal\u00f5es Estafetas (splits)<\/a><\/p>\n<p><a href=\"https:\/\/eventos.coc.pt\/archive\/24gpra4\/results\/manha_individuais.html\" target=\"_blank\" rel=\"noopener\">Escal\u00f5es Individuais<\/a><\/p>\n<p><a href=\"https:\/\/eventos.coc.pt\/archive\/24gpra4\/results\/manha_individuais_splits.html\" target=\"_blank\" rel=\"noopener\">Escal\u00f5es Individuais (splits)<\/a><\/p>\n<p><a href=\"https:\/\/www.orioasis.pt\/oasis\/results.php?action=view_stages&amp;eventid=2669\" target=\"_blank\" rel=\"noopener\">OriOasis<\/a><\/p>\n<p><strong>Mass-Start\u00a0<\/strong><\/p>\n<p><a href=\"https:\/\/liveresultat.orientering.se\/followfull.php?comp=26595&amp;lang=en\" target=\"_blank\" rel=\"noopener\">Live results<\/a><\/p>\n<p><a href=\"https:\/\/eventos.coc.pt\/archive\/24gpra4\/results\/mass_start.html\" target=\"_blank\" rel=\"noopener\">Escal\u00f5es<\/a><\/p>\n<p><a href=\"https:\/\/eventos.coc.pt\/archive\/24gpra4\/results\/mass_start_splits.html\" target=\"_blank\" rel=\"noopener\">Escal\u00f5es (splits)<\/a><\/p>\n<p><a href=\"https:\/\/www.orioasis.pt\/oasis\/results.php?action=view_stages&amp;eventid=2669\" target=\"_blank\" rel=\"noopener\">OriOasis<\/a><\/p>\n","protected":false},"excerpt":{"rendered":"<p>Estafeta da Amizade (manh\u00e3) Escal\u00f5es Estafetas Escal\u00f5es Estafetas (splits) Escal\u00f5es Individuais Escal\u00f5es Individuais (splits) OriOasis Mass-Start\u00a0 Live results Escal\u00f5es Escal\u00f5es (splits) OriOasis<\/p>\n","protected":false},"author":1,"featured_media":0,"parent":0,"menu_order":1,"comment_status":"closed","ping_status":"closed","template":"","meta":{"footnotes":""},"class_list":["post-141","page","type-page","status-publish","hentry"],"_links":{"self":[{"href":"http:\/\/eventos.coc.pt\/24gpra4\/wp-json\/wp\/v2\/pages\/141","targetHints":{"allow":["GET"]}}],"collection":[{"href":"http:\/\/eventos.coc.pt\/24gpra4\/wp-json\/wp\/v2\/pages"}],"about":[{"href":"http:\/\/eventos.coc.pt\/24gpra4\/wp-json\/wp\/v2\/types\/page"}],"author":[{"embeddable":true,"href":"http:\/\/eventos.coc.pt\/24gpra4\/wp-json\/wp\/v2\/users\/1"}],"replies":[{"embeddable":true,"href":"http:\/\/eventos.coc.pt\/24gpra4\/wp-json\/wp\/v2\/comments?post=141"}],"version-history":[{"count":18,"href":"http:\/\/eventos.coc.pt\/24gpra4\/wp-json\/wp\/v2\/pages\/141\/revisions"}],"predecessor-version":[{"id":1088,"href":"http:\/\/eventos.coc.pt\/24gpra4\/wp-json\/wp\/v2\/pages\/141\/revisions\/1088"}],"wp:attachment":[{"href":"http:\/\/eventos.coc.pt\/24gpra4\/wp-json\/wp\/v2\/media?parent=141"}],"curies":[{"name":"wp","href":"https:\/\/api.w.org\/{rel}","templated":true}]}}