{"id":19,"date":"2016-09-02T15:32:36","date_gmt":"2016-09-02T15:32:36","guid":{"rendered":"http:\/\/eventos.coc.pt\/piom2018\/?page_id=19"},"modified":"2023-03-01T18:45:33","modified_gmt":"2023-03-01T18:45:33","slug":"localizacao","status":"publish","type":"page","link":"http:\/\/eventos.coc.pt\/24gpra4\/localizacao\/","title":{"rendered":"Localiza\u00e7\u00e3o"},"content":{"rendered":"<p><strong>Estafeta da Amizade e Dist\u00e2ncia Longa Partidas em Massa \u2013 Lagoa de Pataias<\/strong><\/p>\n<p><strong>Arena<\/strong><\/p>\n<p>A arena da prova ser\u00e1 no parque de Merendas junto \u00e0 Lagoa de Pataias<\/p>\n<p>Todos os locais do evento, como <strong>secretariado, inform\u00e1tica, instala\u00e7\u00f5es sanit\u00e1rias, partidas, passagem de testemunho, chegadas e entrega de pr\u00e9mios<\/strong>, funcionar\u00e3o na Arena ou nas suas imedia\u00e7\u00f5es.<\/p>\n<p>Coordenadas GPS:\u00a0 <strong>39.675483, -8.999463<\/strong><\/p>\n<p><strong>Estacionamento<\/strong><\/p>\n<p>Preferencialmente no estacionamento frente \u00e0 Escola B\u00e1sica 2,3 de Pataias e nas diversas ruas, exceto a Avenida da Lagoa para deixar livre o acesso \u00e0 Arena.<\/p>\n<p><strong>Banhos e Casas de Banho\u00a0<\/strong><\/p>\n<p>A disponibilizar brevemente<\/p>\n<p>Todos os locais do evento, como<strong> secretariado, inform\u00e1tica<\/strong><strong>,<\/strong><strong> partidas, chegadas e entrega de pr\u00e9mios, <\/strong>funcionar\u00e3o na Arena ou nas suas imedia\u00e7\u00f5es<\/p>\n","protected":false},"excerpt":{"rendered":"<p>Estafeta da Amizade e Dist\u00e2ncia Longa Partidas em Massa \u2013 Lagoa de Pataias Arena A arena da prova ser\u00e1 no parque de Merendas junto \u00e0 Lagoa de Pataias Todos os locais do evento, como secretariado, inform\u00e1tica, instala\u00e7\u00f5es sanit\u00e1rias, partidas, passagem de testemunho, chegadas e entrega de pr\u00e9mios, funcionar\u00e3o na Arena ou nas suas imedia\u00e7\u00f5es. Coordenadas &hellip; <a href=\"http:\/\/eventos.coc.pt\/24gpra4\/localizacao\/\" class=\"more-link\">Continuar a ler <span class=\"screen-reader-text\">Localiza\u00e7\u00e3o<\/span><\/a><\/p>\n","protected":false},"author":1,"featured_media":0,"parent":0,"menu_order":9,"comment_status":"closed","ping_status":"closed","template":"","meta":{"footnotes":""},"class_list":["post-19","page","type-page","status-publish","hentry"],"_links":{"self":[{"href":"http:\/\/eventos.coc.pt\/24gpra4\/wp-json\/wp\/v2\/pages\/19","targetHints":{"allow":["GET"]}}],"collection":[{"href":"http:\/\/eventos.coc.pt\/24gpra4\/wp-json\/wp\/v2\/pages"}],"about":[{"href":"http:\/\/eventos.coc.pt\/24gpra4\/wp-json\/wp\/v2\/types\/page"}],"author":[{"embeddable":true,"href":"http:\/\/eventos.coc.pt\/24gpra4\/wp-json\/wp\/v2\/users\/1"}],"replies":[{"embeddable":true,"href":"http:\/\/eventos.coc.pt\/24gpra4\/wp-json\/wp\/v2\/comments?post=19"}],"version-history":[{"count":45,"href":"http:\/\/eventos.coc.pt\/24gpra4\/wp-json\/wp\/v2\/pages\/19\/revisions"}],"predecessor-version":[{"id":1050,"href":"http:\/\/eventos.coc.pt\/24gpra4\/wp-json\/wp\/v2\/pages\/19\/revisions\/1050"}],"wp:attachment":[{"href":"http:\/\/eventos.coc.pt\/24gpra4\/wp-json\/wp\/v2\/media?parent=19"}],"curies":[{"name":"wp","href":"https:\/\/api.w.org\/{rel}","templated":true}]}}