{"id":4,"date":"2016-08-29T23:31:01","date_gmt":"2016-08-29T23:31:01","guid":{"rendered":"http:\/\/eventos.coc.pt\/piom2018\/?page_id=4"},"modified":"2023-03-01T18:42:49","modified_gmt":"2023-03-01T18:42:49","slug":"programa","status":"publish","type":"page","link":"http:\/\/eventos.coc.pt\/24gpra4\/programa\/","title":{"rendered":"Programa"},"content":{"rendered":"<p>29 de Maio (Segunda-feira at\u00e9 23h59) Data limite das inscri\u00e7\u00f5es.<\/p>\n<p>03 de Junho<\/p>\n<p><strong>Estafeta da Amizada \u2013 Pataias (Lagoa)<\/strong><\/p>\n<p>08h30 \u2013 Abertura do Secretariado<\/p>\n<p>09h40 \u2013 Briefing sobre o funcionamento da Estafeta<\/p>\n<p>10h00 \u2013 Partida dos primeiros atletas das equipas de estafeta.<\/p>\n<p>10h05 \u00e0s 10h30 \u2013 Partidas dos Escal\u00f5es Escolas, Infantis, Abertos Amarelo e Laranja<\/p>\n<p>11h30 \u2013 Partidas em massa dos atletas que ainda tenham elementos da equipa em prova<\/p>\n<p><strong>Prova em Floresta \u2013 Pataias (Lagoa)<\/strong><\/p>\n<p>16h00 \u2013 Abertura do Secretariado<\/p>\n<p>16h30 \u2013 Explica\u00e7\u00e3o geral da prova<\/p>\n<p>16h45 \u2013 Entrada para a box de partidas (junto aos mapas)<\/p>\n<p>17h00 \u2013 Partida em massa para todos os escal\u00f5es de competi\u00e7\u00e3o<\/p>\n<p>17h05 \u00e0s 17h30 \u2013 Partidas dos Escal\u00f5es Escolas, Infantis e Abertos<\/p>\n<p>17h10 \u2013 Partida dos Escal\u00f5es Escolas e Infantis (At\u00e9 aos 12 anos \u2013 Partida 2)<\/p>\n<p>19h00 \u2013 Entrega de pr\u00e9mios da prova de Floresta<\/p>\n","protected":false},"excerpt":{"rendered":"<p>29 de Maio (Segunda-feira at\u00e9 23h59) Data limite das inscri\u00e7\u00f5es. 03 de Junho Estafeta da Amizada \u2013 Pataias (Lagoa) 08h30 \u2013 Abertura do Secretariado 09h40 \u2013 Briefing sobre o funcionamento da Estafeta 10h00 \u2013 Partida dos primeiros atletas das equipas de estafeta. 10h05 \u00e0s 10h30 \u2013 Partidas dos Escal\u00f5es Escolas, Infantis, Abertos Amarelo e Laranja &hellip; <a href=\"http:\/\/eventos.coc.pt\/24gpra4\/programa\/\" class=\"more-link\">Continuar a ler <span class=\"screen-reader-text\">Programa<\/span><\/a><\/p>\n","protected":false},"author":1,"featured_media":0,"parent":0,"menu_order":14,"comment_status":"closed","ping_status":"closed","template":"","meta":{"footnotes":""},"class_list":["post-4","page","type-page","status-publish","hentry"],"_links":{"self":[{"href":"http:\/\/eventos.coc.pt\/24gpra4\/wp-json\/wp\/v2\/pages\/4","targetHints":{"allow":["GET"]}}],"collection":[{"href":"http:\/\/eventos.coc.pt\/24gpra4\/wp-json\/wp\/v2\/pages"}],"about":[{"href":"http:\/\/eventos.coc.pt\/24gpra4\/wp-json\/wp\/v2\/types\/page"}],"author":[{"embeddable":true,"href":"http:\/\/eventos.coc.pt\/24gpra4\/wp-json\/wp\/v2\/users\/1"}],"replies":[{"embeddable":true,"href":"http:\/\/eventos.coc.pt\/24gpra4\/wp-json\/wp\/v2\/comments?post=4"}],"version-history":[{"count":67,"href":"http:\/\/eventos.coc.pt\/24gpra4\/wp-json\/wp\/v2\/pages\/4\/revisions"}],"predecessor-version":[{"id":1047,"href":"http:\/\/eventos.coc.pt\/24gpra4\/wp-json\/wp\/v2\/pages\/4\/revisions\/1047"}],"wp:attachment":[{"href":"http:\/\/eventos.coc.pt\/24gpra4\/wp-json\/wp\/v2\/media?parent=4"}],"curies":[{"name":"wp","href":"https:\/\/api.w.org\/{rel}","templated":true}]}}