{"id":846,"date":"2022-04-12T17:40:44","date_gmt":"2022-04-12T17:40:44","guid":{"rendered":"http:\/\/eventos.coc.pt\/24gpra4\/?page_id=846"},"modified":"2023-06-02T12:40:41","modified_gmt":"2023-06-02T12:40:41","slug":"partidas-2","status":"publish","type":"page","link":"http:\/\/eventos.coc.pt\/24gpra4\/partidas-2\/","title":{"rendered":"Partidas"},"content":{"rendered":"<p><strong>Listagem de Partidas<\/strong><\/p>\n<ul>\n<li><a href=\"https:\/\/eventos.coc.pt\/archive\/24gpra4\/PartEstafetas.html\" target=\"_blank\" rel=\"noopener\">Manh\u00e3 &#8211; Estafetas<\/a><\/li>\n<li><a href=\"https:\/\/eventos.coc.pt\/archive\/24gpra4\/PartManha.html\" target=\"_blank\" rel=\"noopener\">Manh\u00e3 &#8211; Individuais<\/a><\/li>\n<li><a href=\"https:\/\/eventos.coc.pt\/archive\/24gpra4\/PartTarde.html\" target=\"_blank\" rel=\"noopener\">Tarde &#8211; Mass start<\/a><\/li>\n<\/ul>\n<p>&nbsp;<\/p>\n<p><strong>Estafeta da Amizade<\/strong><\/p>\n<p>Primeiro elemento de cada equipa partir\u00e1 \u00e0s 10h00<\/p>\n<p>Escal\u00f5es de Forma\u00e7\u00e3o (Escolas e Infantis) e Abertos (Amarelo e Laranja) com partidas individuais, ter\u00e3o uma janela de tempos de partida entre as 10h05 e as 10h30 com recurso \u00e0 esta\u00e7\u00e3o Start.<\/p>\n<p><strong>Prova de Floresta<\/strong><\/p>\n<p>Partidas em massa \u00e0s 17h00 para todos os escal\u00f5es de competi\u00e7\u00e3o.<\/p>\n<p>Escal\u00f5es de Forma\u00e7\u00e3o (Escolas e Infantis) e Abertos com partidas individuais, ter\u00e3o uma janela de tempos de partida entre as 17h05 e as 17h30 com recurso \u00e0 esta\u00e7\u00e3o Start.<\/p>\n","protected":false},"excerpt":{"rendered":"<p>Listagem de Partidas Manh\u00e3 &#8211; Estafetas Manh\u00e3 &#8211; Individuais Tarde &#8211; Mass start &nbsp; Estafeta da Amizade Primeiro elemento de cada equipa partir\u00e1 \u00e0s 10h00 Escal\u00f5es de Forma\u00e7\u00e3o (Escolas e Infantis) e Abertos (Amarelo e Laranja) com partidas individuais, ter\u00e3o uma janela de tempos de partida entre as 10h05 e as 10h30 com recurso \u00e0 &hellip; <a href=\"http:\/\/eventos.coc.pt\/24gpra4\/partidas-2\/\" class=\"more-link\">Continuar a ler <span class=\"screen-reader-text\">Partidas<\/span><\/a><\/p>\n","protected":false},"author":1,"featured_media":0,"parent":0,"menu_order":0,"comment_status":"closed","ping_status":"closed","template":"","meta":{"footnotes":""},"class_list":["post-846","page","type-page","status-publish","hentry"],"_links":{"self":[{"href":"http:\/\/eventos.coc.pt\/24gpra4\/wp-json\/wp\/v2\/pages\/846","targetHints":{"allow":["GET"]}}],"collection":[{"href":"http:\/\/eventos.coc.pt\/24gpra4\/wp-json\/wp\/v2\/pages"}],"about":[{"href":"http:\/\/eventos.coc.pt\/24gpra4\/wp-json\/wp\/v2\/types\/page"}],"author":[{"embeddable":true,"href":"http:\/\/eventos.coc.pt\/24gpra4\/wp-json\/wp\/v2\/users\/1"}],"replies":[{"embeddable":true,"href":"http:\/\/eventos.coc.pt\/24gpra4\/wp-json\/wp\/v2\/comments?post=846"}],"version-history":[{"count":11,"href":"http:\/\/eventos.coc.pt\/24gpra4\/wp-json\/wp\/v2\/pages\/846\/revisions"}],"predecessor-version":[{"id":1084,"href":"http:\/\/eventos.coc.pt\/24gpra4\/wp-json\/wp\/v2\/pages\/846\/revisions\/1084"}],"wp:attachment":[{"href":"http:\/\/eventos.coc.pt\/24gpra4\/wp-json\/wp\/v2\/media?parent=846"}],"curies":[{"name":"wp","href":"https:\/\/api.w.org\/{rel}","templated":true}]}}