{"id":11,"date":"2016-09-02T15:31:27","date_gmt":"2016-09-02T15:31:27","guid":{"rendered":"http:\/\/eventos.coc.pt\/piom2018\/?page_id=11"},"modified":"2022-11-08T19:01:41","modified_gmt":"2022-11-08T19:01:41","slug":"informacoes-gerais","status":"publish","type":"page","link":"http:\/\/eventos.coc.pt\/7oribttcentro\/informacoes-gerais\/","title":{"rendered":"Informa\u00e7\u00f5es Gerais"},"content":{"rendered":"<p><strong>Arena<\/strong><\/p>\n<p>Associa\u00e7\u00e3o Norte da Vila Benedita (Sede do R\u00f3\u00f3dinhas BTT Team) || Rua da Associa\u00e7\u00e3o S\/N \u2013 Portela do Chami\u00e7o \u2013 Benedita<\/p>\n<p>Coordenadas: 39.442912, -8.980186<\/p>\n<p>&nbsp;<\/p>\n<p><img loading=\"lazy\" decoding=\"async\" class=\"aligncenter wp-image-645 size-full\" src=\"http:\/\/eventos.coc.pt\/7oribttcentro\/wp-content\/uploads\/sites\/17\/2022\/11\/Arena.jpeg\" alt=\"\" width=\"1600\" height=\"805\" srcset=\"http:\/\/eventos.coc.pt\/7oribttcentro\/wp-content\/uploads\/sites\/17\/2022\/11\/Arena.jpeg 1600w, http:\/\/eventos.coc.pt\/7oribttcentro\/wp-content\/uploads\/sites\/17\/2022\/11\/Arena-300x151.jpeg 300w, http:\/\/eventos.coc.pt\/7oribttcentro\/wp-content\/uploads\/sites\/17\/2022\/11\/Arena-1024x515.jpeg 1024w, http:\/\/eventos.coc.pt\/7oribttcentro\/wp-content\/uploads\/sites\/17\/2022\/11\/Arena-768x386.jpeg 768w, http:\/\/eventos.coc.pt\/7oribttcentro\/wp-content\/uploads\/sites\/17\/2022\/11\/Arena-1536x773.jpeg 1536w\" sizes=\"auto, (max-width: 1600px) 100vw, 1600px\" \/><\/p>\n<p><strong>Secretariado<\/strong><\/p>\n<p>A funcionar na Arena de cada uma das 2 Etapa.<\/p>\n<p>Recolha de chaves de carro, a funcionar no Secretariado<\/p>\n<p><strong>Banhos<\/strong><\/p>\n<p>Nas Piscinas Municipais da Benedita. <span style=\"font-size: 10pt;\">GPS <b>39.42677891746649, -8.977262053975698<\/b><\/span><\/p>\n<p>Como alternativa poder\u00e3o ser utilizadas as instala\u00e7\u00f5es da Associa\u00e7\u00e3o Norte da Vila Benedita (Sede do R\u00f3\u00f3dinhas BTT Team)<\/p>\n<p><strong>Primeiros Socorros<\/strong><\/p>\n<p>Nas Chegadas\/Arena, em cada etapa, estar\u00e1 montado um sistema de apoio e presta\u00e7\u00e3o de primeiros socorros.<\/p>\n<p>Mediante a verifica\u00e7\u00e3o de cuidados acrescidos, ser\u00e1 feita a evacua\u00e7\u00e3o e transporte para unidade de sa\u00fade identificada para o efeito.<\/p>\n<p><strong>Lavagem bicicletas<\/strong><\/p>\n<p>Na Arena<\/p>\n<p><strong>Bar<\/strong><\/p>\n<p>Durante os 2 dias de evento na Arena da prova, estar\u00e1 dispon\u00edvel servi\u00e7o de Bar e refei\u00e7\u00f5es r\u00e1pidas.<\/p>\n<p><strong>Solo Duro<\/strong><\/p>\n<p>Associa\u00e7\u00e3o Norte da Vila Benedita (Sede do R\u00f3\u00f3dinhas BTT Team)<\/p>\n<p>Os\u00a0atletas dever\u00e3o trazer saco-cama e colch\u00e3o.<\/p>\n<p>Este servi\u00e7o de alojamento \u00e9 disponibilizado gratuitamente aos participantes, com reserva do servi\u00e7o quando do registo das inscri\u00e7\u00f5es na respectiva plataforma.<\/p>\n<p>Faz-se um apelo ao civismo dos atletas para o rigoroso respeito pelo sil\u00eancio, regras de viv\u00eancia neste tipo de espa\u00e7o e extremo cuidado pelas regas de higiene em todo o espa\u00e7o (pavilh\u00e3o e sanit\u00e1rios).<\/p>\n<p>\u00c9 expressamente proibido a utiliza\u00e7\u00e3o de cal\u00e7ado de competi\u00e7\u00e3o no interior do pavilh\u00e3o, incluindo casas de banho.<\/p>\n<p><strong>Estacionamento<\/strong><\/p>\n<p>Junto \u00e0 Arena.<\/p>\n<p><strong>Mapas &amp; Fair Play<\/strong><\/p>\n<p>N\u00e3o haver\u00e1 recolha de mapas no final dos percursos. Por esse facto, apela-se ao Fair-Play de todos os participantes.<\/p>\n<p>As \u00e1reas de prova est\u00e3o interditas\/embargadas. Qualquer atleta que seja encontrado a treinar em zonas embargadas ser\u00e1 proibido de participar no evento.<\/p>\n<p>N\u00e3o ser\u00e3o autorizadas partidas de atletas, com altera\u00e7\u00f5es de dados, sem a devida valida\u00e7\u00e3o pr\u00e9via no Secretariado, pelo que os participantes, caso tenham alguma altera\u00e7\u00e3o nos dados da sua inscri\u00e7\u00e3o, devem junto do Secretariado proceder ao registo dessa(s) altera\u00e7\u00e3o(\u00f5es).<\/p>\n<p><strong>Tempos de Partida e Tempo M\u00e1ximo de Prova<\/strong><\/p>\n<p>Por ambas as partidas serem em sistema de Mass Start, n\u00e3o poder\u00e1 haver partidas diferidas, pelo que n\u00e3o haver\u00e1 altera\u00e7\u00f5es na hora de partida (escal\u00f5es de competi\u00e7\u00e3o e abertos)<\/p>\n<p>Tempo limite para o Campeonato Nacional de Mass Start: 02h30<\/p>\n<p>Tempo limite para a etapa de Dist\u00e2ncia Longa: 04h00<\/p>\n<p><strong>Resultados e Classifica\u00e7\u00f5es<\/strong><\/p>\n<p>O 7\u00ba Ori BTT do Centro ter\u00e1 2 classifica\u00e7\u00f5es distintas:<\/p>\n<p><strong>Campeonato Nacional de Mass Start (S\u00e1bado)<\/strong><\/p>\n<p>Os resultados do campeonato nacional de Mass Start, assim como dos restantes escal\u00f5es, ser\u00e3o apurados conforme regulamento FPO em vigor.<\/p>\n<p><strong>7\u00ba Ori BTT do Centro (Domingo)<\/strong><\/p>\n<p>Os resultados individuais do 7\u00ba Ori BTT do Centro ser\u00e3o apurados, apenas com base na etapa de Dist\u00e2ncia Longa.<\/p>\n<p>Os resultados colectivos ser\u00e3o apurados conforme regulamento da FPO, tendo em conta apenas os resultados da etapa de Dist\u00e2ncia Longa.<\/p>\n<p><strong>Pr\u00e9mios <\/strong><\/p>\n<p><strong>Campeonato Nacional Mass Star (S\u00e1bado):<\/strong><\/p>\n<p>Pr\u00e9mios FPO<\/p>\n<ul>\n<li>Medalhas para os 3 primeiros classificados em cada Categoria de competi\u00e7\u00e3o.<\/li>\n<li>Trof\u00e9u FPO para os clubes Campe\u00f5es Nacionais Mass Start, em cada categoria de competi\u00e7\u00e3o.<\/li>\n<\/ul>\n<p>Pr\u00e9mios COC | R\u00d3\u00d3DINHAS<\/p>\n<ul>\n<li>3 Primeiros classificados dos escal\u00f5es Abertos<\/li>\n<li>Lembran\u00e7as aos participantes nos escal\u00f5es de Forma\u00e7\u00e3o (H\/D 11)<\/li>\n<\/ul>\n<p><strong>Trof\u00e9u 7\u00ba Ori BTT do Centro (Domingo)<\/strong>:<\/p>\n<p>Escal\u00f5es de forma\u00e7\u00e3o \u2013 Estes escal\u00f5es n\u00e3o ter\u00e3o pr\u00e9mios, apenas ser\u00e3o atribu\u00eddas lembran\u00e7as de participa\u00e7\u00e3o;<\/p>\n<p>Escal\u00f5es de Competi\u00e7\u00e3o e Abertos &#8211; Pr\u00e9mio param os 3 primeiros classificados, excepto Elite em que ser\u00e3o premiados os 5 primeiros.<\/p>\n<p>Trofeu para as 3 primeiras equipas.<\/p>\n<p><strong>Peitorais<\/strong><\/p>\n<p>Os atletas federados utilizar\u00e3o os seus pr\u00f3prios peitorais, fornecidos pela FPO.<\/p>\n<p>Os atletas n\u00e3o federados dever\u00e3o, junto do Secretariado, levantar o peitoral que lhe for atribu\u00eddo, sendo obrigat\u00f3rio a sua utiliza\u00e7\u00e3o na prova, de modo e em local de boa visibilidade.<\/p>\n<p>N\u00e3o ser\u00e1 autorizada a partida\/participa\u00e7\u00e3o do atleta que n\u00e3o tiver o peitoral devidamente fixado no seu equipamento.<\/p>\n<p><strong>Sistema de Controlo Electr\u00f3nico<\/strong><\/p>\n<p>SPORTident (SIAC Air+) ser\u00e1 o sistema de controlo electr\u00f3nico utilizado nesta prova.<\/p>\n<p>Ca<img loading=\"lazy\" decoding=\"async\" class=\"alignleft wp-image-421 \" src=\"http:\/\/eventos.coc.pt\/7oribttcentro\/wp-content\/uploads\/sites\/17\/2020\/04\/SI-Card_dedo1-300x218.jpg\" alt=\"\" width=\"174\" height=\"126\" srcset=\"http:\/\/eventos.coc.pt\/7oribttcentro\/wp-content\/uploads\/sites\/17\/2020\/04\/SI-Card_dedo1-300x218.jpg 300w, http:\/\/eventos.coc.pt\/7oribttcentro\/wp-content\/uploads\/sites\/17\/2020\/04\/SI-Card_dedo1.jpg 626w\" sizes=\"auto, (max-width: 174px) 100vw, 174px\" \/>da atleta ou equipa (escal\u00f5es abertos) leva, al\u00e9m do mapa, um chip de controlo electr\u00f3nico \u2013 SI Card (a Organiza\u00e7\u00e3o, por ced\u00eancia da FPO, disponibilizar\u00e1, gratuitamente, SI Card a quem n\u00e3o tiver).<\/p>\n<p><img loading=\"lazy\" decoding=\"async\" class=\"alignright wp-image-420 \" src=\"http:\/\/eventos.coc.pt\/7oribttcentro\/wp-content\/uploads\/sites\/17\/2020\/04\/Esta\u00e7\u00e3o-Sport-Ident-300x263.jpg\" alt=\"\" width=\"253\" height=\"222\" srcset=\"http:\/\/eventos.coc.pt\/7oribttcentro\/wp-content\/uploads\/sites\/17\/2020\/04\/Esta\u00e7\u00e3o-Sport-Ident-300x263.jpg 300w, http:\/\/eventos.coc.pt\/7oribttcentro\/wp-content\/uploads\/sites\/17\/2020\/04\/Esta\u00e7\u00e3o-Sport-Ident.jpg 515w\" sizes=\"auto, (max-width: 253px) 100vw, 253px\" \/><\/p>\n<p>&nbsp;<\/p>\n<p>&nbsp;<\/p>\n<p>O atleta ou grupo \u00e9 respons\u00e1vel por efectuar, correctamente, o registo no seu SI Card, devendo esperar o tempo necess\u00e1rio para obter a confirma\u00e7\u00e3o (flash e\/ou sinal sonoro).<\/p>\n<p>&nbsp;<\/p>\n<p><img loading=\"lazy\" decoding=\"async\" class=\"alignleft wp-image-535 \" src=\"http:\/\/eventos.coc.pt\/7oribttcentro\/wp-content\/uploads\/sites\/17\/2020\/04\/Alicate.jpg\" alt=\"\" width=\"233\" height=\"158\" \/>No caso de falha do sistema electr\u00f3nico, ou desaparecimento da esta\u00e7\u00e3o electr\u00f3nica, o atleta deve validar a confirma\u00e7\u00e3o de presen\u00e7a no ponto, com recurso ao sistema mec\u00e2nico, picotando o mapa com o picotador respectivo, no espa\u00e7o indicado no mapa para o efeito.<\/p>\n<p>&nbsp;<\/p>\n<p><img loading=\"lazy\" decoding=\"async\" class=\"alignright wp-image-418 \" src=\"http:\/\/eventos.coc.pt\/7oribttcentro\/wp-content\/uploads\/sites\/17\/2020\/04\/Controlar-o-ponto_Esta\u00e7\u00e3o-SIAC_3-300x255.jpg\" alt=\"\" width=\"379\" height=\"322\" srcset=\"http:\/\/eventos.coc.pt\/7oribttcentro\/wp-content\/uploads\/sites\/17\/2020\/04\/Controlar-o-ponto_Esta\u00e7\u00e3o-SIAC_3-300x255.jpg 300w, http:\/\/eventos.coc.pt\/7oribttcentro\/wp-content\/uploads\/sites\/17\/2020\/04\/Controlar-o-ponto_Esta\u00e7\u00e3o-SIAC_3.jpg 658w\" sizes=\"auto, (max-width: 379px) 100vw, 379px\" \/><\/p>\n<p>Em caso de desaparecimento do posto de controlo (suporte, unidade de controlo electr\u00f3nico e picotador), que impossibilite o registo da passagem do atleta ou de coloca\u00e7\u00e3o comprovadamente errada (fora do local assinalado no mapa), o atleta deve seguir normalmente a sua prova, porque a decis\u00e3o de anula\u00e7\u00e3o do percurso s\u00f3 ser\u00e1 tomada no final da competi\u00e7\u00e3o, caso se comprove que a aus\u00eancia desse ponto introduziu injusti\u00e7a significante nos resultados, por ter influenciado gravemente a presta\u00e7\u00e3o dos atletas.<\/p>\n<p>&nbsp;<\/p>\n<p>\u00c9 permitido ao atleta levar um SPORTident AIR+ extra, de modo a efectuar o Backup da sua prova, e deve ser aceite pela organiza\u00e7\u00e3o a sua leitura, caso seja necess\u00e1rio. Contudo o atleta ter\u00e1 que, antes de iniciar a sua prova, fornecer \u00e0 organiza\u00e7\u00e3o o n\u00famero desse SPORTident AIR+.<\/p>\n<p>Os pontos ter\u00e3o de ser controlados pela ordem sequencial que foi definida pela organiza\u00e7\u00e3o.<\/p>\n<p>Nos casos em que o atleta, por qualquer motivo, mude de SI Card, \u00e9 obrigat\u00f3rio validar essa altera\u00e7\u00e3o no Secretariado, antes de iniciar a sua prova.<\/p>\n<p><strong>Regras<\/strong><\/p>\n<p>As competi\u00e7\u00f5es regem-se pelo\u00a0<strong>regulamento de competi\u00e7\u00f5es<\/strong>\u00a0da FPO em vigor. Em caso de omiss\u00e3o ser\u00e1 aplicado o regulamento de competi\u00e7\u00f5es da IOF.<\/p>\n<p>O regulamento FPO em vigor pode ser consultado no link abaixo<\/p>\n<p><strong><a href=\"https:\/\/www.fpo.pt\/ficheiros\/Regulamentos\/2021\/Regulamento%20Competies%20OriBTT%202021.pdf\" target=\"_blank\" rel=\"noopener noreferrer\">Regulamento de Competi\u00e7\u00f5es 2021\/22 \u2013 O-BTT\u00a0<\/a><\/strong><\/p>\n<p><strong>Direitos de Imagem<\/strong><\/p>\n<p>O COC reserva-se no direito de divulgar as imagens (fotografias e v\u00eddeos) recolhidas nesta actividade nos meios de comunica\u00e7\u00e3o social e em suportes de comunica\u00e7\u00e3o, bem como utilizar as mesmas\u00a0para\u00a0fins promocionais.<\/p>\n","protected":false},"excerpt":{"rendered":"<p>Arena Associa\u00e7\u00e3o Norte da Vila Benedita (Sede do R\u00f3\u00f3dinhas BTT Team) || Rua da Associa\u00e7\u00e3o S\/N \u2013 Portela do Chami\u00e7o \u2013 Benedita Coordenadas: 39.442912, -8.980186 &nbsp; Secretariado A funcionar na Arena de cada uma das 2 Etapa. Recolha de chaves de carro, a funcionar no Secretariado Banhos Nas Piscinas Municipais da Benedita. GPS 39.42677891746649, -8.977262053975698 &hellip; <a href=\"http:\/\/eventos.coc.pt\/7oribttcentro\/informacoes-gerais\/\" class=\"more-link\">Continuar a ler <span class=\"screen-reader-text\">Informa\u00e7\u00f5es Gerais<\/span><\/a><\/p>\n","protected":false},"author":1,"featured_media":0,"parent":0,"menu_order":13,"comment_status":"closed","ping_status":"closed","template":"","meta":{"footnotes":""},"class_list":["post-11","page","type-page","status-publish","hentry"],"_links":{"self":[{"href":"http:\/\/eventos.coc.pt\/7oribttcentro\/wp-json\/wp\/v2\/pages\/11","targetHints":{"allow":["GET"]}}],"collection":[{"href":"http:\/\/eventos.coc.pt\/7oribttcentro\/wp-json\/wp\/v2\/pages"}],"about":[{"href":"http:\/\/eventos.coc.pt\/7oribttcentro\/wp-json\/wp\/v2\/types\/page"}],"author":[{"embeddable":true,"href":"http:\/\/eventos.coc.pt\/7oribttcentro\/wp-json\/wp\/v2\/users\/1"}],"replies":[{"embeddable":true,"href":"http:\/\/eventos.coc.pt\/7oribttcentro\/wp-json\/wp\/v2\/comments?post=11"}],"version-history":[{"count":53,"href":"http:\/\/eventos.coc.pt\/7oribttcentro\/wp-json\/wp\/v2\/pages\/11\/revisions"}],"predecessor-version":[{"id":646,"href":"http:\/\/eventos.coc.pt\/7oribttcentro\/wp-json\/wp\/v2\/pages\/11\/revisions\/646"}],"wp:attachment":[{"href":"http:\/\/eventos.coc.pt\/7oribttcentro\/wp-json\/wp\/v2\/media?parent=11"}],"curies":[{"name":"wp","href":"https:\/\/api.w.org\/{rel}","templated":true}]}}