{"id":13,"date":"2016-09-02T15:31:49","date_gmt":"2016-09-02T15:31:49","guid":{"rendered":"http:\/\/eventos.coc.pt\/piom2018\/?page_id=13"},"modified":"2022-11-11T09:46:29","modified_gmt":"2022-11-11T09:46:29","slug":"informacoes-tecnicas","status":"publish","type":"page","link":"http:\/\/eventos.coc.pt\/7oribttcentro\/informacoes-tecnicas\/","title":{"rendered":"Informa\u00e7\u00f5es T\u00e9cnicas"},"content":{"rendered":"<p><strong>Cartografo:\u00a0<\/strong>Alexandre Reis<\/p>\n<p><strong>Tra\u00e7ador de Percursos:<\/strong>\u00a0Daniel Marques<\/p>\n<p><strong><u>MAPA \/ TERRENO<\/u><\/strong><\/p>\n<p>Mapa da Benedita \u2013 Cartografado e desenhado para a disciplina de BTT.<\/p>\n<p>Trabalho de campo e desenho OCAD de setembro de 2022.<\/p>\n<p>Escala do mapa: 1\/7500 &#8211; Campeonato Nacional de Mass Start (S\u00e1bado)<\/p>\n<p>Equidist\u00e2ncia: 5 metros<\/p>\n<p><img loading=\"lazy\" decoding=\"async\" class=\"aligncenter wp-image-668 size-full\" src=\"http:\/\/eventos.coc.pt\/7oribttcentro\/wp-content\/uploads\/sites\/17\/2022\/11\/Inf-Tecnica-12-11-2022-e1668159924418.jpg\" alt=\"\" width=\"980\" height=\"633\" srcset=\"http:\/\/eventos.coc.pt\/7oribttcentro\/wp-content\/uploads\/sites\/17\/2022\/11\/Inf-Tecnica-12-11-2022-e1668159924418.jpg 980w, http:\/\/eventos.coc.pt\/7oribttcentro\/wp-content\/uploads\/sites\/17\/2022\/11\/Inf-Tecnica-12-11-2022-e1668159924418-300x194.jpg 300w, http:\/\/eventos.coc.pt\/7oribttcentro\/wp-content\/uploads\/sites\/17\/2022\/11\/Inf-Tecnica-12-11-2022-e1668159924418-768x496.jpg 768w\" sizes=\"auto, (max-width: 980px) 100vw, 980px\" \/><\/p>\n<p>Escala do mapa: 1\/7500; 1\/15000; 1\/20000 &#8211; prova de Dist\u00e2ncia Longa (Domingo)<\/p>\n<p>Equidist\u00e2ncia: 5 metros<\/p>\n<p><span style=\"font-size: 18pt;\"><strong>Aten\u00e7\u00e3o:<\/strong><\/span><\/p>\n<p>No dia 13 de Novembro a TP Ori BTT PMS (dist\u00e2ncia longa) conta com partida em massa num formato de orienta\u00e7\u00e3o com <strong>ordem livre<\/strong>, com obrigatoriedade de controlar todos os pontos existentes no seu mapa.<\/p>\n<p><img loading=\"lazy\" decoding=\"async\" class=\"aligncenter wp-image-667 size-full\" src=\"http:\/\/eventos.coc.pt\/7oribttcentro\/wp-content\/uploads\/sites\/17\/2022\/11\/Inf-Tecnica-13-11-2022-e1668159986673.jpg\" alt=\"\" width=\"980\" height=\"633\" srcset=\"http:\/\/eventos.coc.pt\/7oribttcentro\/wp-content\/uploads\/sites\/17\/2022\/11\/Inf-Tecnica-13-11-2022-e1668159986673.jpg 980w, http:\/\/eventos.coc.pt\/7oribttcentro\/wp-content\/uploads\/sites\/17\/2022\/11\/Inf-Tecnica-13-11-2022-e1668159986673-300x194.jpg 300w, http:\/\/eventos.coc.pt\/7oribttcentro\/wp-content\/uploads\/sites\/17\/2022\/11\/Inf-Tecnica-13-11-2022-e1668159986673-768x496.jpg 768w\" sizes=\"auto, (max-width: 980px) 100vw, 980px\" \/><\/p>\n<p>O terreno \u00e9 de r\u00e1pida progress\u00e3o, com consider\u00e1vel desn\u00edvel, alternando zonas florestais com uma boa rede de caminhos, com algumas \u00e1reas urbanas.<\/p>\n<p style=\"text-align: center;\"><strong>Excerto do Mapa<\/strong><\/p>\n<p><img loading=\"lazy\" decoding=\"async\" class=\"alignleft wp-image-422 size-medium\" src=\"http:\/\/eventos.coc.pt\/7oribttcentro\/wp-content\/uploads\/sites\/17\/2020\/04\/Excerto1-300x267.jpg\" alt=\"\" width=\"300\" height=\"267\" srcset=\"http:\/\/eventos.coc.pt\/7oribttcentro\/wp-content\/uploads\/sites\/17\/2020\/04\/Excerto1-300x267.jpg 300w, http:\/\/eventos.coc.pt\/7oribttcentro\/wp-content\/uploads\/sites\/17\/2020\/04\/Excerto1-768x682.jpg 768w, http:\/\/eventos.coc.pt\/7oribttcentro\/wp-content\/uploads\/sites\/17\/2020\/04\/Excerto1-1024x910.jpg 1024w\" sizes=\"auto, (max-width: 300px) 100vw, 300px\" \/> <img loading=\"lazy\" decoding=\"async\" class=\"alignright wp-image-423 size-medium\" src=\"http:\/\/eventos.coc.pt\/7oribttcentro\/wp-content\/uploads\/sites\/17\/2020\/04\/Excerto2-300x265.jpg\" alt=\"\" width=\"300\" height=\"265\" srcset=\"http:\/\/eventos.coc.pt\/7oribttcentro\/wp-content\/uploads\/sites\/17\/2020\/04\/Excerto2-300x265.jpg 300w, http:\/\/eventos.coc.pt\/7oribttcentro\/wp-content\/uploads\/sites\/17\/2020\/04\/Excerto2-768x679.jpg 768w, http:\/\/eventos.coc.pt\/7oribttcentro\/wp-content\/uploads\/sites\/17\/2020\/04\/Excerto2-1024x906.jpg 1024w, http:\/\/eventos.coc.pt\/7oribttcentro\/wp-content\/uploads\/sites\/17\/2020\/04\/Excerto2.jpg 1567w\" sizes=\"auto, (max-width: 300px) 100vw, 300px\" \/><\/p>\n<p>&nbsp;<\/p>\n<p>&nbsp;<\/p>\n<p>&nbsp;<\/p>\n<p>&nbsp;<\/p>\n<p>&nbsp;<\/p>\n<p>&nbsp;<\/p>\n","protected":false},"excerpt":{"rendered":"<p>Cartografo:\u00a0Alexandre Reis Tra\u00e7ador de Percursos:\u00a0Daniel Marques MAPA \/ TERRENO Mapa da Benedita \u2013 Cartografado e desenhado para a disciplina de BTT. Trabalho de campo e desenho OCAD de setembro de 2022. Escala do mapa: 1\/7500 &#8211; Campeonato Nacional de Mass Start (S\u00e1bado) Equidist\u00e2ncia: 5 metros Escala do mapa: 1\/7500; 1\/15000; 1\/20000 &#8211; prova de Dist\u00e2ncia &hellip; <a href=\"http:\/\/eventos.coc.pt\/7oribttcentro\/informacoes-tecnicas\/\" class=\"more-link\">Continuar a ler <span class=\"screen-reader-text\">Informa\u00e7\u00f5es T\u00e9cnicas<\/span><\/a><\/p>\n","protected":false},"author":1,"featured_media":0,"parent":0,"menu_order":12,"comment_status":"closed","ping_status":"closed","template":"","meta":{"footnotes":""},"class_list":["post-13","page","type-page","status-publish","hentry"],"_links":{"self":[{"href":"http:\/\/eventos.coc.pt\/7oribttcentro\/wp-json\/wp\/v2\/pages\/13","targetHints":{"allow":["GET"]}}],"collection":[{"href":"http:\/\/eventos.coc.pt\/7oribttcentro\/wp-json\/wp\/v2\/pages"}],"about":[{"href":"http:\/\/eventos.coc.pt\/7oribttcentro\/wp-json\/wp\/v2\/types\/page"}],"author":[{"embeddable":true,"href":"http:\/\/eventos.coc.pt\/7oribttcentro\/wp-json\/wp\/v2\/users\/1"}],"replies":[{"embeddable":true,"href":"http:\/\/eventos.coc.pt\/7oribttcentro\/wp-json\/wp\/v2\/comments?post=13"}],"version-history":[{"count":43,"href":"http:\/\/eventos.coc.pt\/7oribttcentro\/wp-json\/wp\/v2\/pages\/13\/revisions"}],"predecessor-version":[{"id":670,"href":"http:\/\/eventos.coc.pt\/7oribttcentro\/wp-json\/wp\/v2\/pages\/13\/revisions\/670"}],"wp:attachment":[{"href":"http:\/\/eventos.coc.pt\/7oribttcentro\/wp-json\/wp\/v2\/media?parent=13"}],"curies":[{"name":"wp","href":"https:\/\/api.w.org\/{rel}","templated":true}]}}