{"id":15,"date":"2016-09-02T15:32:07","date_gmt":"2016-09-02T15:32:07","guid":{"rendered":"http:\/\/eventos.coc.pt\/piom2018\/?page_id=15"},"modified":"2022-08-02T19:48:34","modified_gmt":"2022-08-02T19:48:34","slug":"escaloes","status":"publish","type":"page","link":"http:\/\/eventos.coc.pt\/7oribttcentro\/escaloes\/","title":{"rendered":"Escal\u00f5es"},"content":{"rendered":"<p><u>Escal\u00f5es Abertos<\/u><\/p>\n<p>Open M\u00e9dio | Meia Maratona \u2013 Dificuldade t\u00e9cnica e exig\u00eancia f\u00edsica m\u00e9dia<\/p>\n<p>Open Longo | Maratona \u2013 Dificuldade t\u00e9cnica e exig\u00eancia f\u00edsica m\u00e9dia\/alta<\/p>\n<p><u>Escal\u00f5es de Forma\u00e7\u00e3o <\/u><\/p>\n<p>11 ou menos anos de idade, no final da \u00e9poca desportiva &#8211; 31 Dezembro 2022<\/p>\n<p><u>Escal\u00f5es de Competi\u00e7\u00e3o <\/u><\/p>\n<p>A partir dos 12 anos de idade a 31 Dezembro de 2022, conforme quadro abaixo<\/p>\n<table width=\"471\">\n<tbody>\n<tr>\n<td style=\"width: 405.25px; text-align: center;\"><b>Idade (no final da \u00e9poca, 31 Dezembro)<\/b><\/td>\n<td style=\"width: 86.9375px; text-align: center;\"><strong>Escal\u00e3o<\/strong><\/td>\n<td style=\"width: 121.812px; text-align: center;\"><strong>Tipo<\/strong><\/td>\n<\/tr>\n<tr>\n<td style=\"width: 405.25px; text-align: left;\">11 e menos<\/td>\n<td style=\"width: 86.9375px; text-align: center;\"><\/td>\n<td style=\"width: 121.812px; text-align: center;\">Forma\u00e7\u00e3o<\/td>\n<\/tr>\n<tr>\n<td style=\"width: 405.25px;\">12 e 13<\/td>\n<td style=\"width: 86.9375px;\">H\/D 13<\/td>\n<td style=\"width: 121.812px; text-align: center;\" rowspan=\"4\">Competi\u00e7\u00e3o<\/td>\n<\/tr>\n<tr>\n<td style=\"width: 405.25px;\">14 e 15<\/td>\n<td style=\"width: 86.9375px;\">H\/D 15<\/td>\n<\/tr>\n<tr>\n<td style=\"width: 405.25px;\">16 e 17<\/td>\n<td style=\"width: 86.9375px;\">H\/D 17<\/td>\n<\/tr>\n<tr>\n<td style=\"width: 405.25px;\">18 a 20<\/td>\n<td style=\"width: 86.9375px;\">H\/D 20<\/td>\n<\/tr>\n<tr>\n<td style=\"width: 405.25px;\" rowspan=\"2\">21 ou mais<\/td>\n<td style=\"width: 86.9375px;\">H\/D 21A<\/td>\n<td style=\"width: 121.812px; text-align: center;\">Secund\u00e1rio<\/td>\n<\/tr>\n<tr>\n<td style=\"width: 86.9375px;\">HE\/DE<\/td>\n<td style=\"width: 121.812px; text-align: center;\" rowspan=\"4\">Competi\u00e7\u00e3o<\/td>\n<\/tr>\n<tr>\n<td style=\"width: 405.25px;\">40 a 49<\/td>\n<td style=\"width: 86.9375px;\">H\/D 40<\/td>\n<\/tr>\n<tr>\n<td style=\"width: 405.25px;\">50 a 59<\/td>\n<td style=\"width: 86.9375px;\">H\/D 50<\/td>\n<\/tr>\n<tr>\n<td style=\"width: 405.25px;\">60 ou mais<\/td>\n<td style=\"width: 86.9375px;\">H\/D 60<\/td>\n<\/tr>\n<\/tbody>\n<\/table>\n<p>&nbsp;<\/p>\n<p>&nbsp;<\/p>\n<p>&nbsp;<\/p>\n","protected":false},"excerpt":{"rendered":"<p>Escal\u00f5es Abertos Open M\u00e9dio | Meia Maratona \u2013 Dificuldade t\u00e9cnica e exig\u00eancia f\u00edsica m\u00e9dia Open Longo | Maratona \u2013 Dificuldade t\u00e9cnica e exig\u00eancia f\u00edsica m\u00e9dia\/alta Escal\u00f5es de Forma\u00e7\u00e3o 11 ou menos anos de idade, no final da \u00e9poca desportiva &#8211; 31 Dezembro 2022 Escal\u00f5es de Competi\u00e7\u00e3o A partir dos 12 anos de idade a 31 &hellip; <a href=\"http:\/\/eventos.coc.pt\/7oribttcentro\/escaloes\/\" class=\"more-link\">Continuar a ler <span class=\"screen-reader-text\">Escal\u00f5es<\/span><\/a><\/p>\n","protected":false},"author":1,"featured_media":0,"parent":0,"menu_order":11,"comment_status":"closed","ping_status":"closed","template":"","meta":{"footnotes":""},"class_list":["post-15","page","type-page","status-publish","hentry"],"_links":{"self":[{"href":"http:\/\/eventos.coc.pt\/7oribttcentro\/wp-json\/wp\/v2\/pages\/15","targetHints":{"allow":["GET"]}}],"collection":[{"href":"http:\/\/eventos.coc.pt\/7oribttcentro\/wp-json\/wp\/v2\/pages"}],"about":[{"href":"http:\/\/eventos.coc.pt\/7oribttcentro\/wp-json\/wp\/v2\/types\/page"}],"author":[{"embeddable":true,"href":"http:\/\/eventos.coc.pt\/7oribttcentro\/wp-json\/wp\/v2\/users\/1"}],"replies":[{"embeddable":true,"href":"http:\/\/eventos.coc.pt\/7oribttcentro\/wp-json\/wp\/v2\/comments?post=15"}],"version-history":[{"count":19,"href":"http:\/\/eventos.coc.pt\/7oribttcentro\/wp-json\/wp\/v2\/pages\/15\/revisions"}],"predecessor-version":[{"id":590,"href":"http:\/\/eventos.coc.pt\/7oribttcentro\/wp-json\/wp\/v2\/pages\/15\/revisions\/590"}],"wp:attachment":[{"href":"http:\/\/eventos.coc.pt\/7oribttcentro\/wp-json\/wp\/v2\/media?parent=15"}],"curies":[{"name":"wp","href":"https:\/\/api.w.org\/{rel}","templated":true}]}}