{"id":17,"date":"2016-09-02T15:32:21","date_gmt":"2016-09-02T15:32:21","guid":{"rendered":"http:\/\/eventos.coc.pt\/piom2018\/?page_id=17"},"modified":"2022-08-11T18:51:49","modified_gmt":"2022-08-11T18:51:49","slug":"inscricoes","status":"publish","type":"page","link":"http:\/\/eventos.coc.pt\/7oribttcentro\/inscricoes\/","title":{"rendered":"Inscri\u00e7\u00f5es"},"content":{"rendered":"<p><strong>Prazos de Inscri\u00e7\u00e3o<\/strong><\/p>\n<p>As inscri\u00e7\u00f5es devem ser efectuadas at\u00e9 ao dia 6 de Novembro para todos os escal\u00f5es.<\/p>\n<p>Ap\u00f3s 6 de Novembro, apenas ser\u00e3o aceites inscri\u00e7\u00f5es para escal\u00f5es abertos, dependentes de disponibilidade de mapas, pelo que aconselhamos que tamb\u00e9m os escal\u00f5es abertos fa\u00e7am as suas inscri\u00e7\u00f5es at\u00e9 6 de Novembro.<\/p>\n<p>Ap\u00f3s 6 de Novembro n\u00e3o ser\u00e3o aceites inscri\u00e7\u00f5es para os escal\u00f5es de competi\u00e7\u00e3o.<\/p>\n<p>Quando da inscri\u00e7\u00e3o, se for o caso, deve ser registado o pedido de dormida em solo duro e\/ou o servi\u00e7o de babysitting nas 2 etapas.<\/p>\n<p><strong>Como se inscrever<\/strong><\/p>\n<p>As inscri\u00e7\u00f5es s\u00e3o efetuadas preferencialmente na plataforma de gest\u00e3o de provas OriOasis\u00a0da Federa\u00e7\u00e3o Portuguesa de Orienta\u00e7\u00e3o ou atrav\u00e9s de e-mail para <a href=\"mailto:info@coc.pt\">info@coc.pt<\/a><\/p>\n<p>Para registar inscri\u00e7\u00f5es Online, clicar\u00a0<a href=\"https:\/\/www.orioasis.pt\/oasis\/start.php\" target=\"_blank\" rel=\"noopener noreferrer\">AQUI<\/a><\/p>\n<p><strong>TAXAS DE INSCeventos\/https:\/\/www.orioasis.pRI\u00c7\u00c3O<\/strong><\/p>\n<p>As taxas de inscri\u00e7\u00e3o indicadas s\u00e3o por etapa e por pessoa.<\/p>\n<table style=\"width: 100%; border-color: #ffffff;\" width=\"100%\">\n<tbody>\n<tr>\n<td style=\"width: 48.7879%;\" width=\"234\">FEDERADO FPO &amp; FEDO<\/td>\n<td style=\"width: 51.0606%;\" width=\"246\">Inscri\u00e7\u00f5es At\u00e9 23 de Outubro<\/td>\n<\/tr>\n<tr>\n<td style=\"width: 48.7879%;\">Menores de 20 anos<\/td>\n<td style=\"width: 51.0606%;\">3,50 \u20ac<\/td>\n<\/tr>\n<tr>\n<td style=\"width: 48.7879%;\">Maiores de 20 anos<\/td>\n<td style=\"width: 51.0606%;\">7,00 \u20ac<\/td>\n<\/tr>\n<tr>\n<td style=\"width: 48.7879%;\">N\u00c3O FEDERADOS *<\/td>\n<td style=\"width: 51.0606%;\"><\/td>\n<\/tr>\n<tr>\n<td style=\"width: 48.7879%;\">Todas os escal\u00f5es de competi\u00e7\u00e3o<\/td>\n<td style=\"width: 51.0606%;\">13,00 \u20ac<\/td>\n<\/tr>\n<tr>\n<td style=\"width: 48.7879%;\">DESPORTO ESCOLAR **<\/td>\n<td style=\"width: 51.0606%;\">1,50 \u20ac<\/td>\n<\/tr>\n<tr>\n<td style=\"width: 48.7879%;\">ESCAL\u00d5ES ABERTOS ***<\/td>\n<td style=\"width: 51.0606%;\"><\/td>\n<\/tr>\n<tr>\n<td style=\"width: 48.7879%;\">Open M\u00e9dio | Meia Maratona<\/td>\n<td style=\"width: 51.0606%;\">8,00 \u20ac<\/td>\n<\/tr>\n<tr>\n<td style=\"width: 48.7879%;\">Open Longo | Maratona<\/td>\n<td style=\"width: 51.0606%;\">8,00 \u20ac<\/td>\n<\/tr>\n<\/tbody>\n<\/table>\n<p><strong>*<\/strong>Estas taxas j\u00e1 incluem o seguro desportivo, para residentes em Portugal.<\/p>\n<p><strong>**<\/strong>Isen\u00e7\u00e3o de pagamento de Sport Ident e taxa de seguro, desde que enquadrados pelos docentes, sendo obrigat\u00f3ria a apresenta\u00e7\u00e3o do comprovativo do seguro escolar, passado pelo estabelecimento de ensino.<\/p>\n<p><strong>***<\/strong>Isen\u00e7\u00e3o de aluguer de SI e taxa de seguro suportada pela FPO, para residentes em Portugal.<\/p>\n<p><strong>OUTRAS TAXAS:<\/strong><\/p>\n<p><strong>1)<\/strong>\u00a0<strong>Sport Ident<\/strong><\/p>\n<p>Por ced\u00eancia da FPO, a organiza\u00e7\u00e3o <strong>disponibilizar\u00e1 gratuitamente<\/strong> SI Card;<\/p>\n<p>No final da prova, os atletas devem devolver o SI Card \u00e0 Organiza\u00e7\u00e3o ap\u00f3s descarregarem os splits na Inform\u00e1tica (em caso de extravio \u00e9 cobrado o valor de \u20ac70).<\/p>\n<p><strong>2) Altera\u00e7\u00f5es de \u00faltima hora e anula\u00e7\u00e3o de inscri\u00e7\u00f5es<\/strong>:<\/p>\n<p>As altera\u00e7\u00f5es efectuadas ap\u00f3s 23 de Outubro (mudan\u00e7as de escal\u00e3o ou n\u00ba de ship por exemplo) est\u00e3o sujeitas ao pagamento de uma taxa adicional de 2,00\u20ac.<\/p>\n<p><strong>3) Seguro Desportivo<\/strong><\/p>\n<p>Atletas federados est\u00e3o cobertos pelo seguro da FPO;<\/p>\n<p>Atletas n\u00e3o federados, nacionais e residentes em Portugal, est\u00e3o cobertos pelo seguro FPO;<\/p>\n<p>Atletas estrangeiros, n\u00e3o residentes em Portugal, n\u00e3o est\u00e3o cobertos por qualquer seguro. Assim devem assumir totalmente a sua pr\u00f3pria seguran\u00e7a e riscos de acidentes inerentes.<\/p>\n<p><strong>PROCESSO DE INSCRI\u00c7\u00c3O<\/strong><\/p>\n<p><strong>Forma de Inscri\u00e7\u00e3o:<\/strong><\/p>\n<p>As inscri\u00e7\u00f5es dos atletas federados ou pertencentes a clubes filiados na FPO e FEDO devem ser efetuadas diretamente pelo OriOASIS (www.orioasis.pt).<\/p>\n<p>As inscri\u00e7\u00f5es dos restantes atletas tamb\u00e9m devem ser efectuadas naquela plataforma. Contudo e em caso de impossibilidade\/dificuldade, poder\u00e3o solicitar a inscri\u00e7\u00e3o para o e-mail <a href=\"mailto:info@coc.pt\">info@coc.pt<\/a><\/p>\n<p><strong>Dados necess\u00e1rios para efectivar\u00a0inscri\u00e7\u00e3o por e-mail:<\/strong><\/p>\n<ul>\n<li>Nome(s) do(s) participante(s);<\/li>\n<li>Data(s) de nascimento;<\/li>\n<li>Nome do Clube;<\/li>\n<li>N\u00ba de filiado na FPO ou FEDO (caso n\u00e3o seja filiado na FPO ou FEDO, o n\u00ba de Bilhete de Identidade ou Cart\u00e3o de Cidad\u00e3o e NIF);<\/li>\n<li>N\u00ba do SI Card, caso tenha um. Na aus\u00eancia deste, ser-lhe-\u00e1 cedido gratuitamente um.<\/li>\n<li>Escal\u00e3o de participa\u00e7\u00e3o;<\/li>\n<li>Eventos a participar (na eventualidade de n\u00e3o participar em todos os eventos, mencionar qual ou quais).<\/li>\n<\/ul>\n<p><u>Notas:<\/u><\/p>\n<p>Os atletas que pretenderem participar em grupo (escal\u00f5es abertos), devem efectuar apenas uma \u00fanica inscri\u00e7\u00e3o, mencionando os dados obrigat\u00f3rios de todos os participantes que o constituem.<\/p>\n<p>As inscri\u00e7\u00f5es para os escal\u00f5es abertos devem ser feitas at\u00e9 ao dia 23 de Outubro. Contudo e sempre dependendo da disponibilidade de mapas, podem ser efectuadas at\u00e9 ao dia de prova.<\/p>\n<p><strong>Como pagar<\/strong><\/p>\n<p>O pagamento das inscri\u00e7\u00f5es poder\u00e1 ser efectuado por Cart\u00e3o de Cr\u00e9dito ou Paypal (Pagamento Online Seguro \u2013 POS, atrav\u00e9s do OriOasis), Multibanco (MB) ou transfer\u00eancia banc\u00e1ria.<\/p>\n<p>As inscri\u00e7\u00f5es de clubes\/atletas apenas ser\u00e3o consideradas v\u00e1lidas ap\u00f3s o seu pagamento.<\/p>\n<p>De forma a facilitar o processo de acredita\u00e7\u00e3o, a Organiza\u00e7\u00e3o tem prefer\u00eancia que os pagamentos sejam feitos por pagamento online seguro ou MB uma vez que o processamento do pagamento \u00e9 autom\u00e1tico.<\/p>\n<p><u>1) Pagamento por Cart\u00e3o de Cr\u00e9dito ou Paypal \u2013 Pagamento Online Seguro (POS)<\/u><\/p>\n<p>Cart\u00e3o de cr\u00e9dito ou Paypal<\/p>\n<p>O processamento do pagamento \u00e9 autom\u00e1tico.<\/p>\n<p><u>2) Pagamento por Multibanco (MB)<\/u><\/p>\n<p>Ap\u00f3s registo da inscri\u00e7\u00e3o no OriOasis, dever\u00e1 selecionar MB como meio de pagamento e ser\u00e1 gerada a refer\u00eancia e entidade MB para proceder ao pagamento.<\/p>\n<p>O processamento do pagamento \u00e9 autom\u00e1tico.<\/p>\n<p><u>3) Pagamento por transfer\u00eancia banc\u00e1ria<\/u><\/p>\n<p>Os pagamentos por transfer\u00eancia bancaria devem ser feitos para a seguinte conta banc\u00e1ria:<\/p>\n<ul>\n<li><strong>Nome do banco<\/strong>: Caixa Geral de Dep\u00f3sitos<\/li>\n<li><strong>Titular da conta<\/strong>: COC \u2013 Clube Orienta\u00e7\u00e3o do Centro<\/li>\n<li><strong>Ag\u00eancia<\/strong>: Leiria \u2013 Marqu\u00eas de Pombal<\/li>\n<li><strong>Morada da Ag\u00eancia<\/strong>: Avenida Marqu\u00eas de Pombal, 1, 2410 \u2013 152 Leiria<\/li>\n<li><strong>IBAN<\/strong>: PT50 0035 0394 00004000030 10<\/li>\n<li><strong>SWIFT CODE BIC<\/strong>: CGDIPTPL<\/li>\n<\/ul>\n<p>Para Inscri\u00e7\u00f5es Express do OriOasis, por favor coloque o Express Code no descritivo do pagamento.<\/p>\n<p>Para\u00a0<strong>pagamentos totais de clubes<\/strong>, indique sempre o nome clube no descritivo.<\/p>\n<p>Para\u00a0<strong>pagamentos parciais de clubes<\/strong>, indique nos coment\u00e1rios o clube e a lista de atletas a que se refere o pagamento, ou envie um email (<a href=\"mailto:info@coc.pt\">info@coc.pt<\/a>)\u00a0\u00e0 organiza\u00e7\u00e3o com a lista de atletas e o comprovativo da transfer\u00eancia.<\/p>\n<p>Notas: Para todas as inscri\u00e7\u00f5es pagas por transfer\u00eancia banc\u00e1ria, \u00e9 necess\u00e1rio enviar comprovativo da opera\u00e7\u00e3o para o email: <a href=\"mailto:info@coc.pt\">info@coc.pt<\/a><\/p>\n<p>Todas as despesas inerentes \u00e0s transfer\u00eancias banc\u00e1rias devem ser suportadas pelo ordenante. Se alguma despesa referente \u00e0s transfer\u00eancias banc\u00e1rias for indevidamente cobrada \u00e0 Organiza\u00e7\u00e3o, as mesmas ser\u00e3o pagas posteriormente pelos clubes ou atletas.<\/p>\n<p>Caso tenha dificuldades ou alguma d\u00favida por favor enviar e-mail para:\u00a0<a href=\"mailto:info@coc.pt\">info@coc.pt<\/a><\/p>\n","protected":false},"excerpt":{"rendered":"<p>Prazos de Inscri\u00e7\u00e3o As inscri\u00e7\u00f5es devem ser efectuadas at\u00e9 ao dia 6 de Novembro para todos os escal\u00f5es. Ap\u00f3s 6 de Novembro, apenas ser\u00e3o aceites inscri\u00e7\u00f5es para escal\u00f5es abertos, dependentes de disponibilidade de mapas, pelo que aconselhamos que tamb\u00e9m os escal\u00f5es abertos fa\u00e7am as suas inscri\u00e7\u00f5es at\u00e9 6 de Novembro. Ap\u00f3s 6 de Novembro n\u00e3o &hellip; <a href=\"http:\/\/eventos.coc.pt\/7oribttcentro\/inscricoes\/\" class=\"more-link\">Continuar a ler <span class=\"screen-reader-text\">Inscri\u00e7\u00f5es<\/span><\/a><\/p>\n","protected":false},"author":1,"featured_media":0,"parent":0,"menu_order":10,"comment_status":"closed","ping_status":"closed","template":"","meta":{"footnotes":""},"class_list":["post-17","page","type-page","status-publish","hentry"],"_links":{"self":[{"href":"http:\/\/eventos.coc.pt\/7oribttcentro\/wp-json\/wp\/v2\/pages\/17","targetHints":{"allow":["GET"]}}],"collection":[{"href":"http:\/\/eventos.coc.pt\/7oribttcentro\/wp-json\/wp\/v2\/pages"}],"about":[{"href":"http:\/\/eventos.coc.pt\/7oribttcentro\/wp-json\/wp\/v2\/types\/page"}],"author":[{"embeddable":true,"href":"http:\/\/eventos.coc.pt\/7oribttcentro\/wp-json\/wp\/v2\/users\/1"}],"replies":[{"embeddable":true,"href":"http:\/\/eventos.coc.pt\/7oribttcentro\/wp-json\/wp\/v2\/comments?post=17"}],"version-history":[{"count":29,"href":"http:\/\/eventos.coc.pt\/7oribttcentro\/wp-json\/wp\/v2\/pages\/17\/revisions"}],"predecessor-version":[{"id":599,"href":"http:\/\/eventos.coc.pt\/7oribttcentro\/wp-json\/wp\/v2\/pages\/17\/revisions\/599"}],"wp:attachment":[{"href":"http:\/\/eventos.coc.pt\/7oribttcentro\/wp-json\/wp\/v2\/media?parent=17"}],"curies":[{"name":"wp","href":"https:\/\/api.w.org\/{rel}","templated":true}]}}