{"id":19,"date":"2016-09-02T15:32:36","date_gmt":"2016-09-02T15:32:36","guid":{"rendered":"http:\/\/eventos.coc.pt\/piom2018\/?page_id=19"},"modified":"2022-07-10T10:37:36","modified_gmt":"2022-07-10T10:37:36","slug":"localizacao","status":"publish","type":"page","link":"http:\/\/eventos.coc.pt\/7oribttcentro\/localizacao\/","title":{"rendered":"Localiza\u00e7\u00e3o"},"content":{"rendered":"<p><strong>Arena<\/strong>: Associa\u00e7\u00e3o Norte da Vila Benedita (Sede do R\u00f3\u00f3dinhas BTT Team)<\/p>\n<p>Rua da Associa\u00e7\u00e3o S\/N \u2013 Portela do Chami\u00e7o \u2013 Benedita<\/p>\n<p>Coordenadas: 39.442912, -8.980186<\/p>\n<p>Servi\u00e7os a funcionar na Arena:<\/p>\n<ul>\n<li>Secretariado;<\/li>\n<li>Solo Duro;<\/li>\n<li>Bar;<\/li>\n<li>WCs;<\/li>\n<li>Babysitting;<\/li>\n<li>Primeiros socorros;<\/li>\n<li>Chegadas;<\/li>\n<li>Estacionamento;<\/li>\n<li>Lavagem bicicletas;<\/li>\n<li>Banhos;<\/li>\n<li>Entrega de pr\u00e9mio.<\/li>\n<\/ul>\n<p><a href=\"https:\/\/www.google.pt\/maps\/dir\/\/39.4429109,-8.9801862\/@39.443173,-8.9809384,483m\/data=!3m1!1e3!4m2!4m1!3e0\" target=\"_blank\" rel=\"noopener noreferrer\"><img loading=\"lazy\" decoding=\"async\" class=\"aligncenter wp-image-489 size-full\" src=\"http:\/\/eventos.coc.pt\/7oribttcentro\/wp-content\/uploads\/sites\/17\/2020\/04\/Localiza\u00e7\u00e3o.png\" alt=\"\" width=\"627\" height=\"413\" srcset=\"http:\/\/eventos.coc.pt\/7oribttcentro\/wp-content\/uploads\/sites\/17\/2020\/04\/Localiza\u00e7\u00e3o.png 627w, http:\/\/eventos.coc.pt\/7oribttcentro\/wp-content\/uploads\/sites\/17\/2020\/04\/Localiza\u00e7\u00e3o-300x198.png 300w\" sizes=\"auto, (max-width: 627px) 100vw, 627px\" \/><\/a><\/p>\n<p><strong>Partidas dia 1<\/strong><\/p>\n<p>A designar brevemente<\/p>\n<p><strong>Partidas dia 2<\/strong><\/p>\n<p>A designar brevemente<\/p>\n","protected":false},"excerpt":{"rendered":"<p>Arena: Associa\u00e7\u00e3o Norte da Vila Benedita (Sede do R\u00f3\u00f3dinhas BTT Team) Rua da Associa\u00e7\u00e3o S\/N \u2013 Portela do Chami\u00e7o \u2013 Benedita Coordenadas: 39.442912, -8.980186 Servi\u00e7os a funcionar na Arena: Secretariado; Solo Duro; Bar; WCs; Babysitting; Primeiros socorros; Chegadas; Estacionamento; Lavagem bicicletas; Banhos; Entrega de pr\u00e9mio. Partidas dia 1 A designar brevemente Partidas dia 2 A &hellip; <a href=\"http:\/\/eventos.coc.pt\/7oribttcentro\/localizacao\/\" class=\"more-link\">Continuar a ler <span class=\"screen-reader-text\">Localiza\u00e7\u00e3o<\/span><\/a><\/p>\n","protected":false},"author":1,"featured_media":0,"parent":0,"menu_order":9,"comment_status":"closed","ping_status":"closed","template":"","meta":{"footnotes":""},"class_list":["post-19","page","type-page","status-publish","hentry"],"_links":{"self":[{"href":"http:\/\/eventos.coc.pt\/7oribttcentro\/wp-json\/wp\/v2\/pages\/19","targetHints":{"allow":["GET"]}}],"collection":[{"href":"http:\/\/eventos.coc.pt\/7oribttcentro\/wp-json\/wp\/v2\/pages"}],"about":[{"href":"http:\/\/eventos.coc.pt\/7oribttcentro\/wp-json\/wp\/v2\/types\/page"}],"author":[{"embeddable":true,"href":"http:\/\/eventos.coc.pt\/7oribttcentro\/wp-json\/wp\/v2\/users\/1"}],"replies":[{"embeddable":true,"href":"http:\/\/eventos.coc.pt\/7oribttcentro\/wp-json\/wp\/v2\/comments?post=19"}],"version-history":[{"count":31,"href":"http:\/\/eventos.coc.pt\/7oribttcentro\/wp-json\/wp\/v2\/pages\/19\/revisions"}],"predecessor-version":[{"id":495,"href":"http:\/\/eventos.coc.pt\/7oribttcentro\/wp-json\/wp\/v2\/pages\/19\/revisions\/495"}],"wp:attachment":[{"href":"http:\/\/eventos.coc.pt\/7oribttcentro\/wp-json\/wp\/v2\/media?parent=19"}],"curies":[{"name":"wp","href":"https:\/\/api.w.org\/{rel}","templated":true}]}}