{"id":21,"date":"2016-09-02T15:32:45","date_gmt":"2016-09-02T15:32:45","guid":{"rendered":"http:\/\/eventos.coc.pt\/piom2018\/?page_id=21"},"modified":"2022-08-02T19:57:51","modified_gmt":"2022-08-02T19:57:51","slug":"organizacao","status":"publish","type":"page","link":"http:\/\/eventos.coc.pt\/7oribttcentro\/organizacao\/","title":{"rendered":"Organiza\u00e7\u00e3o"},"content":{"rendered":"<p>Clube De Orienta\u00e7\u00e3o Do Centro (COC), R\u00f3\u00f3dinhas BTT Team, Federa\u00e7\u00e3o Portuguesa de Orienta\u00e7\u00e3o (FPO) e Camara Municipal De Alcoba\u00e7a<\/p>\n<p><strong>Diretor da Prova:<\/strong> Duarte Santo (2703)<\/p>\n<p><strong>Diretor Adjunto: <\/strong>Jorge Almeida (4227)<\/p>\n<p><strong>Diretor T\u00e9cnico:<\/strong>\u00a0Daniel Marques (2128)<\/p>\n<p><strong>Supervisor FPO:\u00a0<\/strong>Jorge Elias<\/p>\n","protected":false},"excerpt":{"rendered":"<p>Clube De Orienta\u00e7\u00e3o Do Centro (COC), R\u00f3\u00f3dinhas BTT Team, Federa\u00e7\u00e3o Portuguesa de Orienta\u00e7\u00e3o (FPO) e Camara Municipal De Alcoba\u00e7a Diretor da Prova: Duarte Santo (2703) Diretor Adjunto: Jorge Almeida (4227) Diretor T\u00e9cnico:\u00a0Daniel Marques (2128) Supervisor FPO:\u00a0Jorge Elias<\/p>\n","protected":false},"author":1,"featured_media":0,"parent":0,"menu_order":8,"comment_status":"closed","ping_status":"closed","template":"","meta":{"footnotes":""},"class_list":["post-21","page","type-page","status-publish","hentry"],"_links":{"self":[{"href":"http:\/\/eventos.coc.pt\/7oribttcentro\/wp-json\/wp\/v2\/pages\/21","targetHints":{"allow":["GET"]}}],"collection":[{"href":"http:\/\/eventos.coc.pt\/7oribttcentro\/wp-json\/wp\/v2\/pages"}],"about":[{"href":"http:\/\/eventos.coc.pt\/7oribttcentro\/wp-json\/wp\/v2\/types\/page"}],"author":[{"embeddable":true,"href":"http:\/\/eventos.coc.pt\/7oribttcentro\/wp-json\/wp\/v2\/users\/1"}],"replies":[{"embeddable":true,"href":"http:\/\/eventos.coc.pt\/7oribttcentro\/wp-json\/wp\/v2\/comments?post=21"}],"version-history":[{"count":16,"href":"http:\/\/eventos.coc.pt\/7oribttcentro\/wp-json\/wp\/v2\/pages\/21\/revisions"}],"predecessor-version":[{"id":600,"href":"http:\/\/eventos.coc.pt\/7oribttcentro\/wp-json\/wp\/v2\/pages\/21\/revisions\/600"}],"wp:attachment":[{"href":"http:\/\/eventos.coc.pt\/7oribttcentro\/wp-json\/wp\/v2\/media?parent=21"}],"curies":[{"name":"wp","href":"https:\/\/api.w.org\/{rel}","templated":true}]}}