{"id":409,"date":"2020-04-05T10:46:53","date_gmt":"2020-04-05T10:46:53","guid":{"rendered":"http:\/\/eventos.coc.pt\/7oribttcentro\/?page_id=409"},"modified":"2022-11-05T15:45:27","modified_gmt":"2022-11-05T15:45:27","slug":"apresentacao-2","status":"publish","type":"page","link":"http:\/\/eventos.coc.pt\/7oribttcentro\/apresentacao-2\/","title":{"rendered":"Apresenta\u00e7\u00e3o"},"content":{"rendered":"<p>O COC \u2013 Clube de Orienta\u00e7\u00e3o do Centro em parceria com o R\u00f3\u00f3dinhas BTT Team propuseram-se a organizar o 7\u00ba Ori BTT do Centro, evento que ter\u00e1 uma etapa na qual se disputar\u00e1 o Campeonato Nacional de Mass Start e outra, em Dist\u00e2ncia Longa, tamb\u00e9m com partida em sistema de Mass Start.<\/p>\n<p>O evento realizar-se-\u00e1 nos dias 12 e 13 de Novembro de 2022, na Vila da Benedita, Concelho de Alcoba\u00e7a, com o apoio da C\u00e2mara Municipal de Alcoba\u00e7a e sob a responsabilidade da Federa\u00e7\u00e3o Portuguesas de Orienta\u00e7\u00e3o (FPO).<\/p>\n<p>O 7\u00ba Ori BTT do Centro\/Campeonato Nacional de Mass Start \u00e9 uma prova de Orienta\u00e7\u00e3o em BTT, pontu\u00e1vel para o Ranking da Ta\u00e7a de Portugal de Orienta\u00e7\u00e3o em BTT 2020.<\/p>\n<p>Nesta prova podem participar pessoas de todas as idades e sexo, federados e n\u00e3o federados, embora os n\u00e3o federados possam participar na etapa do campeonato nacional, n\u00e3o poder\u00e3o disputar dos t\u00edtulos nacionais.<\/p>\n<p>Ser\u00e3o preparados percursos adaptados aos distintos n\u00edveis dos participantes, com v\u00e1rios graus de dificuldade, podendo a participa\u00e7\u00e3o dos n\u00e3o federados ser efectuada nos escal\u00f5es de competi\u00e7\u00e3o apenas individualmente, ou nos escal\u00f5es abertos, aqui individualmente, em pares ou em grupo.<\/p>\n<p>Todas as informa\u00e7\u00f5es sobre estas competi\u00e7\u00f5es (patroc\u00ednios, dist\u00e2ncias, listas de inscritos, tempos de partida, pr\u00e9mios\u2026) ser\u00e3o divulgadas regularmente no site da organiza\u00e7\u00e3o <a href=\"http:\/\/www.coc.pt\">www.coc.pt<\/a><\/p>\n<p>As etapas ser\u00e3o disputadas num terreno r\u00e1pido, com algum desn\u00edvel, onde a destreza f\u00edsica associada \u00e0 t\u00e9cnica apurada, ser\u00e3o determinantes para ultrapassar a rede de caminhos apresentada, sempre com percursos adequados para todos os tipos de andamento e conhecimentos de orienta\u00e7\u00e3o.<\/p>\n<p>Durante o evento ser\u00e1 poss\u00edvel usufruir da natureza e da regi\u00e3o conjugando lazer com a competi\u00e7\u00e3o.<\/p>\n<p>Contamos com a vossa presen\u00e7a!<\/p>\n<p>Sauda\u00e7\u00f5es desportivas<\/p>\n","protected":false},"excerpt":{"rendered":"<p>O COC \u2013 Clube de Orienta\u00e7\u00e3o do Centro em parceria com o R\u00f3\u00f3dinhas BTT Team propuseram-se a organizar o 7\u00ba Ori BTT do Centro, evento que ter\u00e1 uma etapa na qual se disputar\u00e1 o Campeonato Nacional de Mass Start e outra, em Dist\u00e2ncia Longa, tamb\u00e9m com partida em sistema de Mass Start. O evento realizar-se-\u00e1 &hellip; <a href=\"http:\/\/eventos.coc.pt\/7oribttcentro\/apresentacao-2\/\" class=\"more-link\">Continuar a ler <span class=\"screen-reader-text\">Apresenta\u00e7\u00e3o<\/span><\/a><\/p>\n","protected":false},"author":1,"featured_media":0,"parent":0,"menu_order":0,"comment_status":"closed","ping_status":"closed","template":"","meta":{"footnotes":""},"class_list":["post-409","page","type-page","status-publish","hentry"],"_links":{"self":[{"href":"http:\/\/eventos.coc.pt\/7oribttcentro\/wp-json\/wp\/v2\/pages\/409","targetHints":{"allow":["GET"]}}],"collection":[{"href":"http:\/\/eventos.coc.pt\/7oribttcentro\/wp-json\/wp\/v2\/pages"}],"about":[{"href":"http:\/\/eventos.coc.pt\/7oribttcentro\/wp-json\/wp\/v2\/types\/page"}],"author":[{"embeddable":true,"href":"http:\/\/eventos.coc.pt\/7oribttcentro\/wp-json\/wp\/v2\/users\/1"}],"replies":[{"embeddable":true,"href":"http:\/\/eventos.coc.pt\/7oribttcentro\/wp-json\/wp\/v2\/comments?post=409"}],"version-history":[{"count":11,"href":"http:\/\/eventos.coc.pt\/7oribttcentro\/wp-json\/wp\/v2\/pages\/409\/revisions"}],"predecessor-version":[{"id":642,"href":"http:\/\/eventos.coc.pt\/7oribttcentro\/wp-json\/wp\/v2\/pages\/409\/revisions\/642"}],"wp:attachment":[{"href":"http:\/\/eventos.coc.pt\/7oribttcentro\/wp-json\/wp\/v2\/media?parent=409"}],"curies":[{"name":"wp","href":"https:\/\/api.w.org\/{rel}","templated":true}]}}