{"id":11,"date":"2016-09-02T15:31:27","date_gmt":"2016-09-02T15:31:27","guid":{"rendered":"http:\/\/eventos.coc.pt\/piom2018\/?page_id=11"},"modified":"2018-04-26T20:56:58","modified_gmt":"2018-04-26T20:56:58","slug":"informacoes-gerais","status":"publish","type":"page","link":"http:\/\/eventos.coc.pt\/lcr2018\/informacoes-gerais\/","title":{"rendered":"Informa\u00e7\u00f5es Gerais"},"content":{"rendered":"<p><span style=\"font-size: 14pt;\"><strong>Pr\u00e9mios<\/strong><\/span><\/p>\n<p>Ser\u00e3o atribu\u00eddos pr\u00e9mios:<strong><br \/>\n<\/strong><\/p>\n<p>\uf0b7\u00a0\u00a0\u00a0\u00a0\u00a0\u00a0\u00a0\u00a0Aos 3 primeiros de cada escal\u00e3o de competi\u00e7\u00e3o<\/p>\n<p>\uf0b7\u00a0\u00a0\u00a0\u00a0\u00a0\u00a0\u00a0\u00a0Aos primeiros dos escal\u00f5es Open Curto, Open M\u00e9dio e Open Longo<\/p>\n<p>N\u00e3o ser\u00e3o atribu\u00eddos pr\u00e9mios de classifica\u00e7\u00e3o aos escal\u00f5es de forma\u00e7\u00e3o, sendo que todos os participantes neste escal\u00e3o ter\u00e3o direito a uma lembran\u00e7a.<\/p>\n<p>N\u00e3o ser\u00e3o atribu\u00eddos pr\u00e9mios de classifica\u00e7\u00e3o aos escal\u00f5es Tur\u00edstico e Ori-Fam\u00edlia.<\/p>\n<p><span style=\"font-size: 14pt;\"><strong>Regulamento<\/strong><\/span><\/p>\n<p>A 3\u00aa edi\u00e7\u00e3o do Leiria City Race, rege-se pelo Regulamento Portugal City Race, que pode ser consultado neste endere\u00e7o:<\/p>\n<p><a href=\"http:\/\/www.cityrace.pt\/images\/2018\/Regulamento\/CityRacePortugal_2018.pdf\">http:\/\/www.cityrace.pt\/images\/2018\/Regulamento\/CityRacePortugal_2018.pdf<\/a><\/p>\n<p><span style=\"font-size: 14pt;\"><strong>Sistema de controlo<\/strong><\/span><\/p>\n<p>Escal\u00f5es de competi\u00e7\u00e3o e abertos \u2013 Sistema eletr\u00f3nico Sportident (a organiza\u00e7\u00e3o cede a quem n\u00e3o possuir)<\/p>\n<p>Ser\u00e1 atribu\u00eddo um SI card a cada atleta individual. Nos atletas que partem em grupo, ser\u00e1 atribu\u00eddo um SI card a cada grupo.<\/p>\n<p>Os SI card cedidos ter\u00e3o que ser devolvidos no final da prova \u00e0 Organiza\u00e7\u00e3o, a perda ou n\u00e3o devolu\u00e7\u00e3o implica o <strong>pagamento de 50,00\u20ac.<\/strong><\/p>\n<p>Orienta\u00e7\u00e3o em Fam\u00edlia e percurso tur\u00edstico \u2013 Cart\u00e3o de controlo picotado<\/p>\n<p><span style=\"font-size: 14pt;\"><strong>Limite de tempo<\/strong><\/span><\/p>\n<p>A prova ter\u00e1 um tempo m\u00e1ximo de 2 horas (duas horas) para ser conclu\u00edda.<\/p>\n<p>No caso de n\u00e3o terminar a sua prova, os atletas ter\u00e3o que se dirigir \u00e0 linha de chegada para descarregar o seu CART\u00c3O ELECTR\u00d3NICO. Tal procedimento visa evitar que a organiza\u00e7\u00e3o v\u00e1 para o terreno procurar o atleta que tenha desistido e j\u00e1 esteja na Arena.<\/p>\n","protected":false},"excerpt":{"rendered":"<p>Pr\u00e9mios Ser\u00e3o atribu\u00eddos pr\u00e9mios: \uf0b7\u00a0\u00a0\u00a0\u00a0\u00a0\u00a0\u00a0\u00a0Aos 3 primeiros de cada escal\u00e3o de competi\u00e7\u00e3o \uf0b7\u00a0\u00a0\u00a0\u00a0\u00a0\u00a0\u00a0\u00a0Aos primeiros dos escal\u00f5es Open Curto, Open M\u00e9dio e Open Longo N\u00e3o ser\u00e3o atribu\u00eddos pr\u00e9mios de classifica\u00e7\u00e3o aos escal\u00f5es de forma\u00e7\u00e3o, sendo que todos os participantes neste escal\u00e3o ter\u00e3o direito a uma lembran\u00e7a. N\u00e3o ser\u00e3o atribu\u00eddos pr\u00e9mios de classifica\u00e7\u00e3o aos escal\u00f5es Tur\u00edstico e &hellip; <a href=\"http:\/\/eventos.coc.pt\/lcr2018\/informacoes-gerais\/\" class=\"more-link\">Continuar a ler <span class=\"screen-reader-text\">Informa\u00e7\u00f5es Gerais<\/span><\/a><\/p>\n","protected":false},"author":1,"featured_media":0,"parent":0,"menu_order":13,"comment_status":"closed","ping_status":"closed","template":"","meta":{"footnotes":""},"class_list":["post-11","page","type-page","status-publish","hentry"],"_links":{"self":[{"href":"http:\/\/eventos.coc.pt\/lcr2018\/wp-json\/wp\/v2\/pages\/11","targetHints":{"allow":["GET"]}}],"collection":[{"href":"http:\/\/eventos.coc.pt\/lcr2018\/wp-json\/wp\/v2\/pages"}],"about":[{"href":"http:\/\/eventos.coc.pt\/lcr2018\/wp-json\/wp\/v2\/types\/page"}],"author":[{"embeddable":true,"href":"http:\/\/eventos.coc.pt\/lcr2018\/wp-json\/wp\/v2\/users\/1"}],"replies":[{"embeddable":true,"href":"http:\/\/eventos.coc.pt\/lcr2018\/wp-json\/wp\/v2\/comments?post=11"}],"version-history":[{"count":10,"href":"http:\/\/eventos.coc.pt\/lcr2018\/wp-json\/wp\/v2\/pages\/11\/revisions"}],"predecessor-version":[{"id":404,"href":"http:\/\/eventos.coc.pt\/lcr2018\/wp-json\/wp\/v2\/pages\/11\/revisions\/404"}],"wp:attachment":[{"href":"http:\/\/eventos.coc.pt\/lcr2018\/wp-json\/wp\/v2\/media?parent=11"}],"curies":[{"name":"wp","href":"https:\/\/api.w.org\/{rel}","templated":true}]}}