{"id":13,"date":"2016-09-02T15:31:49","date_gmt":"2016-09-02T15:31:49","guid":{"rendered":"http:\/\/eventos.coc.pt\/piom2018\/?page_id=13"},"modified":"2018-09-10T12:49:02","modified_gmt":"2018-09-10T12:49:02","slug":"informacoes-tecnicas","status":"publish","type":"page","link":"http:\/\/eventos.coc.pt\/lcr2018\/informacoes-tecnicas\/","title":{"rendered":"Informa\u00e7\u00f5es T\u00e9cnicas"},"content":{"rendered":"<div id=\"comp-is6i97xa\" class=\"s11\" data-reactid=\".0.$SITE_ROOT.$desktop_siteRoot.$PAGES_CONTAINER.1.1.$SITE_PAGES.$lxlqy.1.$comp-is6i97xa\">\n<div id=\"comp-is6i97xainlineContent\" class=\"s11inlineContent\" data-reactid=\".0.$SITE_ROOT.$desktop_siteRoot.$PAGES_CONTAINER.1.1.$SITE_PAGES.$lxlqy.1.$comp-is6i97xa.0\">\n<div id=\"comp-is6i97yh\" class=\"s12\" data-reactid=\".0.$SITE_ROOT.$desktop_siteRoot.$PAGES_CONTAINER.1.1.$SITE_PAGES.$lxlqy.1.$comp-is6i97xa.0.$comp-is6i97yh\">\n<p><strong>Director de Prova<\/strong> \u2013 Il\u00eddio Coelho<\/p>\n<p><strong>Tra\u00e7ador de Percursos<\/strong> \u2013 Patricia Casalinho<\/p>\n<\/div>\n<\/div>\n<\/div>\n<div id=\"comp-is6icf1c\" class=\"s11\" data-reactid=\".0.$SITE_ROOT.$desktop_siteRoot.$PAGES_CONTAINER.1.1.$SITE_PAGES.$lxlqy.1.$comp-is6icf1c\">\n<div id=\"comp-is6icf1cinlineContent\" class=\"s11inlineContent\" data-reactid=\".0.$SITE_ROOT.$desktop_siteRoot.$PAGES_CONTAINER.1.1.$SITE_PAGES.$lxlqy.1.$comp-is6icf1c.0\">\n<div id=\"comp-is6icf29\" class=\"s12\" data-reactid=\".0.$SITE_ROOT.$desktop_siteRoot.$PAGES_CONTAINER.1.1.$SITE_PAGES.$lxlqy.1.$comp-is6icf1c.0.$comp-is6icf29\">\n<div id=\"comp-is6icf29\" class=\"s12\" data-reactid=\".0.$SITE_ROOT.$desktop_siteRoot.$PAGES_CONTAINER.1.1.$SITE_PAGES.$lxlqy.1.$comp-is6icf1c.0.$comp-is6icf29\">\n<div id=\"comp-is6icf29\" class=\"s12\" data-reactid=\".0.$SITE_ROOT.$desktop_siteRoot.$PAGES_CONTAINER.1.1.$SITE_PAGES.$lxlqy.1.$comp-is6icf1c.0.$comp-is6icf29\"><a href=\"http:\/\/eventos.coc.pt\/lcr2018\/wp-content\/uploads\/sites\/12\/2018\/09\/InfoTecnica.png\"><img loading=\"lazy\" decoding=\"async\" class=\"alignnone wp-image-427 size-full\" src=\"http:\/\/eventos.coc.pt\/lcr2018\/wp-content\/uploads\/sites\/12\/2018\/09\/InfoTecnica.png\" alt=\"\" width=\"1377\" height=\"785\" srcset=\"http:\/\/eventos.coc.pt\/lcr2018\/wp-content\/uploads\/sites\/12\/2018\/09\/InfoTecnica.png 1377w, http:\/\/eventos.coc.pt\/lcr2018\/wp-content\/uploads\/sites\/12\/2018\/09\/InfoTecnica-300x171.png 300w, http:\/\/eventos.coc.pt\/lcr2018\/wp-content\/uploads\/sites\/12\/2018\/09\/InfoTecnica-768x438.png 768w, http:\/\/eventos.coc.pt\/lcr2018\/wp-content\/uploads\/sites\/12\/2018\/09\/InfoTecnica-1024x584.png 1024w\" sizes=\"auto, (max-width: 1377px) 100vw, 1377px\" \/><\/a><\/div>\n<\/div>\n<\/div>\n<\/div>\n<\/div>\n","protected":false},"excerpt":{"rendered":"<p>Director de Prova \u2013 Il\u00eddio Coelho Tra\u00e7ador de Percursos \u2013 Patricia Casalinho<\/p>\n","protected":false},"author":1,"featured_media":0,"parent":0,"menu_order":12,"comment_status":"closed","ping_status":"closed","template":"","meta":{"footnotes":""},"class_list":["post-13","page","type-page","status-publish","hentry"],"_links":{"self":[{"href":"http:\/\/eventos.coc.pt\/lcr2018\/wp-json\/wp\/v2\/pages\/13","targetHints":{"allow":["GET"]}}],"collection":[{"href":"http:\/\/eventos.coc.pt\/lcr2018\/wp-json\/wp\/v2\/pages"}],"about":[{"href":"http:\/\/eventos.coc.pt\/lcr2018\/wp-json\/wp\/v2\/types\/page"}],"author":[{"embeddable":true,"href":"http:\/\/eventos.coc.pt\/lcr2018\/wp-json\/wp\/v2\/users\/1"}],"replies":[{"embeddable":true,"href":"http:\/\/eventos.coc.pt\/lcr2018\/wp-json\/wp\/v2\/comments?post=13"}],"version-history":[{"count":22,"href":"http:\/\/eventos.coc.pt\/lcr2018\/wp-json\/wp\/v2\/pages\/13\/revisions"}],"predecessor-version":[{"id":429,"href":"http:\/\/eventos.coc.pt\/lcr2018\/wp-json\/wp\/v2\/pages\/13\/revisions\/429"}],"wp:attachment":[{"href":"http:\/\/eventos.coc.pt\/lcr2018\/wp-json\/wp\/v2\/media?parent=13"}],"curies":[{"name":"wp","href":"https:\/\/api.w.org\/{rel}","templated":true}]}}