{"id":15,"date":"2016-09-02T15:32:07","date_gmt":"2016-09-02T15:32:07","guid":{"rendered":"http:\/\/eventos.coc.pt\/piom2018\/?page_id=15"},"modified":"2018-08-28T16:39:33","modified_gmt":"2018-08-28T16:39:33","slug":"escaloes","status":"publish","type":"page","link":"http:\/\/eventos.coc.pt\/lcr2018\/escaloes\/","title":{"rendered":"Escal\u00f5es"},"content":{"rendered":"<p><strong>Escal\u00f5es de Competi\u00e7\u00e3o<\/strong><\/p>\n<table width=\"586\">\n<tbody>\n<tr>\n<td width=\"218\"><strong>Idade a 31\/Dezembro\/2018<\/strong><\/td>\n<td width=\"113\"><strong>Escal\u00e3o<\/strong><\/td>\n<td width=\"121\"><strong>Tempo estimado para a vencedora \u00a0escal\u00e3o feminino (minutos)<\/strong><\/td>\n<td width=\"134\"><strong>Tempo estimado para o vencedor escal\u00e3o masculino (minutos)<\/strong><\/td>\n<\/tr>\n<tr>\n<td width=\"218\">Menor ou igual a 12<\/td>\n<td width=\"113\">Forma\u00e7\u00e3o<\/td>\n<td width=\"121\">15 &#8211; 20<\/td>\n<td width=\"134\">20 &#8211; 25<\/td>\n<\/tr>\n<tr>\n<td width=\"218\">Mais de 12 e menos ou igual a 16<\/td>\n<td width=\"113\">Juvenis M\/F<\/td>\n<td width=\"121\">20 &#8211; 25<\/td>\n<td width=\"134\">25 &#8211; 30<\/td>\n<\/tr>\n<tr>\n<td width=\"218\">Mais de 16 e menos ou igual a 20<\/td>\n<td width=\"113\">Juniores M\/F<\/td>\n<td width=\"121\">40 &#8211; 45<\/td>\n<td width=\"134\">50 &#8211; 60<\/td>\n<\/tr>\n<tr>\n<td width=\"218\">Mais de 20<\/td>\n<td width=\"113\">Seniores M\/F<\/td>\n<td width=\"121\">55 &#8211; 65<\/td>\n<td width=\"134\">65 &#8211; 75<\/td>\n<\/tr>\n<tr>\n<td width=\"218\">Igual ou mais de 40<\/td>\n<td width=\"113\">Veteranos I M\/F<\/td>\n<td width=\"121\">40 &#8211; 45<\/td>\n<td width=\"134\">55 &#8211; 65<\/td>\n<\/tr>\n<tr>\n<td width=\"218\">Igual ou mais de 55<\/td>\n<td width=\"113\">Veteranos II M\/F<\/td>\n<td width=\"121\">40 &#8211; 45<\/td>\n<td width=\"134\">50 &#8211; 60<\/td>\n<\/tr>\n<tr>\n<td width=\"218\">Igual ou mais de 65<\/td>\n<td width=\"113\">Veteranos III M\/F<\/td>\n<td width=\"121\">30 &#8211; 35<\/td>\n<td width=\"134\">40 &#8211; 50<\/td>\n<\/tr>\n<tr>\n<td width=\"218\">Igual ou mais de 75<\/td>\n<td width=\"113\">Veteranos IV M\/F<\/td>\n<td width=\"121\">30 &#8211; 35<\/td>\n<td width=\"134\">40 &#8211; 50<\/td>\n<\/tr>\n<\/tbody>\n<\/table>\n<p><strong>Escal\u00f5es Abertos<\/strong><\/p>\n<table width=\"662\">\n<tbody>\n<tr>\n<td width=\"218\"><strong>Escal\u00e3o\/Prova<\/strong><\/td>\n<td width=\"141\"><strong>Idade a 31\/12\/2018<\/strong><\/td>\n<td width=\"302\"><strong>Caracter\u00edsticas<\/strong><\/td>\n<\/tr>\n<tr>\n<td width=\"218\">Open Curto<\/td>\n<td width=\"141\">Sem restri\u00e7\u00e3o de idade<\/td>\n<td width=\"302\">Percurso com baixo grau de dificuldade t\u00e9cnico e f\u00edsico<\/td>\n<\/tr>\n<tr>\n<td width=\"218\">Open M\u00e9dio<\/td>\n<td width=\"141\">Igual ou maior de 14<\/td>\n<td width=\"302\">Percurso com baixo grau de dificuldade t\u00e9cnico, mas com maior dist\u00e2ncia<\/td>\n<\/tr>\n<tr>\n<td width=\"218\">Open Longo<\/td>\n<td width=\"141\">Igual ou maior de 16<\/td>\n<td width=\"302\">Percurso com dist\u00e2ncia mais longa e m\u00e9dio grau de dificuldade t\u00e9cnico. Conv\u00e9m j\u00e1 ter feito alguma experi\u00eancia de Orienta\u00e7\u00e3o.<\/td>\n<\/tr>\n<tr>\n<td width=\"218\">Tur\u00edstica<\/td>\n<td width=\"141\">Sem restri\u00e7\u00e3o de idade<\/td>\n<td width=\"302\">Percurso com pontos de controlo em locais com interesse tur\u00edstico.<\/td>\n<\/tr>\n<tr>\n<td width=\"218\">Ori-Fam\u00edlia<\/td>\n<td width=\"141\">Sem restri\u00e7\u00e3o de idade<\/td>\n<td width=\"302\">Percurso a efectuar preferencialmente em grupos mistos de adultos e crian\u00e7as.<\/td>\n<\/tr>\n<\/tbody>\n<\/table>\n","protected":false},"excerpt":{"rendered":"<p>Escal\u00f5es de Competi\u00e7\u00e3o Idade a 31\/Dezembro\/2018 Escal\u00e3o Tempo estimado para a vencedora \u00a0escal\u00e3o feminino (minutos) Tempo estimado para o vencedor escal\u00e3o masculino (minutos) Menor ou igual a 12 Forma\u00e7\u00e3o 15 &#8211; 20 20 &#8211; 25 Mais de 12 e menos ou igual a 16 Juvenis M\/F 20 &#8211; 25 25 &#8211; 30 Mais de 16 &hellip; <a href=\"http:\/\/eventos.coc.pt\/lcr2018\/escaloes\/\" class=\"more-link\">Continuar a ler <span class=\"screen-reader-text\">Escal\u00f5es<\/span><\/a><\/p>\n","protected":false},"author":1,"featured_media":0,"parent":0,"menu_order":11,"comment_status":"closed","ping_status":"closed","template":"","meta":{"footnotes":""},"class_list":["post-15","page","type-page","status-publish","hentry"],"_links":{"self":[{"href":"http:\/\/eventos.coc.pt\/lcr2018\/wp-json\/wp\/v2\/pages\/15","targetHints":{"allow":["GET"]}}],"collection":[{"href":"http:\/\/eventos.coc.pt\/lcr2018\/wp-json\/wp\/v2\/pages"}],"about":[{"href":"http:\/\/eventos.coc.pt\/lcr2018\/wp-json\/wp\/v2\/types\/page"}],"author":[{"embeddable":true,"href":"http:\/\/eventos.coc.pt\/lcr2018\/wp-json\/wp\/v2\/users\/1"}],"replies":[{"embeddable":true,"href":"http:\/\/eventos.coc.pt\/lcr2018\/wp-json\/wp\/v2\/comments?post=15"}],"version-history":[{"count":14,"href":"http:\/\/eventos.coc.pt\/lcr2018\/wp-json\/wp\/v2\/pages\/15\/revisions"}],"predecessor-version":[{"id":420,"href":"http:\/\/eventos.coc.pt\/lcr2018\/wp-json\/wp\/v2\/pages\/15\/revisions\/420"}],"wp:attachment":[{"href":"http:\/\/eventos.coc.pt\/lcr2018\/wp-json\/wp\/v2\/media?parent=15"}],"curies":[{"name":"wp","href":"https:\/\/api.w.org\/{rel}","templated":true}]}}